{"id":7077,"date":"2025-11-25T10:04:43","date_gmt":"2025-11-25T10:04:43","guid":{"rendered":"https:\/\/www.ralti.de\/shop-2\/uncategorized\/feuerstahl-feuerstein-survival7in1-xxl-outdoor-ausrustung-set-zundungen-feuerstarter-fireflint-magnesium-feuerzeuge-fur-feuerstahl\/"},"modified":"2025-11-25T10:04:43","modified_gmt":"2025-11-25T10:04:43","slug":"feuerstahl-feuerstein-survival7in1-xxl-outdoor-ausrustung-set-zundungen-feuerstarter-fireflint-magnesium-feuerzeuge-fur-feuerstahl","status":"publish","type":"product","link":"https:\/\/www.ralti.de\/?product=feuerstahl-feuerstein-survival7in1-xxl-outdoor-ausrustung-set-zundungen-feuerstarter-fireflint-magnesium-feuerzeuge-fur-feuerstahl","title":{"rendered":"Feuerstahl Feuerstein survival,7in1 XXL outdoor ausr\u00fcstung set Z\u00fcndungen Feuerstarter Fireflint Magnesium Feuerzeuge F\u00fcr feuerstahl"},"content":{"rendered":"<p>\u2611\u3010Hohe Qualit\u00e4t und lange Lebensdauer\u3011Mit Z\u00fcndmaterial aus Magnesiumlegierung, nach spezieller Behandlung, gute Stabilit\u00e4t, kann 12000 Mal eingeschaltet werden, korrosionsbest\u00e4ndig, enth\u00e4lt Pfeife, Lineal, Korkenzieher<br \/>\n\u2611\u3010Anz\u00fcnden Sie \u00fcberall ein Feuer\u3011 Das Feuerzeug funktioniert bei jedem Wetter (Regen, Schnee, hohe H\u00f6hen usw.) und ist f\u00fcr eine lange Lebensdauer ausgelegt. Es besteht aus einem rostfreien und ultra-widerstandsf\u00e4higen Material. Der Metall-Feuerstarter verbiegt sich nicht und bricht nicht, wenn er richtig verwendet wird.<br \/>\n\u2611\u3010Bequemer Griff\u3011 Die ergonomischen Griffe des Feuerstarters und des Stabs erleichtern die Handhabung. Einfach zu halten, f\u00fcr eine Funkendusche garantiert!<br \/>\n\u2611\u3010Tragbar\u3011Leicht und einfach zu tragen, k\u00f6nnen Sie es in seiner eigenen Tragetasche verstauen, an G\u00fcrtel\/Tasche h\u00e4ngen oder um Handgelenk oder Hals legen.<br \/>\n\u2611\u3010Breite Anwendung\u3011 Das Kit kann verwendet werden f\u00fcr: Camping, Outdoor, Survival, milit\u00e4rische Ausbildung, Jagd, Boyscout, Abenteuerurlaub, Grillen statt Feuerzeug und mehr.<br \/>\n<div class=\"main-cross-sell\" data-asin=\"B08XQHV84K\">\n\n\t<div class=\"WooZone-cross-sell-loader\">\n\t\t<div>\n\t\t\t<div id=\"floatingBarsG\">\n\t\t\t\t<div class=\"blockG\" id=\"rotateG_01\"><\/div>\n\t\t\t\t<div class=\"blockG\" id=\"rotateG_02\"><\/div>\n\t\t\t\t<div class=\"blockG\" id=\"rotateG_03\"><\/div>\n\t\t\t\t<div class=\"blockG\" id=\"rotateG_04\"><\/div>\n\t\t\t\t<div class=\"blockG\" id=\"rotateG_05\"><\/div>\n\t\t\t\t<div class=\"blockG\" id=\"rotateG_06\"><\/div>\n\t\t\t\t<div class=\"blockG\" id=\"rotateG_07\"><\/div>\n\t\t\t\t<div class=\"blockG\" id=\"rotateG_08\"><\/div>\n\t\t\t<\/div>\n\t\t\t<div class=\"WooZone-cross-sell-loader-text\"><\/div>\n\t\t<\/div>\n\t<\/div>\n\n\t\t\n<\/div>\n<div style=\"clear:both;\"><\/div>\n","protected":false},"excerpt":{"rendered":"<p>\u2611\u3010Hohe Qualit\u00e4t und lange Lebensdauer\u3011Mit Z\u00fcndmaterial aus Magnesiumlegierung, nach spezieller Behandlung, gute Stabilit\u00e4t, kann 12000 Mal eingeschaltet werden, korrosionsbest\u00e4ndig, enth\u00e4lt Pfeife, Lineal, Korkenzieher<br \/>\n\u2611\u3010Anz\u00fcnden Sie \u00fcberall ein Feuer\u3011 Das Feuerzeug funktioniert bei jedem Wetter (Regen, Schnee, hohe H\u00f6hen usw.) und ist f\u00fcr eine lange Lebensdauer ausgelegt. Es besteht aus einem rostfreien und ultra-widerstandsf\u00e4higen Material. Der Metall-Feuerstarter verbiegt sich nicht und bricht nicht, wenn er richtig verwendet wird.<br \/>\n\u2611\u3010Bequemer Griff\u3011 Die ergonomischen Griffe des Feuerstarters und des Stabs erleichtern die Handhabung. Einfach zu halten, f\u00fcr eine Funkendusche garantiert!<\/p>\n","protected":false},"featured_media":7078,"comment_status":"open","ping_status":"closed","template":"","meta":{"_acf_changed":false},"product_brand":[],"product_cat":[275,274],"product_tag":[],"class_list":{"0":"post-7077","1":"product","2":"type-product","3":"status-publish","4":"has-post-thumbnail","6":"product_cat-feueranzunder-anzunder","7":"product_cat-uberlebensausrustung","9":"first","10":"instock","11":"shipping-taxable","12":"product-type-external"},"acf":[],"yoast_head":"<!-- This site is optimized with the Yoast SEO plugin v27.3 - https:\/\/yoast.com\/product\/yoast-seo-wordpress\/ -->\n<title>Feuerstahl Feuerstein survival,7in1 XXL outdoor ausr\u00fcstung set Z\u00fcndungen Feuerstarter Fireflint Magnesium Feuerzeuge F\u00fcr feuerstahl - Notfallvorsorge - Krisenvorsorge<\/title>\n<meta name=\"robots\" content=\"index, follow, max-snippet:-1, max-image-preview:large, max-video-preview:-1\" \/>\n<link rel=\"canonical\" href=\"https:\/\/www.ralti.de\/?product=feuerstahl-feuerstein-survival7in1-xxl-outdoor-ausrustung-set-zundungen-feuerstarter-fireflint-magnesium-feuerzeuge-fur-feuerstahl\" \/>\n<meta property=\"og:locale\" content=\"de_DE\" \/>\n<meta property=\"og:type\" content=\"article\" \/>\n<meta property=\"og:title\" content=\"Feuerstahl Feuerstein survival,7in1 XXL outdoor ausr\u00fcstung set Z\u00fcndungen Feuerstarter Fireflint Magnesium Feuerzeuge F\u00fcr feuerstahl - Notfallvorsorge - Krisenvorsorge\" \/>\n<meta property=\"og:description\" content=\"\u2611\u3010Hohe Qualit\u00e4t und lange Lebensdauer\u3011Mit Z\u00fcndmaterial aus Magnesiumlegierung, nach spezieller Behandlung, gute Stabilit\u00e4t, kann 12000 Mal eingeschaltet werden, korrosionsbest\u00e4ndig, enth\u00e4lt Pfeife, Lineal, Korkenzieher \u2611\u3010Anz\u00fcnden Sie \u00fcberall ein Feuer\u3011 Das Feuerzeug funktioniert bei jedem Wetter (Regen, Schnee, hohe H\u00f6hen usw.) und ist f\u00fcr eine lange Lebensdauer ausgelegt. Es besteht aus einem rostfreien und ultra-widerstandsf\u00e4higen Material. Der Metall-Feuerstarter verbiegt sich nicht und bricht nicht, wenn er richtig verwendet wird. \u2611\u3010Bequemer Griff\u3011 Die ergonomischen Griffe des Feuerstarters und des Stabs erleichtern die Handhabung. Einfach zu halten, f\u00fcr eine Funkendusche garantiert!\" \/>\n<meta property=\"og:url\" content=\"https:\/\/www.ralti.de\/?product=feuerstahl-feuerstein-survival7in1-xxl-outdoor-ausrustung-set-zundungen-feuerstarter-fireflint-magnesium-feuerzeuge-fur-feuerstahl\" \/>\n<meta property=\"og:site_name\" content=\"Notfallvorsorge - Krisenvorsorge\" \/>\n<meta property=\"og:image\" content=\"https:\/\/m.media-amazon.com\/images\/I\/41dcpeZHobS.jpg\" \/>\n\t<meta property=\"og:image:width\" content=\"500\" \/>\n\t<meta property=\"og:image:height\" content=\"500\" \/>\n\t<meta property=\"og:image:type\" content=\"image\/jpeg\" \/>\n<meta name=\"twitter:card\" content=\"summary_large_image\" \/>\n<meta name=\"twitter:label1\" content=\"Gesch\u00e4tzte Lesezeit\" \/>\n\t<meta name=\"twitter:data1\" content=\"1\u00a0Minute\" \/>\n<script type=\"application\/ld+json\" class=\"yoast-schema-graph\">{\"@context\":\"https:\\\/\\\/schema.org\",\"@graph\":[{\"@type\":\"WebPage\",\"@id\":\"https:\\\/\\\/www.ralti.de\\\/?product=feuerstahl-feuerstein-survival7in1-xxl-outdoor-ausrustung-set-zundungen-feuerstarter-fireflint-magnesium-feuerzeuge-fur-feuerstahl\",\"url\":\"https:\\\/\\\/www.ralti.de\\\/?product=feuerstahl-feuerstein-survival7in1-xxl-outdoor-ausrustung-set-zundungen-feuerstarter-fireflint-magnesium-feuerzeuge-fur-feuerstahl\",\"name\":\"Feuerstahl Feuerstein survival,7in1 XXL outdoor ausr\u00fcstung set Z\u00fcndungen Feuerstarter Fireflint Magnesium Feuerzeuge F\u00fcr feuerstahl - Notfallvorsorge - Krisenvorsorge\",\"isPartOf\":{\"@id\":\"https:\\\/\\\/www.ralti.de\\\/#website\"},\"primaryImageOfPage\":{\"@id\":\"https:\\\/\\\/www.ralti.de\\\/?product=feuerstahl-feuerstein-survival7in1-xxl-outdoor-ausrustung-set-zundungen-feuerstarter-fireflint-magnesium-feuerzeuge-fur-feuerstahl#primaryimage\"},\"image\":{\"@id\":\"https:\\\/\\\/www.ralti.de\\\/?product=feuerstahl-feuerstein-survival7in1-xxl-outdoor-ausrustung-set-zundungen-feuerstarter-fireflint-magnesium-feuerzeuge-fur-feuerstahl#primaryimage\"},\"thumbnailUrl\":\"https:\\\/\\\/m.media-amazon.com\\\/images\\\/I\\\/41dcpeZHobS.jpg\",\"datePublished\":\"2025-11-25T10:04:43+00:00\",\"breadcrumb\":{\"@id\":\"https:\\\/\\\/www.ralti.de\\\/?product=feuerstahl-feuerstein-survival7in1-xxl-outdoor-ausrustung-set-zundungen-feuerstarter-fireflint-magnesium-feuerzeuge-fur-feuerstahl#breadcrumb\"},\"inLanguage\":\"de\",\"potentialAction\":[{\"@type\":\"ReadAction\",\"target\":[\"https:\\\/\\\/www.ralti.de\\\/?product=feuerstahl-feuerstein-survival7in1-xxl-outdoor-ausrustung-set-zundungen-feuerstarter-fireflint-magnesium-feuerzeuge-fur-feuerstahl\"]}]},{\"@type\":\"ImageObject\",\"inLanguage\":\"de\",\"@id\":\"https:\\\/\\\/www.ralti.de\\\/?product=feuerstahl-feuerstein-survival7in1-xxl-outdoor-ausrustung-set-zundungen-feuerstarter-fireflint-magnesium-feuerzeuge-fur-feuerstahl#primaryimage\",\"url\":\"https:\\\/\\\/m.media-amazon.com\\\/images\\\/I\\\/41dcpeZHobS.jpg\",\"contentUrl\":\"https:\\\/\\\/m.media-amazon.com\\\/images\\\/I\\\/41dcpeZHobS.jpg\",\"width\":500,\"height\":500},{\"@type\":\"BreadcrumbList\",\"@id\":\"https:\\\/\\\/www.ralti.de\\\/?product=feuerstahl-feuerstein-survival7in1-xxl-outdoor-ausrustung-set-zundungen-feuerstarter-fireflint-magnesium-feuerzeuge-fur-feuerstahl#breadcrumb\",\"itemListElement\":[{\"@type\":\"ListItem\",\"position\":1,\"name\":\"Start\",\"item\":\"https:\\\/\\\/www.ralti.de\\\/\"},{\"@type\":\"ListItem\",\"position\":2,\"name\":\"Notfallartikel\",\"item\":\"https:\\\/\\\/www.ralti.de\\\/?page_id=14189\"},{\"@type\":\"ListItem\",\"position\":3,\"name\":\"Feuerstahl Feuerstein survival,7in1 XXL outdoor ausr\u00fcstung set Z\u00fcndungen Feuerstarter Fireflint Magnesium Feuerzeuge F\u00fcr feuerstahl\"}]},{\"@type\":\"WebSite\",\"@id\":\"https:\\\/\\\/www.ralti.de\\\/#website\",\"url\":\"https:\\\/\\\/www.ralti.de\\\/\",\"name\":\"Ralti.de\",\"description\":\"Hier viele gute Angebote\",\"publisher\":{\"@id\":\"https:\\\/\\\/www.ralti.de\\\/#organization\"},\"potentialAction\":[{\"@type\":\"SearchAction\",\"target\":{\"@type\":\"EntryPoint\",\"urlTemplate\":\"https:\\\/\\\/www.ralti.de\\\/?s={search_term_string}\"},\"query-input\":{\"@type\":\"PropertyValueSpecification\",\"valueRequired\":true,\"valueName\":\"search_term_string\"}}],\"inLanguage\":\"de\"},{\"@type\":\"Organization\",\"@id\":\"https:\\\/\\\/www.ralti.de\\\/#organization\",\"name\":\"Ralti.de\",\"url\":\"https:\\\/\\\/www.ralti.de\\\/\",\"logo\":{\"@type\":\"ImageObject\",\"inLanguage\":\"de\",\"@id\":\"https:\\\/\\\/www.ralti.de\\\/#\\\/schema\\\/logo\\\/image\\\/\",\"url\":\"https:\\\/\\\/www.ralti.de\\\/wp-content\\\/uploads\\\/2025\\\/11\\\/ralti.png\",\"contentUrl\":\"https:\\\/\\\/www.ralti.de\\\/wp-content\\\/uploads\\\/2025\\\/11\\\/ralti.png\",\"width\":240,\"height\":75,\"caption\":\"Ralti.de\"},\"image\":{\"@id\":\"https:\\\/\\\/www.ralti.de\\\/#\\\/schema\\\/logo\\\/image\\\/\"}}]}<\/script>\n<!-- \/ Yoast SEO plugin. -->","yoast_head_json":{"title":"Feuerstahl Feuerstein survival,7in1 XXL outdoor ausr\u00fcstung set Z\u00fcndungen Feuerstarter Fireflint Magnesium Feuerzeuge F\u00fcr feuerstahl - Notfallvorsorge - Krisenvorsorge","robots":{"index":"index","follow":"follow","max-snippet":"max-snippet:-1","max-image-preview":"max-image-preview:large","max-video-preview":"max-video-preview:-1"},"canonical":"https:\/\/www.ralti.de\/?product=feuerstahl-feuerstein-survival7in1-xxl-outdoor-ausrustung-set-zundungen-feuerstarter-fireflint-magnesium-feuerzeuge-fur-feuerstahl","og_locale":"de_DE","og_type":"article","og_title":"Feuerstahl Feuerstein survival,7in1 XXL outdoor ausr\u00fcstung set Z\u00fcndungen Feuerstarter Fireflint Magnesium Feuerzeuge F\u00fcr feuerstahl - Notfallvorsorge - Krisenvorsorge","og_description":"\u2611\u3010Hohe Qualit\u00e4t und lange Lebensdauer\u3011Mit Z\u00fcndmaterial aus Magnesiumlegierung, nach spezieller Behandlung, gute Stabilit\u00e4t, kann 12000 Mal eingeschaltet werden, korrosionsbest\u00e4ndig, enth\u00e4lt Pfeife, Lineal, Korkenzieher \u2611\u3010Anz\u00fcnden Sie \u00fcberall ein Feuer\u3011 Das Feuerzeug funktioniert bei jedem Wetter (Regen, Schnee, hohe H\u00f6hen usw.) und ist f\u00fcr eine lange Lebensdauer ausgelegt. Es besteht aus einem rostfreien und ultra-widerstandsf\u00e4higen Material. Der Metall-Feuerstarter verbiegt sich nicht und bricht nicht, wenn er richtig verwendet wird. \u2611\u3010Bequemer Griff\u3011 Die ergonomischen Griffe des Feuerstarters und des Stabs erleichtern die Handhabung. Einfach zu halten, f\u00fcr eine Funkendusche garantiert!","og_url":"https:\/\/www.ralti.de\/?product=feuerstahl-feuerstein-survival7in1-xxl-outdoor-ausrustung-set-zundungen-feuerstarter-fireflint-magnesium-feuerzeuge-fur-feuerstahl","og_site_name":"Notfallvorsorge - Krisenvorsorge","og_image":[{"width":500,"height":500,"url":"https:\/\/m.media-amazon.com\/images\/I\/41dcpeZHobS.jpg","type":"image\/jpeg"}],"twitter_card":"summary_large_image","twitter_misc":{"Gesch\u00e4tzte Lesezeit":"1\u00a0Minute"},"schema":{"@context":"https:\/\/schema.org","@graph":[{"@type":"WebPage","@id":"https:\/\/www.ralti.de\/?product=feuerstahl-feuerstein-survival7in1-xxl-outdoor-ausrustung-set-zundungen-feuerstarter-fireflint-magnesium-feuerzeuge-fur-feuerstahl","url":"https:\/\/www.ralti.de\/?product=feuerstahl-feuerstein-survival7in1-xxl-outdoor-ausrustung-set-zundungen-feuerstarter-fireflint-magnesium-feuerzeuge-fur-feuerstahl","name":"Feuerstahl Feuerstein survival,7in1 XXL outdoor ausr\u00fcstung set Z\u00fcndungen Feuerstarter Fireflint Magnesium Feuerzeuge F\u00fcr feuerstahl - Notfallvorsorge - Krisenvorsorge","isPartOf":{"@id":"https:\/\/www.ralti.de\/#website"},"primaryImageOfPage":{"@id":"https:\/\/www.ralti.de\/?product=feuerstahl-feuerstein-survival7in1-xxl-outdoor-ausrustung-set-zundungen-feuerstarter-fireflint-magnesium-feuerzeuge-fur-feuerstahl#primaryimage"},"image":{"@id":"https:\/\/www.ralti.de\/?product=feuerstahl-feuerstein-survival7in1-xxl-outdoor-ausrustung-set-zundungen-feuerstarter-fireflint-magnesium-feuerzeuge-fur-feuerstahl#primaryimage"},"thumbnailUrl":"https:\/\/m.media-amazon.com\/images\/I\/41dcpeZHobS.jpg","datePublished":"2025-11-25T10:04:43+00:00","breadcrumb":{"@id":"https:\/\/www.ralti.de\/?product=feuerstahl-feuerstein-survival7in1-xxl-outdoor-ausrustung-set-zundungen-feuerstarter-fireflint-magnesium-feuerzeuge-fur-feuerstahl#breadcrumb"},"inLanguage":"de","potentialAction":[{"@type":"ReadAction","target":["https:\/\/www.ralti.de\/?product=feuerstahl-feuerstein-survival7in1-xxl-outdoor-ausrustung-set-zundungen-feuerstarter-fireflint-magnesium-feuerzeuge-fur-feuerstahl"]}]},{"@type":"ImageObject","inLanguage":"de","@id":"https:\/\/www.ralti.de\/?product=feuerstahl-feuerstein-survival7in1-xxl-outdoor-ausrustung-set-zundungen-feuerstarter-fireflint-magnesium-feuerzeuge-fur-feuerstahl#primaryimage","url":"https:\/\/m.media-amazon.com\/images\/I\/41dcpeZHobS.jpg","contentUrl":"https:\/\/m.media-amazon.com\/images\/I\/41dcpeZHobS.jpg","width":500,"height":500},{"@type":"BreadcrumbList","@id":"https:\/\/www.ralti.de\/?product=feuerstahl-feuerstein-survival7in1-xxl-outdoor-ausrustung-set-zundungen-feuerstarter-fireflint-magnesium-feuerzeuge-fur-feuerstahl#breadcrumb","itemListElement":[{"@type":"ListItem","position":1,"name":"Start","item":"https:\/\/www.ralti.de\/"},{"@type":"ListItem","position":2,"name":"Notfallartikel","item":"https:\/\/www.ralti.de\/?page_id=14189"},{"@type":"ListItem","position":3,"name":"Feuerstahl Feuerstein survival,7in1 XXL outdoor ausr\u00fcstung set Z\u00fcndungen Feuerstarter Fireflint Magnesium Feuerzeuge F\u00fcr feuerstahl"}]},{"@type":"WebSite","@id":"https:\/\/www.ralti.de\/#website","url":"https:\/\/www.ralti.de\/","name":"Ralti.de","description":"Hier viele gute Angebote","publisher":{"@id":"https:\/\/www.ralti.de\/#organization"},"potentialAction":[{"@type":"SearchAction","target":{"@type":"EntryPoint","urlTemplate":"https:\/\/www.ralti.de\/?s={search_term_string}"},"query-input":{"@type":"PropertyValueSpecification","valueRequired":true,"valueName":"search_term_string"}}],"inLanguage":"de"},{"@type":"Organization","@id":"https:\/\/www.ralti.de\/#organization","name":"Ralti.de","url":"https:\/\/www.ralti.de\/","logo":{"@type":"ImageObject","inLanguage":"de","@id":"https:\/\/www.ralti.de\/#\/schema\/logo\/image\/","url":"https:\/\/www.ralti.de\/wp-content\/uploads\/2025\/11\/ralti.png","contentUrl":"https:\/\/www.ralti.de\/wp-content\/uploads\/2025\/11\/ralti.png","width":240,"height":75,"caption":"Ralti.de"},"image":{"@id":"https:\/\/www.ralti.de\/#\/schema\/logo\/image\/"}}]}},"_links":{"self":[{"href":"https:\/\/www.ralti.de\/index.php?rest_route=\/wp\/v2\/product\/7077","targetHints":{"allow":["GET"]}}],"collection":[{"href":"https:\/\/www.ralti.de\/index.php?rest_route=\/wp\/v2\/product"}],"about":[{"href":"https:\/\/www.ralti.de\/index.php?rest_route=\/wp\/v2\/types\/product"}],"replies":[{"embeddable":true,"href":"https:\/\/www.ralti.de\/index.php?rest_route=%2Fwp%2Fv2%2Fcomments&post=7077"}],"wp:featuredmedia":[{"embeddable":true,"href":"https:\/\/www.ralti.de\/index.php?rest_route=\/wp\/v2\/media\/7078"}],"wp:attachment":[{"href":"https:\/\/www.ralti.de\/index.php?rest_route=%2Fwp%2Fv2%2Fmedia&parent=7077"}],"wp:term":[{"taxonomy":"product_brand","embeddable":true,"href":"https:\/\/www.ralti.de\/index.php?rest_route=%2Fwp%2Fv2%2Fproduct_brand&post=7077"},{"taxonomy":"product_cat","embeddable":true,"href":"https:\/\/www.ralti.de\/index.php?rest_route=%2Fwp%2Fv2%2Fproduct_cat&post=7077"},{"taxonomy":"product_tag","embeddable":true,"href":"https:\/\/www.ralti.de\/index.php?rest_route=%2Fwp%2Fv2%2Fproduct_tag&post=7077"}],"curies":[{"name":"wp","href":"https:\/\/api.w.org\/{rel}","templated":true}]}}