{"id":7332,"date":"2025-11-25T10:13:03","date_gmt":"2025-11-25T10:13:03","guid":{"rendered":"https:\/\/www.ralti.de\/shop-2\/uncategorized\/brotree-paracord-550-4mm-10m-100-nylon-seil-schnur-typ-iii-mit-7-strange-fur-survival-outdoor-armbander-hundeleine-bruchlast-250kg-schwarz\/"},"modified":"2025-11-25T10:13:03","modified_gmt":"2025-11-25T10:13:03","slug":"brotree-paracord-550-4mm-10m-100-nylon-seil-schnur-typ-iii-mit-7-strange-fur-survival-outdoor-armbander-hundeleine-bruchlast-250kg-schwarz","status":"publish","type":"product","link":"https:\/\/www.ralti.de\/?product=brotree-paracord-550-4mm-10m-100-nylon-seil-schnur-typ-iii-mit-7-strange-fur-survival-outdoor-armbander-hundeleine-bruchlast-250kg-schwarz","title":{"rendered":"Brotree Paracord 550 4mm 10M 100% Nylon Seil Schnur Typ III mit 7 Str\u00e4nge f\u00fcr Survival, Outdoor, Armb\u00e4nder, Hundeleine &#8211; Bruchlast 250kg (Schwarz)"},"content":{"rendered":"<p>\u2705\u3010100% Nylon\u3011Das Paracord 4mm hat einen inneren Kern aus 7 Str\u00e4ngen und eine kompakte Au\u00dfenh\u00fclle aus 32 Str\u00e4ngen, wobei jeder innere Strang aus 3 gedrehten Nylonfasern geflochten ist. Dieses taktische Seil besteht aus 100% Nylon und kann ein Gewicht von bis zu 250kg (550lbs) tragen.<br \/>\n\u2705\u3010Au\u00dfergew\u00f6hnliche Leistung\u3011Dieses Paracord 550 ist best\u00e4ndig gegen UV-Strahlung, Schimmel, Korrosion, Verblassen, Abrieb und g\u00e4ngige Chemikalien und beh\u00e4lt daher auch bei extremen Temperaturbedingungen seine stabile Leistung. Im Gegensatz zu billigem Paracord, Nylonseil geben keinen unangenehmen Geruch ab.<br \/>\n\u2705\u3010Vielf\u00e4ltige Optionen\u3011Es sind verschiedene L\u00e4ngen erh\u00e4ltlich, darunter: 10m im Karton, 15m\/30m im B\u00fcndel und 50m\/100m auf einer Spule Alle L\u00e4ngen sind unterschiedlich, um den Transport und die Lagerung zu erleichtern und ein Verheddern zu vermeiden. Um praktischen und \u00e4sthetischen Anspr\u00fcchen gerecht zu werden, stehen 45 Farben zur Auswahl.<br \/>\n\u2705\u3010Einfaches Schneiden &#038; Verwenden\u3011Die L\u00e4nge l\u00e4sst sich je nach Bedarf leicht anpassen und es wird empfohlen, eine Hochtemperaturklinge zu verwenden oder das Band vor dem Schneiden zu umwickeln. Versiegeln Sie die Kante, indem Sie diese Fallschirmschnur mit einem Feuerzeug verbrennen und sie f\u00fcr eine glatte, flache Oberfl\u00e4che pressen, um ein loses Ende zu verhindern.<br \/>\n\u2705\u3010Vielseitige Anwendungen\u3011Das flexible und leicht zu knotende Allzweckseil wird h\u00e4ufig beim Camping, bei Outdoor-Aktivit\u00e4ten und in \u00dcberlebenssituationen wie zum Beispiel zum B\u00fcndeln von Ausr\u00fcstung oder zum Bauen von Unterst\u00e4nden verwendet. Es eignet sich auch gut f\u00fcr allt\u00e4gliche Zwecke wie Heimwerken, Haustierhalsb\u00e4nder und Schl\u00fcsselanh\u00e4nger. NICHT ZUM KLETTERN!<br \/>\n<div class=\"main-cross-sell\" data-asin=\"B0F98D35KW\">\n\n\t<div class=\"WooZone-cross-sell-loader\">\n\t\t<div>\n\t\t\t<div id=\"floatingBarsG\">\n\t\t\t\t<div class=\"blockG\" id=\"rotateG_01\"><\/div>\n\t\t\t\t<div class=\"blockG\" id=\"rotateG_02\"><\/div>\n\t\t\t\t<div class=\"blockG\" id=\"rotateG_03\"><\/div>\n\t\t\t\t<div class=\"blockG\" id=\"rotateG_04\"><\/div>\n\t\t\t\t<div class=\"blockG\" id=\"rotateG_05\"><\/div>\n\t\t\t\t<div class=\"blockG\" id=\"rotateG_06\"><\/div>\n\t\t\t\t<div class=\"blockG\" id=\"rotateG_07\"><\/div>\n\t\t\t\t<div class=\"blockG\" id=\"rotateG_08\"><\/div>\n\t\t\t<\/div>\n\t\t\t<div class=\"WooZone-cross-sell-loader-text\"><\/div>\n\t\t<\/div>\n\t<\/div>\n\n\t\t\n<\/div>\n<div style=\"clear:both;\"><\/div>\n","protected":false},"excerpt":{"rendered":"<p>\u2705\u3010100% Nylon\u3011Das Paracord 4mm hat einen inneren Kern aus 7 Str\u00e4ngen und eine kompakte Au\u00dfenh\u00fclle aus 32 Str\u00e4ngen, wobei jeder innere Strang aus 3 gedrehten Nylonfasern geflochten ist. Dieses taktische Seil besteht aus 100% Nylon und kann ein Gewicht von bis zu 250kg (550lbs) tragen.<br \/>\n\u2705\u3010Au\u00dfergew\u00f6hnliche Leistung\u3011Dieses Paracord 550 ist best\u00e4ndig gegen UV-Strahlung, Schimmel, Korrosion, Verblassen, Abrieb und g\u00e4ngige Chemikalien und beh\u00e4lt daher auch bei extremen Temperaturbedingungen seine stabile Leistung. Im Gegensatz zu billigem Paracord, Nylonseil geben keinen unangenehmen Geruch ab.<br \/>\n\u2705\u3010Vielf\u00e4ltige Optionen\u3011Es sind verschiedene L\u00e4ngen erh\u00e4ltlich, darunter: 10m im Karton, 15m\/30m im B\u00fcndel und 50m\/100m auf einer Spule Alle L\u00e4ngen sind unterschiedlich, um den Transport und die Lagerung zu erleichtern und ein Verheddern zu vermeiden. Um praktischen und \u00e4sthetischen Anspr\u00fcchen gerecht zu werden, stehen 45 Farben zur Auswahl.<\/p>\n","protected":false},"featured_media":7333,"comment_status":"open","ping_status":"closed","template":"","meta":{"_acf_changed":false},"product_brand":[],"product_cat":[279,274],"product_tag":[],"class_list":{"0":"post-7332","1":"product","2":"type-product","3":"status-publish","4":"has-post-thumbnail","6":"product_cat-paracord-seil","7":"product_cat-uberlebensausrustung","9":"first","10":"instock","11":"sale","12":"shipping-taxable","13":"product-type-external"},"acf":[],"yoast_head":"<!-- This site is optimized with the Yoast SEO plugin v27.3 - https:\/\/yoast.com\/product\/yoast-seo-wordpress\/ -->\n<title>Brotree Paracord 550 4mm 10M 100% Nylon Seil Schnur Typ III mit 7 Str\u00e4nge f\u00fcr Survival, Outdoor, Armb\u00e4nder, Hundeleine - Bruchlast 250kg (Schwarz) - Notfallvorsorge - Krisenvorsorge<\/title>\n<meta name=\"robots\" content=\"index, follow, max-snippet:-1, max-image-preview:large, max-video-preview:-1\" \/>\n<link rel=\"canonical\" href=\"https:\/\/www.ralti.de\/?product=brotree-paracord-550-4mm-10m-100-nylon-seil-schnur-typ-iii-mit-7-strange-fur-survival-outdoor-armbander-hundeleine-bruchlast-250kg-schwarz\" \/>\n<meta property=\"og:locale\" content=\"de_DE\" \/>\n<meta property=\"og:type\" content=\"article\" \/>\n<meta property=\"og:title\" content=\"Brotree Paracord 550 4mm 10M 100% Nylon Seil Schnur Typ III mit 7 Str\u00e4nge f\u00fcr Survival, Outdoor, Armb\u00e4nder, Hundeleine - Bruchlast 250kg (Schwarz) - Notfallvorsorge - Krisenvorsorge\" \/>\n<meta property=\"og:description\" content=\"\u2705\u3010100% Nylon\u3011Das Paracord 4mm hat einen inneren Kern aus 7 Str\u00e4ngen und eine kompakte Au\u00dfenh\u00fclle aus 32 Str\u00e4ngen, wobei jeder innere Strang aus 3 gedrehten Nylonfasern geflochten ist. Dieses taktische Seil besteht aus 100% Nylon und kann ein Gewicht von bis zu 250kg (550lbs) tragen. \u2705\u3010Au\u00dfergew\u00f6hnliche Leistung\u3011Dieses Paracord 550 ist best\u00e4ndig gegen UV-Strahlung, Schimmel, Korrosion, Verblassen, Abrieb und g\u00e4ngige Chemikalien und beh\u00e4lt daher auch bei extremen Temperaturbedingungen seine stabile Leistung. Im Gegensatz zu billigem Paracord, Nylonseil geben keinen unangenehmen Geruch ab. \u2705\u3010Vielf\u00e4ltige Optionen\u3011Es sind verschiedene L\u00e4ngen erh\u00e4ltlich, darunter: 10m im Karton, 15m\/30m im B\u00fcndel und 50m\/100m auf einer Spule Alle L\u00e4ngen sind unterschiedlich, um den Transport und die Lagerung zu erleichtern und ein Verheddern zu vermeiden. Um praktischen und \u00e4sthetischen Anspr\u00fcchen gerecht zu werden, stehen 45 Farben zur Auswahl.\" \/>\n<meta property=\"og:url\" content=\"https:\/\/www.ralti.de\/?product=brotree-paracord-550-4mm-10m-100-nylon-seil-schnur-typ-iii-mit-7-strange-fur-survival-outdoor-armbander-hundeleine-bruchlast-250kg-schwarz\" \/>\n<meta property=\"og:site_name\" content=\"Notfallvorsorge - Krisenvorsorge\" \/>\n<meta property=\"og:image\" content=\"https:\/\/m.media-amazon.com\/images\/I\/51ntyHMwBQL.jpg\" \/>\n\t<meta property=\"og:image:width\" content=\"500\" \/>\n\t<meta property=\"og:image:height\" content=\"500\" \/>\n\t<meta property=\"og:image:type\" content=\"image\/jpeg\" \/>\n<meta name=\"twitter:card\" content=\"summary_large_image\" \/>\n<meta name=\"twitter:label1\" content=\"Gesch\u00e4tzte Lesezeit\" \/>\n\t<meta name=\"twitter:data1\" content=\"1\u00a0Minute\" \/>\n<script type=\"application\/ld+json\" class=\"yoast-schema-graph\">{\"@context\":\"https:\\\/\\\/schema.org\",\"@graph\":[{\"@type\":\"WebPage\",\"@id\":\"https:\\\/\\\/www.ralti.de\\\/?product=brotree-paracord-550-4mm-10m-100-nylon-seil-schnur-typ-iii-mit-7-strange-fur-survival-outdoor-armbander-hundeleine-bruchlast-250kg-schwarz\",\"url\":\"https:\\\/\\\/www.ralti.de\\\/?product=brotree-paracord-550-4mm-10m-100-nylon-seil-schnur-typ-iii-mit-7-strange-fur-survival-outdoor-armbander-hundeleine-bruchlast-250kg-schwarz\",\"name\":\"Brotree Paracord 550 4mm 10M 100% Nylon Seil Schnur Typ III mit 7 Str\u00e4nge f\u00fcr Survival, Outdoor, Armb\u00e4nder, Hundeleine - Bruchlast 250kg (Schwarz) - Notfallvorsorge - Krisenvorsorge\",\"isPartOf\":{\"@id\":\"https:\\\/\\\/www.ralti.de\\\/#website\"},\"primaryImageOfPage\":{\"@id\":\"https:\\\/\\\/www.ralti.de\\\/?product=brotree-paracord-550-4mm-10m-100-nylon-seil-schnur-typ-iii-mit-7-strange-fur-survival-outdoor-armbander-hundeleine-bruchlast-250kg-schwarz#primaryimage\"},\"image\":{\"@id\":\"https:\\\/\\\/www.ralti.de\\\/?product=brotree-paracord-550-4mm-10m-100-nylon-seil-schnur-typ-iii-mit-7-strange-fur-survival-outdoor-armbander-hundeleine-bruchlast-250kg-schwarz#primaryimage\"},\"thumbnailUrl\":\"https:\\\/\\\/m.media-amazon.com\\\/images\\\/I\\\/51ntyHMwBQL.jpg\",\"datePublished\":\"2025-11-25T10:13:03+00:00\",\"breadcrumb\":{\"@id\":\"https:\\\/\\\/www.ralti.de\\\/?product=brotree-paracord-550-4mm-10m-100-nylon-seil-schnur-typ-iii-mit-7-strange-fur-survival-outdoor-armbander-hundeleine-bruchlast-250kg-schwarz#breadcrumb\"},\"inLanguage\":\"de\",\"potentialAction\":[{\"@type\":\"ReadAction\",\"target\":[\"https:\\\/\\\/www.ralti.de\\\/?product=brotree-paracord-550-4mm-10m-100-nylon-seil-schnur-typ-iii-mit-7-strange-fur-survival-outdoor-armbander-hundeleine-bruchlast-250kg-schwarz\"]}]},{\"@type\":\"ImageObject\",\"inLanguage\":\"de\",\"@id\":\"https:\\\/\\\/www.ralti.de\\\/?product=brotree-paracord-550-4mm-10m-100-nylon-seil-schnur-typ-iii-mit-7-strange-fur-survival-outdoor-armbander-hundeleine-bruchlast-250kg-schwarz#primaryimage\",\"url\":\"https:\\\/\\\/m.media-amazon.com\\\/images\\\/I\\\/51ntyHMwBQL.jpg\",\"contentUrl\":\"https:\\\/\\\/m.media-amazon.com\\\/images\\\/I\\\/51ntyHMwBQL.jpg\",\"width\":500,\"height\":500},{\"@type\":\"BreadcrumbList\",\"@id\":\"https:\\\/\\\/www.ralti.de\\\/?product=brotree-paracord-550-4mm-10m-100-nylon-seil-schnur-typ-iii-mit-7-strange-fur-survival-outdoor-armbander-hundeleine-bruchlast-250kg-schwarz#breadcrumb\",\"itemListElement\":[{\"@type\":\"ListItem\",\"position\":1,\"name\":\"Start\",\"item\":\"https:\\\/\\\/www.ralti.de\\\/\"},{\"@type\":\"ListItem\",\"position\":2,\"name\":\"Notfallartikel\",\"item\":\"https:\\\/\\\/www.ralti.de\\\/?page_id=14189\"},{\"@type\":\"ListItem\",\"position\":3,\"name\":\"Brotree Paracord 550 4mm 10M 100% Nylon Seil Schnur Typ III mit 7 Str\u00e4nge f\u00fcr Survival, Outdoor, Armb\u00e4nder, Hundeleine &#8211; Bruchlast 250kg (Schwarz)\"}]},{\"@type\":\"WebSite\",\"@id\":\"https:\\\/\\\/www.ralti.de\\\/#website\",\"url\":\"https:\\\/\\\/www.ralti.de\\\/\",\"name\":\"Ralti.de\",\"description\":\"Hier viele gute Angebote\",\"publisher\":{\"@id\":\"https:\\\/\\\/www.ralti.de\\\/#organization\"},\"potentialAction\":[{\"@type\":\"SearchAction\",\"target\":{\"@type\":\"EntryPoint\",\"urlTemplate\":\"https:\\\/\\\/www.ralti.de\\\/?s={search_term_string}\"},\"query-input\":{\"@type\":\"PropertyValueSpecification\",\"valueRequired\":true,\"valueName\":\"search_term_string\"}}],\"inLanguage\":\"de\"},{\"@type\":\"Organization\",\"@id\":\"https:\\\/\\\/www.ralti.de\\\/#organization\",\"name\":\"Ralti.de\",\"url\":\"https:\\\/\\\/www.ralti.de\\\/\",\"logo\":{\"@type\":\"ImageObject\",\"inLanguage\":\"de\",\"@id\":\"https:\\\/\\\/www.ralti.de\\\/#\\\/schema\\\/logo\\\/image\\\/\",\"url\":\"https:\\\/\\\/www.ralti.de\\\/wp-content\\\/uploads\\\/2025\\\/11\\\/ralti.png\",\"contentUrl\":\"https:\\\/\\\/www.ralti.de\\\/wp-content\\\/uploads\\\/2025\\\/11\\\/ralti.png\",\"width\":240,\"height\":75,\"caption\":\"Ralti.de\"},\"image\":{\"@id\":\"https:\\\/\\\/www.ralti.de\\\/#\\\/schema\\\/logo\\\/image\\\/\"}}]}<\/script>\n<!-- \/ Yoast SEO plugin. -->","yoast_head_json":{"title":"Brotree Paracord 550 4mm 10M 100% Nylon Seil Schnur Typ III mit 7 Str\u00e4nge f\u00fcr Survival, Outdoor, Armb\u00e4nder, Hundeleine - Bruchlast 250kg (Schwarz) - Notfallvorsorge - Krisenvorsorge","robots":{"index":"index","follow":"follow","max-snippet":"max-snippet:-1","max-image-preview":"max-image-preview:large","max-video-preview":"max-video-preview:-1"},"canonical":"https:\/\/www.ralti.de\/?product=brotree-paracord-550-4mm-10m-100-nylon-seil-schnur-typ-iii-mit-7-strange-fur-survival-outdoor-armbander-hundeleine-bruchlast-250kg-schwarz","og_locale":"de_DE","og_type":"article","og_title":"Brotree Paracord 550 4mm 10M 100% Nylon Seil Schnur Typ III mit 7 Str\u00e4nge f\u00fcr Survival, Outdoor, Armb\u00e4nder, Hundeleine - Bruchlast 250kg (Schwarz) - Notfallvorsorge - Krisenvorsorge","og_description":"\u2705\u3010100% Nylon\u3011Das Paracord 4mm hat einen inneren Kern aus 7 Str\u00e4ngen und eine kompakte Au\u00dfenh\u00fclle aus 32 Str\u00e4ngen, wobei jeder innere Strang aus 3 gedrehten Nylonfasern geflochten ist. Dieses taktische Seil besteht aus 100% Nylon und kann ein Gewicht von bis zu 250kg (550lbs) tragen. \u2705\u3010Au\u00dfergew\u00f6hnliche Leistung\u3011Dieses Paracord 550 ist best\u00e4ndig gegen UV-Strahlung, Schimmel, Korrosion, Verblassen, Abrieb und g\u00e4ngige Chemikalien und beh\u00e4lt daher auch bei extremen Temperaturbedingungen seine stabile Leistung. Im Gegensatz zu billigem Paracord, Nylonseil geben keinen unangenehmen Geruch ab. \u2705\u3010Vielf\u00e4ltige Optionen\u3011Es sind verschiedene L\u00e4ngen erh\u00e4ltlich, darunter: 10m im Karton, 15m\/30m im B\u00fcndel und 50m\/100m auf einer Spule Alle L\u00e4ngen sind unterschiedlich, um den Transport und die Lagerung zu erleichtern und ein Verheddern zu vermeiden. Um praktischen und \u00e4sthetischen Anspr\u00fcchen gerecht zu werden, stehen 45 Farben zur Auswahl.","og_url":"https:\/\/www.ralti.de\/?product=brotree-paracord-550-4mm-10m-100-nylon-seil-schnur-typ-iii-mit-7-strange-fur-survival-outdoor-armbander-hundeleine-bruchlast-250kg-schwarz","og_site_name":"Notfallvorsorge - Krisenvorsorge","og_image":[{"width":500,"height":500,"url":"https:\/\/m.media-amazon.com\/images\/I\/51ntyHMwBQL.jpg","type":"image\/jpeg"}],"twitter_card":"summary_large_image","twitter_misc":{"Gesch\u00e4tzte Lesezeit":"1\u00a0Minute"},"schema":{"@context":"https:\/\/schema.org","@graph":[{"@type":"WebPage","@id":"https:\/\/www.ralti.de\/?product=brotree-paracord-550-4mm-10m-100-nylon-seil-schnur-typ-iii-mit-7-strange-fur-survival-outdoor-armbander-hundeleine-bruchlast-250kg-schwarz","url":"https:\/\/www.ralti.de\/?product=brotree-paracord-550-4mm-10m-100-nylon-seil-schnur-typ-iii-mit-7-strange-fur-survival-outdoor-armbander-hundeleine-bruchlast-250kg-schwarz","name":"Brotree Paracord 550 4mm 10M 100% Nylon Seil Schnur Typ III mit 7 Str\u00e4nge f\u00fcr Survival, Outdoor, Armb\u00e4nder, Hundeleine - Bruchlast 250kg (Schwarz) - Notfallvorsorge - Krisenvorsorge","isPartOf":{"@id":"https:\/\/www.ralti.de\/#website"},"primaryImageOfPage":{"@id":"https:\/\/www.ralti.de\/?product=brotree-paracord-550-4mm-10m-100-nylon-seil-schnur-typ-iii-mit-7-strange-fur-survival-outdoor-armbander-hundeleine-bruchlast-250kg-schwarz#primaryimage"},"image":{"@id":"https:\/\/www.ralti.de\/?product=brotree-paracord-550-4mm-10m-100-nylon-seil-schnur-typ-iii-mit-7-strange-fur-survival-outdoor-armbander-hundeleine-bruchlast-250kg-schwarz#primaryimage"},"thumbnailUrl":"https:\/\/m.media-amazon.com\/images\/I\/51ntyHMwBQL.jpg","datePublished":"2025-11-25T10:13:03+00:00","breadcrumb":{"@id":"https:\/\/www.ralti.de\/?product=brotree-paracord-550-4mm-10m-100-nylon-seil-schnur-typ-iii-mit-7-strange-fur-survival-outdoor-armbander-hundeleine-bruchlast-250kg-schwarz#breadcrumb"},"inLanguage":"de","potentialAction":[{"@type":"ReadAction","target":["https:\/\/www.ralti.de\/?product=brotree-paracord-550-4mm-10m-100-nylon-seil-schnur-typ-iii-mit-7-strange-fur-survival-outdoor-armbander-hundeleine-bruchlast-250kg-schwarz"]}]},{"@type":"ImageObject","inLanguage":"de","@id":"https:\/\/www.ralti.de\/?product=brotree-paracord-550-4mm-10m-100-nylon-seil-schnur-typ-iii-mit-7-strange-fur-survival-outdoor-armbander-hundeleine-bruchlast-250kg-schwarz#primaryimage","url":"https:\/\/m.media-amazon.com\/images\/I\/51ntyHMwBQL.jpg","contentUrl":"https:\/\/m.media-amazon.com\/images\/I\/51ntyHMwBQL.jpg","width":500,"height":500},{"@type":"BreadcrumbList","@id":"https:\/\/www.ralti.de\/?product=brotree-paracord-550-4mm-10m-100-nylon-seil-schnur-typ-iii-mit-7-strange-fur-survival-outdoor-armbander-hundeleine-bruchlast-250kg-schwarz#breadcrumb","itemListElement":[{"@type":"ListItem","position":1,"name":"Start","item":"https:\/\/www.ralti.de\/"},{"@type":"ListItem","position":2,"name":"Notfallartikel","item":"https:\/\/www.ralti.de\/?page_id=14189"},{"@type":"ListItem","position":3,"name":"Brotree Paracord 550 4mm 10M 100% Nylon Seil Schnur Typ III mit 7 Str\u00e4nge f\u00fcr Survival, Outdoor, Armb\u00e4nder, Hundeleine &#8211; Bruchlast 250kg (Schwarz)"}]},{"@type":"WebSite","@id":"https:\/\/www.ralti.de\/#website","url":"https:\/\/www.ralti.de\/","name":"Ralti.de","description":"Hier viele gute Angebote","publisher":{"@id":"https:\/\/www.ralti.de\/#organization"},"potentialAction":[{"@type":"SearchAction","target":{"@type":"EntryPoint","urlTemplate":"https:\/\/www.ralti.de\/?s={search_term_string}"},"query-input":{"@type":"PropertyValueSpecification","valueRequired":true,"valueName":"search_term_string"}}],"inLanguage":"de"},{"@type":"Organization","@id":"https:\/\/www.ralti.de\/#organization","name":"Ralti.de","url":"https:\/\/www.ralti.de\/","logo":{"@type":"ImageObject","inLanguage":"de","@id":"https:\/\/www.ralti.de\/#\/schema\/logo\/image\/","url":"https:\/\/www.ralti.de\/wp-content\/uploads\/2025\/11\/ralti.png","contentUrl":"https:\/\/www.ralti.de\/wp-content\/uploads\/2025\/11\/ralti.png","width":240,"height":75,"caption":"Ralti.de"},"image":{"@id":"https:\/\/www.ralti.de\/#\/schema\/logo\/image\/"}}]}},"_links":{"self":[{"href":"https:\/\/www.ralti.de\/index.php?rest_route=\/wp\/v2\/product\/7332","targetHints":{"allow":["GET"]}}],"collection":[{"href":"https:\/\/www.ralti.de\/index.php?rest_route=\/wp\/v2\/product"}],"about":[{"href":"https:\/\/www.ralti.de\/index.php?rest_route=\/wp\/v2\/types\/product"}],"replies":[{"embeddable":true,"href":"https:\/\/www.ralti.de\/index.php?rest_route=%2Fwp%2Fv2%2Fcomments&post=7332"}],"wp:featuredmedia":[{"embeddable":true,"href":"https:\/\/www.ralti.de\/index.php?rest_route=\/wp\/v2\/media\/7333"}],"wp:attachment":[{"href":"https:\/\/www.ralti.de\/index.php?rest_route=%2Fwp%2Fv2%2Fmedia&parent=7332"}],"wp:term":[{"taxonomy":"product_brand","embeddable":true,"href":"https:\/\/www.ralti.de\/index.php?rest_route=%2Fwp%2Fv2%2Fproduct_brand&post=7332"},{"taxonomy":"product_cat","embeddable":true,"href":"https:\/\/www.ralti.de\/index.php?rest_route=%2Fwp%2Fv2%2Fproduct_cat&post=7332"},{"taxonomy":"product_tag","embeddable":true,"href":"https:\/\/www.ralti.de\/index.php?rest_route=%2Fwp%2Fv2%2Fproduct_tag&post=7332"}],"curies":[{"name":"wp","href":"https:\/\/api.w.org\/{rel}","templated":true}]}}