{"id":7338,"date":"2025-11-25T10:13:06","date_gmt":"2025-11-25T10:13:06","guid":{"rendered":"https:\/\/www.ralti.de\/shop-2\/uncategorized\/atwood-rope-mfg-ready-rope-paracord-550-paracord-304-m-7-saitiger-kern-nylon-fallschirmschnur-ausenuberlebensausrustung-schlusselbander-armbander-griffwickel\/"},"modified":"2025-11-25T10:13:06","modified_gmt":"2025-11-25T10:13:06","slug":"atwood-rope-mfg-ready-rope-paracord-550-paracord-304-m-7-saitiger-kern-nylon-fallschirmschnur-ausenuberlebensausrustung-schlusselbander-armbander-griffwickel","status":"publish","type":"product","link":"https:\/\/www.ralti.de\/?product=atwood-rope-mfg-ready-rope-paracord-550-paracord-304-m-7-saitiger-kern-nylon-fallschirmschnur-ausenuberlebensausrustung-schlusselbander-armbander-griffwickel","title":{"rendered":"Atwood Rope MFG Ready Rope\u2122 Paracord 550 Paracord 30,4 m 7-saitiger Kern, Nylon-Fallschirmschnur, Au\u00dfen\u00fcberlebensausr\u00fcstung, Schl\u00fcsselb\u00e4nder, Armb\u00e4nder, Griffwickel,"},"content":{"rendered":"<p><!-- show up to 2 reviews by default --> <\/p>\n<p> <span>Dies ist das ultimative Seil- und Schnurmanagement-Tool, das kompakt und vielseitig ist. Greifen Sie schnell die ben\u00f6tigte L\u00e4nge der Schnur und verwenden Sie die integrierte Schneidklinge. Wird mit 30,5 m 550 Paracord geliefert, bereit f\u00fcr den Einsatz. Mit seinem integrierten Staufach k\u00f6nnen Sie \u00dcberlebensgegenst\u00e4nde wie Feuerzeug \/ Feuerwehr, Fischhaken, Splei\u00dfwerkzeuge, Medikamente, Multifunktionswerkzeuge usw. aufbewahren. Bewahren Sie dieses praktische Werkzeug in Ihrem Zuhause, in der Werkstatt, im Fahrzeug, im Werkzeugkasten, im Rucksack und mehr auf. Das fertige Seil macht die Verwendung von Schn\u00fcren und Seilen schneller, einfacher und bequemer. Das fertige Seil ist wieder belastbar und kann mit Ihren Lieblingsschn\u00fcren wiederverwendet werden.<\/span> <\/p>\n<p>Spezifikationen:<br \/>\nVorgeladen mit 30,5 m 550 Paracord, schwarz<br \/>\nIntegrierte Schneidklinge<br \/>\nIntegriertes Kordelschloss<br \/>\nZubeh\u00f6rfach. Schaltschlaufe. Kompaktes Design. Wiederverwendbar\/wiederladbar. Hergestellt in den USA<br \/>\n<div class=\"main-cross-sell\" data-asin=\"B0BN6Z1RM4\">\n\n\t<div class=\"WooZone-cross-sell-loader\">\n\t\t<div>\n\t\t\t<div id=\"floatingBarsG\">\n\t\t\t\t<div class=\"blockG\" id=\"rotateG_01\"><\/div>\n\t\t\t\t<div class=\"blockG\" id=\"rotateG_02\"><\/div>\n\t\t\t\t<div class=\"blockG\" id=\"rotateG_03\"><\/div>\n\t\t\t\t<div class=\"blockG\" id=\"rotateG_04\"><\/div>\n\t\t\t\t<div class=\"blockG\" id=\"rotateG_05\"><\/div>\n\t\t\t\t<div class=\"blockG\" id=\"rotateG_06\"><\/div>\n\t\t\t\t<div class=\"blockG\" id=\"rotateG_07\"><\/div>\n\t\t\t\t<div class=\"blockG\" id=\"rotateG_08\"><\/div>\n\t\t\t<\/div>\n\t\t\t<div class=\"WooZone-cross-sell-loader-text\"><\/div>\n\t\t<\/div>\n\t<\/div>\n\n\t\t\n<\/div>\n<div style=\"clear:both;\"><\/div>\n","protected":false},"excerpt":{"rendered":"<p>Spezifikationen:<br \/>\nVorgeladen mit 30,5 m 550 Paracord, schwarz<br \/>\nIntegrierte Schneidklinge<\/p>\n","protected":false},"featured_media":7339,"comment_status":"open","ping_status":"closed","template":"","meta":{"_acf_changed":false},"product_brand":[],"product_cat":[279,274],"product_tag":[],"class_list":{"0":"post-7338","1":"product","2":"type-product","3":"status-publish","4":"has-post-thumbnail","6":"product_cat-paracord-seil","7":"product_cat-uberlebensausrustung","9":"first","10":"instock","11":"shipping-taxable","12":"product-type-external"},"acf":[],"yoast_head":"<!-- This site is optimized with the Yoast SEO plugin v27.3 - https:\/\/yoast.com\/product\/yoast-seo-wordpress\/ -->\n<title>Atwood Rope MFG Ready Rope\u2122 Paracord 550 Paracord 30,4 m 7-saitiger Kern, Nylon-Fallschirmschnur, Au\u00dfen\u00fcberlebensausr\u00fcstung, Schl\u00fcsselb\u00e4nder, Armb\u00e4nder, Griffwickel, - Notfallvorsorge - Krisenvorsorge<\/title>\n<meta name=\"robots\" content=\"index, follow, max-snippet:-1, max-image-preview:large, max-video-preview:-1\" \/>\n<link rel=\"canonical\" href=\"https:\/\/www.ralti.de\/?product=atwood-rope-mfg-ready-rope-paracord-550-paracord-304-m-7-saitiger-kern-nylon-fallschirmschnur-ausenuberlebensausrustung-schlusselbander-armbander-griffwickel\" \/>\n<meta property=\"og:locale\" content=\"de_DE\" \/>\n<meta property=\"og:type\" content=\"article\" \/>\n<meta property=\"og:title\" content=\"Atwood Rope MFG Ready Rope\u2122 Paracord 550 Paracord 30,4 m 7-saitiger Kern, Nylon-Fallschirmschnur, Au\u00dfen\u00fcberlebensausr\u00fcstung, Schl\u00fcsselb\u00e4nder, Armb\u00e4nder, Griffwickel, - Notfallvorsorge - Krisenvorsorge\" \/>\n<meta property=\"og:description\" content=\"Spezifikationen: Vorgeladen mit 30,5 m 550 Paracord, schwarz Integrierte Schneidklinge\" \/>\n<meta property=\"og:url\" content=\"https:\/\/www.ralti.de\/?product=atwood-rope-mfg-ready-rope-paracord-550-paracord-304-m-7-saitiger-kern-nylon-fallschirmschnur-ausenuberlebensausrustung-schlusselbander-armbander-griffwickel\" \/>\n<meta property=\"og:site_name\" content=\"Notfallvorsorge - Krisenvorsorge\" \/>\n<meta property=\"og:image\" content=\"https:\/\/m.media-amazon.com\/images\/I\/310QU5dFRjL.jpg\" \/>\n\t<meta property=\"og:image:width\" content=\"500\" \/>\n\t<meta property=\"og:image:height\" content=\"500\" \/>\n\t<meta property=\"og:image:type\" content=\"image\/jpeg\" \/>\n<meta name=\"twitter:card\" content=\"summary_large_image\" \/>\n<meta name=\"twitter:label1\" content=\"Gesch\u00e4tzte Lesezeit\" \/>\n\t<meta name=\"twitter:data1\" content=\"1\u00a0Minute\" \/>\n<script type=\"application\/ld+json\" class=\"yoast-schema-graph\">{\"@context\":\"https:\\\/\\\/schema.org\",\"@graph\":[{\"@type\":\"WebPage\",\"@id\":\"https:\\\/\\\/www.ralti.de\\\/?product=atwood-rope-mfg-ready-rope-paracord-550-paracord-304-m-7-saitiger-kern-nylon-fallschirmschnur-ausenuberlebensausrustung-schlusselbander-armbander-griffwickel\",\"url\":\"https:\\\/\\\/www.ralti.de\\\/?product=atwood-rope-mfg-ready-rope-paracord-550-paracord-304-m-7-saitiger-kern-nylon-fallschirmschnur-ausenuberlebensausrustung-schlusselbander-armbander-griffwickel\",\"name\":\"Atwood Rope MFG Ready Rope\u2122 Paracord 550 Paracord 30,4 m 7-saitiger Kern, Nylon-Fallschirmschnur, Au\u00dfen\u00fcberlebensausr\u00fcstung, Schl\u00fcsselb\u00e4nder, Armb\u00e4nder, Griffwickel, - Notfallvorsorge - Krisenvorsorge\",\"isPartOf\":{\"@id\":\"https:\\\/\\\/www.ralti.de\\\/#website\"},\"primaryImageOfPage\":{\"@id\":\"https:\\\/\\\/www.ralti.de\\\/?product=atwood-rope-mfg-ready-rope-paracord-550-paracord-304-m-7-saitiger-kern-nylon-fallschirmschnur-ausenuberlebensausrustung-schlusselbander-armbander-griffwickel#primaryimage\"},\"image\":{\"@id\":\"https:\\\/\\\/www.ralti.de\\\/?product=atwood-rope-mfg-ready-rope-paracord-550-paracord-304-m-7-saitiger-kern-nylon-fallschirmschnur-ausenuberlebensausrustung-schlusselbander-armbander-griffwickel#primaryimage\"},\"thumbnailUrl\":\"https:\\\/\\\/m.media-amazon.com\\\/images\\\/I\\\/310QU5dFRjL.jpg\",\"datePublished\":\"2025-11-25T10:13:06+00:00\",\"breadcrumb\":{\"@id\":\"https:\\\/\\\/www.ralti.de\\\/?product=atwood-rope-mfg-ready-rope-paracord-550-paracord-304-m-7-saitiger-kern-nylon-fallschirmschnur-ausenuberlebensausrustung-schlusselbander-armbander-griffwickel#breadcrumb\"},\"inLanguage\":\"de\",\"potentialAction\":[{\"@type\":\"ReadAction\",\"target\":[\"https:\\\/\\\/www.ralti.de\\\/?product=atwood-rope-mfg-ready-rope-paracord-550-paracord-304-m-7-saitiger-kern-nylon-fallschirmschnur-ausenuberlebensausrustung-schlusselbander-armbander-griffwickel\"]}]},{\"@type\":\"ImageObject\",\"inLanguage\":\"de\",\"@id\":\"https:\\\/\\\/www.ralti.de\\\/?product=atwood-rope-mfg-ready-rope-paracord-550-paracord-304-m-7-saitiger-kern-nylon-fallschirmschnur-ausenuberlebensausrustung-schlusselbander-armbander-griffwickel#primaryimage\",\"url\":\"https:\\\/\\\/m.media-amazon.com\\\/images\\\/I\\\/310QU5dFRjL.jpg\",\"contentUrl\":\"https:\\\/\\\/m.media-amazon.com\\\/images\\\/I\\\/310QU5dFRjL.jpg\",\"width\":500,\"height\":500},{\"@type\":\"BreadcrumbList\",\"@id\":\"https:\\\/\\\/www.ralti.de\\\/?product=atwood-rope-mfg-ready-rope-paracord-550-paracord-304-m-7-saitiger-kern-nylon-fallschirmschnur-ausenuberlebensausrustung-schlusselbander-armbander-griffwickel#breadcrumb\",\"itemListElement\":[{\"@type\":\"ListItem\",\"position\":1,\"name\":\"Start\",\"item\":\"https:\\\/\\\/www.ralti.de\\\/\"},{\"@type\":\"ListItem\",\"position\":2,\"name\":\"Notfallartikel\",\"item\":\"https:\\\/\\\/www.ralti.de\\\/?page_id=14189\"},{\"@type\":\"ListItem\",\"position\":3,\"name\":\"Atwood Rope MFG Ready Rope\u2122 Paracord 550 Paracord 30,4 m 7-saitiger Kern, Nylon-Fallschirmschnur, Au\u00dfen\u00fcberlebensausr\u00fcstung, Schl\u00fcsselb\u00e4nder, Armb\u00e4nder, Griffwickel,\"}]},{\"@type\":\"WebSite\",\"@id\":\"https:\\\/\\\/www.ralti.de\\\/#website\",\"url\":\"https:\\\/\\\/www.ralti.de\\\/\",\"name\":\"Ralti.de\",\"description\":\"Hier viele gute Angebote\",\"publisher\":{\"@id\":\"https:\\\/\\\/www.ralti.de\\\/#organization\"},\"potentialAction\":[{\"@type\":\"SearchAction\",\"target\":{\"@type\":\"EntryPoint\",\"urlTemplate\":\"https:\\\/\\\/www.ralti.de\\\/?s={search_term_string}\"},\"query-input\":{\"@type\":\"PropertyValueSpecification\",\"valueRequired\":true,\"valueName\":\"search_term_string\"}}],\"inLanguage\":\"de\"},{\"@type\":\"Organization\",\"@id\":\"https:\\\/\\\/www.ralti.de\\\/#organization\",\"name\":\"Ralti.de\",\"url\":\"https:\\\/\\\/www.ralti.de\\\/\",\"logo\":{\"@type\":\"ImageObject\",\"inLanguage\":\"de\",\"@id\":\"https:\\\/\\\/www.ralti.de\\\/#\\\/schema\\\/logo\\\/image\\\/\",\"url\":\"https:\\\/\\\/www.ralti.de\\\/wp-content\\\/uploads\\\/2025\\\/11\\\/ralti.png\",\"contentUrl\":\"https:\\\/\\\/www.ralti.de\\\/wp-content\\\/uploads\\\/2025\\\/11\\\/ralti.png\",\"width\":240,\"height\":75,\"caption\":\"Ralti.de\"},\"image\":{\"@id\":\"https:\\\/\\\/www.ralti.de\\\/#\\\/schema\\\/logo\\\/image\\\/\"}}]}<\/script>\n<!-- \/ Yoast SEO plugin. -->","yoast_head_json":{"title":"Atwood Rope MFG Ready Rope\u2122 Paracord 550 Paracord 30,4 m 7-saitiger Kern, Nylon-Fallschirmschnur, Au\u00dfen\u00fcberlebensausr\u00fcstung, Schl\u00fcsselb\u00e4nder, Armb\u00e4nder, Griffwickel, - Notfallvorsorge - Krisenvorsorge","robots":{"index":"index","follow":"follow","max-snippet":"max-snippet:-1","max-image-preview":"max-image-preview:large","max-video-preview":"max-video-preview:-1"},"canonical":"https:\/\/www.ralti.de\/?product=atwood-rope-mfg-ready-rope-paracord-550-paracord-304-m-7-saitiger-kern-nylon-fallschirmschnur-ausenuberlebensausrustung-schlusselbander-armbander-griffwickel","og_locale":"de_DE","og_type":"article","og_title":"Atwood Rope MFG Ready Rope\u2122 Paracord 550 Paracord 30,4 m 7-saitiger Kern, Nylon-Fallschirmschnur, Au\u00dfen\u00fcberlebensausr\u00fcstung, Schl\u00fcsselb\u00e4nder, Armb\u00e4nder, Griffwickel, - Notfallvorsorge - Krisenvorsorge","og_description":"Spezifikationen: Vorgeladen mit 30,5 m 550 Paracord, schwarz Integrierte Schneidklinge","og_url":"https:\/\/www.ralti.de\/?product=atwood-rope-mfg-ready-rope-paracord-550-paracord-304-m-7-saitiger-kern-nylon-fallschirmschnur-ausenuberlebensausrustung-schlusselbander-armbander-griffwickel","og_site_name":"Notfallvorsorge - Krisenvorsorge","og_image":[{"width":500,"height":500,"url":"https:\/\/m.media-amazon.com\/images\/I\/310QU5dFRjL.jpg","type":"image\/jpeg"}],"twitter_card":"summary_large_image","twitter_misc":{"Gesch\u00e4tzte Lesezeit":"1\u00a0Minute"},"schema":{"@context":"https:\/\/schema.org","@graph":[{"@type":"WebPage","@id":"https:\/\/www.ralti.de\/?product=atwood-rope-mfg-ready-rope-paracord-550-paracord-304-m-7-saitiger-kern-nylon-fallschirmschnur-ausenuberlebensausrustung-schlusselbander-armbander-griffwickel","url":"https:\/\/www.ralti.de\/?product=atwood-rope-mfg-ready-rope-paracord-550-paracord-304-m-7-saitiger-kern-nylon-fallschirmschnur-ausenuberlebensausrustung-schlusselbander-armbander-griffwickel","name":"Atwood Rope MFG Ready Rope\u2122 Paracord 550 Paracord 30,4 m 7-saitiger Kern, Nylon-Fallschirmschnur, Au\u00dfen\u00fcberlebensausr\u00fcstung, Schl\u00fcsselb\u00e4nder, Armb\u00e4nder, Griffwickel, - Notfallvorsorge - Krisenvorsorge","isPartOf":{"@id":"https:\/\/www.ralti.de\/#website"},"primaryImageOfPage":{"@id":"https:\/\/www.ralti.de\/?product=atwood-rope-mfg-ready-rope-paracord-550-paracord-304-m-7-saitiger-kern-nylon-fallschirmschnur-ausenuberlebensausrustung-schlusselbander-armbander-griffwickel#primaryimage"},"image":{"@id":"https:\/\/www.ralti.de\/?product=atwood-rope-mfg-ready-rope-paracord-550-paracord-304-m-7-saitiger-kern-nylon-fallschirmschnur-ausenuberlebensausrustung-schlusselbander-armbander-griffwickel#primaryimage"},"thumbnailUrl":"https:\/\/m.media-amazon.com\/images\/I\/310QU5dFRjL.jpg","datePublished":"2025-11-25T10:13:06+00:00","breadcrumb":{"@id":"https:\/\/www.ralti.de\/?product=atwood-rope-mfg-ready-rope-paracord-550-paracord-304-m-7-saitiger-kern-nylon-fallschirmschnur-ausenuberlebensausrustung-schlusselbander-armbander-griffwickel#breadcrumb"},"inLanguage":"de","potentialAction":[{"@type":"ReadAction","target":["https:\/\/www.ralti.de\/?product=atwood-rope-mfg-ready-rope-paracord-550-paracord-304-m-7-saitiger-kern-nylon-fallschirmschnur-ausenuberlebensausrustung-schlusselbander-armbander-griffwickel"]}]},{"@type":"ImageObject","inLanguage":"de","@id":"https:\/\/www.ralti.de\/?product=atwood-rope-mfg-ready-rope-paracord-550-paracord-304-m-7-saitiger-kern-nylon-fallschirmschnur-ausenuberlebensausrustung-schlusselbander-armbander-griffwickel#primaryimage","url":"https:\/\/m.media-amazon.com\/images\/I\/310QU5dFRjL.jpg","contentUrl":"https:\/\/m.media-amazon.com\/images\/I\/310QU5dFRjL.jpg","width":500,"height":500},{"@type":"BreadcrumbList","@id":"https:\/\/www.ralti.de\/?product=atwood-rope-mfg-ready-rope-paracord-550-paracord-304-m-7-saitiger-kern-nylon-fallschirmschnur-ausenuberlebensausrustung-schlusselbander-armbander-griffwickel#breadcrumb","itemListElement":[{"@type":"ListItem","position":1,"name":"Start","item":"https:\/\/www.ralti.de\/"},{"@type":"ListItem","position":2,"name":"Notfallartikel","item":"https:\/\/www.ralti.de\/?page_id=14189"},{"@type":"ListItem","position":3,"name":"Atwood Rope MFG Ready Rope\u2122 Paracord 550 Paracord 30,4 m 7-saitiger Kern, Nylon-Fallschirmschnur, Au\u00dfen\u00fcberlebensausr\u00fcstung, Schl\u00fcsselb\u00e4nder, Armb\u00e4nder, Griffwickel,"}]},{"@type":"WebSite","@id":"https:\/\/www.ralti.de\/#website","url":"https:\/\/www.ralti.de\/","name":"Ralti.de","description":"Hier viele gute Angebote","publisher":{"@id":"https:\/\/www.ralti.de\/#organization"},"potentialAction":[{"@type":"SearchAction","target":{"@type":"EntryPoint","urlTemplate":"https:\/\/www.ralti.de\/?s={search_term_string}"},"query-input":{"@type":"PropertyValueSpecification","valueRequired":true,"valueName":"search_term_string"}}],"inLanguage":"de"},{"@type":"Organization","@id":"https:\/\/www.ralti.de\/#organization","name":"Ralti.de","url":"https:\/\/www.ralti.de\/","logo":{"@type":"ImageObject","inLanguage":"de","@id":"https:\/\/www.ralti.de\/#\/schema\/logo\/image\/","url":"https:\/\/www.ralti.de\/wp-content\/uploads\/2025\/11\/ralti.png","contentUrl":"https:\/\/www.ralti.de\/wp-content\/uploads\/2025\/11\/ralti.png","width":240,"height":75,"caption":"Ralti.de"},"image":{"@id":"https:\/\/www.ralti.de\/#\/schema\/logo\/image\/"}}]}},"_links":{"self":[{"href":"https:\/\/www.ralti.de\/index.php?rest_route=\/wp\/v2\/product\/7338","targetHints":{"allow":["GET"]}}],"collection":[{"href":"https:\/\/www.ralti.de\/index.php?rest_route=\/wp\/v2\/product"}],"about":[{"href":"https:\/\/www.ralti.de\/index.php?rest_route=\/wp\/v2\/types\/product"}],"replies":[{"embeddable":true,"href":"https:\/\/www.ralti.de\/index.php?rest_route=%2Fwp%2Fv2%2Fcomments&post=7338"}],"wp:featuredmedia":[{"embeddable":true,"href":"https:\/\/www.ralti.de\/index.php?rest_route=\/wp\/v2\/media\/7339"}],"wp:attachment":[{"href":"https:\/\/www.ralti.de\/index.php?rest_route=%2Fwp%2Fv2%2Fmedia&parent=7338"}],"wp:term":[{"taxonomy":"product_brand","embeddable":true,"href":"https:\/\/www.ralti.de\/index.php?rest_route=%2Fwp%2Fv2%2Fproduct_brand&post=7338"},{"taxonomy":"product_cat","embeddable":true,"href":"https:\/\/www.ralti.de\/index.php?rest_route=%2Fwp%2Fv2%2Fproduct_cat&post=7338"},{"taxonomy":"product_tag","embeddable":true,"href":"https:\/\/www.ralti.de\/index.php?rest_route=%2Fwp%2Fv2%2Fproduct_tag&post=7338"}],"curies":[{"name":"wp","href":"https:\/\/api.w.org\/{rel}","templated":true}]}}