{"id":7350,"date":"2025-11-25T10:13:08","date_gmt":"2025-11-25T10:13:08","guid":{"rendered":"https:\/\/www.ralti.de\/shop-2\/uncategorized\/atwood-rope-550-paracord-4-mm-30-m\/"},"modified":"2025-11-25T10:13:08","modified_gmt":"2025-11-25T10:13:08","slug":"atwood-rope-550-paracord-4-mm-30-m","status":"publish","type":"product","link":"https:\/\/www.ralti.de\/?product=atwood-rope-550-paracord-4-mm-30-m","title":{"rendered":"Atwood Rope 550 Paracord 4 mm &#8211; 30 m"},"content":{"rendered":"<p><!-- show up to 2 reviews by default --> <\/p>\n<p> <span>Paracord ist eine der vielseitigsten Seile der Welt. Dank seiner High-Tech-Materialien und -Konstruktion ist es leicht, robust und kompakt. Mit einer unglaublichen Zugfestigkeit von 249 kg kann Paracord problemlos Aufgaben ausf\u00fchren, die andere \u00e4hnliche Schn\u00fcre nicht bieten. Eines der wichtigsten Konstruktionsmerkmale von Paracord sind die 7 inneren Kernstr\u00e4nge. All diese Eigenschaften machen es zum perfekten Seil f\u00fcr den t\u00e4glichen Gebrauch. Das Paracord von Atwood Rope MFG ist in Qualit\u00e4t und Konsistenz anderen Paracords \u00fcberlegen. Intraven\u00f6se QS-Checkpunkte w\u00e4hrend des gesamten Herstellungsprozesses und eine strenge Qualit\u00e4tssicherungsrichtlinie garantieren h\u00f6chste Qualit\u00e4t und eines der weltweit hochwertigsten Paracord-Produkte, auf die man sich jeden Tag verlassen kann. Details: Kern mit 7 Str\u00e4ngen. Leicht, flexibel und rei\u00dffest. Farbbest\u00e4ndig. Best\u00e4ndig gegen UV, F\u00e4ulnis und Mehltau. Seildurchmesser: 4 mm. Zugfestigkeit: 249 kg. L\u00e4nge: ca. 30,48 m. Gewicht: 225 g. Made in USA. ACHTUNG: Dieser Artikel ist kein Sicherheitsprodukt &#8211; nicht zum Klettern geeignet! (Grundpreis: 1 m = \u20ac 0,33)<\/span> <\/p>\n<p>Dank High-Tech-Materialien und -Konstruktion ist es leicht, robust und kompakt.<br \/>\nBest\u00e4ndig gegen UV, F\u00e4ulnis und Mehltau.<br \/>\n7 innere Kernstr\u00e4nge<br \/>\nFarbbest\u00e4ndig<br \/>\n<div class=\"main-cross-sell\" data-asin=\"B07QBQD4LK\">\n\n\t<div class=\"WooZone-cross-sell-loader\">\n\t\t<div>\n\t\t\t<div id=\"floatingBarsG\">\n\t\t\t\t<div class=\"blockG\" id=\"rotateG_01\"><\/div>\n\t\t\t\t<div class=\"blockG\" id=\"rotateG_02\"><\/div>\n\t\t\t\t<div class=\"blockG\" id=\"rotateG_03\"><\/div>\n\t\t\t\t<div class=\"blockG\" id=\"rotateG_04\"><\/div>\n\t\t\t\t<div class=\"blockG\" id=\"rotateG_05\"><\/div>\n\t\t\t\t<div class=\"blockG\" id=\"rotateG_06\"><\/div>\n\t\t\t\t<div class=\"blockG\" id=\"rotateG_07\"><\/div>\n\t\t\t\t<div class=\"blockG\" id=\"rotateG_08\"><\/div>\n\t\t\t<\/div>\n\t\t\t<div class=\"WooZone-cross-sell-loader-text\"><\/div>\n\t\t<\/div>\n\t<\/div>\n\n\t\t\n<\/div>\n<div style=\"clear:both;\"><\/div>\n","protected":false},"excerpt":{"rendered":"<p>Dank High-Tech-Materialien und -Konstruktion ist es leicht, robust und kompakt.<br \/>\nBest\u00e4ndig gegen UV, F\u00e4ulnis und Mehltau.<br \/>\n7 innere Kernstr\u00e4nge<\/p>\n","protected":false},"featured_media":7351,"comment_status":"open","ping_status":"closed","template":"","meta":{"_acf_changed":false},"product_brand":[],"product_cat":[279,274],"product_tag":[],"class_list":{"0":"post-7350","1":"product","2":"type-product","3":"status-publish","4":"has-post-thumbnail","6":"product_cat-paracord-seil","7":"product_cat-uberlebensausrustung","9":"first","10":"instock","11":"shipping-taxable","12":"product-type-external"},"acf":[],"yoast_head":"<!-- This site is optimized with the Yoast SEO plugin v27.5 - https:\/\/yoast.com\/product\/yoast-seo-wordpress\/ -->\n<title>Atwood Rope 550 Paracord 4 mm - 30 m - Notfallvorsorge - Krisenvorsorge<\/title>\n<meta name=\"robots\" content=\"index, follow, max-snippet:-1, max-image-preview:large, max-video-preview:-1\" \/>\n<link rel=\"canonical\" href=\"https:\/\/www.ralti.de\/?product=atwood-rope-550-paracord-4-mm-30-m\" \/>\n<meta property=\"og:locale\" content=\"de_DE\" \/>\n<meta property=\"og:type\" content=\"article\" \/>\n<meta property=\"og:title\" content=\"Atwood Rope 550 Paracord 4 mm - 30 m - Notfallvorsorge - Krisenvorsorge\" \/>\n<meta property=\"og:description\" content=\"Dank High-Tech-Materialien und -Konstruktion ist es leicht, robust und kompakt. Best\u00e4ndig gegen UV, F\u00e4ulnis und Mehltau. 7 innere Kernstr\u00e4nge\" \/>\n<meta property=\"og:url\" content=\"https:\/\/www.ralti.de\/?product=atwood-rope-550-paracord-4-mm-30-m\" \/>\n<meta property=\"og:site_name\" content=\"Notfallvorsorge - Krisenvorsorge\" \/>\n<meta property=\"og:image\" content=\"https:\/\/m.media-amazon.com\/images\/I\/41Blbt1BSRL.jpg\" \/>\n\t<meta property=\"og:image:width\" content=\"500\" \/>\n\t<meta property=\"og:image:height\" content=\"500\" \/>\n\t<meta property=\"og:image:type\" content=\"image\/jpeg\" \/>\n<meta name=\"twitter:card\" content=\"summary_large_image\" \/>\n<meta name=\"twitter:label1\" content=\"Gesch\u00e4tzte Lesezeit\" \/>\n\t<meta name=\"twitter:data1\" content=\"1\u00a0Minute\" \/>\n<script type=\"application\/ld+json\" class=\"yoast-schema-graph\">{\"@context\":\"https:\\\/\\\/schema.org\",\"@graph\":[{\"@type\":\"WebPage\",\"@id\":\"https:\\\/\\\/www.ralti.de\\\/?product=atwood-rope-550-paracord-4-mm-30-m\",\"url\":\"https:\\\/\\\/www.ralti.de\\\/?product=atwood-rope-550-paracord-4-mm-30-m\",\"name\":\"Atwood Rope 550 Paracord 4 mm - 30 m - Notfallvorsorge - Krisenvorsorge\",\"isPartOf\":{\"@id\":\"https:\\\/\\\/www.ralti.de\\\/#website\"},\"primaryImageOfPage\":{\"@id\":\"https:\\\/\\\/www.ralti.de\\\/?product=atwood-rope-550-paracord-4-mm-30-m#primaryimage\"},\"image\":{\"@id\":\"https:\\\/\\\/www.ralti.de\\\/?product=atwood-rope-550-paracord-4-mm-30-m#primaryimage\"},\"thumbnailUrl\":\"https:\\\/\\\/m.media-amazon.com\\\/images\\\/I\\\/41Blbt1BSRL.jpg\",\"datePublished\":\"2025-11-25T10:13:08+00:00\",\"breadcrumb\":{\"@id\":\"https:\\\/\\\/www.ralti.de\\\/?product=atwood-rope-550-paracord-4-mm-30-m#breadcrumb\"},\"inLanguage\":\"de\",\"potentialAction\":[{\"@type\":\"ReadAction\",\"target\":[\"https:\\\/\\\/www.ralti.de\\\/?product=atwood-rope-550-paracord-4-mm-30-m\"]}]},{\"@type\":\"ImageObject\",\"inLanguage\":\"de\",\"@id\":\"https:\\\/\\\/www.ralti.de\\\/?product=atwood-rope-550-paracord-4-mm-30-m#primaryimage\",\"url\":\"https:\\\/\\\/m.media-amazon.com\\\/images\\\/I\\\/41Blbt1BSRL.jpg\",\"contentUrl\":\"https:\\\/\\\/m.media-amazon.com\\\/images\\\/I\\\/41Blbt1BSRL.jpg\",\"width\":500,\"height\":500},{\"@type\":\"BreadcrumbList\",\"@id\":\"https:\\\/\\\/www.ralti.de\\\/?product=atwood-rope-550-paracord-4-mm-30-m#breadcrumb\",\"itemListElement\":[{\"@type\":\"ListItem\",\"position\":1,\"name\":\"Start\",\"item\":\"https:\\\/\\\/www.ralti.de\\\/\"},{\"@type\":\"ListItem\",\"position\":2,\"name\":\"Notfallartikel\",\"item\":\"https:\\\/\\\/www.ralti.de\\\/?page_id=14189\"},{\"@type\":\"ListItem\",\"position\":3,\"name\":\"Atwood Rope 550 Paracord 4 mm &#8211; 30 m\"}]},{\"@type\":\"WebSite\",\"@id\":\"https:\\\/\\\/www.ralti.de\\\/#website\",\"url\":\"https:\\\/\\\/www.ralti.de\\\/\",\"name\":\"Ralti.de\",\"description\":\"Hier viele gute Angebote\",\"publisher\":{\"@id\":\"https:\\\/\\\/www.ralti.de\\\/#organization\"},\"potentialAction\":[{\"@type\":\"SearchAction\",\"target\":{\"@type\":\"EntryPoint\",\"urlTemplate\":\"https:\\\/\\\/www.ralti.de\\\/?s={search_term_string}\"},\"query-input\":{\"@type\":\"PropertyValueSpecification\",\"valueRequired\":true,\"valueName\":\"search_term_string\"}}],\"inLanguage\":\"de\"},{\"@type\":\"Organization\",\"@id\":\"https:\\\/\\\/www.ralti.de\\\/#organization\",\"name\":\"Ralti.de\",\"url\":\"https:\\\/\\\/www.ralti.de\\\/\",\"logo\":{\"@type\":\"ImageObject\",\"inLanguage\":\"de\",\"@id\":\"https:\\\/\\\/www.ralti.de\\\/#\\\/schema\\\/logo\\\/image\\\/\",\"url\":\"https:\\\/\\\/www.ralti.de\\\/wp-content\\\/uploads\\\/2025\\\/11\\\/ralti.png\",\"contentUrl\":\"https:\\\/\\\/www.ralti.de\\\/wp-content\\\/uploads\\\/2025\\\/11\\\/ralti.png\",\"width\":240,\"height\":75,\"caption\":\"Ralti.de\"},\"image\":{\"@id\":\"https:\\\/\\\/www.ralti.de\\\/#\\\/schema\\\/logo\\\/image\\\/\"}}]}<\/script>\n<!-- \/ Yoast SEO plugin. -->","yoast_head_json":{"title":"Atwood Rope 550 Paracord 4 mm - 30 m - Notfallvorsorge - Krisenvorsorge","robots":{"index":"index","follow":"follow","max-snippet":"max-snippet:-1","max-image-preview":"max-image-preview:large","max-video-preview":"max-video-preview:-1"},"canonical":"https:\/\/www.ralti.de\/?product=atwood-rope-550-paracord-4-mm-30-m","og_locale":"de_DE","og_type":"article","og_title":"Atwood Rope 550 Paracord 4 mm - 30 m - Notfallvorsorge - Krisenvorsorge","og_description":"Dank High-Tech-Materialien und -Konstruktion ist es leicht, robust und kompakt. Best\u00e4ndig gegen UV, F\u00e4ulnis und Mehltau. 7 innere Kernstr\u00e4nge","og_url":"https:\/\/www.ralti.de\/?product=atwood-rope-550-paracord-4-mm-30-m","og_site_name":"Notfallvorsorge - Krisenvorsorge","og_image":[{"width":500,"height":500,"url":"https:\/\/m.media-amazon.com\/images\/I\/41Blbt1BSRL.jpg","type":"image\/jpeg"}],"twitter_card":"summary_large_image","twitter_misc":{"Gesch\u00e4tzte Lesezeit":"1\u00a0Minute"},"schema":{"@context":"https:\/\/schema.org","@graph":[{"@type":"WebPage","@id":"https:\/\/www.ralti.de\/?product=atwood-rope-550-paracord-4-mm-30-m","url":"https:\/\/www.ralti.de\/?product=atwood-rope-550-paracord-4-mm-30-m","name":"Atwood Rope 550 Paracord 4 mm - 30 m - Notfallvorsorge - Krisenvorsorge","isPartOf":{"@id":"https:\/\/www.ralti.de\/#website"},"primaryImageOfPage":{"@id":"https:\/\/www.ralti.de\/?product=atwood-rope-550-paracord-4-mm-30-m#primaryimage"},"image":{"@id":"https:\/\/www.ralti.de\/?product=atwood-rope-550-paracord-4-mm-30-m#primaryimage"},"thumbnailUrl":"https:\/\/m.media-amazon.com\/images\/I\/41Blbt1BSRL.jpg","datePublished":"2025-11-25T10:13:08+00:00","breadcrumb":{"@id":"https:\/\/www.ralti.de\/?product=atwood-rope-550-paracord-4-mm-30-m#breadcrumb"},"inLanguage":"de","potentialAction":[{"@type":"ReadAction","target":["https:\/\/www.ralti.de\/?product=atwood-rope-550-paracord-4-mm-30-m"]}]},{"@type":"ImageObject","inLanguage":"de","@id":"https:\/\/www.ralti.de\/?product=atwood-rope-550-paracord-4-mm-30-m#primaryimage","url":"https:\/\/m.media-amazon.com\/images\/I\/41Blbt1BSRL.jpg","contentUrl":"https:\/\/m.media-amazon.com\/images\/I\/41Blbt1BSRL.jpg","width":500,"height":500},{"@type":"BreadcrumbList","@id":"https:\/\/www.ralti.de\/?product=atwood-rope-550-paracord-4-mm-30-m#breadcrumb","itemListElement":[{"@type":"ListItem","position":1,"name":"Start","item":"https:\/\/www.ralti.de\/"},{"@type":"ListItem","position":2,"name":"Notfallartikel","item":"https:\/\/www.ralti.de\/?page_id=14189"},{"@type":"ListItem","position":3,"name":"Atwood Rope 550 Paracord 4 mm &#8211; 30 m"}]},{"@type":"WebSite","@id":"https:\/\/www.ralti.de\/#website","url":"https:\/\/www.ralti.de\/","name":"Ralti.de","description":"Hier viele gute Angebote","publisher":{"@id":"https:\/\/www.ralti.de\/#organization"},"potentialAction":[{"@type":"SearchAction","target":{"@type":"EntryPoint","urlTemplate":"https:\/\/www.ralti.de\/?s={search_term_string}"},"query-input":{"@type":"PropertyValueSpecification","valueRequired":true,"valueName":"search_term_string"}}],"inLanguage":"de"},{"@type":"Organization","@id":"https:\/\/www.ralti.de\/#organization","name":"Ralti.de","url":"https:\/\/www.ralti.de\/","logo":{"@type":"ImageObject","inLanguage":"de","@id":"https:\/\/www.ralti.de\/#\/schema\/logo\/image\/","url":"https:\/\/www.ralti.de\/wp-content\/uploads\/2025\/11\/ralti.png","contentUrl":"https:\/\/www.ralti.de\/wp-content\/uploads\/2025\/11\/ralti.png","width":240,"height":75,"caption":"Ralti.de"},"image":{"@id":"https:\/\/www.ralti.de\/#\/schema\/logo\/image\/"}}]}},"_links":{"self":[{"href":"https:\/\/www.ralti.de\/index.php?rest_route=\/wp\/v2\/product\/7350","targetHints":{"allow":["GET"]}}],"collection":[{"href":"https:\/\/www.ralti.de\/index.php?rest_route=\/wp\/v2\/product"}],"about":[{"href":"https:\/\/www.ralti.de\/index.php?rest_route=\/wp\/v2\/types\/product"}],"replies":[{"embeddable":true,"href":"https:\/\/www.ralti.de\/index.php?rest_route=%2Fwp%2Fv2%2Fcomments&post=7350"}],"wp:featuredmedia":[{"embeddable":true,"href":"https:\/\/www.ralti.de\/index.php?rest_route=\/wp\/v2\/media\/7351"}],"wp:attachment":[{"href":"https:\/\/www.ralti.de\/index.php?rest_route=%2Fwp%2Fv2%2Fmedia&parent=7350"}],"wp:term":[{"taxonomy":"product_brand","embeddable":true,"href":"https:\/\/www.ralti.de\/index.php?rest_route=%2Fwp%2Fv2%2Fproduct_brand&post=7350"},{"taxonomy":"product_cat","embeddable":true,"href":"https:\/\/www.ralti.de\/index.php?rest_route=%2Fwp%2Fv2%2Fproduct_cat&post=7350"},{"taxonomy":"product_tag","embeddable":true,"href":"https:\/\/www.ralti.de\/index.php?rest_route=%2Fwp%2Fv2%2Fproduct_tag&post=7350"}],"curies":[{"name":"wp","href":"https:\/\/api.w.org\/{rel}","templated":true}]}}