{"id":7815,"date":"2025-11-25T10:26:51","date_gmt":"2025-11-25T10:26:51","guid":{"rendered":"https:\/\/www.ralti.de\/shop-2\/uncategorized\/skechers-damen-easy-going-modern-hour-freihandige-slip-insstiefelette\/"},"modified":"2025-11-25T10:26:51","modified_gmt":"2025-11-25T10:26:51","slug":"skechers-damen-easy-going-modern-hour-freihandige-slip-insstiefelette","status":"publish","type":"product","link":"https:\/\/www.ralti.de\/?product=skechers-damen-easy-going-modern-hour-freihandige-slip-insstiefelette","title":{"rendered":"Skechers Damen Easy Going \u2013 Modern Hour \u2013 Freih\u00e4ndige Slip-insStiefelette"},"content":{"rendered":"<p><!-- show up to 2 reviews by default --> <\/p>\n<p> <span>Treten Sie in gem\u00fctlichen Komfort mit diesen stilvollen Schlupfschuhen f\u00fcr Damen von Skechers. Die Easy Going Modern Hour Stiefel kombinieren Mode und Funktionalit\u00e4t mit ihrer veganen Lederkonstruktion und Kunstfellfutter. Diese Damen-Schlupfschuhe verf\u00fcgen \u00fcber luftgek\u00fchlte Memory-Schaum-Einlegesohlen und ein Fersenkissen-Design f\u00fcr sicheren Sitz. Das Scotchgard-behandelte Obermaterial und die flexible Traktions-Laufsohle machen diese Stiefel perfekt f\u00fcr den Alltag. Erleben Sie die perfekte Mischung aus Stil und Komfort mit diesen l\u00e4ssigen Stiefeletten.<\/span> <\/p>\n<div class=\"main-cross-sell\" data-asin=\"B0C8T6D1D5\">\n\n\t<div class=\"WooZone-cross-sell-loader\">\n\t\t<div>\n\t\t\t<div id=\"floatingBarsG\">\n\t\t\t\t<div class=\"blockG\" id=\"rotateG_01\"><\/div>\n\t\t\t\t<div class=\"blockG\" id=\"rotateG_02\"><\/div>\n\t\t\t\t<div class=\"blockG\" id=\"rotateG_03\"><\/div>\n\t\t\t\t<div class=\"blockG\" id=\"rotateG_04\"><\/div>\n\t\t\t\t<div class=\"blockG\" id=\"rotateG_05\"><\/div>\n\t\t\t\t<div class=\"blockG\" id=\"rotateG_06\"><\/div>\n\t\t\t\t<div class=\"blockG\" id=\"rotateG_07\"><\/div>\n\t\t\t\t<div class=\"blockG\" id=\"rotateG_08\"><\/div>\n\t\t\t<\/div>\n\t\t\t<div class=\"WooZone-cross-sell-loader-text\"><\/div>\n\t\t<\/div>\n\t<\/div>\n\n\t\t\n<\/div>\n<div style=\"clear:both;\"><\/div>\n","protected":false},"excerpt":{"rendered":"<p>Treten Sie in gem\u00fctlichen Komfort mit diesen stilvollen Schlupfschuhen f\u00fcr Damen von Skechers. Die Easy Going Modern Hour Stiefel kombinieren Mode und Funktionalit\u00e4t mit ihrer veganen Lederkonstruktion und Kunstfellfutter. Diese Damen-Schlupfschuhe verf\u00fcgen \u00fcber luftgek\u00fchlte Memory-Schaum-Einlegesohlen und ein Fersenkissen-Design f\u00fcr sicheren Sitz. Das Scotchgard-behandelte Obermaterial und&hellip;<\/p>\n","protected":false},"featured_media":7816,"comment_status":"open","ping_status":"closed","template":"","meta":{"_acf_changed":false},"product_brand":[],"product_cat":[225,226],"product_tag":[],"class_list":{"0":"post-7815","1":"product","2":"type-product","3":"status-publish","4":"has-post-thumbnail","6":"product_cat-kleidung","7":"product_cat-wasserdichte-stiefel","9":"first","10":"instock","11":"sale","12":"shipping-taxable","13":"product-type-external"},"acf":[],"yoast_head":"<!-- This site is optimized with the Yoast SEO plugin v27.5 - https:\/\/yoast.com\/product\/yoast-seo-wordpress\/ -->\n<title>Skechers Damen Easy Going \u2013 Modern Hour \u2013 Freih\u00e4ndige Slip-insStiefelette - Notfallvorsorge - Krisenvorsorge<\/title>\n<meta name=\"robots\" content=\"index, follow, max-snippet:-1, max-image-preview:large, max-video-preview:-1\" \/>\n<link rel=\"canonical\" href=\"https:\/\/www.ralti.de\/?product=skechers-damen-easy-going-modern-hour-freihandige-slip-insstiefelette\" \/>\n<meta property=\"og:locale\" content=\"de_DE\" \/>\n<meta property=\"og:type\" content=\"article\" \/>\n<meta property=\"og:title\" content=\"Skechers Damen Easy Going \u2013 Modern Hour \u2013 Freih\u00e4ndige Slip-insStiefelette - Notfallvorsorge - Krisenvorsorge\" \/>\n<meta property=\"og:description\" content=\"Treten Sie in gem\u00fctlichen Komfort mit diesen stilvollen Schlupfschuhen f\u00fcr Damen von Skechers. Die Easy Going Modern Hour Stiefel kombinieren Mode und Funktionalit\u00e4t mit ihrer veganen Lederkonstruktion und Kunstfellfutter. Diese Damen-Schlupfschuhe verf\u00fcgen \u00fcber luftgek\u00fchlte Memory-Schaum-Einlegesohlen und ein Fersenkissen-Design f\u00fcr sicheren Sitz. Das Scotchgard-behandelte Obermaterial und&hellip;\" \/>\n<meta property=\"og:url\" content=\"https:\/\/www.ralti.de\/?product=skechers-damen-easy-going-modern-hour-freihandige-slip-insstiefelette\" \/>\n<meta property=\"og:site_name\" content=\"Notfallvorsorge - Krisenvorsorge\" \/>\n<meta property=\"og:image\" content=\"https:\/\/m.media-amazon.com\/images\/I\/412u7tFtO9L.jpg\" \/>\n\t<meta property=\"og:image:width\" content=\"500\" \/>\n\t<meta property=\"og:image:height\" content=\"500\" \/>\n\t<meta property=\"og:image:type\" content=\"image\/jpeg\" \/>\n<meta name=\"twitter:card\" content=\"summary_large_image\" \/>\n<script type=\"application\/ld+json\" class=\"yoast-schema-graph\">{\"@context\":\"https:\\\/\\\/schema.org\",\"@graph\":[{\"@type\":\"WebPage\",\"@id\":\"https:\\\/\\\/www.ralti.de\\\/?product=skechers-damen-easy-going-modern-hour-freihandige-slip-insstiefelette\",\"url\":\"https:\\\/\\\/www.ralti.de\\\/?product=skechers-damen-easy-going-modern-hour-freihandige-slip-insstiefelette\",\"name\":\"Skechers Damen Easy Going \u2013 Modern Hour \u2013 Freih\u00e4ndige Slip-insStiefelette - Notfallvorsorge - Krisenvorsorge\",\"isPartOf\":{\"@id\":\"https:\\\/\\\/www.ralti.de\\\/#website\"},\"primaryImageOfPage\":{\"@id\":\"https:\\\/\\\/www.ralti.de\\\/?product=skechers-damen-easy-going-modern-hour-freihandige-slip-insstiefelette#primaryimage\"},\"image\":{\"@id\":\"https:\\\/\\\/www.ralti.de\\\/?product=skechers-damen-easy-going-modern-hour-freihandige-slip-insstiefelette#primaryimage\"},\"thumbnailUrl\":\"https:\\\/\\\/m.media-amazon.com\\\/images\\\/I\\\/412u7tFtO9L.jpg\",\"datePublished\":\"2025-11-25T10:26:51+00:00\",\"breadcrumb\":{\"@id\":\"https:\\\/\\\/www.ralti.de\\\/?product=skechers-damen-easy-going-modern-hour-freihandige-slip-insstiefelette#breadcrumb\"},\"inLanguage\":\"de\",\"potentialAction\":[{\"@type\":\"ReadAction\",\"target\":[\"https:\\\/\\\/www.ralti.de\\\/?product=skechers-damen-easy-going-modern-hour-freihandige-slip-insstiefelette\"]}]},{\"@type\":\"ImageObject\",\"inLanguage\":\"de\",\"@id\":\"https:\\\/\\\/www.ralti.de\\\/?product=skechers-damen-easy-going-modern-hour-freihandige-slip-insstiefelette#primaryimage\",\"url\":\"https:\\\/\\\/m.media-amazon.com\\\/images\\\/I\\\/412u7tFtO9L.jpg\",\"contentUrl\":\"https:\\\/\\\/m.media-amazon.com\\\/images\\\/I\\\/412u7tFtO9L.jpg\",\"width\":500,\"height\":500},{\"@type\":\"BreadcrumbList\",\"@id\":\"https:\\\/\\\/www.ralti.de\\\/?product=skechers-damen-easy-going-modern-hour-freihandige-slip-insstiefelette#breadcrumb\",\"itemListElement\":[{\"@type\":\"ListItem\",\"position\":1,\"name\":\"Start\",\"item\":\"https:\\\/\\\/www.ralti.de\\\/\"},{\"@type\":\"ListItem\",\"position\":2,\"name\":\"Notfallartikel\",\"item\":\"https:\\\/\\\/www.ralti.de\\\/?page_id=14189\"},{\"@type\":\"ListItem\",\"position\":3,\"name\":\"Skechers Damen Easy Going \u2013 Modern Hour \u2013 Freih\u00e4ndige Slip-insStiefelette\"}]},{\"@type\":\"WebSite\",\"@id\":\"https:\\\/\\\/www.ralti.de\\\/#website\",\"url\":\"https:\\\/\\\/www.ralti.de\\\/\",\"name\":\"Ralti.de\",\"description\":\"Hier viele gute Angebote\",\"publisher\":{\"@id\":\"https:\\\/\\\/www.ralti.de\\\/#organization\"},\"potentialAction\":[{\"@type\":\"SearchAction\",\"target\":{\"@type\":\"EntryPoint\",\"urlTemplate\":\"https:\\\/\\\/www.ralti.de\\\/?s={search_term_string}\"},\"query-input\":{\"@type\":\"PropertyValueSpecification\",\"valueRequired\":true,\"valueName\":\"search_term_string\"}}],\"inLanguage\":\"de\"},{\"@type\":\"Organization\",\"@id\":\"https:\\\/\\\/www.ralti.de\\\/#organization\",\"name\":\"Ralti.de\",\"url\":\"https:\\\/\\\/www.ralti.de\\\/\",\"logo\":{\"@type\":\"ImageObject\",\"inLanguage\":\"de\",\"@id\":\"https:\\\/\\\/www.ralti.de\\\/#\\\/schema\\\/logo\\\/image\\\/\",\"url\":\"https:\\\/\\\/www.ralti.de\\\/wp-content\\\/uploads\\\/2025\\\/11\\\/ralti.png\",\"contentUrl\":\"https:\\\/\\\/www.ralti.de\\\/wp-content\\\/uploads\\\/2025\\\/11\\\/ralti.png\",\"width\":240,\"height\":75,\"caption\":\"Ralti.de\"},\"image\":{\"@id\":\"https:\\\/\\\/www.ralti.de\\\/#\\\/schema\\\/logo\\\/image\\\/\"}}]}<\/script>\n<!-- \/ Yoast SEO plugin. -->","yoast_head_json":{"title":"Skechers Damen Easy Going \u2013 Modern Hour \u2013 Freih\u00e4ndige Slip-insStiefelette - Notfallvorsorge - Krisenvorsorge","robots":{"index":"index","follow":"follow","max-snippet":"max-snippet:-1","max-image-preview":"max-image-preview:large","max-video-preview":"max-video-preview:-1"},"canonical":"https:\/\/www.ralti.de\/?product=skechers-damen-easy-going-modern-hour-freihandige-slip-insstiefelette","og_locale":"de_DE","og_type":"article","og_title":"Skechers Damen Easy Going \u2013 Modern Hour \u2013 Freih\u00e4ndige Slip-insStiefelette - Notfallvorsorge - Krisenvorsorge","og_description":"Treten Sie in gem\u00fctlichen Komfort mit diesen stilvollen Schlupfschuhen f\u00fcr Damen von Skechers. Die Easy Going Modern Hour Stiefel kombinieren Mode und Funktionalit\u00e4t mit ihrer veganen Lederkonstruktion und Kunstfellfutter. Diese Damen-Schlupfschuhe verf\u00fcgen \u00fcber luftgek\u00fchlte Memory-Schaum-Einlegesohlen und ein Fersenkissen-Design f\u00fcr sicheren Sitz. Das Scotchgard-behandelte Obermaterial und&hellip;","og_url":"https:\/\/www.ralti.de\/?product=skechers-damen-easy-going-modern-hour-freihandige-slip-insstiefelette","og_site_name":"Notfallvorsorge - Krisenvorsorge","og_image":[{"width":500,"height":500,"url":"https:\/\/m.media-amazon.com\/images\/I\/412u7tFtO9L.jpg","type":"image\/jpeg"}],"twitter_card":"summary_large_image","schema":{"@context":"https:\/\/schema.org","@graph":[{"@type":"WebPage","@id":"https:\/\/www.ralti.de\/?product=skechers-damen-easy-going-modern-hour-freihandige-slip-insstiefelette","url":"https:\/\/www.ralti.de\/?product=skechers-damen-easy-going-modern-hour-freihandige-slip-insstiefelette","name":"Skechers Damen Easy Going \u2013 Modern Hour \u2013 Freih\u00e4ndige Slip-insStiefelette - Notfallvorsorge - Krisenvorsorge","isPartOf":{"@id":"https:\/\/www.ralti.de\/#website"},"primaryImageOfPage":{"@id":"https:\/\/www.ralti.de\/?product=skechers-damen-easy-going-modern-hour-freihandige-slip-insstiefelette#primaryimage"},"image":{"@id":"https:\/\/www.ralti.de\/?product=skechers-damen-easy-going-modern-hour-freihandige-slip-insstiefelette#primaryimage"},"thumbnailUrl":"https:\/\/m.media-amazon.com\/images\/I\/412u7tFtO9L.jpg","datePublished":"2025-11-25T10:26:51+00:00","breadcrumb":{"@id":"https:\/\/www.ralti.de\/?product=skechers-damen-easy-going-modern-hour-freihandige-slip-insstiefelette#breadcrumb"},"inLanguage":"de","potentialAction":[{"@type":"ReadAction","target":["https:\/\/www.ralti.de\/?product=skechers-damen-easy-going-modern-hour-freihandige-slip-insstiefelette"]}]},{"@type":"ImageObject","inLanguage":"de","@id":"https:\/\/www.ralti.de\/?product=skechers-damen-easy-going-modern-hour-freihandige-slip-insstiefelette#primaryimage","url":"https:\/\/m.media-amazon.com\/images\/I\/412u7tFtO9L.jpg","contentUrl":"https:\/\/m.media-amazon.com\/images\/I\/412u7tFtO9L.jpg","width":500,"height":500},{"@type":"BreadcrumbList","@id":"https:\/\/www.ralti.de\/?product=skechers-damen-easy-going-modern-hour-freihandige-slip-insstiefelette#breadcrumb","itemListElement":[{"@type":"ListItem","position":1,"name":"Start","item":"https:\/\/www.ralti.de\/"},{"@type":"ListItem","position":2,"name":"Notfallartikel","item":"https:\/\/www.ralti.de\/?page_id=14189"},{"@type":"ListItem","position":3,"name":"Skechers Damen Easy Going \u2013 Modern Hour \u2013 Freih\u00e4ndige Slip-insStiefelette"}]},{"@type":"WebSite","@id":"https:\/\/www.ralti.de\/#website","url":"https:\/\/www.ralti.de\/","name":"Ralti.de","description":"Hier viele gute Angebote","publisher":{"@id":"https:\/\/www.ralti.de\/#organization"},"potentialAction":[{"@type":"SearchAction","target":{"@type":"EntryPoint","urlTemplate":"https:\/\/www.ralti.de\/?s={search_term_string}"},"query-input":{"@type":"PropertyValueSpecification","valueRequired":true,"valueName":"search_term_string"}}],"inLanguage":"de"},{"@type":"Organization","@id":"https:\/\/www.ralti.de\/#organization","name":"Ralti.de","url":"https:\/\/www.ralti.de\/","logo":{"@type":"ImageObject","inLanguage":"de","@id":"https:\/\/www.ralti.de\/#\/schema\/logo\/image\/","url":"https:\/\/www.ralti.de\/wp-content\/uploads\/2025\/11\/ralti.png","contentUrl":"https:\/\/www.ralti.de\/wp-content\/uploads\/2025\/11\/ralti.png","width":240,"height":75,"caption":"Ralti.de"},"image":{"@id":"https:\/\/www.ralti.de\/#\/schema\/logo\/image\/"}}]}},"_links":{"self":[{"href":"https:\/\/www.ralti.de\/index.php?rest_route=\/wp\/v2\/product\/7815","targetHints":{"allow":["GET"]}}],"collection":[{"href":"https:\/\/www.ralti.de\/index.php?rest_route=\/wp\/v2\/product"}],"about":[{"href":"https:\/\/www.ralti.de\/index.php?rest_route=\/wp\/v2\/types\/product"}],"replies":[{"embeddable":true,"href":"https:\/\/www.ralti.de\/index.php?rest_route=%2Fwp%2Fv2%2Fcomments&post=7815"}],"wp:featuredmedia":[{"embeddable":true,"href":"https:\/\/www.ralti.de\/index.php?rest_route=\/wp\/v2\/media\/7816"}],"wp:attachment":[{"href":"https:\/\/www.ralti.de\/index.php?rest_route=%2Fwp%2Fv2%2Fmedia&parent=7815"}],"wp:term":[{"taxonomy":"product_brand","embeddable":true,"href":"https:\/\/www.ralti.de\/index.php?rest_route=%2Fwp%2Fv2%2Fproduct_brand&post=7815"},{"taxonomy":"product_cat","embeddable":true,"href":"https:\/\/www.ralti.de\/index.php?rest_route=%2Fwp%2Fv2%2Fproduct_cat&post=7815"},{"taxonomy":"product_tag","embeddable":true,"href":"https:\/\/www.ralti.de\/index.php?rest_route=%2Fwp%2Fv2%2Fproduct_tag&post=7815"}],"curies":[{"name":"wp","href":"https:\/\/api.w.org\/{rel}","templated":true}]}}