{"id":7842,"date":"2025-11-25T10:26:57","date_gmt":"2025-11-25T10:26:57","guid":{"rendered":"https:\/\/www.ralti.de\/shop-2\/uncategorized\/ecco-herren-grainer-fashion-boot\/"},"modified":"2025-11-25T10:26:57","modified_gmt":"2025-11-25T10:26:57","slug":"ecco-herren-grainer-fashion-boot","status":"publish","type":"product","link":"https:\/\/www.ralti.de\/?product=ecco-herren-grainer-fashion-boot","title":{"rendered":"ECCO Herren Grainer Fashion Boot"},"content":{"rendered":"<p><!-- show up to 2 reviews by default --> <\/p>\n<p> <span>Die ECCO HERITAGE Linie wird mit althergebrachten Methoden gefertigt, ist jedoch f\u00fcr die Zukunft gemacht. Sie \u00fcberzeugt durch zeitgem\u00e4\u00dfe Interpretationen traditionell robuster Schuhmodelle f\u00fcr die Stadt und anderswo. Die ECCO GRAINER Chelsea Boots sind eine Neuinterpretation des zeitlosen Schuhklassikers. Seit 1963 hat sich ECCO zum Ziel gesetzt, Ihnen nordische Handwerkskunst gepaart mit praktischer Funktionalit\u00e4t zu bieten. Diese Stiefel kombinieren die innovative ECCO FLUIDFORM Konstruktion mit einem vielseitigen Design. Sie zeichnen sich durch charakterstarkes Leder und eine bemerkenswerte Strapazierf\u00e4higkeit aus, wobei sie sich unerwartet weich anf\u00fchlen. Unmittelbarer Komfort. Nur Sie und die freie Stra\u00dfe.<\/span> <\/p>\n<div class=\"main-cross-sell\" data-asin=\"B09QH89GDK\">\n\n\t<div class=\"WooZone-cross-sell-loader\">\n\t\t<div>\n\t\t\t<div id=\"floatingBarsG\">\n\t\t\t\t<div class=\"blockG\" id=\"rotateG_01\"><\/div>\n\t\t\t\t<div class=\"blockG\" id=\"rotateG_02\"><\/div>\n\t\t\t\t<div class=\"blockG\" id=\"rotateG_03\"><\/div>\n\t\t\t\t<div class=\"blockG\" id=\"rotateG_04\"><\/div>\n\t\t\t\t<div class=\"blockG\" id=\"rotateG_05\"><\/div>\n\t\t\t\t<div class=\"blockG\" id=\"rotateG_06\"><\/div>\n\t\t\t\t<div class=\"blockG\" id=\"rotateG_07\"><\/div>\n\t\t\t\t<div class=\"blockG\" id=\"rotateG_08\"><\/div>\n\t\t\t<\/div>\n\t\t\t<div class=\"WooZone-cross-sell-loader-text\"><\/div>\n\t\t<\/div>\n\t<\/div>\n\n\t\t\n<\/div>\n<div style=\"clear:both;\"><\/div>\n","protected":false},"excerpt":{"rendered":"<p>Die ECCO HERITAGE Linie wird mit althergebrachten Methoden gefertigt, ist jedoch f\u00fcr die Zukunft gemacht. Sie \u00fcberzeugt durch zeitgem\u00e4\u00dfe Interpretationen traditionell robuster Schuhmodelle f\u00fcr die Stadt und anderswo. Die ECCO GRAINER Chelsea Boots sind eine Neuinterpretation des zeitlosen Schuhklassikers. Seit 1963 hat sich ECCO zum&hellip;<\/p>\n","protected":false},"featured_media":7843,"comment_status":"open","ping_status":"closed","template":"","meta":{"_acf_changed":false},"product_brand":[],"product_cat":[225,226],"product_tag":[],"class_list":{"0":"post-7842","1":"product","2":"type-product","3":"status-publish","4":"has-post-thumbnail","6":"product_cat-kleidung","7":"product_cat-wasserdichte-stiefel","9":"first","10":"instock","11":"sale","12":"shipping-taxable","13":"product-type-external"},"acf":[],"yoast_head":"<!-- This site is optimized with the Yoast SEO plugin v27.5 - https:\/\/yoast.com\/product\/yoast-seo-wordpress\/ -->\n<title>ECCO Herren Grainer Fashion Boot - Notfallvorsorge - Krisenvorsorge<\/title>\n<meta name=\"robots\" content=\"index, follow, max-snippet:-1, max-image-preview:large, max-video-preview:-1\" \/>\n<link rel=\"canonical\" href=\"https:\/\/www.ralti.de\/?product=ecco-herren-grainer-fashion-boot\" \/>\n<meta property=\"og:locale\" content=\"de_DE\" \/>\n<meta property=\"og:type\" content=\"article\" \/>\n<meta property=\"og:title\" content=\"ECCO Herren Grainer Fashion Boot - Notfallvorsorge - Krisenvorsorge\" \/>\n<meta property=\"og:description\" content=\"Die ECCO HERITAGE Linie wird mit althergebrachten Methoden gefertigt, ist jedoch f\u00fcr die Zukunft gemacht. Sie \u00fcberzeugt durch zeitgem\u00e4\u00dfe Interpretationen traditionell robuster Schuhmodelle f\u00fcr die Stadt und anderswo. Die ECCO GRAINER Chelsea Boots sind eine Neuinterpretation des zeitlosen Schuhklassikers. Seit 1963 hat sich ECCO zum&hellip;\" \/>\n<meta property=\"og:url\" content=\"https:\/\/www.ralti.de\/?product=ecco-herren-grainer-fashion-boot\" \/>\n<meta property=\"og:site_name\" content=\"Notfallvorsorge - Krisenvorsorge\" \/>\n<meta property=\"og:image\" content=\"https:\/\/m.media-amazon.com\/images\/I\/41oqjpC9O-L.jpg\" \/>\n\t<meta property=\"og:image:width\" content=\"500\" \/>\n\t<meta property=\"og:image:height\" content=\"500\" \/>\n\t<meta property=\"og:image:type\" content=\"image\/jpeg\" \/>\n<meta name=\"twitter:card\" content=\"summary_large_image\" \/>\n<meta name=\"twitter:label1\" content=\"Gesch\u00e4tzte Lesezeit\" \/>\n\t<meta name=\"twitter:data1\" content=\"1\u00a0Minute\" \/>\n<script type=\"application\/ld+json\" class=\"yoast-schema-graph\">{\"@context\":\"https:\\\/\\\/schema.org\",\"@graph\":[{\"@type\":\"WebPage\",\"@id\":\"https:\\\/\\\/www.ralti.de\\\/?product=ecco-herren-grainer-fashion-boot\",\"url\":\"https:\\\/\\\/www.ralti.de\\\/?product=ecco-herren-grainer-fashion-boot\",\"name\":\"ECCO Herren Grainer Fashion Boot - Notfallvorsorge - Krisenvorsorge\",\"isPartOf\":{\"@id\":\"https:\\\/\\\/www.ralti.de\\\/#website\"},\"primaryImageOfPage\":{\"@id\":\"https:\\\/\\\/www.ralti.de\\\/?product=ecco-herren-grainer-fashion-boot#primaryimage\"},\"image\":{\"@id\":\"https:\\\/\\\/www.ralti.de\\\/?product=ecco-herren-grainer-fashion-boot#primaryimage\"},\"thumbnailUrl\":\"https:\\\/\\\/m.media-amazon.com\\\/images\\\/I\\\/41oqjpC9O-L.jpg\",\"datePublished\":\"2025-11-25T10:26:57+00:00\",\"breadcrumb\":{\"@id\":\"https:\\\/\\\/www.ralti.de\\\/?product=ecco-herren-grainer-fashion-boot#breadcrumb\"},\"inLanguage\":\"de\",\"potentialAction\":[{\"@type\":\"ReadAction\",\"target\":[\"https:\\\/\\\/www.ralti.de\\\/?product=ecco-herren-grainer-fashion-boot\"]}]},{\"@type\":\"ImageObject\",\"inLanguage\":\"de\",\"@id\":\"https:\\\/\\\/www.ralti.de\\\/?product=ecco-herren-grainer-fashion-boot#primaryimage\",\"url\":\"https:\\\/\\\/m.media-amazon.com\\\/images\\\/I\\\/41oqjpC9O-L.jpg\",\"contentUrl\":\"https:\\\/\\\/m.media-amazon.com\\\/images\\\/I\\\/41oqjpC9O-L.jpg\",\"width\":500,\"height\":500},{\"@type\":\"BreadcrumbList\",\"@id\":\"https:\\\/\\\/www.ralti.de\\\/?product=ecco-herren-grainer-fashion-boot#breadcrumb\",\"itemListElement\":[{\"@type\":\"ListItem\",\"position\":1,\"name\":\"Start\",\"item\":\"https:\\\/\\\/www.ralti.de\\\/\"},{\"@type\":\"ListItem\",\"position\":2,\"name\":\"Notfallartikel\",\"item\":\"https:\\\/\\\/www.ralti.de\\\/?page_id=14189\"},{\"@type\":\"ListItem\",\"position\":3,\"name\":\"ECCO Herren Grainer Fashion Boot\"}]},{\"@type\":\"WebSite\",\"@id\":\"https:\\\/\\\/www.ralti.de\\\/#website\",\"url\":\"https:\\\/\\\/www.ralti.de\\\/\",\"name\":\"Ralti.de\",\"description\":\"Hier viele gute Angebote\",\"publisher\":{\"@id\":\"https:\\\/\\\/www.ralti.de\\\/#organization\"},\"potentialAction\":[{\"@type\":\"SearchAction\",\"target\":{\"@type\":\"EntryPoint\",\"urlTemplate\":\"https:\\\/\\\/www.ralti.de\\\/?s={search_term_string}\"},\"query-input\":{\"@type\":\"PropertyValueSpecification\",\"valueRequired\":true,\"valueName\":\"search_term_string\"}}],\"inLanguage\":\"de\"},{\"@type\":\"Organization\",\"@id\":\"https:\\\/\\\/www.ralti.de\\\/#organization\",\"name\":\"Ralti.de\",\"url\":\"https:\\\/\\\/www.ralti.de\\\/\",\"logo\":{\"@type\":\"ImageObject\",\"inLanguage\":\"de\",\"@id\":\"https:\\\/\\\/www.ralti.de\\\/#\\\/schema\\\/logo\\\/image\\\/\",\"url\":\"https:\\\/\\\/www.ralti.de\\\/wp-content\\\/uploads\\\/2025\\\/11\\\/ralti.png\",\"contentUrl\":\"https:\\\/\\\/www.ralti.de\\\/wp-content\\\/uploads\\\/2025\\\/11\\\/ralti.png\",\"width\":240,\"height\":75,\"caption\":\"Ralti.de\"},\"image\":{\"@id\":\"https:\\\/\\\/www.ralti.de\\\/#\\\/schema\\\/logo\\\/image\\\/\"}}]}<\/script>\n<!-- \/ Yoast SEO plugin. -->","yoast_head_json":{"title":"ECCO Herren Grainer Fashion Boot - Notfallvorsorge - Krisenvorsorge","robots":{"index":"index","follow":"follow","max-snippet":"max-snippet:-1","max-image-preview":"max-image-preview:large","max-video-preview":"max-video-preview:-1"},"canonical":"https:\/\/www.ralti.de\/?product=ecco-herren-grainer-fashion-boot","og_locale":"de_DE","og_type":"article","og_title":"ECCO Herren Grainer Fashion Boot - Notfallvorsorge - Krisenvorsorge","og_description":"Die ECCO HERITAGE Linie wird mit althergebrachten Methoden gefertigt, ist jedoch f\u00fcr die Zukunft gemacht. Sie \u00fcberzeugt durch zeitgem\u00e4\u00dfe Interpretationen traditionell robuster Schuhmodelle f\u00fcr die Stadt und anderswo. Die ECCO GRAINER Chelsea Boots sind eine Neuinterpretation des zeitlosen Schuhklassikers. Seit 1963 hat sich ECCO zum&hellip;","og_url":"https:\/\/www.ralti.de\/?product=ecco-herren-grainer-fashion-boot","og_site_name":"Notfallvorsorge - Krisenvorsorge","og_image":[{"width":500,"height":500,"url":"https:\/\/m.media-amazon.com\/images\/I\/41oqjpC9O-L.jpg","type":"image\/jpeg"}],"twitter_card":"summary_large_image","twitter_misc":{"Gesch\u00e4tzte Lesezeit":"1\u00a0Minute"},"schema":{"@context":"https:\/\/schema.org","@graph":[{"@type":"WebPage","@id":"https:\/\/www.ralti.de\/?product=ecco-herren-grainer-fashion-boot","url":"https:\/\/www.ralti.de\/?product=ecco-herren-grainer-fashion-boot","name":"ECCO Herren Grainer Fashion Boot - Notfallvorsorge - Krisenvorsorge","isPartOf":{"@id":"https:\/\/www.ralti.de\/#website"},"primaryImageOfPage":{"@id":"https:\/\/www.ralti.de\/?product=ecco-herren-grainer-fashion-boot#primaryimage"},"image":{"@id":"https:\/\/www.ralti.de\/?product=ecco-herren-grainer-fashion-boot#primaryimage"},"thumbnailUrl":"https:\/\/m.media-amazon.com\/images\/I\/41oqjpC9O-L.jpg","datePublished":"2025-11-25T10:26:57+00:00","breadcrumb":{"@id":"https:\/\/www.ralti.de\/?product=ecco-herren-grainer-fashion-boot#breadcrumb"},"inLanguage":"de","potentialAction":[{"@type":"ReadAction","target":["https:\/\/www.ralti.de\/?product=ecco-herren-grainer-fashion-boot"]}]},{"@type":"ImageObject","inLanguage":"de","@id":"https:\/\/www.ralti.de\/?product=ecco-herren-grainer-fashion-boot#primaryimage","url":"https:\/\/m.media-amazon.com\/images\/I\/41oqjpC9O-L.jpg","contentUrl":"https:\/\/m.media-amazon.com\/images\/I\/41oqjpC9O-L.jpg","width":500,"height":500},{"@type":"BreadcrumbList","@id":"https:\/\/www.ralti.de\/?product=ecco-herren-grainer-fashion-boot#breadcrumb","itemListElement":[{"@type":"ListItem","position":1,"name":"Start","item":"https:\/\/www.ralti.de\/"},{"@type":"ListItem","position":2,"name":"Notfallartikel","item":"https:\/\/www.ralti.de\/?page_id=14189"},{"@type":"ListItem","position":3,"name":"ECCO Herren Grainer Fashion Boot"}]},{"@type":"WebSite","@id":"https:\/\/www.ralti.de\/#website","url":"https:\/\/www.ralti.de\/","name":"Ralti.de","description":"Hier viele gute Angebote","publisher":{"@id":"https:\/\/www.ralti.de\/#organization"},"potentialAction":[{"@type":"SearchAction","target":{"@type":"EntryPoint","urlTemplate":"https:\/\/www.ralti.de\/?s={search_term_string}"},"query-input":{"@type":"PropertyValueSpecification","valueRequired":true,"valueName":"search_term_string"}}],"inLanguage":"de"},{"@type":"Organization","@id":"https:\/\/www.ralti.de\/#organization","name":"Ralti.de","url":"https:\/\/www.ralti.de\/","logo":{"@type":"ImageObject","inLanguage":"de","@id":"https:\/\/www.ralti.de\/#\/schema\/logo\/image\/","url":"https:\/\/www.ralti.de\/wp-content\/uploads\/2025\/11\/ralti.png","contentUrl":"https:\/\/www.ralti.de\/wp-content\/uploads\/2025\/11\/ralti.png","width":240,"height":75,"caption":"Ralti.de"},"image":{"@id":"https:\/\/www.ralti.de\/#\/schema\/logo\/image\/"}}]}},"_links":{"self":[{"href":"https:\/\/www.ralti.de\/index.php?rest_route=\/wp\/v2\/product\/7842","targetHints":{"allow":["GET"]}}],"collection":[{"href":"https:\/\/www.ralti.de\/index.php?rest_route=\/wp\/v2\/product"}],"about":[{"href":"https:\/\/www.ralti.de\/index.php?rest_route=\/wp\/v2\/types\/product"}],"replies":[{"embeddable":true,"href":"https:\/\/www.ralti.de\/index.php?rest_route=%2Fwp%2Fv2%2Fcomments&post=7842"}],"wp:featuredmedia":[{"embeddable":true,"href":"https:\/\/www.ralti.de\/index.php?rest_route=\/wp\/v2\/media\/7843"}],"wp:attachment":[{"href":"https:\/\/www.ralti.de\/index.php?rest_route=%2Fwp%2Fv2%2Fmedia&parent=7842"}],"wp:term":[{"taxonomy":"product_brand","embeddable":true,"href":"https:\/\/www.ralti.de\/index.php?rest_route=%2Fwp%2Fv2%2Fproduct_brand&post=7842"},{"taxonomy":"product_cat","embeddable":true,"href":"https:\/\/www.ralti.de\/index.php?rest_route=%2Fwp%2Fv2%2Fproduct_cat&post=7842"},{"taxonomy":"product_tag","embeddable":true,"href":"https:\/\/www.ralti.de\/index.php?rest_route=%2Fwp%2Fv2%2Fproduct_tag&post=7842"}],"curies":[{"name":"wp","href":"https:\/\/api.w.org\/{rel}","templated":true}]}}