{"id":7884,"date":"2025-11-25T10:28:56","date_gmt":"2025-11-25T10:28:56","guid":{"rendered":"https:\/\/www.ralti.de\/shop-2\/uncategorized\/albrecht-dr-112-tragbares-dab-ukw-outdoor-kurbelradio-27911-sos-notruf-taschenlampe-solarmodul-powerbank-ipx5-wasserschutz-schwarzrot\/"},"modified":"2025-11-25T10:28:56","modified_gmt":"2025-11-25T10:28:56","slug":"albrecht-dr-112-tragbares-dab-ukw-outdoor-kurbelradio-27911-sos-notruf-taschenlampe-solarmodul-powerbank-ipx5-wasserschutz-schwarzrot","status":"publish","type":"product","link":"https:\/\/www.ralti.de\/?product=albrecht-dr-112-tragbares-dab-ukw-outdoor-kurbelradio-27911-sos-notruf-taschenlampe-solarmodul-powerbank-ipx5-wasserschutz-schwarzrot","title":{"rendered":"Albrecht DR 112, tragbares DAB+\/UKW Outdoor Kurbelradio, 27911, SOS-Notruf, Taschenlampe, Solarmodul, PowerBank, IPX5 Wasserschutz Schwarz,rot"},"content":{"rendered":"<p><!-- show up to 2 reviews by default --> <\/p>\n<p> <span>Das Albrecht DR 112 ist der perfekte Begleiter f\u00fcr alle Outdoor-Fans: Als wahrer Allesk\u00f6nner \/ wahres Multitalent versorgt das kompakte Outdoor-Radio die H\u00f6rer unterwegs nicht nur mit aktuellen Informationen und Musik (Empfang \u00fcber UKW \/ DAB+ \/ Streaming) sondern ist gleichzeitig auch Taschenlampe, Leselicht, Thermometer und PowerBank &#8211; und das alles ohne externe Stromzufuhr! Denn als Solarradio bzw. Kurbelradio ist das DR 112 unabh\u00e4ngig von externen Stromquellen und eignet sich daher perfekt f\u00fcr Outdoor-Aktivit\u00e4ten wie Wandern, Skilaufen, Campen, Strandausfl\u00fcge und nat\u00fcrlich alle Alltagssituationen. Wieder zuhause oder im Auto kann das DR 112 bequem \u00fcber den USB-Anschluss geladen werden. <\/p>\n<p> Mit seinem robusten Geh\u00e4use ist das DR 112 sehr sto\u00dffest und nach IPX5 wassergesch\u00fctzt. Last but not least: Mit Hilfe der integrierten SOS-Alarm Funktion lassen sich optische und akustische Notrufe senden, sollte es mal darauf ankommen!<\/p>\n<p> <\/span><span class=\"a-text-bold\">Funktionen:<\/span><span><\/p>\n<p> Integrierter Thermometer <\/p>\n<p> Wassergesch\u00fctzt nach IPX5<\/p>\n<p> Sehr solides, widerstandsf\u00e4higes Geh\u00e4use mit guter Haptik<\/p>\n<p> Taschenlampe und Leselampe<\/p>\n<p> 2 einstellbare Weckzeiten und Snooze Funktion<\/p>\n<p> 10 Men\u00fcsprachen w\u00e4hlbar: Deutsch, Englisch, Franz\u00f6sisch, Italienisch, Spanisch, D\u00e4nisch, Schwedisch, Finnisch, Norwegisch, Polnisch<\/p>\n<p> Gro\u00dfes, helles LCD Display mit Zeitanzeige und Hintergrundbeleuchtung<\/p>\n<p> Teleskopantenne versenkbar im Geh\u00e4use<\/p>\n<p> <\/span><span class=\"a-text-bold\">Technische Daten: <\/span><span><\/p>\n<p> 2x 5 Watt Lautsprecher<\/p>\n<p> USB-C Ladebuchse<\/p>\n<p> Stromversorgung: 3,7V Lithium-Ionen-Akku 4000 mAh<\/p>\n<p> Betriebstemperatur: von -10 bis +55 \u00b0C<\/p>\n<p><\/span> <\/p>\n<p>Vielf\u00e4ltige Energiequellen: integrierter Akku, Handkurbel, USB oder Solarmodul<br \/>\nEs erm\u00f6glicht den Empfang von Musik in kristallklarer DAB+ Qualit\u00e4t sowie klassischen UKW-Sendern. Das Radio unterst\u00fctzt ebenso Music Streaming vom Handy oder Tablet<br \/>\nMobile PowerBank: elektronische Ger\u00e4te k\u00f6nnen \u00fcber den USB-Ausgang aufgeladen werden<br \/>\nSOS-Alarm Funktion: senden Sie einen optischen und akustischen Notruf aus. Solides, sto\u00dffestes Geh\u00e4use und Wasserschutz nach IPX5<br \/>\nLieferumfang: DR 112 Outdoor-Radio, Lithium-Ionen Akku 4000 mAh, USB-C Ladekabel, Karabiner, Anleitung<br \/>\n<div class=\"main-cross-sell\" data-asin=\"B09S9Z31QD\">\n\n\t<div class=\"WooZone-cross-sell-loader\">\n\t\t<div>\n\t\t\t<div id=\"floatingBarsG\">\n\t\t\t\t<div class=\"blockG\" id=\"rotateG_01\"><\/div>\n\t\t\t\t<div class=\"blockG\" id=\"rotateG_02\"><\/div>\n\t\t\t\t<div class=\"blockG\" id=\"rotateG_03\"><\/div>\n\t\t\t\t<div class=\"blockG\" id=\"rotateG_04\"><\/div>\n\t\t\t\t<div class=\"blockG\" id=\"rotateG_05\"><\/div>\n\t\t\t\t<div class=\"blockG\" id=\"rotateG_06\"><\/div>\n\t\t\t\t<div class=\"blockG\" id=\"rotateG_07\"><\/div>\n\t\t\t\t<div class=\"blockG\" id=\"rotateG_08\"><\/div>\n\t\t\t<\/div>\n\t\t\t<div class=\"WooZone-cross-sell-loader-text\"><\/div>\n\t\t<\/div>\n\t<\/div>\n\n\t\t\n<\/div>\n<div style=\"clear:both;\"><\/div>\n","protected":false},"excerpt":{"rendered":"<p>Vielf\u00e4ltige Energiequellen: integrierter Akku, Handkurbel, USB oder Solarmodul<br \/>\nEs erm\u00f6glicht den Empfang von Musik in kristallklarer DAB+ Qualit\u00e4t sowie klassischen UKW-Sendern. Das Radio unterst\u00fctzt ebenso Music Streaming vom Handy oder Tablet<br \/>\nMobile PowerBank: elektronische Ger\u00e4te k\u00f6nnen \u00fcber den USB-Ausgang aufgeladen werden<\/p>\n","protected":false},"featured_media":7885,"comment_status":"open","ping_status":"closed","template":"","meta":{"_acf_changed":false},"product_brand":[],"product_cat":[232,235],"product_tag":[],"class_list":{"0":"post-7884","1":"product","2":"type-product","3":"status-publish","4":"has-post-thumbnail","6":"product_cat-kommunikation","7":"product_cat-notfallradio-kurbelradio","9":"first","10":"instock","11":"shipping-taxable","12":"product-type-external"},"acf":[],"yoast_head":"<!-- This site is optimized with the Yoast SEO plugin v27.3 - https:\/\/yoast.com\/product\/yoast-seo-wordpress\/ -->\n<title>Albrecht DR 112, tragbares DAB+\/UKW Outdoor Kurbelradio, 27911, SOS-Notruf, Taschenlampe, Solarmodul, PowerBank, IPX5 Wasserschutz Schwarz,rot - Notfallvorsorge - Krisenvorsorge<\/title>\n<meta name=\"robots\" content=\"index, follow, max-snippet:-1, max-image-preview:large, max-video-preview:-1\" \/>\n<link rel=\"canonical\" href=\"https:\/\/www.ralti.de\/?product=albrecht-dr-112-tragbares-dab-ukw-outdoor-kurbelradio-27911-sos-notruf-taschenlampe-solarmodul-powerbank-ipx5-wasserschutz-schwarzrot\" \/>\n<meta property=\"og:locale\" content=\"de_DE\" \/>\n<meta property=\"og:type\" content=\"article\" \/>\n<meta property=\"og:title\" content=\"Albrecht DR 112, tragbares DAB+\/UKW Outdoor Kurbelradio, 27911, SOS-Notruf, Taschenlampe, Solarmodul, PowerBank, IPX5 Wasserschutz Schwarz,rot - Notfallvorsorge - Krisenvorsorge\" \/>\n<meta property=\"og:description\" content=\"Vielf\u00e4ltige Energiequellen: integrierter Akku, Handkurbel, USB oder Solarmodul Es erm\u00f6glicht den Empfang von Musik in kristallklarer DAB+ Qualit\u00e4t sowie klassischen UKW-Sendern. Das Radio unterst\u00fctzt ebenso Music Streaming vom Handy oder Tablet Mobile PowerBank: elektronische Ger\u00e4te k\u00f6nnen \u00fcber den USB-Ausgang aufgeladen werden\" \/>\n<meta property=\"og:url\" content=\"https:\/\/www.ralti.de\/?product=albrecht-dr-112-tragbares-dab-ukw-outdoor-kurbelradio-27911-sos-notruf-taschenlampe-solarmodul-powerbank-ipx5-wasserschutz-schwarzrot\" \/>\n<meta property=\"og:site_name\" content=\"Notfallvorsorge - Krisenvorsorge\" \/>\n<meta property=\"og:image\" content=\"https:\/\/m.media-amazon.com\/images\/I\/41SGN09dulL.jpg\" \/>\n\t<meta property=\"og:image:width\" content=\"500\" \/>\n\t<meta property=\"og:image:height\" content=\"500\" \/>\n\t<meta property=\"og:image:type\" content=\"image\/jpeg\" \/>\n<meta name=\"twitter:card\" content=\"summary_large_image\" \/>\n<meta name=\"twitter:label1\" content=\"Gesch\u00e4tzte Lesezeit\" \/>\n\t<meta name=\"twitter:data1\" content=\"1\u00a0Minute\" \/>\n<script type=\"application\/ld+json\" class=\"yoast-schema-graph\">{\"@context\":\"https:\\\/\\\/schema.org\",\"@graph\":[{\"@type\":\"WebPage\",\"@id\":\"https:\\\/\\\/www.ralti.de\\\/?product=albrecht-dr-112-tragbares-dab-ukw-outdoor-kurbelradio-27911-sos-notruf-taschenlampe-solarmodul-powerbank-ipx5-wasserschutz-schwarzrot\",\"url\":\"https:\\\/\\\/www.ralti.de\\\/?product=albrecht-dr-112-tragbares-dab-ukw-outdoor-kurbelradio-27911-sos-notruf-taschenlampe-solarmodul-powerbank-ipx5-wasserschutz-schwarzrot\",\"name\":\"Albrecht DR 112, tragbares DAB+\\\/UKW Outdoor Kurbelradio, 27911, SOS-Notruf, Taschenlampe, Solarmodul, PowerBank, IPX5 Wasserschutz Schwarz,rot - Notfallvorsorge - Krisenvorsorge\",\"isPartOf\":{\"@id\":\"https:\\\/\\\/www.ralti.de\\\/#website\"},\"primaryImageOfPage\":{\"@id\":\"https:\\\/\\\/www.ralti.de\\\/?product=albrecht-dr-112-tragbares-dab-ukw-outdoor-kurbelradio-27911-sos-notruf-taschenlampe-solarmodul-powerbank-ipx5-wasserschutz-schwarzrot#primaryimage\"},\"image\":{\"@id\":\"https:\\\/\\\/www.ralti.de\\\/?product=albrecht-dr-112-tragbares-dab-ukw-outdoor-kurbelradio-27911-sos-notruf-taschenlampe-solarmodul-powerbank-ipx5-wasserschutz-schwarzrot#primaryimage\"},\"thumbnailUrl\":\"https:\\\/\\\/m.media-amazon.com\\\/images\\\/I\\\/41SGN09dulL.jpg\",\"datePublished\":\"2025-11-25T10:28:56+00:00\",\"breadcrumb\":{\"@id\":\"https:\\\/\\\/www.ralti.de\\\/?product=albrecht-dr-112-tragbares-dab-ukw-outdoor-kurbelradio-27911-sos-notruf-taschenlampe-solarmodul-powerbank-ipx5-wasserschutz-schwarzrot#breadcrumb\"},\"inLanguage\":\"de\",\"potentialAction\":[{\"@type\":\"ReadAction\",\"target\":[\"https:\\\/\\\/www.ralti.de\\\/?product=albrecht-dr-112-tragbares-dab-ukw-outdoor-kurbelradio-27911-sos-notruf-taschenlampe-solarmodul-powerbank-ipx5-wasserschutz-schwarzrot\"]}]},{\"@type\":\"ImageObject\",\"inLanguage\":\"de\",\"@id\":\"https:\\\/\\\/www.ralti.de\\\/?product=albrecht-dr-112-tragbares-dab-ukw-outdoor-kurbelradio-27911-sos-notruf-taschenlampe-solarmodul-powerbank-ipx5-wasserschutz-schwarzrot#primaryimage\",\"url\":\"https:\\\/\\\/m.media-amazon.com\\\/images\\\/I\\\/41SGN09dulL.jpg\",\"contentUrl\":\"https:\\\/\\\/m.media-amazon.com\\\/images\\\/I\\\/41SGN09dulL.jpg\",\"width\":500,\"height\":500},{\"@type\":\"BreadcrumbList\",\"@id\":\"https:\\\/\\\/www.ralti.de\\\/?product=albrecht-dr-112-tragbares-dab-ukw-outdoor-kurbelradio-27911-sos-notruf-taschenlampe-solarmodul-powerbank-ipx5-wasserschutz-schwarzrot#breadcrumb\",\"itemListElement\":[{\"@type\":\"ListItem\",\"position\":1,\"name\":\"Start\",\"item\":\"https:\\\/\\\/www.ralti.de\\\/\"},{\"@type\":\"ListItem\",\"position\":2,\"name\":\"Notfallartikel\",\"item\":\"https:\\\/\\\/www.ralti.de\\\/?page_id=14189\"},{\"@type\":\"ListItem\",\"position\":3,\"name\":\"Albrecht DR 112, tragbares DAB+\\\/UKW Outdoor Kurbelradio, 27911, SOS-Notruf, Taschenlampe, Solarmodul, PowerBank, IPX5 Wasserschutz Schwarz,rot\"}]},{\"@type\":\"WebSite\",\"@id\":\"https:\\\/\\\/www.ralti.de\\\/#website\",\"url\":\"https:\\\/\\\/www.ralti.de\\\/\",\"name\":\"Ralti.de\",\"description\":\"Hier viele gute Angebote\",\"publisher\":{\"@id\":\"https:\\\/\\\/www.ralti.de\\\/#organization\"},\"potentialAction\":[{\"@type\":\"SearchAction\",\"target\":{\"@type\":\"EntryPoint\",\"urlTemplate\":\"https:\\\/\\\/www.ralti.de\\\/?s={search_term_string}\"},\"query-input\":{\"@type\":\"PropertyValueSpecification\",\"valueRequired\":true,\"valueName\":\"search_term_string\"}}],\"inLanguage\":\"de\"},{\"@type\":\"Organization\",\"@id\":\"https:\\\/\\\/www.ralti.de\\\/#organization\",\"name\":\"Ralti.de\",\"url\":\"https:\\\/\\\/www.ralti.de\\\/\",\"logo\":{\"@type\":\"ImageObject\",\"inLanguage\":\"de\",\"@id\":\"https:\\\/\\\/www.ralti.de\\\/#\\\/schema\\\/logo\\\/image\\\/\",\"url\":\"https:\\\/\\\/www.ralti.de\\\/wp-content\\\/uploads\\\/2025\\\/11\\\/ralti.png\",\"contentUrl\":\"https:\\\/\\\/www.ralti.de\\\/wp-content\\\/uploads\\\/2025\\\/11\\\/ralti.png\",\"width\":240,\"height\":75,\"caption\":\"Ralti.de\"},\"image\":{\"@id\":\"https:\\\/\\\/www.ralti.de\\\/#\\\/schema\\\/logo\\\/image\\\/\"}}]}<\/script>\n<!-- \/ Yoast SEO plugin. -->","yoast_head_json":{"title":"Albrecht DR 112, tragbares DAB+\/UKW Outdoor Kurbelradio, 27911, SOS-Notruf, Taschenlampe, Solarmodul, PowerBank, IPX5 Wasserschutz Schwarz,rot - Notfallvorsorge - Krisenvorsorge","robots":{"index":"index","follow":"follow","max-snippet":"max-snippet:-1","max-image-preview":"max-image-preview:large","max-video-preview":"max-video-preview:-1"},"canonical":"https:\/\/www.ralti.de\/?product=albrecht-dr-112-tragbares-dab-ukw-outdoor-kurbelradio-27911-sos-notruf-taschenlampe-solarmodul-powerbank-ipx5-wasserschutz-schwarzrot","og_locale":"de_DE","og_type":"article","og_title":"Albrecht DR 112, tragbares DAB+\/UKW Outdoor Kurbelradio, 27911, SOS-Notruf, Taschenlampe, Solarmodul, PowerBank, IPX5 Wasserschutz Schwarz,rot - Notfallvorsorge - Krisenvorsorge","og_description":"Vielf\u00e4ltige Energiequellen: integrierter Akku, Handkurbel, USB oder Solarmodul Es erm\u00f6glicht den Empfang von Musik in kristallklarer DAB+ Qualit\u00e4t sowie klassischen UKW-Sendern. Das Radio unterst\u00fctzt ebenso Music Streaming vom Handy oder Tablet Mobile PowerBank: elektronische Ger\u00e4te k\u00f6nnen \u00fcber den USB-Ausgang aufgeladen werden","og_url":"https:\/\/www.ralti.de\/?product=albrecht-dr-112-tragbares-dab-ukw-outdoor-kurbelradio-27911-sos-notruf-taschenlampe-solarmodul-powerbank-ipx5-wasserschutz-schwarzrot","og_site_name":"Notfallvorsorge - Krisenvorsorge","og_image":[{"width":500,"height":500,"url":"https:\/\/m.media-amazon.com\/images\/I\/41SGN09dulL.jpg","type":"image\/jpeg"}],"twitter_card":"summary_large_image","twitter_misc":{"Gesch\u00e4tzte Lesezeit":"1\u00a0Minute"},"schema":{"@context":"https:\/\/schema.org","@graph":[{"@type":"WebPage","@id":"https:\/\/www.ralti.de\/?product=albrecht-dr-112-tragbares-dab-ukw-outdoor-kurbelradio-27911-sos-notruf-taschenlampe-solarmodul-powerbank-ipx5-wasserschutz-schwarzrot","url":"https:\/\/www.ralti.de\/?product=albrecht-dr-112-tragbares-dab-ukw-outdoor-kurbelradio-27911-sos-notruf-taschenlampe-solarmodul-powerbank-ipx5-wasserschutz-schwarzrot","name":"Albrecht DR 112, tragbares DAB+\/UKW Outdoor Kurbelradio, 27911, SOS-Notruf, Taschenlampe, Solarmodul, PowerBank, IPX5 Wasserschutz Schwarz,rot - Notfallvorsorge - Krisenvorsorge","isPartOf":{"@id":"https:\/\/www.ralti.de\/#website"},"primaryImageOfPage":{"@id":"https:\/\/www.ralti.de\/?product=albrecht-dr-112-tragbares-dab-ukw-outdoor-kurbelradio-27911-sos-notruf-taschenlampe-solarmodul-powerbank-ipx5-wasserschutz-schwarzrot#primaryimage"},"image":{"@id":"https:\/\/www.ralti.de\/?product=albrecht-dr-112-tragbares-dab-ukw-outdoor-kurbelradio-27911-sos-notruf-taschenlampe-solarmodul-powerbank-ipx5-wasserschutz-schwarzrot#primaryimage"},"thumbnailUrl":"https:\/\/m.media-amazon.com\/images\/I\/41SGN09dulL.jpg","datePublished":"2025-11-25T10:28:56+00:00","breadcrumb":{"@id":"https:\/\/www.ralti.de\/?product=albrecht-dr-112-tragbares-dab-ukw-outdoor-kurbelradio-27911-sos-notruf-taschenlampe-solarmodul-powerbank-ipx5-wasserschutz-schwarzrot#breadcrumb"},"inLanguage":"de","potentialAction":[{"@type":"ReadAction","target":["https:\/\/www.ralti.de\/?product=albrecht-dr-112-tragbares-dab-ukw-outdoor-kurbelradio-27911-sos-notruf-taschenlampe-solarmodul-powerbank-ipx5-wasserschutz-schwarzrot"]}]},{"@type":"ImageObject","inLanguage":"de","@id":"https:\/\/www.ralti.de\/?product=albrecht-dr-112-tragbares-dab-ukw-outdoor-kurbelradio-27911-sos-notruf-taschenlampe-solarmodul-powerbank-ipx5-wasserschutz-schwarzrot#primaryimage","url":"https:\/\/m.media-amazon.com\/images\/I\/41SGN09dulL.jpg","contentUrl":"https:\/\/m.media-amazon.com\/images\/I\/41SGN09dulL.jpg","width":500,"height":500},{"@type":"BreadcrumbList","@id":"https:\/\/www.ralti.de\/?product=albrecht-dr-112-tragbares-dab-ukw-outdoor-kurbelradio-27911-sos-notruf-taschenlampe-solarmodul-powerbank-ipx5-wasserschutz-schwarzrot#breadcrumb","itemListElement":[{"@type":"ListItem","position":1,"name":"Start","item":"https:\/\/www.ralti.de\/"},{"@type":"ListItem","position":2,"name":"Notfallartikel","item":"https:\/\/www.ralti.de\/?page_id=14189"},{"@type":"ListItem","position":3,"name":"Albrecht DR 112, tragbares DAB+\/UKW Outdoor Kurbelradio, 27911, SOS-Notruf, Taschenlampe, Solarmodul, PowerBank, IPX5 Wasserschutz Schwarz,rot"}]},{"@type":"WebSite","@id":"https:\/\/www.ralti.de\/#website","url":"https:\/\/www.ralti.de\/","name":"Ralti.de","description":"Hier viele gute Angebote","publisher":{"@id":"https:\/\/www.ralti.de\/#organization"},"potentialAction":[{"@type":"SearchAction","target":{"@type":"EntryPoint","urlTemplate":"https:\/\/www.ralti.de\/?s={search_term_string}"},"query-input":{"@type":"PropertyValueSpecification","valueRequired":true,"valueName":"search_term_string"}}],"inLanguage":"de"},{"@type":"Organization","@id":"https:\/\/www.ralti.de\/#organization","name":"Ralti.de","url":"https:\/\/www.ralti.de\/","logo":{"@type":"ImageObject","inLanguage":"de","@id":"https:\/\/www.ralti.de\/#\/schema\/logo\/image\/","url":"https:\/\/www.ralti.de\/wp-content\/uploads\/2025\/11\/ralti.png","contentUrl":"https:\/\/www.ralti.de\/wp-content\/uploads\/2025\/11\/ralti.png","width":240,"height":75,"caption":"Ralti.de"},"image":{"@id":"https:\/\/www.ralti.de\/#\/schema\/logo\/image\/"}}]}},"_links":{"self":[{"href":"https:\/\/www.ralti.de\/index.php?rest_route=\/wp\/v2\/product\/7884","targetHints":{"allow":["GET"]}}],"collection":[{"href":"https:\/\/www.ralti.de\/index.php?rest_route=\/wp\/v2\/product"}],"about":[{"href":"https:\/\/www.ralti.de\/index.php?rest_route=\/wp\/v2\/types\/product"}],"replies":[{"embeddable":true,"href":"https:\/\/www.ralti.de\/index.php?rest_route=%2Fwp%2Fv2%2Fcomments&post=7884"}],"wp:featuredmedia":[{"embeddable":true,"href":"https:\/\/www.ralti.de\/index.php?rest_route=\/wp\/v2\/media\/7885"}],"wp:attachment":[{"href":"https:\/\/www.ralti.de\/index.php?rest_route=%2Fwp%2Fv2%2Fmedia&parent=7884"}],"wp:term":[{"taxonomy":"product_brand","embeddable":true,"href":"https:\/\/www.ralti.de\/index.php?rest_route=%2Fwp%2Fv2%2Fproduct_brand&post=7884"},{"taxonomy":"product_cat","embeddable":true,"href":"https:\/\/www.ralti.de\/index.php?rest_route=%2Fwp%2Fv2%2Fproduct_cat&post=7884"},{"taxonomy":"product_tag","embeddable":true,"href":"https:\/\/www.ralti.de\/index.php?rest_route=%2Fwp%2Fv2%2Fproduct_tag&post=7884"}],"curies":[{"name":"wp","href":"https:\/\/api.w.org\/{rel}","templated":true}]}}