{"id":8214,"date":"2025-11-25T10:34:40","date_gmt":"2025-11-25T10:34:40","guid":{"rendered":"https:\/\/www.ralti.de\/shop-2\/uncategorized\/ugreen-finetrack-kompatibel-mit-apple-find-my-nur-ios-bluetooth-tracker-fur-gepack-schlusselfinder-finder-fur-schlussel-koffer-reisepasse-smarttag-mit-austauschbarer-batterie-1-pack\/"},"modified":"2025-11-25T10:34:40","modified_gmt":"2025-11-25T10:34:40","slug":"ugreen-finetrack-kompatibel-mit-apple-find-my-nur-ios-bluetooth-tracker-fur-gepack-schlusselfinder-finder-fur-schlussel-koffer-reisepasse-smarttag-mit-austauschbarer-batterie-1-pack","status":"publish","type":"product","link":"https:\/\/www.ralti.de\/?product=ugreen-finetrack-kompatibel-mit-apple-find-my-nur-ios-bluetooth-tracker-fur-gepack-schlusselfinder-finder-fur-schlussel-koffer-reisepasse-smarttag-mit-austauschbarer-batterie-1-pack","title":{"rendered":"UGREEN FineTrack kompatibel mit Apple Find My (nur iOS), Bluetooth Tracker f\u00fcr Gep\u00e4ck, Schl\u00fcsselfinder, Finder f\u00fcr Schl\u00fcssel, Koffer, Reisep\u00e4sse Smarttag mit Austauschbarer Batterie (1 Pack)"},"content":{"rendered":"<p>Apple Find My Certified (nur iOS): keine Installation erforderlich, einfach mit der integrierten Find My verbinden. Mit der fortschrittlichen Verschl\u00fcsselung von Find My k\u00f6nnen Sie sicher sein, dass niemand, nicht einmal das iPhone oder UGREEN, in der Lage sein wird, Ihre Tag-Standorte einzusehen<br \/>\nAuswechselbare Batterie: Verwenden Sie CR2032 Knopfzellenbatterie, die Lebensdauer betr\u00e4gt bis zu 24 Monate, das Handy wird Sie daran erinnern, wenn die Batterie schwach ist, ersetzen Sie einfach die Batterie in der Zeit<br \/>\nSicher und robust: UGREEN FineTrack hat die UL4200A-Zertifizierung erhalten, und seine Struktur ist sicher und robust, was verhindern kann, dass Kinder die Abdeckung leicht \u00f6ffnen und Knopfbatterien versehentlich verschlucken<br \/>\nExtra lauter Alarm &#038; globale Ortung: Eingebauter Summer mit bis zu 80 dB; kann \u00fcber \u201eFind My\u201c oder Siri f\u00fcr Sie gefunden werden. \u00dcber das Find My-Netzwerk k\u00f6nnen Gegenst\u00e4nde weltweit geortet werden, solange sich iPhone in der N\u00e4he befinden<br \/>\nLeft-Behind Remind: Bluetooth Tracker zeigt automatisch eine Erinnerung auf Ihrem Handy an, wenn Sie sich in einer bestimmten Entfernung von dem Gegenstand befinden. Diese Entfernung h\u00e4ngt von den Umgebungsst\u00f6rungen ab<br \/>\nInformationen mitteilen: Smarttag unterst\u00fctzt die Weitergabe von Objektinformationen an 5 iPhone, und ein iPhone unterst\u00fctzt bis zu 32 Smarttag Verbindungen. Sie brauchen sich keine Sorgen mehr zu machen, dass Familie und Freunde die Gegenst\u00e4nde nicht finden k\u00f6nnen<br \/>\nHinweis: Nachdem Sie den UGREEN FineTrack erhalten haben, sehen Sie sich bitte das Video-Tutorial \u201e(z.B.) Wie Sie Ihres Handy anschlie\u00dfen und zur\u00fccksetzen\u201c auf dieser Seite an. Weitere Hilfe finden Sie in der Bedienungsanleitung, die in der Verpackung enthalten ist<br \/>\n<div class=\"main-cross-sell\" data-asin=\"B0D53RXMB1\">\n\n\t<div class=\"WooZone-cross-sell-loader\">\n\t\t<div>\n\t\t\t<div id=\"floatingBarsG\">\n\t\t\t\t<div class=\"blockG\" id=\"rotateG_01\"><\/div>\n\t\t\t\t<div class=\"blockG\" id=\"rotateG_02\"><\/div>\n\t\t\t\t<div class=\"blockG\" id=\"rotateG_03\"><\/div>\n\t\t\t\t<div class=\"blockG\" id=\"rotateG_04\"><\/div>\n\t\t\t\t<div class=\"blockG\" id=\"rotateG_05\"><\/div>\n\t\t\t\t<div class=\"blockG\" id=\"rotateG_06\"><\/div>\n\t\t\t\t<div class=\"blockG\" id=\"rotateG_07\"><\/div>\n\t\t\t\t<div class=\"blockG\" id=\"rotateG_08\"><\/div>\n\t\t\t<\/div>\n\t\t\t<div class=\"WooZone-cross-sell-loader-text\"><\/div>\n\t\t<\/div>\n\t<\/div>\n\n\t\t\n<\/div>\n<div style=\"clear:both;\"><\/div>\n","protected":false},"excerpt":{"rendered":"<p>Apple Find My Certified (nur iOS): keine Installation erforderlich, einfach mit der integrierten Find My verbinden. Mit der fortschrittlichen Verschl\u00fcsselung von Find My k\u00f6nnen Sie sicher sein, dass niemand, nicht einmal das iPhone oder UGREEN, in der Lage sein wird, Ihre Tag-Standorte einzusehen<br \/>\nAuswechselbare Batterie: Verwenden Sie CR2032 Knopfzellenbatterie, die Lebensdauer betr\u00e4gt bis zu 24 Monate, das Handy wird Sie daran erinnern, wenn die Batterie schwach ist, ersetzen Sie einfach die Batterie in der Zeit<br \/>\nSicher und robust: UGREEN FineTrack hat die UL4200A-Zertifizierung erhalten, und seine Struktur ist sicher und robust, was verhindern kann, dass Kinder die Abdeckung leicht \u00f6ffnen und Knopfbatterien versehentlich verschlucken<\/p>\n","protected":false},"featured_media":8215,"comment_status":"open","ping_status":"closed","template":"","meta":{"_acf_changed":false},"product_brand":[],"product_cat":[234,232],"product_tag":[],"class_list":{"0":"post-8214","1":"product","2":"type-product","3":"status-publish","4":"has-post-thumbnail","6":"product_cat-gps-tracker","7":"product_cat-kommunikation","9":"first","10":"instock","11":"sale","12":"shipping-taxable","13":"product-type-external"},"acf":[],"yoast_head":"<!-- This site is optimized with the Yoast SEO plugin v27.3 - https:\/\/yoast.com\/product\/yoast-seo-wordpress\/ -->\n<title>UGREEN FineTrack kompatibel mit Apple Find My (nur iOS), Bluetooth Tracker f\u00fcr Gep\u00e4ck, Schl\u00fcsselfinder, Finder f\u00fcr Schl\u00fcssel, Koffer, Reisep\u00e4sse Smarttag mit Austauschbarer Batterie (1 Pack) - Notfallvorsorge - Krisenvorsorge<\/title>\n<meta name=\"robots\" content=\"index, follow, max-snippet:-1, max-image-preview:large, max-video-preview:-1\" \/>\n<link rel=\"canonical\" href=\"https:\/\/www.ralti.de\/?product=ugreen-finetrack-kompatibel-mit-apple-find-my-nur-ios-bluetooth-tracker-fur-gepack-schlusselfinder-finder-fur-schlussel-koffer-reisepasse-smarttag-mit-austauschbarer-batterie-1-pack\" \/>\n<meta property=\"og:locale\" content=\"de_DE\" \/>\n<meta property=\"og:type\" content=\"article\" \/>\n<meta property=\"og:title\" content=\"UGREEN FineTrack kompatibel mit Apple Find My (nur iOS), Bluetooth Tracker f\u00fcr Gep\u00e4ck, Schl\u00fcsselfinder, Finder f\u00fcr Schl\u00fcssel, Koffer, Reisep\u00e4sse Smarttag mit Austauschbarer Batterie (1 Pack) - Notfallvorsorge - Krisenvorsorge\" \/>\n<meta property=\"og:description\" content=\"Apple Find My Certified (nur iOS): keine Installation erforderlich, einfach mit der integrierten Find My verbinden. Mit der fortschrittlichen Verschl\u00fcsselung von Find My k\u00f6nnen Sie sicher sein, dass niemand, nicht einmal das iPhone oder UGREEN, in der Lage sein wird, Ihre Tag-Standorte einzusehen Auswechselbare Batterie: Verwenden Sie CR2032 Knopfzellenbatterie, die Lebensdauer betr\u00e4gt bis zu 24 Monate, das Handy wird Sie daran erinnern, wenn die Batterie schwach ist, ersetzen Sie einfach die Batterie in der Zeit Sicher und robust: UGREEN FineTrack hat die UL4200A-Zertifizierung erhalten, und seine Struktur ist sicher und robust, was verhindern kann, dass Kinder die Abdeckung leicht \u00f6ffnen und Knopfbatterien versehentlich verschlucken\" \/>\n<meta property=\"og:url\" content=\"https:\/\/www.ralti.de\/?product=ugreen-finetrack-kompatibel-mit-apple-find-my-nur-ios-bluetooth-tracker-fur-gepack-schlusselfinder-finder-fur-schlussel-koffer-reisepasse-smarttag-mit-austauschbarer-batterie-1-pack\" \/>\n<meta property=\"og:site_name\" content=\"Notfallvorsorge - Krisenvorsorge\" \/>\n<meta property=\"og:image\" content=\"https:\/\/m.media-amazon.com\/images\/I\/31cD0SQJyRL.jpg\" \/>\n\t<meta property=\"og:image:width\" content=\"500\" \/>\n\t<meta property=\"og:image:height\" content=\"500\" \/>\n\t<meta property=\"og:image:type\" content=\"image\/jpeg\" \/>\n<meta name=\"twitter:card\" content=\"summary_large_image\" \/>\n<meta name=\"twitter:label1\" content=\"Gesch\u00e4tzte Lesezeit\" \/>\n\t<meta name=\"twitter:data1\" content=\"1\u00a0Minute\" \/>\n<script type=\"application\/ld+json\" class=\"yoast-schema-graph\">{\"@context\":\"https:\\\/\\\/schema.org\",\"@graph\":[{\"@type\":\"WebPage\",\"@id\":\"https:\\\/\\\/www.ralti.de\\\/?product=ugreen-finetrack-kompatibel-mit-apple-find-my-nur-ios-bluetooth-tracker-fur-gepack-schlusselfinder-finder-fur-schlussel-koffer-reisepasse-smarttag-mit-austauschbarer-batterie-1-pack\",\"url\":\"https:\\\/\\\/www.ralti.de\\\/?product=ugreen-finetrack-kompatibel-mit-apple-find-my-nur-ios-bluetooth-tracker-fur-gepack-schlusselfinder-finder-fur-schlussel-koffer-reisepasse-smarttag-mit-austauschbarer-batterie-1-pack\",\"name\":\"UGREEN FineTrack kompatibel mit Apple Find My (nur iOS), Bluetooth Tracker f\u00fcr Gep\u00e4ck, Schl\u00fcsselfinder, Finder f\u00fcr Schl\u00fcssel, Koffer, Reisep\u00e4sse Smarttag mit Austauschbarer Batterie (1 Pack) - Notfallvorsorge - Krisenvorsorge\",\"isPartOf\":{\"@id\":\"https:\\\/\\\/www.ralti.de\\\/#website\"},\"primaryImageOfPage\":{\"@id\":\"https:\\\/\\\/www.ralti.de\\\/?product=ugreen-finetrack-kompatibel-mit-apple-find-my-nur-ios-bluetooth-tracker-fur-gepack-schlusselfinder-finder-fur-schlussel-koffer-reisepasse-smarttag-mit-austauschbarer-batterie-1-pack#primaryimage\"},\"image\":{\"@id\":\"https:\\\/\\\/www.ralti.de\\\/?product=ugreen-finetrack-kompatibel-mit-apple-find-my-nur-ios-bluetooth-tracker-fur-gepack-schlusselfinder-finder-fur-schlussel-koffer-reisepasse-smarttag-mit-austauschbarer-batterie-1-pack#primaryimage\"},\"thumbnailUrl\":\"https:\\\/\\\/m.media-amazon.com\\\/images\\\/I\\\/31cD0SQJyRL.jpg\",\"datePublished\":\"2025-11-25T10:34:40+00:00\",\"breadcrumb\":{\"@id\":\"https:\\\/\\\/www.ralti.de\\\/?product=ugreen-finetrack-kompatibel-mit-apple-find-my-nur-ios-bluetooth-tracker-fur-gepack-schlusselfinder-finder-fur-schlussel-koffer-reisepasse-smarttag-mit-austauschbarer-batterie-1-pack#breadcrumb\"},\"inLanguage\":\"de\",\"potentialAction\":[{\"@type\":\"ReadAction\",\"target\":[\"https:\\\/\\\/www.ralti.de\\\/?product=ugreen-finetrack-kompatibel-mit-apple-find-my-nur-ios-bluetooth-tracker-fur-gepack-schlusselfinder-finder-fur-schlussel-koffer-reisepasse-smarttag-mit-austauschbarer-batterie-1-pack\"]}]},{\"@type\":\"ImageObject\",\"inLanguage\":\"de\",\"@id\":\"https:\\\/\\\/www.ralti.de\\\/?product=ugreen-finetrack-kompatibel-mit-apple-find-my-nur-ios-bluetooth-tracker-fur-gepack-schlusselfinder-finder-fur-schlussel-koffer-reisepasse-smarttag-mit-austauschbarer-batterie-1-pack#primaryimage\",\"url\":\"https:\\\/\\\/m.media-amazon.com\\\/images\\\/I\\\/31cD0SQJyRL.jpg\",\"contentUrl\":\"https:\\\/\\\/m.media-amazon.com\\\/images\\\/I\\\/31cD0SQJyRL.jpg\",\"width\":500,\"height\":500},{\"@type\":\"BreadcrumbList\",\"@id\":\"https:\\\/\\\/www.ralti.de\\\/?product=ugreen-finetrack-kompatibel-mit-apple-find-my-nur-ios-bluetooth-tracker-fur-gepack-schlusselfinder-finder-fur-schlussel-koffer-reisepasse-smarttag-mit-austauschbarer-batterie-1-pack#breadcrumb\",\"itemListElement\":[{\"@type\":\"ListItem\",\"position\":1,\"name\":\"Start\",\"item\":\"https:\\\/\\\/www.ralti.de\\\/\"},{\"@type\":\"ListItem\",\"position\":2,\"name\":\"Notfallartikel\",\"item\":\"https:\\\/\\\/www.ralti.de\\\/?page_id=14189\"},{\"@type\":\"ListItem\",\"position\":3,\"name\":\"UGREEN FineTrack kompatibel mit Apple Find My (nur iOS), Bluetooth Tracker f\u00fcr Gep\u00e4ck, Schl\u00fcsselfinder, Finder f\u00fcr Schl\u00fcssel, Koffer, Reisep\u00e4sse Smarttag mit Austauschbarer Batterie (1 Pack)\"}]},{\"@type\":\"WebSite\",\"@id\":\"https:\\\/\\\/www.ralti.de\\\/#website\",\"url\":\"https:\\\/\\\/www.ralti.de\\\/\",\"name\":\"Ralti.de\",\"description\":\"Hier viele gute Angebote\",\"publisher\":{\"@id\":\"https:\\\/\\\/www.ralti.de\\\/#organization\"},\"potentialAction\":[{\"@type\":\"SearchAction\",\"target\":{\"@type\":\"EntryPoint\",\"urlTemplate\":\"https:\\\/\\\/www.ralti.de\\\/?s={search_term_string}\"},\"query-input\":{\"@type\":\"PropertyValueSpecification\",\"valueRequired\":true,\"valueName\":\"search_term_string\"}}],\"inLanguage\":\"de\"},{\"@type\":\"Organization\",\"@id\":\"https:\\\/\\\/www.ralti.de\\\/#organization\",\"name\":\"Ralti.de\",\"url\":\"https:\\\/\\\/www.ralti.de\\\/\",\"logo\":{\"@type\":\"ImageObject\",\"inLanguage\":\"de\",\"@id\":\"https:\\\/\\\/www.ralti.de\\\/#\\\/schema\\\/logo\\\/image\\\/\",\"url\":\"https:\\\/\\\/www.ralti.de\\\/wp-content\\\/uploads\\\/2025\\\/11\\\/ralti.png\",\"contentUrl\":\"https:\\\/\\\/www.ralti.de\\\/wp-content\\\/uploads\\\/2025\\\/11\\\/ralti.png\",\"width\":240,\"height\":75,\"caption\":\"Ralti.de\"},\"image\":{\"@id\":\"https:\\\/\\\/www.ralti.de\\\/#\\\/schema\\\/logo\\\/image\\\/\"}}]}<\/script>\n<!-- \/ Yoast SEO plugin. -->","yoast_head_json":{"title":"UGREEN FineTrack kompatibel mit Apple Find My (nur iOS), Bluetooth Tracker f\u00fcr Gep\u00e4ck, Schl\u00fcsselfinder, Finder f\u00fcr Schl\u00fcssel, Koffer, Reisep\u00e4sse Smarttag mit Austauschbarer Batterie (1 Pack) - Notfallvorsorge - Krisenvorsorge","robots":{"index":"index","follow":"follow","max-snippet":"max-snippet:-1","max-image-preview":"max-image-preview:large","max-video-preview":"max-video-preview:-1"},"canonical":"https:\/\/www.ralti.de\/?product=ugreen-finetrack-kompatibel-mit-apple-find-my-nur-ios-bluetooth-tracker-fur-gepack-schlusselfinder-finder-fur-schlussel-koffer-reisepasse-smarttag-mit-austauschbarer-batterie-1-pack","og_locale":"de_DE","og_type":"article","og_title":"UGREEN FineTrack kompatibel mit Apple Find My (nur iOS), Bluetooth Tracker f\u00fcr Gep\u00e4ck, Schl\u00fcsselfinder, Finder f\u00fcr Schl\u00fcssel, Koffer, Reisep\u00e4sse Smarttag mit Austauschbarer Batterie (1 Pack) - Notfallvorsorge - Krisenvorsorge","og_description":"Apple Find My Certified (nur iOS): keine Installation erforderlich, einfach mit der integrierten Find My verbinden. Mit der fortschrittlichen Verschl\u00fcsselung von Find My k\u00f6nnen Sie sicher sein, dass niemand, nicht einmal das iPhone oder UGREEN, in der Lage sein wird, Ihre Tag-Standorte einzusehen Auswechselbare Batterie: Verwenden Sie CR2032 Knopfzellenbatterie, die Lebensdauer betr\u00e4gt bis zu 24 Monate, das Handy wird Sie daran erinnern, wenn die Batterie schwach ist, ersetzen Sie einfach die Batterie in der Zeit Sicher und robust: UGREEN FineTrack hat die UL4200A-Zertifizierung erhalten, und seine Struktur ist sicher und robust, was verhindern kann, dass Kinder die Abdeckung leicht \u00f6ffnen und Knopfbatterien versehentlich verschlucken","og_url":"https:\/\/www.ralti.de\/?product=ugreen-finetrack-kompatibel-mit-apple-find-my-nur-ios-bluetooth-tracker-fur-gepack-schlusselfinder-finder-fur-schlussel-koffer-reisepasse-smarttag-mit-austauschbarer-batterie-1-pack","og_site_name":"Notfallvorsorge - Krisenvorsorge","og_image":[{"width":500,"height":500,"url":"https:\/\/m.media-amazon.com\/images\/I\/31cD0SQJyRL.jpg","type":"image\/jpeg"}],"twitter_card":"summary_large_image","twitter_misc":{"Gesch\u00e4tzte Lesezeit":"1\u00a0Minute"},"schema":{"@context":"https:\/\/schema.org","@graph":[{"@type":"WebPage","@id":"https:\/\/www.ralti.de\/?product=ugreen-finetrack-kompatibel-mit-apple-find-my-nur-ios-bluetooth-tracker-fur-gepack-schlusselfinder-finder-fur-schlussel-koffer-reisepasse-smarttag-mit-austauschbarer-batterie-1-pack","url":"https:\/\/www.ralti.de\/?product=ugreen-finetrack-kompatibel-mit-apple-find-my-nur-ios-bluetooth-tracker-fur-gepack-schlusselfinder-finder-fur-schlussel-koffer-reisepasse-smarttag-mit-austauschbarer-batterie-1-pack","name":"UGREEN FineTrack kompatibel mit Apple Find My (nur iOS), Bluetooth Tracker f\u00fcr Gep\u00e4ck, Schl\u00fcsselfinder, Finder f\u00fcr Schl\u00fcssel, Koffer, Reisep\u00e4sse Smarttag mit Austauschbarer Batterie (1 Pack) - Notfallvorsorge - Krisenvorsorge","isPartOf":{"@id":"https:\/\/www.ralti.de\/#website"},"primaryImageOfPage":{"@id":"https:\/\/www.ralti.de\/?product=ugreen-finetrack-kompatibel-mit-apple-find-my-nur-ios-bluetooth-tracker-fur-gepack-schlusselfinder-finder-fur-schlussel-koffer-reisepasse-smarttag-mit-austauschbarer-batterie-1-pack#primaryimage"},"image":{"@id":"https:\/\/www.ralti.de\/?product=ugreen-finetrack-kompatibel-mit-apple-find-my-nur-ios-bluetooth-tracker-fur-gepack-schlusselfinder-finder-fur-schlussel-koffer-reisepasse-smarttag-mit-austauschbarer-batterie-1-pack#primaryimage"},"thumbnailUrl":"https:\/\/m.media-amazon.com\/images\/I\/31cD0SQJyRL.jpg","datePublished":"2025-11-25T10:34:40+00:00","breadcrumb":{"@id":"https:\/\/www.ralti.de\/?product=ugreen-finetrack-kompatibel-mit-apple-find-my-nur-ios-bluetooth-tracker-fur-gepack-schlusselfinder-finder-fur-schlussel-koffer-reisepasse-smarttag-mit-austauschbarer-batterie-1-pack#breadcrumb"},"inLanguage":"de","potentialAction":[{"@type":"ReadAction","target":["https:\/\/www.ralti.de\/?product=ugreen-finetrack-kompatibel-mit-apple-find-my-nur-ios-bluetooth-tracker-fur-gepack-schlusselfinder-finder-fur-schlussel-koffer-reisepasse-smarttag-mit-austauschbarer-batterie-1-pack"]}]},{"@type":"ImageObject","inLanguage":"de","@id":"https:\/\/www.ralti.de\/?product=ugreen-finetrack-kompatibel-mit-apple-find-my-nur-ios-bluetooth-tracker-fur-gepack-schlusselfinder-finder-fur-schlussel-koffer-reisepasse-smarttag-mit-austauschbarer-batterie-1-pack#primaryimage","url":"https:\/\/m.media-amazon.com\/images\/I\/31cD0SQJyRL.jpg","contentUrl":"https:\/\/m.media-amazon.com\/images\/I\/31cD0SQJyRL.jpg","width":500,"height":500},{"@type":"BreadcrumbList","@id":"https:\/\/www.ralti.de\/?product=ugreen-finetrack-kompatibel-mit-apple-find-my-nur-ios-bluetooth-tracker-fur-gepack-schlusselfinder-finder-fur-schlussel-koffer-reisepasse-smarttag-mit-austauschbarer-batterie-1-pack#breadcrumb","itemListElement":[{"@type":"ListItem","position":1,"name":"Start","item":"https:\/\/www.ralti.de\/"},{"@type":"ListItem","position":2,"name":"Notfallartikel","item":"https:\/\/www.ralti.de\/?page_id=14189"},{"@type":"ListItem","position":3,"name":"UGREEN FineTrack kompatibel mit Apple Find My (nur iOS), Bluetooth Tracker f\u00fcr Gep\u00e4ck, Schl\u00fcsselfinder, Finder f\u00fcr Schl\u00fcssel, Koffer, Reisep\u00e4sse Smarttag mit Austauschbarer Batterie (1 Pack)"}]},{"@type":"WebSite","@id":"https:\/\/www.ralti.de\/#website","url":"https:\/\/www.ralti.de\/","name":"Ralti.de","description":"Hier viele gute Angebote","publisher":{"@id":"https:\/\/www.ralti.de\/#organization"},"potentialAction":[{"@type":"SearchAction","target":{"@type":"EntryPoint","urlTemplate":"https:\/\/www.ralti.de\/?s={search_term_string}"},"query-input":{"@type":"PropertyValueSpecification","valueRequired":true,"valueName":"search_term_string"}}],"inLanguage":"de"},{"@type":"Organization","@id":"https:\/\/www.ralti.de\/#organization","name":"Ralti.de","url":"https:\/\/www.ralti.de\/","logo":{"@type":"ImageObject","inLanguage":"de","@id":"https:\/\/www.ralti.de\/#\/schema\/logo\/image\/","url":"https:\/\/www.ralti.de\/wp-content\/uploads\/2025\/11\/ralti.png","contentUrl":"https:\/\/www.ralti.de\/wp-content\/uploads\/2025\/11\/ralti.png","width":240,"height":75,"caption":"Ralti.de"},"image":{"@id":"https:\/\/www.ralti.de\/#\/schema\/logo\/image\/"}}]}},"_links":{"self":[{"href":"https:\/\/www.ralti.de\/index.php?rest_route=\/wp\/v2\/product\/8214","targetHints":{"allow":["GET"]}}],"collection":[{"href":"https:\/\/www.ralti.de\/index.php?rest_route=\/wp\/v2\/product"}],"about":[{"href":"https:\/\/www.ralti.de\/index.php?rest_route=\/wp\/v2\/types\/product"}],"replies":[{"embeddable":true,"href":"https:\/\/www.ralti.de\/index.php?rest_route=%2Fwp%2Fv2%2Fcomments&post=8214"}],"wp:featuredmedia":[{"embeddable":true,"href":"https:\/\/www.ralti.de\/index.php?rest_route=\/wp\/v2\/media\/8215"}],"wp:attachment":[{"href":"https:\/\/www.ralti.de\/index.php?rest_route=%2Fwp%2Fv2%2Fmedia&parent=8214"}],"wp:term":[{"taxonomy":"product_brand","embeddable":true,"href":"https:\/\/www.ralti.de\/index.php?rest_route=%2Fwp%2Fv2%2Fproduct_brand&post=8214"},{"taxonomy":"product_cat","embeddable":true,"href":"https:\/\/www.ralti.de\/index.php?rest_route=%2Fwp%2Fv2%2Fproduct_cat&post=8214"},{"taxonomy":"product_tag","embeddable":true,"href":"https:\/\/www.ralti.de\/index.php?rest_route=%2Fwp%2Fv2%2Fproduct_tag&post=8214"}],"curies":[{"name":"wp","href":"https:\/\/api.w.org\/{rel}","templated":true}]}}