{"id":8244,"date":"2025-11-25T10:34:50","date_gmt":"2025-11-25T10:34:50","guid":{"rendered":"https:\/\/www.ralti.de\/shop-2\/uncategorized\/tracker-android-air-tag-schlusselfinder-smart-tag-kompatibel-mit-google-find-hub-app-nur-android-bluetooth-tracker-fur-schlussel-geldborse-fahrrad-koffer-austauschbare-batte\/"},"modified":"2025-11-25T10:34:50","modified_gmt":"2025-11-25T10:34:50","slug":"tracker-android-air-tag-schlusselfinder-smart-tag-kompatibel-mit-google-find-hub-app-nur-android-bluetooth-tracker-fur-schlussel-geldborse-fahrrad-koffer-austauschbare-batte","status":"publish","type":"product","link":"https:\/\/www.ralti.de\/?product=tracker-android-air-tag-schlusselfinder-smart-tag-kompatibel-mit-google-find-hub-app-nur-android-bluetooth-tracker-fur-schlussel-geldborse-fahrrad-koffer-austauschbare-batte","title":{"rendered":"Tracker Android Air Tag Schl\u00fcsselfinder, Smart Tag kompatibel mit Google \u201eFind Hub\u201c-App (nur Android), Bluetooth Tracker f\u00fcr Schl\u00fcssel, Geldb\u00f6rse, Fahrrad &#038; Koffer, austauschbare Batterie, 4er-Pack"},"content":{"rendered":"<p>\u3010Tracker Android ohne abo\u3011 Der Tracker Android ist ein von Google zertifizierter Smart Tag (nur f\u00fcr Android 9.0+), der sich nahtlos in die Google \u201eFind Hub\u201c-App integriert. So k\u00f6nnen Sie ohne Abonnementgeb\u00fchren Schl\u00fcssel, Geldb\u00f6rse, Rucksack, Koffer und andere wichtige Gegenst\u00e4nde weltweit schnell und sicher \u00fcber Ihr Android phone orten.<br \/>\n\u3010Globale &#038; pr\u00e4zise Ortung\u3011 Der Smart Tag Android ist mit einer Echtzeit-Abstandsanzeige ausgestattet, die Ihnen den exakten Abstand zu Ihrem Tracker Android anzeigt. In Kombination mit einem lauten Signalton (bis zu 75 dB) l\u00e4sst sich das Ziel schnell lokalisieren. Selbst wenn sich der Smart Tag Android au\u00dferhalb der Bluetooth-Reichweite befindet, k\u00f6nnen Sie den automatisch aktualisierten letzten Standort auf Google Maps sehen und sich dorthin navigieren lassen.<br \/>\n\u3010Verlustmodus\u3011 Sollten Sie auf Reisen oder im Freien Ihre Gegenst\u00e4nde samt Tracker Android verlieren, Sie k\u00f6nnen den Lost-Modus f\u00fcr Ihren Schl\u00fcsselfinder aktivieren. \u00dcber ein globales Netzwerk von Milliarden Android-Ger\u00e4ten erhalten Sie Unterst\u00fctzung bei der Suche. Sobald der Tracker Android erkannt wird, sendet das System die verschl\u00fcsselten Standortdaten sicher an Ihr Google-Konto.<br \/>\n\u3010Ger\u00e4tefreigabe &#038; einfache Nutzung\u3011 In der Google \u201eFind Hub\u201c-App k\u00f6nnen Sie den Standort Ihres Air Tracker Tag mit Familienmitgliedern oder Freunden teilen, um gemeinsam nach dem Gegenstand zu suchen. Air Tag Android Paarung ist einfach, Schalten Sie den Android Tag und Bluetooth ein, legen Sie ihn in die N\u00e4he Ihres Android-Smartphones, und die Einladung zur Verbindung erscheint automatisch \u2013 so k\u00f6nnen Sie den Komfort des Air Tag Android sofort genie\u00dfen.(Nicht kompatibel mit Huawei-Ger\u00e4ten.)<br \/>\n\u3010Datenschutz\u3011 Der Air Tag Android basiert auf dem sicheren Google \u201eFind Hub\u201c-Netzwerk. Alle Standortdaten werden verschl\u00fcsselt und anonymisiert, es werden keinerlei Standortinformationen oder -verl\u00e4ufe gespeichert, und s\u00e4mtliche Daten bleiben ausschlie\u00dflich in Ihrer Hand \u2013 f\u00fcr maximale Sicherheit.<br \/>\n\u3010IP67-Wasserschutz &#038; austauschbare Batterie\u3011 Dieser Schl\u00fcsselfinder ist nach IP67 wasserdicht und besonders langlebig \u2013 ideal f\u00fcr Outdoor-Aktivit\u00e4ten oder feuchte Umgebungen. Er wird mit einer CR2032-Knopfzellenbatterie betrieben, die \u00fcber ein Jahr h\u00e4lt. Das austauschbare Design erm\u00f6glicht es Ihnen, die Batterie bei Bedarf bequem zu ersetzen.<br \/>\n<div class=\"main-cross-sell\" data-asin=\"B0FLPN8YTW\">\n\n\t<div class=\"WooZone-cross-sell-loader\">\n\t\t<div>\n\t\t\t<div id=\"floatingBarsG\">\n\t\t\t\t<div class=\"blockG\" id=\"rotateG_01\"><\/div>\n\t\t\t\t<div class=\"blockG\" id=\"rotateG_02\"><\/div>\n\t\t\t\t<div class=\"blockG\" id=\"rotateG_03\"><\/div>\n\t\t\t\t<div class=\"blockG\" id=\"rotateG_04\"><\/div>\n\t\t\t\t<div class=\"blockG\" id=\"rotateG_05\"><\/div>\n\t\t\t\t<div class=\"blockG\" id=\"rotateG_06\"><\/div>\n\t\t\t\t<div class=\"blockG\" id=\"rotateG_07\"><\/div>\n\t\t\t\t<div class=\"blockG\" id=\"rotateG_08\"><\/div>\n\t\t\t<\/div>\n\t\t\t<div class=\"WooZone-cross-sell-loader-text\"><\/div>\n\t\t<\/div>\n\t<\/div>\n\n\t\t\n<\/div>\n<div style=\"clear:both;\"><\/div>\n","protected":false},"excerpt":{"rendered":"<p>\u3010Tracker Android ohne abo\u3011 Der Tracker Android ist ein von Google zertifizierter Smart Tag (nur f\u00fcr Android 9.0+), der sich nahtlos in die Google \u201eFind Hub\u201c-App integriert. So k\u00f6nnen Sie ohne Abonnementgeb\u00fchren Schl\u00fcssel, Geldb\u00f6rse, Rucksack, Koffer und andere wichtige Gegenst\u00e4nde weltweit schnell und sicher \u00fcber Ihr Android phone orten.<br \/>\n\u3010Globale &#038; pr\u00e4zise Ortung\u3011 Der Smart Tag Android ist mit einer Echtzeit-Abstandsanzeige ausgestattet, die Ihnen den exakten Abstand zu Ihrem Tracker Android anzeigt. In Kombination mit einem lauten Signalton (bis zu 75 dB) l\u00e4sst sich das Ziel schnell lokalisieren. Selbst wenn sich der Smart Tag Android au\u00dferhalb der Bluetooth-Reichweite befindet, k\u00f6nnen Sie den automatisch aktualisierten letzten Standort auf Google Maps sehen und sich dorthin navigieren lassen.<br \/>\n\u3010Verlustmodus\u3011 Sollten Sie auf Reisen oder im Freien Ihre Gegenst\u00e4nde samt Tracker Android verlieren, Sie k\u00f6nnen den Lost-Modus f\u00fcr Ihren Schl\u00fcsselfinder aktivieren. \u00dcber ein globales Netzwerk von Milliarden Android-Ger\u00e4ten erhalten Sie Unterst\u00fctzung bei der Suche. Sobald der Tracker Android erkannt wird, sendet das System die verschl\u00fcsselten Standortdaten sicher an Ihr Google-Konto.<\/p>\n","protected":false},"featured_media":8245,"comment_status":"open","ping_status":"closed","template":"","meta":{"_acf_changed":false},"product_brand":[],"product_cat":[234,232],"product_tag":[],"class_list":{"0":"post-8244","1":"product","2":"type-product","3":"status-publish","4":"has-post-thumbnail","6":"product_cat-gps-tracker","7":"product_cat-kommunikation","9":"first","10":"instock","11":"sale","12":"shipping-taxable","13":"product-type-external"},"acf":[],"yoast_head":"<!-- This site is optimized with the Yoast SEO plugin v27.3 - https:\/\/yoast.com\/product\/yoast-seo-wordpress\/ -->\n<title>Tracker Android Air Tag Schl\u00fcsselfinder, Smart Tag kompatibel mit Google \u201eFind Hub\u201c-App (nur Android), Bluetooth Tracker f\u00fcr Schl\u00fcssel, Geldb\u00f6rse, Fahrrad &amp; Koffer, austauschbare Batterie, 4er-Pack - Notfallvorsorge - Krisenvorsorge<\/title>\n<meta name=\"robots\" content=\"index, follow, max-snippet:-1, max-image-preview:large, max-video-preview:-1\" \/>\n<link rel=\"canonical\" href=\"https:\/\/www.ralti.de\/?product=tracker-android-air-tag-schlusselfinder-smart-tag-kompatibel-mit-google-find-hub-app-nur-android-bluetooth-tracker-fur-schlussel-geldborse-fahrrad-koffer-austauschbare-batte\" \/>\n<meta property=\"og:locale\" content=\"de_DE\" \/>\n<meta property=\"og:type\" content=\"article\" \/>\n<meta property=\"og:title\" content=\"Tracker Android Air Tag Schl\u00fcsselfinder, Smart Tag kompatibel mit Google \u201eFind Hub\u201c-App (nur Android), Bluetooth Tracker f\u00fcr Schl\u00fcssel, Geldb\u00f6rse, Fahrrad &amp; Koffer, austauschbare Batterie, 4er-Pack - Notfallvorsorge - Krisenvorsorge\" \/>\n<meta property=\"og:description\" content=\"\u3010Tracker Android ohne abo\u3011 Der Tracker Android ist ein von Google zertifizierter Smart Tag (nur f\u00fcr Android 9.0+), der sich nahtlos in die Google \u201eFind Hub\u201c-App integriert. So k\u00f6nnen Sie ohne Abonnementgeb\u00fchren Schl\u00fcssel, Geldb\u00f6rse, Rucksack, Koffer und andere wichtige Gegenst\u00e4nde weltweit schnell und sicher \u00fcber Ihr Android phone orten. \u3010Globale &amp; pr\u00e4zise Ortung\u3011 Der Smart Tag Android ist mit einer Echtzeit-Abstandsanzeige ausgestattet, die Ihnen den exakten Abstand zu Ihrem Tracker Android anzeigt. In Kombination mit einem lauten Signalton (bis zu 75 dB) l\u00e4sst sich das Ziel schnell lokalisieren. Selbst wenn sich der Smart Tag Android au\u00dferhalb der Bluetooth-Reichweite befindet, k\u00f6nnen Sie den automatisch aktualisierten letzten Standort auf Google Maps sehen und sich dorthin navigieren lassen. \u3010Verlustmodus\u3011 Sollten Sie auf Reisen oder im Freien Ihre Gegenst\u00e4nde samt Tracker Android verlieren, Sie k\u00f6nnen den Lost-Modus f\u00fcr Ihren Schl\u00fcsselfinder aktivieren. \u00dcber ein globales Netzwerk von Milliarden Android-Ger\u00e4ten erhalten Sie Unterst\u00fctzung bei der Suche. Sobald der Tracker Android erkannt wird, sendet das System die verschl\u00fcsselten Standortdaten sicher an Ihr Google-Konto.\" \/>\n<meta property=\"og:url\" content=\"https:\/\/www.ralti.de\/?product=tracker-android-air-tag-schlusselfinder-smart-tag-kompatibel-mit-google-find-hub-app-nur-android-bluetooth-tracker-fur-schlussel-geldborse-fahrrad-koffer-austauschbare-batte\" \/>\n<meta property=\"og:site_name\" content=\"Notfallvorsorge - Krisenvorsorge\" \/>\n<meta property=\"og:image\" content=\"https:\/\/m.media-amazon.com\/images\/I\/41-YzkQttvL.jpg\" \/>\n\t<meta property=\"og:image:width\" content=\"500\" \/>\n\t<meta property=\"og:image:height\" content=\"500\" \/>\n\t<meta property=\"og:image:type\" content=\"image\/jpeg\" \/>\n<meta name=\"twitter:card\" content=\"summary_large_image\" \/>\n<meta name=\"twitter:label1\" content=\"Gesch\u00e4tzte Lesezeit\" \/>\n\t<meta name=\"twitter:data1\" content=\"2\u00a0Minuten\" \/>\n<script type=\"application\/ld+json\" class=\"yoast-schema-graph\">{\"@context\":\"https:\\\/\\\/schema.org\",\"@graph\":[{\"@type\":\"WebPage\",\"@id\":\"https:\\\/\\\/www.ralti.de\\\/?product=tracker-android-air-tag-schlusselfinder-smart-tag-kompatibel-mit-google-find-hub-app-nur-android-bluetooth-tracker-fur-schlussel-geldborse-fahrrad-koffer-austauschbare-batte\",\"url\":\"https:\\\/\\\/www.ralti.de\\\/?product=tracker-android-air-tag-schlusselfinder-smart-tag-kompatibel-mit-google-find-hub-app-nur-android-bluetooth-tracker-fur-schlussel-geldborse-fahrrad-koffer-austauschbare-batte\",\"name\":\"Tracker Android Air Tag Schl\u00fcsselfinder, Smart Tag kompatibel mit Google \u201eFind Hub\u201c-App (nur Android), Bluetooth Tracker f\u00fcr Schl\u00fcssel, Geldb\u00f6rse, Fahrrad & Koffer, austauschbare Batterie, 4er-Pack - Notfallvorsorge - Krisenvorsorge\",\"isPartOf\":{\"@id\":\"https:\\\/\\\/www.ralti.de\\\/#website\"},\"primaryImageOfPage\":{\"@id\":\"https:\\\/\\\/www.ralti.de\\\/?product=tracker-android-air-tag-schlusselfinder-smart-tag-kompatibel-mit-google-find-hub-app-nur-android-bluetooth-tracker-fur-schlussel-geldborse-fahrrad-koffer-austauschbare-batte#primaryimage\"},\"image\":{\"@id\":\"https:\\\/\\\/www.ralti.de\\\/?product=tracker-android-air-tag-schlusselfinder-smart-tag-kompatibel-mit-google-find-hub-app-nur-android-bluetooth-tracker-fur-schlussel-geldborse-fahrrad-koffer-austauschbare-batte#primaryimage\"},\"thumbnailUrl\":\"https:\\\/\\\/m.media-amazon.com\\\/images\\\/I\\\/41-YzkQttvL.jpg\",\"datePublished\":\"2025-11-25T10:34:50+00:00\",\"breadcrumb\":{\"@id\":\"https:\\\/\\\/www.ralti.de\\\/?product=tracker-android-air-tag-schlusselfinder-smart-tag-kompatibel-mit-google-find-hub-app-nur-android-bluetooth-tracker-fur-schlussel-geldborse-fahrrad-koffer-austauschbare-batte#breadcrumb\"},\"inLanguage\":\"de\",\"potentialAction\":[{\"@type\":\"ReadAction\",\"target\":[\"https:\\\/\\\/www.ralti.de\\\/?product=tracker-android-air-tag-schlusselfinder-smart-tag-kompatibel-mit-google-find-hub-app-nur-android-bluetooth-tracker-fur-schlussel-geldborse-fahrrad-koffer-austauschbare-batte\"]}]},{\"@type\":\"ImageObject\",\"inLanguage\":\"de\",\"@id\":\"https:\\\/\\\/www.ralti.de\\\/?product=tracker-android-air-tag-schlusselfinder-smart-tag-kompatibel-mit-google-find-hub-app-nur-android-bluetooth-tracker-fur-schlussel-geldborse-fahrrad-koffer-austauschbare-batte#primaryimage\",\"url\":\"https:\\\/\\\/m.media-amazon.com\\\/images\\\/I\\\/41-YzkQttvL.jpg\",\"contentUrl\":\"https:\\\/\\\/m.media-amazon.com\\\/images\\\/I\\\/41-YzkQttvL.jpg\",\"width\":500,\"height\":500},{\"@type\":\"BreadcrumbList\",\"@id\":\"https:\\\/\\\/www.ralti.de\\\/?product=tracker-android-air-tag-schlusselfinder-smart-tag-kompatibel-mit-google-find-hub-app-nur-android-bluetooth-tracker-fur-schlussel-geldborse-fahrrad-koffer-austauschbare-batte#breadcrumb\",\"itemListElement\":[{\"@type\":\"ListItem\",\"position\":1,\"name\":\"Start\",\"item\":\"https:\\\/\\\/www.ralti.de\\\/\"},{\"@type\":\"ListItem\",\"position\":2,\"name\":\"Notfallartikel\",\"item\":\"https:\\\/\\\/www.ralti.de\\\/?page_id=14189\"},{\"@type\":\"ListItem\",\"position\":3,\"name\":\"Tracker Android Air Tag Schl\u00fcsselfinder, Smart Tag kompatibel mit Google \u201eFind Hub\u201c-App (nur Android), Bluetooth Tracker f\u00fcr Schl\u00fcssel, Geldb\u00f6rse, Fahrrad &#038; Koffer, austauschbare Batterie, 4er-Pack\"}]},{\"@type\":\"WebSite\",\"@id\":\"https:\\\/\\\/www.ralti.de\\\/#website\",\"url\":\"https:\\\/\\\/www.ralti.de\\\/\",\"name\":\"Ralti.de\",\"description\":\"Hier viele gute Angebote\",\"publisher\":{\"@id\":\"https:\\\/\\\/www.ralti.de\\\/#organization\"},\"potentialAction\":[{\"@type\":\"SearchAction\",\"target\":{\"@type\":\"EntryPoint\",\"urlTemplate\":\"https:\\\/\\\/www.ralti.de\\\/?s={search_term_string}\"},\"query-input\":{\"@type\":\"PropertyValueSpecification\",\"valueRequired\":true,\"valueName\":\"search_term_string\"}}],\"inLanguage\":\"de\"},{\"@type\":\"Organization\",\"@id\":\"https:\\\/\\\/www.ralti.de\\\/#organization\",\"name\":\"Ralti.de\",\"url\":\"https:\\\/\\\/www.ralti.de\\\/\",\"logo\":{\"@type\":\"ImageObject\",\"inLanguage\":\"de\",\"@id\":\"https:\\\/\\\/www.ralti.de\\\/#\\\/schema\\\/logo\\\/image\\\/\",\"url\":\"https:\\\/\\\/www.ralti.de\\\/wp-content\\\/uploads\\\/2025\\\/11\\\/ralti.png\",\"contentUrl\":\"https:\\\/\\\/www.ralti.de\\\/wp-content\\\/uploads\\\/2025\\\/11\\\/ralti.png\",\"width\":240,\"height\":75,\"caption\":\"Ralti.de\"},\"image\":{\"@id\":\"https:\\\/\\\/www.ralti.de\\\/#\\\/schema\\\/logo\\\/image\\\/\"}}]}<\/script>\n<!-- \/ Yoast SEO plugin. -->","yoast_head_json":{"title":"Tracker Android Air Tag Schl\u00fcsselfinder, Smart Tag kompatibel mit Google \u201eFind Hub\u201c-App (nur Android), Bluetooth Tracker f\u00fcr Schl\u00fcssel, Geldb\u00f6rse, Fahrrad & Koffer, austauschbare Batterie, 4er-Pack - Notfallvorsorge - Krisenvorsorge","robots":{"index":"index","follow":"follow","max-snippet":"max-snippet:-1","max-image-preview":"max-image-preview:large","max-video-preview":"max-video-preview:-1"},"canonical":"https:\/\/www.ralti.de\/?product=tracker-android-air-tag-schlusselfinder-smart-tag-kompatibel-mit-google-find-hub-app-nur-android-bluetooth-tracker-fur-schlussel-geldborse-fahrrad-koffer-austauschbare-batte","og_locale":"de_DE","og_type":"article","og_title":"Tracker Android Air Tag Schl\u00fcsselfinder, Smart Tag kompatibel mit Google \u201eFind Hub\u201c-App (nur Android), Bluetooth Tracker f\u00fcr Schl\u00fcssel, Geldb\u00f6rse, Fahrrad & Koffer, austauschbare Batterie, 4er-Pack - Notfallvorsorge - Krisenvorsorge","og_description":"\u3010Tracker Android ohne abo\u3011 Der Tracker Android ist ein von Google zertifizierter Smart Tag (nur f\u00fcr Android 9.0+), der sich nahtlos in die Google \u201eFind Hub\u201c-App integriert. So k\u00f6nnen Sie ohne Abonnementgeb\u00fchren Schl\u00fcssel, Geldb\u00f6rse, Rucksack, Koffer und andere wichtige Gegenst\u00e4nde weltweit schnell und sicher \u00fcber Ihr Android phone orten. \u3010Globale & pr\u00e4zise Ortung\u3011 Der Smart Tag Android ist mit einer Echtzeit-Abstandsanzeige ausgestattet, die Ihnen den exakten Abstand zu Ihrem Tracker Android anzeigt. In Kombination mit einem lauten Signalton (bis zu 75 dB) l\u00e4sst sich das Ziel schnell lokalisieren. Selbst wenn sich der Smart Tag Android au\u00dferhalb der Bluetooth-Reichweite befindet, k\u00f6nnen Sie den automatisch aktualisierten letzten Standort auf Google Maps sehen und sich dorthin navigieren lassen. \u3010Verlustmodus\u3011 Sollten Sie auf Reisen oder im Freien Ihre Gegenst\u00e4nde samt Tracker Android verlieren, Sie k\u00f6nnen den Lost-Modus f\u00fcr Ihren Schl\u00fcsselfinder aktivieren. \u00dcber ein globales Netzwerk von Milliarden Android-Ger\u00e4ten erhalten Sie Unterst\u00fctzung bei der Suche. Sobald der Tracker Android erkannt wird, sendet das System die verschl\u00fcsselten Standortdaten sicher an Ihr Google-Konto.","og_url":"https:\/\/www.ralti.de\/?product=tracker-android-air-tag-schlusselfinder-smart-tag-kompatibel-mit-google-find-hub-app-nur-android-bluetooth-tracker-fur-schlussel-geldborse-fahrrad-koffer-austauschbare-batte","og_site_name":"Notfallvorsorge - Krisenvorsorge","og_image":[{"width":500,"height":500,"url":"https:\/\/m.media-amazon.com\/images\/I\/41-YzkQttvL.jpg","type":"image\/jpeg"}],"twitter_card":"summary_large_image","twitter_misc":{"Gesch\u00e4tzte Lesezeit":"2\u00a0Minuten"},"schema":{"@context":"https:\/\/schema.org","@graph":[{"@type":"WebPage","@id":"https:\/\/www.ralti.de\/?product=tracker-android-air-tag-schlusselfinder-smart-tag-kompatibel-mit-google-find-hub-app-nur-android-bluetooth-tracker-fur-schlussel-geldborse-fahrrad-koffer-austauschbare-batte","url":"https:\/\/www.ralti.de\/?product=tracker-android-air-tag-schlusselfinder-smart-tag-kompatibel-mit-google-find-hub-app-nur-android-bluetooth-tracker-fur-schlussel-geldborse-fahrrad-koffer-austauschbare-batte","name":"Tracker Android Air Tag Schl\u00fcsselfinder, Smart Tag kompatibel mit Google \u201eFind Hub\u201c-App (nur Android), Bluetooth Tracker f\u00fcr Schl\u00fcssel, Geldb\u00f6rse, Fahrrad & Koffer, austauschbare Batterie, 4er-Pack - Notfallvorsorge - Krisenvorsorge","isPartOf":{"@id":"https:\/\/www.ralti.de\/#website"},"primaryImageOfPage":{"@id":"https:\/\/www.ralti.de\/?product=tracker-android-air-tag-schlusselfinder-smart-tag-kompatibel-mit-google-find-hub-app-nur-android-bluetooth-tracker-fur-schlussel-geldborse-fahrrad-koffer-austauschbare-batte#primaryimage"},"image":{"@id":"https:\/\/www.ralti.de\/?product=tracker-android-air-tag-schlusselfinder-smart-tag-kompatibel-mit-google-find-hub-app-nur-android-bluetooth-tracker-fur-schlussel-geldborse-fahrrad-koffer-austauschbare-batte#primaryimage"},"thumbnailUrl":"https:\/\/m.media-amazon.com\/images\/I\/41-YzkQttvL.jpg","datePublished":"2025-11-25T10:34:50+00:00","breadcrumb":{"@id":"https:\/\/www.ralti.de\/?product=tracker-android-air-tag-schlusselfinder-smart-tag-kompatibel-mit-google-find-hub-app-nur-android-bluetooth-tracker-fur-schlussel-geldborse-fahrrad-koffer-austauschbare-batte#breadcrumb"},"inLanguage":"de","potentialAction":[{"@type":"ReadAction","target":["https:\/\/www.ralti.de\/?product=tracker-android-air-tag-schlusselfinder-smart-tag-kompatibel-mit-google-find-hub-app-nur-android-bluetooth-tracker-fur-schlussel-geldborse-fahrrad-koffer-austauschbare-batte"]}]},{"@type":"ImageObject","inLanguage":"de","@id":"https:\/\/www.ralti.de\/?product=tracker-android-air-tag-schlusselfinder-smart-tag-kompatibel-mit-google-find-hub-app-nur-android-bluetooth-tracker-fur-schlussel-geldborse-fahrrad-koffer-austauschbare-batte#primaryimage","url":"https:\/\/m.media-amazon.com\/images\/I\/41-YzkQttvL.jpg","contentUrl":"https:\/\/m.media-amazon.com\/images\/I\/41-YzkQttvL.jpg","width":500,"height":500},{"@type":"BreadcrumbList","@id":"https:\/\/www.ralti.de\/?product=tracker-android-air-tag-schlusselfinder-smart-tag-kompatibel-mit-google-find-hub-app-nur-android-bluetooth-tracker-fur-schlussel-geldborse-fahrrad-koffer-austauschbare-batte#breadcrumb","itemListElement":[{"@type":"ListItem","position":1,"name":"Start","item":"https:\/\/www.ralti.de\/"},{"@type":"ListItem","position":2,"name":"Notfallartikel","item":"https:\/\/www.ralti.de\/?page_id=14189"},{"@type":"ListItem","position":3,"name":"Tracker Android Air Tag Schl\u00fcsselfinder, Smart Tag kompatibel mit Google \u201eFind Hub\u201c-App (nur Android), Bluetooth Tracker f\u00fcr Schl\u00fcssel, Geldb\u00f6rse, Fahrrad &#038; Koffer, austauschbare Batterie, 4er-Pack"}]},{"@type":"WebSite","@id":"https:\/\/www.ralti.de\/#website","url":"https:\/\/www.ralti.de\/","name":"Ralti.de","description":"Hier viele gute Angebote","publisher":{"@id":"https:\/\/www.ralti.de\/#organization"},"potentialAction":[{"@type":"SearchAction","target":{"@type":"EntryPoint","urlTemplate":"https:\/\/www.ralti.de\/?s={search_term_string}"},"query-input":{"@type":"PropertyValueSpecification","valueRequired":true,"valueName":"search_term_string"}}],"inLanguage":"de"},{"@type":"Organization","@id":"https:\/\/www.ralti.de\/#organization","name":"Ralti.de","url":"https:\/\/www.ralti.de\/","logo":{"@type":"ImageObject","inLanguage":"de","@id":"https:\/\/www.ralti.de\/#\/schema\/logo\/image\/","url":"https:\/\/www.ralti.de\/wp-content\/uploads\/2025\/11\/ralti.png","contentUrl":"https:\/\/www.ralti.de\/wp-content\/uploads\/2025\/11\/ralti.png","width":240,"height":75,"caption":"Ralti.de"},"image":{"@id":"https:\/\/www.ralti.de\/#\/schema\/logo\/image\/"}}]}},"_links":{"self":[{"href":"https:\/\/www.ralti.de\/index.php?rest_route=\/wp\/v2\/product\/8244","targetHints":{"allow":["GET"]}}],"collection":[{"href":"https:\/\/www.ralti.de\/index.php?rest_route=\/wp\/v2\/product"}],"about":[{"href":"https:\/\/www.ralti.de\/index.php?rest_route=\/wp\/v2\/types\/product"}],"replies":[{"embeddable":true,"href":"https:\/\/www.ralti.de\/index.php?rest_route=%2Fwp%2Fv2%2Fcomments&post=8244"}],"wp:featuredmedia":[{"embeddable":true,"href":"https:\/\/www.ralti.de\/index.php?rest_route=\/wp\/v2\/media\/8245"}],"wp:attachment":[{"href":"https:\/\/www.ralti.de\/index.php?rest_route=%2Fwp%2Fv2%2Fmedia&parent=8244"}],"wp:term":[{"taxonomy":"product_brand","embeddable":true,"href":"https:\/\/www.ralti.de\/index.php?rest_route=%2Fwp%2Fv2%2Fproduct_brand&post=8244"},{"taxonomy":"product_cat","embeddable":true,"href":"https:\/\/www.ralti.de\/index.php?rest_route=%2Fwp%2Fv2%2Fproduct_cat&post=8244"},{"taxonomy":"product_tag","embeddable":true,"href":"https:\/\/www.ralti.de\/index.php?rest_route=%2Fwp%2Fv2%2Fproduct_tag&post=8244"}],"curies":[{"name":"wp","href":"https:\/\/api.w.org\/{rel}","templated":true}]}}