{"id":8273,"date":"2025-11-25T10:38:24","date_gmt":"2025-11-25T10:38:24","guid":{"rendered":"https:\/\/www.ralti.de\/shop-2\/uncategorized\/ring-intercom-ring-outdoor-cam-2nd-gen-von-amazon\/"},"modified":"2025-11-25T10:38:24","modified_gmt":"2025-11-25T10:38:24","slug":"ring-intercom-ring-outdoor-cam-2nd-gen-von-amazon","status":"publish","type":"product","link":"https:\/\/www.ralti.de\/?product=ring-intercom-ring-outdoor-cam-2nd-gen-von-amazon","title":{"rendered":"Ring Intercom + Ring Outdoor Cam (2nd Gen) von Amazon"},"content":{"rendered":"<p>Dieses Bundle enth\u00e4lt 1 von Ring Intercom und 1 von Ring Outdoor Cam 2K<br \/>\nENTRIEGLE DIE T\u00dcR AUS DER FERNE UND VERPASSE KEINE BESUCHER MEHR: Mach deine Gegensprechanlage smart. Mit der kostenlosen Ring-App erh\u00e4ltst du Benachrichtigungen in Echtzeit auf deinem Smartphone und kannst den Geb\u00e4udeeingang von \u00fcberall aus entriegeln. Egal, ob du gerade in einem Meeting oder unterwegs bist \u2013 mit der Fernentriegelungsfunktion hast du stets die volle Kontrolle \u00fcber den Zugang.<br \/>\nRing Intercom kann auch dann genutzt werden, wenn du in einer Mietwohnung wohnst. Das System stellt eine Verbindung zu deiner Gegensprechanlage her und erfordert keine strukturellen Ver\u00e4nderungen an der Wohnung oder funktionale \u00c4nderungen an der gemeinsam genutzten Gegensprechanlage des Geb\u00e4udes.<br \/>\nSPRICH MIT G\u00c4STEN \u00dcBER DIE GEGENSPRECHFUNKTION: Sprich direkt mit Besuchern an deiner Gegensprechanlage \u2013 mit deinen Kindern, Freunden, Familienmitgliedern oder dem Amazon-Zustellfahrer \u2013 einfach \u00fcber dein Smartphone.<br \/>\nEINFACHE SELBSTMONTAGE: Verbinde Ring Intercom einfach mit deiner vorhandenen Gegensprechanlage \u2013 daf\u00fcr sind keine \u00c4nderungen am bestehenden System notwendig. Es ist kein Bohren und keine komplexe Montage erforderlich. Die mitgelieferten Klebestreifen erm\u00f6glichen eine schnelle und unkomplizierte Einrichtung \u2013 und k\u00f6nnen bei Auszug ebenso einfach wieder entfernt werden.<br \/>\nDEN ZUGANG F\u00dcR FREUNDE UND FAMILIE FREIGEBEN: Mit virtuellen Gastschl\u00fcsseln kannst du vertrauensw\u00fcrdigen Personen erlauben, sich einfach selbst Zugang zum Geb\u00e4ude zu verschaffen, damit sie nicht auf dich warten m\u00fcssen. \u00dcber die Ring-App legst du genau fest, wann und wie Personen das Geb\u00e4ude betreten d\u00fcrfen und kannst die Zugangsberechtigung jederzeit widerrufen. So hast du stets alles unter Kontrolle.<br \/>\nVERPASSE NIEMALS, WAS WICHTIG IST: Mit der bisher besten Bildqualit\u00e4t von Ring siehst du jedes Detail in brillanter 2K-Aufl\u00f6sung.<br \/>\nDIE GANZE NACHT LANG KLARE SICHT: Lebensechte Farben und Details in 2K-Aufl\u00f6sung bei D\u00e4mmerlicht dank D\u00e4mmerlicht-Bildoptimierung. Eine Stra\u00dfenlaterne in der N\u00e4he reicht aus, um jederzeit ein Bild in Farbe zu erhalten.<br \/>\nRING VISION: Ring Vision ist ein Ergebnis der Mischung von Expertenwissen, intelligentem Hardware-Design und modernster Software, um deine Heimsicherheit f\u00fcr dich zu optimieren und dabei herausragende Bildqualit\u00e4t zu bieten.<br \/>\nSPRACHSTEUERUNG \u00dcBER ALEXA: Die Bedienung deiner Gegensprechanlage war noch nie so einfach. Nutze Sprachbefehle \u00fcber Alexa, um mit Besuchern zu sprechen oder den Geb\u00e4udeeingang zu entriegeln.<br \/>\n<div class=\"main-cross-sell\" data-asin=\"B0FBXBV126\">\n\n\t<div class=\"WooZone-cross-sell-loader\">\n\t\t<div>\n\t\t\t<div id=\"floatingBarsG\">\n\t\t\t\t<div class=\"blockG\" id=\"rotateG_01\"><\/div>\n\t\t\t\t<div class=\"blockG\" id=\"rotateG_02\"><\/div>\n\t\t\t\t<div class=\"blockG\" id=\"rotateG_03\"><\/div>\n\t\t\t\t<div class=\"blockG\" id=\"rotateG_04\"><\/div>\n\t\t\t\t<div class=\"blockG\" id=\"rotateG_05\"><\/div>\n\t\t\t\t<div class=\"blockG\" id=\"rotateG_06\"><\/div>\n\t\t\t\t<div class=\"blockG\" id=\"rotateG_07\"><\/div>\n\t\t\t\t<div class=\"blockG\" id=\"rotateG_08\"><\/div>\n\t\t\t<\/div>\n\t\t\t<div class=\"WooZone-cross-sell-loader-text\"><\/div>\n\t\t<\/div>\n\t<\/div>\n\n\t\t\n<\/div>\n<div style=\"clear:both;\"><\/div>\n","protected":false},"excerpt":{"rendered":"<p>Dieses Bundle enth\u00e4lt 1 von Ring Intercom und 1 von Ring Outdoor Cam 2K<br \/>\nENTRIEGLE DIE T\u00dcR AUS DER FERNE UND VERPASSE KEINE BESUCHER MEHR: Mach deine Gegensprechanlage smart. Mit der kostenlosen Ring-App erh\u00e4ltst du Benachrichtigungen in Echtzeit auf deinem Smartphone und kannst den Geb\u00e4udeeingang von \u00fcberall aus entriegeln. Egal, ob du gerade in einem Meeting oder unterwegs bist \u2013 mit der Fernentriegelungsfunktion hast du stets die volle Kontrolle \u00fcber den Zugang.<br \/>\nRing Intercom kann auch dann genutzt werden, wenn du in einer Mietwohnung wohnst. Das System stellt eine Verbindung zu deiner Gegensprechanlage her und erfordert keine strukturellen Ver\u00e4nderungen an der Wohnung oder funktionale \u00c4nderungen an der gemeinsam genutzten Gegensprechanlage des Geb\u00e4udes.<\/p>\n","protected":false},"featured_media":8274,"comment_status":"open","ping_status":"closed","template":"","meta":{"_acf_changed":false},"product_brand":[],"product_cat":[232,233],"product_tag":[],"class_list":{"0":"post-8273","1":"product","2":"type-product","3":"status-publish","4":"has-post-thumbnail","6":"product_cat-kommunikation","7":"product_cat-ringkamera","9":"first","10":"instock","11":"sale","12":"shipping-taxable","13":"product-type-external"},"acf":[],"yoast_head":"<!-- This site is optimized with the Yoast SEO plugin v27.5 - https:\/\/yoast.com\/product\/yoast-seo-wordpress\/ -->\n<title>Ring Intercom + Ring Outdoor Cam (2nd Gen) von Amazon - Notfallvorsorge - Krisenvorsorge<\/title>\n<meta name=\"robots\" content=\"index, follow, max-snippet:-1, max-image-preview:large, max-video-preview:-1\" \/>\n<link rel=\"canonical\" href=\"https:\/\/www.ralti.de\/?product=ring-intercom-ring-outdoor-cam-2nd-gen-von-amazon\" \/>\n<meta property=\"og:locale\" content=\"de_DE\" \/>\n<meta property=\"og:type\" content=\"article\" \/>\n<meta property=\"og:title\" content=\"Ring Intercom + Ring Outdoor Cam (2nd Gen) von Amazon - Notfallvorsorge - Krisenvorsorge\" \/>\n<meta property=\"og:description\" content=\"Dieses Bundle enth\u00e4lt 1 von Ring Intercom und 1 von Ring Outdoor Cam 2K ENTRIEGLE DIE T\u00dcR AUS DER FERNE UND VERPASSE KEINE BESUCHER MEHR: Mach deine Gegensprechanlage smart. Mit der kostenlosen Ring-App erh\u00e4ltst du Benachrichtigungen in Echtzeit auf deinem Smartphone und kannst den Geb\u00e4udeeingang von \u00fcberall aus entriegeln. Egal, ob du gerade in einem Meeting oder unterwegs bist \u2013 mit der Fernentriegelungsfunktion hast du stets die volle Kontrolle \u00fcber den Zugang. Ring Intercom kann auch dann genutzt werden, wenn du in einer Mietwohnung wohnst. Das System stellt eine Verbindung zu deiner Gegensprechanlage her und erfordert keine strukturellen Ver\u00e4nderungen an der Wohnung oder funktionale \u00c4nderungen an der gemeinsam genutzten Gegensprechanlage des Geb\u00e4udes.\" \/>\n<meta property=\"og:url\" content=\"https:\/\/www.ralti.de\/?product=ring-intercom-ring-outdoor-cam-2nd-gen-von-amazon\" \/>\n<meta property=\"og:site_name\" content=\"Notfallvorsorge - Krisenvorsorge\" \/>\n<meta property=\"og:image\" content=\"https:\/\/m.media-amazon.com\/images\/I\/31gnKFa1PmL.jpg\" \/>\n\t<meta property=\"og:image:width\" content=\"500\" \/>\n\t<meta property=\"og:image:height\" content=\"500\" \/>\n\t<meta property=\"og:image:type\" content=\"image\/jpeg\" \/>\n<meta name=\"twitter:card\" content=\"summary_large_image\" \/>\n<meta name=\"twitter:label1\" content=\"Gesch\u00e4tzte Lesezeit\" \/>\n\t<meta name=\"twitter:data1\" content=\"2\u00a0Minuten\" \/>\n<script type=\"application\/ld+json\" class=\"yoast-schema-graph\">{\"@context\":\"https:\\\/\\\/schema.org\",\"@graph\":[{\"@type\":\"WebPage\",\"@id\":\"https:\\\/\\\/www.ralti.de\\\/?product=ring-intercom-ring-outdoor-cam-2nd-gen-von-amazon\",\"url\":\"https:\\\/\\\/www.ralti.de\\\/?product=ring-intercom-ring-outdoor-cam-2nd-gen-von-amazon\",\"name\":\"Ring Intercom + Ring Outdoor Cam (2nd Gen) von Amazon - Notfallvorsorge - Krisenvorsorge\",\"isPartOf\":{\"@id\":\"https:\\\/\\\/www.ralti.de\\\/#website\"},\"primaryImageOfPage\":{\"@id\":\"https:\\\/\\\/www.ralti.de\\\/?product=ring-intercom-ring-outdoor-cam-2nd-gen-von-amazon#primaryimage\"},\"image\":{\"@id\":\"https:\\\/\\\/www.ralti.de\\\/?product=ring-intercom-ring-outdoor-cam-2nd-gen-von-amazon#primaryimage\"},\"thumbnailUrl\":\"https:\\\/\\\/m.media-amazon.com\\\/images\\\/I\\\/31gnKFa1PmL.jpg\",\"datePublished\":\"2025-11-25T10:38:24+00:00\",\"breadcrumb\":{\"@id\":\"https:\\\/\\\/www.ralti.de\\\/?product=ring-intercom-ring-outdoor-cam-2nd-gen-von-amazon#breadcrumb\"},\"inLanguage\":\"de\",\"potentialAction\":[{\"@type\":\"ReadAction\",\"target\":[\"https:\\\/\\\/www.ralti.de\\\/?product=ring-intercom-ring-outdoor-cam-2nd-gen-von-amazon\"]}]},{\"@type\":\"ImageObject\",\"inLanguage\":\"de\",\"@id\":\"https:\\\/\\\/www.ralti.de\\\/?product=ring-intercom-ring-outdoor-cam-2nd-gen-von-amazon#primaryimage\",\"url\":\"https:\\\/\\\/m.media-amazon.com\\\/images\\\/I\\\/31gnKFa1PmL.jpg\",\"contentUrl\":\"https:\\\/\\\/m.media-amazon.com\\\/images\\\/I\\\/31gnKFa1PmL.jpg\",\"width\":500,\"height\":500},{\"@type\":\"BreadcrumbList\",\"@id\":\"https:\\\/\\\/www.ralti.de\\\/?product=ring-intercom-ring-outdoor-cam-2nd-gen-von-amazon#breadcrumb\",\"itemListElement\":[{\"@type\":\"ListItem\",\"position\":1,\"name\":\"Start\",\"item\":\"https:\\\/\\\/www.ralti.de\\\/\"},{\"@type\":\"ListItem\",\"position\":2,\"name\":\"Notfallartikel\",\"item\":\"https:\\\/\\\/www.ralti.de\\\/?page_id=14189\"},{\"@type\":\"ListItem\",\"position\":3,\"name\":\"Ring Intercom + Ring Outdoor Cam (2nd Gen) von Amazon\"}]},{\"@type\":\"WebSite\",\"@id\":\"https:\\\/\\\/www.ralti.de\\\/#website\",\"url\":\"https:\\\/\\\/www.ralti.de\\\/\",\"name\":\"Ralti.de\",\"description\":\"Hier viele gute Angebote\",\"publisher\":{\"@id\":\"https:\\\/\\\/www.ralti.de\\\/#organization\"},\"potentialAction\":[{\"@type\":\"SearchAction\",\"target\":{\"@type\":\"EntryPoint\",\"urlTemplate\":\"https:\\\/\\\/www.ralti.de\\\/?s={search_term_string}\"},\"query-input\":{\"@type\":\"PropertyValueSpecification\",\"valueRequired\":true,\"valueName\":\"search_term_string\"}}],\"inLanguage\":\"de\"},{\"@type\":\"Organization\",\"@id\":\"https:\\\/\\\/www.ralti.de\\\/#organization\",\"name\":\"Ralti.de\",\"url\":\"https:\\\/\\\/www.ralti.de\\\/\",\"logo\":{\"@type\":\"ImageObject\",\"inLanguage\":\"de\",\"@id\":\"https:\\\/\\\/www.ralti.de\\\/#\\\/schema\\\/logo\\\/image\\\/\",\"url\":\"https:\\\/\\\/www.ralti.de\\\/wp-content\\\/uploads\\\/2025\\\/11\\\/ralti.png\",\"contentUrl\":\"https:\\\/\\\/www.ralti.de\\\/wp-content\\\/uploads\\\/2025\\\/11\\\/ralti.png\",\"width\":240,\"height\":75,\"caption\":\"Ralti.de\"},\"image\":{\"@id\":\"https:\\\/\\\/www.ralti.de\\\/#\\\/schema\\\/logo\\\/image\\\/\"}}]}<\/script>\n<!-- \/ Yoast SEO plugin. -->","yoast_head_json":{"title":"Ring Intercom + Ring Outdoor Cam (2nd Gen) von Amazon - Notfallvorsorge - Krisenvorsorge","robots":{"index":"index","follow":"follow","max-snippet":"max-snippet:-1","max-image-preview":"max-image-preview:large","max-video-preview":"max-video-preview:-1"},"canonical":"https:\/\/www.ralti.de\/?product=ring-intercom-ring-outdoor-cam-2nd-gen-von-amazon","og_locale":"de_DE","og_type":"article","og_title":"Ring Intercom + Ring Outdoor Cam (2nd Gen) von Amazon - Notfallvorsorge - Krisenvorsorge","og_description":"Dieses Bundle enth\u00e4lt 1 von Ring Intercom und 1 von Ring Outdoor Cam 2K ENTRIEGLE DIE T\u00dcR AUS DER FERNE UND VERPASSE KEINE BESUCHER MEHR: Mach deine Gegensprechanlage smart. Mit der kostenlosen Ring-App erh\u00e4ltst du Benachrichtigungen in Echtzeit auf deinem Smartphone und kannst den Geb\u00e4udeeingang von \u00fcberall aus entriegeln. Egal, ob du gerade in einem Meeting oder unterwegs bist \u2013 mit der Fernentriegelungsfunktion hast du stets die volle Kontrolle \u00fcber den Zugang. Ring Intercom kann auch dann genutzt werden, wenn du in einer Mietwohnung wohnst. Das System stellt eine Verbindung zu deiner Gegensprechanlage her und erfordert keine strukturellen Ver\u00e4nderungen an der Wohnung oder funktionale \u00c4nderungen an der gemeinsam genutzten Gegensprechanlage des Geb\u00e4udes.","og_url":"https:\/\/www.ralti.de\/?product=ring-intercom-ring-outdoor-cam-2nd-gen-von-amazon","og_site_name":"Notfallvorsorge - Krisenvorsorge","og_image":[{"width":500,"height":500,"url":"https:\/\/m.media-amazon.com\/images\/I\/31gnKFa1PmL.jpg","type":"image\/jpeg"}],"twitter_card":"summary_large_image","twitter_misc":{"Gesch\u00e4tzte Lesezeit":"2\u00a0Minuten"},"schema":{"@context":"https:\/\/schema.org","@graph":[{"@type":"WebPage","@id":"https:\/\/www.ralti.de\/?product=ring-intercom-ring-outdoor-cam-2nd-gen-von-amazon","url":"https:\/\/www.ralti.de\/?product=ring-intercom-ring-outdoor-cam-2nd-gen-von-amazon","name":"Ring Intercom + Ring Outdoor Cam (2nd Gen) von Amazon - Notfallvorsorge - Krisenvorsorge","isPartOf":{"@id":"https:\/\/www.ralti.de\/#website"},"primaryImageOfPage":{"@id":"https:\/\/www.ralti.de\/?product=ring-intercom-ring-outdoor-cam-2nd-gen-von-amazon#primaryimage"},"image":{"@id":"https:\/\/www.ralti.de\/?product=ring-intercom-ring-outdoor-cam-2nd-gen-von-amazon#primaryimage"},"thumbnailUrl":"https:\/\/m.media-amazon.com\/images\/I\/31gnKFa1PmL.jpg","datePublished":"2025-11-25T10:38:24+00:00","breadcrumb":{"@id":"https:\/\/www.ralti.de\/?product=ring-intercom-ring-outdoor-cam-2nd-gen-von-amazon#breadcrumb"},"inLanguage":"de","potentialAction":[{"@type":"ReadAction","target":["https:\/\/www.ralti.de\/?product=ring-intercom-ring-outdoor-cam-2nd-gen-von-amazon"]}]},{"@type":"ImageObject","inLanguage":"de","@id":"https:\/\/www.ralti.de\/?product=ring-intercom-ring-outdoor-cam-2nd-gen-von-amazon#primaryimage","url":"https:\/\/m.media-amazon.com\/images\/I\/31gnKFa1PmL.jpg","contentUrl":"https:\/\/m.media-amazon.com\/images\/I\/31gnKFa1PmL.jpg","width":500,"height":500},{"@type":"BreadcrumbList","@id":"https:\/\/www.ralti.de\/?product=ring-intercom-ring-outdoor-cam-2nd-gen-von-amazon#breadcrumb","itemListElement":[{"@type":"ListItem","position":1,"name":"Start","item":"https:\/\/www.ralti.de\/"},{"@type":"ListItem","position":2,"name":"Notfallartikel","item":"https:\/\/www.ralti.de\/?page_id=14189"},{"@type":"ListItem","position":3,"name":"Ring Intercom + Ring Outdoor Cam (2nd Gen) von Amazon"}]},{"@type":"WebSite","@id":"https:\/\/www.ralti.de\/#website","url":"https:\/\/www.ralti.de\/","name":"Ralti.de","description":"Hier viele gute Angebote","publisher":{"@id":"https:\/\/www.ralti.de\/#organization"},"potentialAction":[{"@type":"SearchAction","target":{"@type":"EntryPoint","urlTemplate":"https:\/\/www.ralti.de\/?s={search_term_string}"},"query-input":{"@type":"PropertyValueSpecification","valueRequired":true,"valueName":"search_term_string"}}],"inLanguage":"de"},{"@type":"Organization","@id":"https:\/\/www.ralti.de\/#organization","name":"Ralti.de","url":"https:\/\/www.ralti.de\/","logo":{"@type":"ImageObject","inLanguage":"de","@id":"https:\/\/www.ralti.de\/#\/schema\/logo\/image\/","url":"https:\/\/www.ralti.de\/wp-content\/uploads\/2025\/11\/ralti.png","contentUrl":"https:\/\/www.ralti.de\/wp-content\/uploads\/2025\/11\/ralti.png","width":240,"height":75,"caption":"Ralti.de"},"image":{"@id":"https:\/\/www.ralti.de\/#\/schema\/logo\/image\/"}}]}},"_links":{"self":[{"href":"https:\/\/www.ralti.de\/index.php?rest_route=\/wp\/v2\/product\/8273","targetHints":{"allow":["GET"]}}],"collection":[{"href":"https:\/\/www.ralti.de\/index.php?rest_route=\/wp\/v2\/product"}],"about":[{"href":"https:\/\/www.ralti.de\/index.php?rest_route=\/wp\/v2\/types\/product"}],"replies":[{"embeddable":true,"href":"https:\/\/www.ralti.de\/index.php?rest_route=%2Fwp%2Fv2%2Fcomments&post=8273"}],"wp:featuredmedia":[{"embeddable":true,"href":"https:\/\/www.ralti.de\/index.php?rest_route=\/wp\/v2\/media\/8274"}],"wp:attachment":[{"href":"https:\/\/www.ralti.de\/index.php?rest_route=%2Fwp%2Fv2%2Fmedia&parent=8273"}],"wp:term":[{"taxonomy":"product_brand","embeddable":true,"href":"https:\/\/www.ralti.de\/index.php?rest_route=%2Fwp%2Fv2%2Fproduct_brand&post=8273"},{"taxonomy":"product_cat","embeddable":true,"href":"https:\/\/www.ralti.de\/index.php?rest_route=%2Fwp%2Fv2%2Fproduct_cat&post=8273"},{"taxonomy":"product_tag","embeddable":true,"href":"https:\/\/www.ralti.de\/index.php?rest_route=%2Fwp%2Fv2%2Fproduct_tag&post=8273"}],"curies":[{"name":"wp","href":"https:\/\/api.w.org\/{rel}","templated":true}]}}