{"id":8291,"date":"2025-11-25T10:38:27","date_gmt":"2025-11-25T10:38:27","guid":{"rendered":"https:\/\/www.ralti.de\/shop-2\/uncategorized\/ring-akku-videoturklingel-pro-battery-video-doorbell-pro-kabellose-videoturklingel-und-sicherheitskamera-kopf-bis-fus-aufnahme-3d-bewegungserfassung-nachtsicht-in-farbe-wlan\/"},"modified":"2025-11-25T10:38:27","modified_gmt":"2025-11-25T10:38:27","slug":"ring-akku-videoturklingel-pro-battery-video-doorbell-pro-kabellose-videoturklingel-und-sicherheitskamera-kopf-bis-fus-aufnahme-3d-bewegungserfassung-nachtsicht-in-farbe-wlan","status":"publish","type":"product","link":"https:\/\/www.ralti.de\/?product=ring-akku-videoturklingel-pro-battery-video-doorbell-pro-kabellose-videoturklingel-und-sicherheitskamera-kopf-bis-fus-aufnahme-3d-bewegungserfassung-nachtsicht-in-farbe-wlan","title":{"rendered":"Ring Akku-Videot\u00fcrklingel Pro (Battery Video Doorbell Pro) | Kabellose Videot\u00fcrklingel und Sicherheitskamera, Kopf-bis-Fu\u00df-Aufnahme, 3D-Bewegungserfassung, Nachtsicht in Farbe, WLAN"},"content":{"rendered":"<p>1536P-HD-VIDEO: Kabellose Videot\u00fcrklingel und Kamera mit erweitertem Sichtfeld dank 1536p-HD-Video. Damit du deine Besucher stets im Blick hast.<br \/>\nKOPF-BIS-FUSS-AUFNAHME: Behalte immer den \u00dcberblick, sowohl bei Paketlieferungen als auch wenn Besucher vor der Haust\u00fcr stehen.<br \/>\n3D-BEWEGUNGSERFASSUNG UND VOGELPERSPEKTIVENBEREICHE: Nutze die Kartenansicht, um genau nachzuverfolgen, wann und wo ein Bewegungsereignis begonnen hat.<br \/>\nD\u00c4MMERLICHT-BILDOPTIMIERUNG: Klare Sicht auf Ereignisse vor deiner Haust\u00fcr, sowohl bei Sonnenuntergang als auch nach Einbruch der Nacht.<br \/>\nPERSONENERFASSUNG UND PAKETBENACHRICHTIGUNGEN: Mit Paketbenachrichtigungen wei\u00dft du genau, wenn ein Paket zugestellt wird. \u00dcber die exklusiv im Ring Home-Abonnement (separat erh\u00e4ltlich) enthaltene Funktion wirst du benachrichtigt, wenn in einem festgelegten Bereich ein Paket erfasst wird*.<br \/>\nGEGENSPRECHFUNKTION: Sprich mit Besuchern an der Haust\u00fcr.<br \/>\nFUNKTIONIERT MIT ALEXA: In Verbindung mit einem Ring Chime oder einem kompatiblen Alexa-f\u00e4higen Ger\u00e4t kannst du Audio-Benachrichtigungen \u00fcberall in deinem Zuhause h\u00f6ren.<br \/>\nMEHR \u00dcBERBLICK. MEHR KONTROLLE.MEHR SICHERHEIT: Speichere deine aufgezeichneten Videos bis zu 180 Tage lang, um sie jederzeit noch einmal anzusehen. Lass dich benachrichtigen, wenn Personen an deiner T\u00fcr sind oder ein Paket abgelegt wurde und vieles mehr &#8211; mit einem Ring Home-Abonnement (separat erh\u00e4ltlich)*.<br \/>\n<div class=\"main-cross-sell\" data-asin=\"B0B2BNM4PV\">\n\n\t<div class=\"WooZone-cross-sell-loader\">\n\t\t<div>\n\t\t\t<div id=\"floatingBarsG\">\n\t\t\t\t<div class=\"blockG\" id=\"rotateG_01\"><\/div>\n\t\t\t\t<div class=\"blockG\" id=\"rotateG_02\"><\/div>\n\t\t\t\t<div class=\"blockG\" id=\"rotateG_03\"><\/div>\n\t\t\t\t<div class=\"blockG\" id=\"rotateG_04\"><\/div>\n\t\t\t\t<div class=\"blockG\" id=\"rotateG_05\"><\/div>\n\t\t\t\t<div class=\"blockG\" id=\"rotateG_06\"><\/div>\n\t\t\t\t<div class=\"blockG\" id=\"rotateG_07\"><\/div>\n\t\t\t\t<div class=\"blockG\" id=\"rotateG_08\"><\/div>\n\t\t\t<\/div>\n\t\t\t<div class=\"WooZone-cross-sell-loader-text\"><\/div>\n\t\t<\/div>\n\t<\/div>\n\n\t\t\n<\/div>\n<div style=\"clear:both;\"><\/div>\n","protected":false},"excerpt":{"rendered":"<p>1536P-HD-VIDEO: Kabellose Videot\u00fcrklingel und Kamera mit erweitertem Sichtfeld dank 1536p-HD-Video. Damit du deine Besucher stets im Blick hast.<br \/>\nKOPF-BIS-FUSS-AUFNAHME: Behalte immer den \u00dcberblick, sowohl bei Paketlieferungen als auch wenn Besucher vor der Haust\u00fcr stehen.<br \/>\n3D-BEWEGUNGSERFASSUNG UND VOGELPERSPEKTIVENBEREICHE: Nutze die Kartenansicht, um genau nachzuverfolgen, wann und wo ein Bewegungsereignis begonnen hat.<\/p>\n","protected":false},"featured_media":8292,"comment_status":"open","ping_status":"closed","template":"","meta":{"_acf_changed":false},"product_brand":[],"product_cat":[232,233],"product_tag":[],"class_list":{"0":"post-8291","1":"product","2":"type-product","3":"status-publish","4":"has-post-thumbnail","6":"product_cat-kommunikation","7":"product_cat-ringkamera","9":"first","10":"instock","11":"sale","12":"shipping-taxable","13":"product-type-external"},"acf":[],"yoast_head":"<!-- This site is optimized with the Yoast SEO plugin v27.3 - https:\/\/yoast.com\/product\/yoast-seo-wordpress\/ -->\n<title>Ring Akku-Videot\u00fcrklingel Pro (Battery Video Doorbell Pro) | Kabellose Videot\u00fcrklingel und Sicherheitskamera, Kopf-bis-Fu\u00df-Aufnahme, 3D-Bewegungserfassung, Nachtsicht in Farbe, WLAN - Notfallvorsorge - Krisenvorsorge<\/title>\n<meta name=\"robots\" content=\"index, follow, max-snippet:-1, max-image-preview:large, max-video-preview:-1\" \/>\n<link rel=\"canonical\" href=\"https:\/\/www.ralti.de\/?product=ring-akku-videoturklingel-pro-battery-video-doorbell-pro-kabellose-videoturklingel-und-sicherheitskamera-kopf-bis-fus-aufnahme-3d-bewegungserfassung-nachtsicht-in-farbe-wlan\" \/>\n<meta property=\"og:locale\" content=\"de_DE\" \/>\n<meta property=\"og:type\" content=\"article\" \/>\n<meta property=\"og:title\" content=\"Ring Akku-Videot\u00fcrklingel Pro (Battery Video Doorbell Pro) | Kabellose Videot\u00fcrklingel und Sicherheitskamera, Kopf-bis-Fu\u00df-Aufnahme, 3D-Bewegungserfassung, Nachtsicht in Farbe, WLAN - Notfallvorsorge - Krisenvorsorge\" \/>\n<meta property=\"og:description\" content=\"1536P-HD-VIDEO: Kabellose Videot\u00fcrklingel und Kamera mit erweitertem Sichtfeld dank 1536p-HD-Video. Damit du deine Besucher stets im Blick hast. KOPF-BIS-FUSS-AUFNAHME: Behalte immer den \u00dcberblick, sowohl bei Paketlieferungen als auch wenn Besucher vor der Haust\u00fcr stehen. 3D-BEWEGUNGSERFASSUNG UND VOGELPERSPEKTIVENBEREICHE: Nutze die Kartenansicht, um genau nachzuverfolgen, wann und wo ein Bewegungsereignis begonnen hat.\" \/>\n<meta property=\"og:url\" content=\"https:\/\/www.ralti.de\/?product=ring-akku-videoturklingel-pro-battery-video-doorbell-pro-kabellose-videoturklingel-und-sicherheitskamera-kopf-bis-fus-aufnahme-3d-bewegungserfassung-nachtsicht-in-farbe-wlan\" \/>\n<meta property=\"og:site_name\" content=\"Notfallvorsorge - Krisenvorsorge\" \/>\n<meta property=\"og:image\" content=\"https:\/\/m.media-amazon.com\/images\/I\/41xedTRmTIL.jpg\" \/>\n\t<meta property=\"og:image:width\" content=\"500\" \/>\n\t<meta property=\"og:image:height\" content=\"500\" \/>\n\t<meta property=\"og:image:type\" content=\"image\/jpeg\" \/>\n<meta name=\"twitter:card\" content=\"summary_large_image\" \/>\n<meta name=\"twitter:label1\" content=\"Gesch\u00e4tzte Lesezeit\" \/>\n\t<meta name=\"twitter:data1\" content=\"1\u00a0Minute\" \/>\n<script type=\"application\/ld+json\" class=\"yoast-schema-graph\">{\"@context\":\"https:\\\/\\\/schema.org\",\"@graph\":[{\"@type\":\"WebPage\",\"@id\":\"https:\\\/\\\/www.ralti.de\\\/?product=ring-akku-videoturklingel-pro-battery-video-doorbell-pro-kabellose-videoturklingel-und-sicherheitskamera-kopf-bis-fus-aufnahme-3d-bewegungserfassung-nachtsicht-in-farbe-wlan\",\"url\":\"https:\\\/\\\/www.ralti.de\\\/?product=ring-akku-videoturklingel-pro-battery-video-doorbell-pro-kabellose-videoturklingel-und-sicherheitskamera-kopf-bis-fus-aufnahme-3d-bewegungserfassung-nachtsicht-in-farbe-wlan\",\"name\":\"Ring Akku-Videot\u00fcrklingel Pro (Battery Video Doorbell Pro) | Kabellose Videot\u00fcrklingel und Sicherheitskamera, Kopf-bis-Fu\u00df-Aufnahme, 3D-Bewegungserfassung, Nachtsicht in Farbe, WLAN - Notfallvorsorge - Krisenvorsorge\",\"isPartOf\":{\"@id\":\"https:\\\/\\\/www.ralti.de\\\/#website\"},\"primaryImageOfPage\":{\"@id\":\"https:\\\/\\\/www.ralti.de\\\/?product=ring-akku-videoturklingel-pro-battery-video-doorbell-pro-kabellose-videoturklingel-und-sicherheitskamera-kopf-bis-fus-aufnahme-3d-bewegungserfassung-nachtsicht-in-farbe-wlan#primaryimage\"},\"image\":{\"@id\":\"https:\\\/\\\/www.ralti.de\\\/?product=ring-akku-videoturklingel-pro-battery-video-doorbell-pro-kabellose-videoturklingel-und-sicherheitskamera-kopf-bis-fus-aufnahme-3d-bewegungserfassung-nachtsicht-in-farbe-wlan#primaryimage\"},\"thumbnailUrl\":\"https:\\\/\\\/m.media-amazon.com\\\/images\\\/I\\\/41xedTRmTIL.jpg\",\"datePublished\":\"2025-11-25T10:38:27+00:00\",\"breadcrumb\":{\"@id\":\"https:\\\/\\\/www.ralti.de\\\/?product=ring-akku-videoturklingel-pro-battery-video-doorbell-pro-kabellose-videoturklingel-und-sicherheitskamera-kopf-bis-fus-aufnahme-3d-bewegungserfassung-nachtsicht-in-farbe-wlan#breadcrumb\"},\"inLanguage\":\"de\",\"potentialAction\":[{\"@type\":\"ReadAction\",\"target\":[\"https:\\\/\\\/www.ralti.de\\\/?product=ring-akku-videoturklingel-pro-battery-video-doorbell-pro-kabellose-videoturklingel-und-sicherheitskamera-kopf-bis-fus-aufnahme-3d-bewegungserfassung-nachtsicht-in-farbe-wlan\"]}]},{\"@type\":\"ImageObject\",\"inLanguage\":\"de\",\"@id\":\"https:\\\/\\\/www.ralti.de\\\/?product=ring-akku-videoturklingel-pro-battery-video-doorbell-pro-kabellose-videoturklingel-und-sicherheitskamera-kopf-bis-fus-aufnahme-3d-bewegungserfassung-nachtsicht-in-farbe-wlan#primaryimage\",\"url\":\"https:\\\/\\\/m.media-amazon.com\\\/images\\\/I\\\/41xedTRmTIL.jpg\",\"contentUrl\":\"https:\\\/\\\/m.media-amazon.com\\\/images\\\/I\\\/41xedTRmTIL.jpg\",\"width\":500,\"height\":500},{\"@type\":\"BreadcrumbList\",\"@id\":\"https:\\\/\\\/www.ralti.de\\\/?product=ring-akku-videoturklingel-pro-battery-video-doorbell-pro-kabellose-videoturklingel-und-sicherheitskamera-kopf-bis-fus-aufnahme-3d-bewegungserfassung-nachtsicht-in-farbe-wlan#breadcrumb\",\"itemListElement\":[{\"@type\":\"ListItem\",\"position\":1,\"name\":\"Start\",\"item\":\"https:\\\/\\\/www.ralti.de\\\/\"},{\"@type\":\"ListItem\",\"position\":2,\"name\":\"Notfallartikel\",\"item\":\"https:\\\/\\\/www.ralti.de\\\/?page_id=14189\"},{\"@type\":\"ListItem\",\"position\":3,\"name\":\"Ring Akku-Videot\u00fcrklingel Pro (Battery Video Doorbell Pro) | Kabellose Videot\u00fcrklingel und Sicherheitskamera, Kopf-bis-Fu\u00df-Aufnahme, 3D-Bewegungserfassung, Nachtsicht in Farbe, WLAN\"}]},{\"@type\":\"WebSite\",\"@id\":\"https:\\\/\\\/www.ralti.de\\\/#website\",\"url\":\"https:\\\/\\\/www.ralti.de\\\/\",\"name\":\"Ralti.de\",\"description\":\"Hier viele gute Angebote\",\"publisher\":{\"@id\":\"https:\\\/\\\/www.ralti.de\\\/#organization\"},\"potentialAction\":[{\"@type\":\"SearchAction\",\"target\":{\"@type\":\"EntryPoint\",\"urlTemplate\":\"https:\\\/\\\/www.ralti.de\\\/?s={search_term_string}\"},\"query-input\":{\"@type\":\"PropertyValueSpecification\",\"valueRequired\":true,\"valueName\":\"search_term_string\"}}],\"inLanguage\":\"de\"},{\"@type\":\"Organization\",\"@id\":\"https:\\\/\\\/www.ralti.de\\\/#organization\",\"name\":\"Ralti.de\",\"url\":\"https:\\\/\\\/www.ralti.de\\\/\",\"logo\":{\"@type\":\"ImageObject\",\"inLanguage\":\"de\",\"@id\":\"https:\\\/\\\/www.ralti.de\\\/#\\\/schema\\\/logo\\\/image\\\/\",\"url\":\"https:\\\/\\\/www.ralti.de\\\/wp-content\\\/uploads\\\/2025\\\/11\\\/ralti.png\",\"contentUrl\":\"https:\\\/\\\/www.ralti.de\\\/wp-content\\\/uploads\\\/2025\\\/11\\\/ralti.png\",\"width\":240,\"height\":75,\"caption\":\"Ralti.de\"},\"image\":{\"@id\":\"https:\\\/\\\/www.ralti.de\\\/#\\\/schema\\\/logo\\\/image\\\/\"}}]}<\/script>\n<!-- \/ Yoast SEO plugin. -->","yoast_head_json":{"title":"Ring Akku-Videot\u00fcrklingel Pro (Battery Video Doorbell Pro) | Kabellose Videot\u00fcrklingel und Sicherheitskamera, Kopf-bis-Fu\u00df-Aufnahme, 3D-Bewegungserfassung, Nachtsicht in Farbe, WLAN - Notfallvorsorge - Krisenvorsorge","robots":{"index":"index","follow":"follow","max-snippet":"max-snippet:-1","max-image-preview":"max-image-preview:large","max-video-preview":"max-video-preview:-1"},"canonical":"https:\/\/www.ralti.de\/?product=ring-akku-videoturklingel-pro-battery-video-doorbell-pro-kabellose-videoturklingel-und-sicherheitskamera-kopf-bis-fus-aufnahme-3d-bewegungserfassung-nachtsicht-in-farbe-wlan","og_locale":"de_DE","og_type":"article","og_title":"Ring Akku-Videot\u00fcrklingel Pro (Battery Video Doorbell Pro) | Kabellose Videot\u00fcrklingel und Sicherheitskamera, Kopf-bis-Fu\u00df-Aufnahme, 3D-Bewegungserfassung, Nachtsicht in Farbe, WLAN - Notfallvorsorge - Krisenvorsorge","og_description":"1536P-HD-VIDEO: Kabellose Videot\u00fcrklingel und Kamera mit erweitertem Sichtfeld dank 1536p-HD-Video. Damit du deine Besucher stets im Blick hast. KOPF-BIS-FUSS-AUFNAHME: Behalte immer den \u00dcberblick, sowohl bei Paketlieferungen als auch wenn Besucher vor der Haust\u00fcr stehen. 3D-BEWEGUNGSERFASSUNG UND VOGELPERSPEKTIVENBEREICHE: Nutze die Kartenansicht, um genau nachzuverfolgen, wann und wo ein Bewegungsereignis begonnen hat.","og_url":"https:\/\/www.ralti.de\/?product=ring-akku-videoturklingel-pro-battery-video-doorbell-pro-kabellose-videoturklingel-und-sicherheitskamera-kopf-bis-fus-aufnahme-3d-bewegungserfassung-nachtsicht-in-farbe-wlan","og_site_name":"Notfallvorsorge - Krisenvorsorge","og_image":[{"width":500,"height":500,"url":"https:\/\/m.media-amazon.com\/images\/I\/41xedTRmTIL.jpg","type":"image\/jpeg"}],"twitter_card":"summary_large_image","twitter_misc":{"Gesch\u00e4tzte Lesezeit":"1\u00a0Minute"},"schema":{"@context":"https:\/\/schema.org","@graph":[{"@type":"WebPage","@id":"https:\/\/www.ralti.de\/?product=ring-akku-videoturklingel-pro-battery-video-doorbell-pro-kabellose-videoturklingel-und-sicherheitskamera-kopf-bis-fus-aufnahme-3d-bewegungserfassung-nachtsicht-in-farbe-wlan","url":"https:\/\/www.ralti.de\/?product=ring-akku-videoturklingel-pro-battery-video-doorbell-pro-kabellose-videoturklingel-und-sicherheitskamera-kopf-bis-fus-aufnahme-3d-bewegungserfassung-nachtsicht-in-farbe-wlan","name":"Ring Akku-Videot\u00fcrklingel Pro (Battery Video Doorbell Pro) | Kabellose Videot\u00fcrklingel und Sicherheitskamera, Kopf-bis-Fu\u00df-Aufnahme, 3D-Bewegungserfassung, Nachtsicht in Farbe, WLAN - Notfallvorsorge - Krisenvorsorge","isPartOf":{"@id":"https:\/\/www.ralti.de\/#website"},"primaryImageOfPage":{"@id":"https:\/\/www.ralti.de\/?product=ring-akku-videoturklingel-pro-battery-video-doorbell-pro-kabellose-videoturklingel-und-sicherheitskamera-kopf-bis-fus-aufnahme-3d-bewegungserfassung-nachtsicht-in-farbe-wlan#primaryimage"},"image":{"@id":"https:\/\/www.ralti.de\/?product=ring-akku-videoturklingel-pro-battery-video-doorbell-pro-kabellose-videoturklingel-und-sicherheitskamera-kopf-bis-fus-aufnahme-3d-bewegungserfassung-nachtsicht-in-farbe-wlan#primaryimage"},"thumbnailUrl":"https:\/\/m.media-amazon.com\/images\/I\/41xedTRmTIL.jpg","datePublished":"2025-11-25T10:38:27+00:00","breadcrumb":{"@id":"https:\/\/www.ralti.de\/?product=ring-akku-videoturklingel-pro-battery-video-doorbell-pro-kabellose-videoturklingel-und-sicherheitskamera-kopf-bis-fus-aufnahme-3d-bewegungserfassung-nachtsicht-in-farbe-wlan#breadcrumb"},"inLanguage":"de","potentialAction":[{"@type":"ReadAction","target":["https:\/\/www.ralti.de\/?product=ring-akku-videoturklingel-pro-battery-video-doorbell-pro-kabellose-videoturklingel-und-sicherheitskamera-kopf-bis-fus-aufnahme-3d-bewegungserfassung-nachtsicht-in-farbe-wlan"]}]},{"@type":"ImageObject","inLanguage":"de","@id":"https:\/\/www.ralti.de\/?product=ring-akku-videoturklingel-pro-battery-video-doorbell-pro-kabellose-videoturklingel-und-sicherheitskamera-kopf-bis-fus-aufnahme-3d-bewegungserfassung-nachtsicht-in-farbe-wlan#primaryimage","url":"https:\/\/m.media-amazon.com\/images\/I\/41xedTRmTIL.jpg","contentUrl":"https:\/\/m.media-amazon.com\/images\/I\/41xedTRmTIL.jpg","width":500,"height":500},{"@type":"BreadcrumbList","@id":"https:\/\/www.ralti.de\/?product=ring-akku-videoturklingel-pro-battery-video-doorbell-pro-kabellose-videoturklingel-und-sicherheitskamera-kopf-bis-fus-aufnahme-3d-bewegungserfassung-nachtsicht-in-farbe-wlan#breadcrumb","itemListElement":[{"@type":"ListItem","position":1,"name":"Start","item":"https:\/\/www.ralti.de\/"},{"@type":"ListItem","position":2,"name":"Notfallartikel","item":"https:\/\/www.ralti.de\/?page_id=14189"},{"@type":"ListItem","position":3,"name":"Ring Akku-Videot\u00fcrklingel Pro (Battery Video Doorbell Pro) | Kabellose Videot\u00fcrklingel und Sicherheitskamera, Kopf-bis-Fu\u00df-Aufnahme, 3D-Bewegungserfassung, Nachtsicht in Farbe, WLAN"}]},{"@type":"WebSite","@id":"https:\/\/www.ralti.de\/#website","url":"https:\/\/www.ralti.de\/","name":"Ralti.de","description":"Hier viele gute Angebote","publisher":{"@id":"https:\/\/www.ralti.de\/#organization"},"potentialAction":[{"@type":"SearchAction","target":{"@type":"EntryPoint","urlTemplate":"https:\/\/www.ralti.de\/?s={search_term_string}"},"query-input":{"@type":"PropertyValueSpecification","valueRequired":true,"valueName":"search_term_string"}}],"inLanguage":"de"},{"@type":"Organization","@id":"https:\/\/www.ralti.de\/#organization","name":"Ralti.de","url":"https:\/\/www.ralti.de\/","logo":{"@type":"ImageObject","inLanguage":"de","@id":"https:\/\/www.ralti.de\/#\/schema\/logo\/image\/","url":"https:\/\/www.ralti.de\/wp-content\/uploads\/2025\/11\/ralti.png","contentUrl":"https:\/\/www.ralti.de\/wp-content\/uploads\/2025\/11\/ralti.png","width":240,"height":75,"caption":"Ralti.de"},"image":{"@id":"https:\/\/www.ralti.de\/#\/schema\/logo\/image\/"}}]}},"_links":{"self":[{"href":"https:\/\/www.ralti.de\/index.php?rest_route=\/wp\/v2\/product\/8291","targetHints":{"allow":["GET"]}}],"collection":[{"href":"https:\/\/www.ralti.de\/index.php?rest_route=\/wp\/v2\/product"}],"about":[{"href":"https:\/\/www.ralti.de\/index.php?rest_route=\/wp\/v2\/types\/product"}],"replies":[{"embeddable":true,"href":"https:\/\/www.ralti.de\/index.php?rest_route=%2Fwp%2Fv2%2Fcomments&post=8291"}],"wp:featuredmedia":[{"embeddable":true,"href":"https:\/\/www.ralti.de\/index.php?rest_route=\/wp\/v2\/media\/8292"}],"wp:attachment":[{"href":"https:\/\/www.ralti.de\/index.php?rest_route=%2Fwp%2Fv2%2Fmedia&parent=8291"}],"wp:term":[{"taxonomy":"product_brand","embeddable":true,"href":"https:\/\/www.ralti.de\/index.php?rest_route=%2Fwp%2Fv2%2Fproduct_brand&post=8291"},{"taxonomy":"product_cat","embeddable":true,"href":"https:\/\/www.ralti.de\/index.php?rest_route=%2Fwp%2Fv2%2Fproduct_cat&post=8291"},{"taxonomy":"product_tag","embeddable":true,"href":"https:\/\/www.ralti.de\/index.php?rest_route=%2Fwp%2Fv2%2Fproduct_tag&post=8291"}],"curies":[{"name":"wp","href":"https:\/\/api.w.org\/{rel}","templated":true}]}}