{"id":8431,"date":"2025-11-25T10:47:45","date_gmt":"2025-11-25T10:47:45","guid":{"rendered":"https:\/\/www.ralti.de\/shop-2\/uncategorized\/zoleo-hartschalen-tragetasche-fur-zoleo-satellitenkommunikator-globale-sms-text-messenger\/"},"modified":"2025-11-25T10:47:45","modified_gmt":"2025-11-25T10:47:45","slug":"zoleo-hartschalen-tragetasche-fur-zoleo-satellitenkommunikator-globale-sms-text-messenger","status":"publish","type":"product","link":"https:\/\/www.ralti.de\/?product=zoleo-hartschalen-tragetasche-fur-zoleo-satellitenkommunikator-globale-sms-text-messenger","title":{"rendered":"ZOLEO Hartschalen-Tragetasche f\u00fcr ZOLEO Satellitenkommunikator, globale SMS-Text-Messenger"},"content":{"rendered":"<p><!-- show up to 2 reviews by default --><br \/>\nLanglebiger Schutz \u2013 Robuste ZOLEO Tragetasche zum Schutz Ihres Satellitenkommunikators vor St\u00fcrzen, Staub und Kratzern bei Outdoor-Abenteuern.<br \/>\nPerfekte Passform: Die geformte Hartschale sorgt f\u00fcr einen sicheren Sitz f\u00fcr Ihr ZOLEO Ger\u00e4t, damit es sicher und zug\u00e4nglich ist, wenn Sie es am meisten brauchen.<br \/>\nKompakt und leicht \u2013 Starke, kompakte, leichte Tasche mit Netztasche f\u00fcr Kabel, Ladeger\u00e4t und andere kleine Gegenst\u00e4nde zum Mitnehmen, elastische Gurte in der Unterseite, um ein Herunterfallen des ZOLEO Satellitenkommunikators zu vermeiden<br \/>\nOUTDOOR READY &#8211; Ideal for hiking, camping, hunting, boating, and emergency preparedness; keeps your ZOLEO satellite communicator safe anywhere.<br \/>\nWetterfeste H\u00fclle \u2013 sch\u00fctzt Ihren ZOLEO Satellitenkommunikator vor leichtem Regen, Spritzern und harten Au\u00dfenbedingungen.<br \/>\nZOLEO Nicht im Lieferumfang enthalten \u2013 nur Tragetasche.<br \/>\n<div class=\"main-cross-sell\" data-asin=\"B0FNX9GVGG\">\n\n\t<div class=\"WooZone-cross-sell-loader\">\n\t\t<div>\n\t\t\t<div id=\"floatingBarsG\">\n\t\t\t\t<div class=\"blockG\" id=\"rotateG_01\"><\/div>\n\t\t\t\t<div class=\"blockG\" id=\"rotateG_02\"><\/div>\n\t\t\t\t<div class=\"blockG\" id=\"rotateG_03\"><\/div>\n\t\t\t\t<div class=\"blockG\" id=\"rotateG_04\"><\/div>\n\t\t\t\t<div class=\"blockG\" id=\"rotateG_05\"><\/div>\n\t\t\t\t<div class=\"blockG\" id=\"rotateG_06\"><\/div>\n\t\t\t\t<div class=\"blockG\" id=\"rotateG_07\"><\/div>\n\t\t\t\t<div class=\"blockG\" id=\"rotateG_08\"><\/div>\n\t\t\t<\/div>\n\t\t\t<div class=\"WooZone-cross-sell-loader-text\"><\/div>\n\t\t<\/div>\n\t<\/div>\n\n\t\t\n<\/div>\n<div style=\"clear:both;\"><\/div>\n","protected":false},"excerpt":{"rendered":"<p>Langlebiger Schutz \u2013 Robuste ZOLEO Tragetasche zum Schutz Ihres Satellitenkommunikators vor St\u00fcrzen, Staub und Kratzern bei Outdoor-Abenteuern.<br \/>\nPerfekte Passform: Die geformte Hartschale sorgt f\u00fcr einen sicheren Sitz f\u00fcr Ihr ZOLEO Ger\u00e4t, damit es sicher und zug\u00e4nglich ist, wenn Sie es am meisten brauchen.<br \/>\nKompakt und leicht \u2013 Starke, kompakte, leichte Tasche mit Netztasche f\u00fcr Kabel, Ladeger\u00e4t und andere kleine Gegenst\u00e4nde zum Mitnehmen, elastische Gurte in der Unterseite, um ein Herunterfallen des ZOLEO Satellitenkommunikators zu vermeiden<\/p>\n","protected":false},"featured_media":8432,"comment_status":"open","ping_status":"closed","template":"","meta":{"_acf_changed":false},"product_brand":[],"product_cat":[232,237],"product_tag":[],"class_list":{"0":"post-8431","1":"product","2":"type-product","3":"status-publish","4":"has-post-thumbnail","6":"product_cat-kommunikation","7":"product_cat-satellitenkommunikatoren","9":"first","10":"instock","11":"shipping-taxable","12":"product-type-external"},"acf":[],"yoast_head":"<!-- This site is optimized with the Yoast SEO plugin v27.5 - https:\/\/yoast.com\/product\/yoast-seo-wordpress\/ -->\n<title>ZOLEO Hartschalen-Tragetasche f\u00fcr ZOLEO Satellitenkommunikator, globale SMS-Text-Messenger - Notfallvorsorge - Krisenvorsorge<\/title>\n<meta name=\"robots\" content=\"index, follow, max-snippet:-1, max-image-preview:large, max-video-preview:-1\" \/>\n<link rel=\"canonical\" href=\"https:\/\/www.ralti.de\/?product=zoleo-hartschalen-tragetasche-fur-zoleo-satellitenkommunikator-globale-sms-text-messenger\" \/>\n<meta property=\"og:locale\" content=\"de_DE\" \/>\n<meta property=\"og:type\" content=\"article\" \/>\n<meta property=\"og:title\" content=\"ZOLEO Hartschalen-Tragetasche f\u00fcr ZOLEO Satellitenkommunikator, globale SMS-Text-Messenger - Notfallvorsorge - Krisenvorsorge\" \/>\n<meta property=\"og:description\" content=\"Langlebiger Schutz \u2013 Robuste ZOLEO Tragetasche zum Schutz Ihres Satellitenkommunikators vor St\u00fcrzen, Staub und Kratzern bei Outdoor-Abenteuern. Perfekte Passform: Die geformte Hartschale sorgt f\u00fcr einen sicheren Sitz f\u00fcr Ihr ZOLEO Ger\u00e4t, damit es sicher und zug\u00e4nglich ist, wenn Sie es am meisten brauchen. Kompakt und leicht \u2013 Starke, kompakte, leichte Tasche mit Netztasche f\u00fcr Kabel, Ladeger\u00e4t und andere kleine Gegenst\u00e4nde zum Mitnehmen, elastische Gurte in der Unterseite, um ein Herunterfallen des ZOLEO Satellitenkommunikators zu vermeiden\" \/>\n<meta property=\"og:url\" content=\"https:\/\/www.ralti.de\/?product=zoleo-hartschalen-tragetasche-fur-zoleo-satellitenkommunikator-globale-sms-text-messenger\" \/>\n<meta property=\"og:site_name\" content=\"Notfallvorsorge - Krisenvorsorge\" \/>\n<meta property=\"og:image\" content=\"https:\/\/m.media-amazon.com\/images\/I\/31G5iddtydL.jpg\" \/>\n\t<meta property=\"og:image:width\" content=\"500\" \/>\n\t<meta property=\"og:image:height\" content=\"500\" \/>\n\t<meta property=\"og:image:type\" content=\"image\/jpeg\" \/>\n<meta name=\"twitter:card\" content=\"summary_large_image\" \/>\n<meta name=\"twitter:label1\" content=\"Gesch\u00e4tzte Lesezeit\" \/>\n\t<meta name=\"twitter:data1\" content=\"1\u00a0Minute\" \/>\n<script type=\"application\/ld+json\" class=\"yoast-schema-graph\">{\"@context\":\"https:\\\/\\\/schema.org\",\"@graph\":[{\"@type\":\"WebPage\",\"@id\":\"https:\\\/\\\/www.ralti.de\\\/?product=zoleo-hartschalen-tragetasche-fur-zoleo-satellitenkommunikator-globale-sms-text-messenger\",\"url\":\"https:\\\/\\\/www.ralti.de\\\/?product=zoleo-hartschalen-tragetasche-fur-zoleo-satellitenkommunikator-globale-sms-text-messenger\",\"name\":\"ZOLEO Hartschalen-Tragetasche f\u00fcr ZOLEO Satellitenkommunikator, globale SMS-Text-Messenger - Notfallvorsorge - Krisenvorsorge\",\"isPartOf\":{\"@id\":\"https:\\\/\\\/www.ralti.de\\\/#website\"},\"primaryImageOfPage\":{\"@id\":\"https:\\\/\\\/www.ralti.de\\\/?product=zoleo-hartschalen-tragetasche-fur-zoleo-satellitenkommunikator-globale-sms-text-messenger#primaryimage\"},\"image\":{\"@id\":\"https:\\\/\\\/www.ralti.de\\\/?product=zoleo-hartschalen-tragetasche-fur-zoleo-satellitenkommunikator-globale-sms-text-messenger#primaryimage\"},\"thumbnailUrl\":\"https:\\\/\\\/m.media-amazon.com\\\/images\\\/I\\\/31G5iddtydL.jpg\",\"datePublished\":\"2025-11-25T10:47:45+00:00\",\"breadcrumb\":{\"@id\":\"https:\\\/\\\/www.ralti.de\\\/?product=zoleo-hartschalen-tragetasche-fur-zoleo-satellitenkommunikator-globale-sms-text-messenger#breadcrumb\"},\"inLanguage\":\"de\",\"potentialAction\":[{\"@type\":\"ReadAction\",\"target\":[\"https:\\\/\\\/www.ralti.de\\\/?product=zoleo-hartschalen-tragetasche-fur-zoleo-satellitenkommunikator-globale-sms-text-messenger\"]}]},{\"@type\":\"ImageObject\",\"inLanguage\":\"de\",\"@id\":\"https:\\\/\\\/www.ralti.de\\\/?product=zoleo-hartschalen-tragetasche-fur-zoleo-satellitenkommunikator-globale-sms-text-messenger#primaryimage\",\"url\":\"https:\\\/\\\/m.media-amazon.com\\\/images\\\/I\\\/31G5iddtydL.jpg\",\"contentUrl\":\"https:\\\/\\\/m.media-amazon.com\\\/images\\\/I\\\/31G5iddtydL.jpg\",\"width\":500,\"height\":500},{\"@type\":\"BreadcrumbList\",\"@id\":\"https:\\\/\\\/www.ralti.de\\\/?product=zoleo-hartschalen-tragetasche-fur-zoleo-satellitenkommunikator-globale-sms-text-messenger#breadcrumb\",\"itemListElement\":[{\"@type\":\"ListItem\",\"position\":1,\"name\":\"Start\",\"item\":\"https:\\\/\\\/www.ralti.de\\\/\"},{\"@type\":\"ListItem\",\"position\":2,\"name\":\"Notfallartikel\",\"item\":\"https:\\\/\\\/www.ralti.de\\\/?page_id=14189\"},{\"@type\":\"ListItem\",\"position\":3,\"name\":\"ZOLEO Hartschalen-Tragetasche f\u00fcr ZOLEO Satellitenkommunikator, globale SMS-Text-Messenger\"}]},{\"@type\":\"WebSite\",\"@id\":\"https:\\\/\\\/www.ralti.de\\\/#website\",\"url\":\"https:\\\/\\\/www.ralti.de\\\/\",\"name\":\"Ralti.de\",\"description\":\"Hier viele gute Angebote\",\"publisher\":{\"@id\":\"https:\\\/\\\/www.ralti.de\\\/#organization\"},\"potentialAction\":[{\"@type\":\"SearchAction\",\"target\":{\"@type\":\"EntryPoint\",\"urlTemplate\":\"https:\\\/\\\/www.ralti.de\\\/?s={search_term_string}\"},\"query-input\":{\"@type\":\"PropertyValueSpecification\",\"valueRequired\":true,\"valueName\":\"search_term_string\"}}],\"inLanguage\":\"de\"},{\"@type\":\"Organization\",\"@id\":\"https:\\\/\\\/www.ralti.de\\\/#organization\",\"name\":\"Ralti.de\",\"url\":\"https:\\\/\\\/www.ralti.de\\\/\",\"logo\":{\"@type\":\"ImageObject\",\"inLanguage\":\"de\",\"@id\":\"https:\\\/\\\/www.ralti.de\\\/#\\\/schema\\\/logo\\\/image\\\/\",\"url\":\"https:\\\/\\\/www.ralti.de\\\/wp-content\\\/uploads\\\/2025\\\/11\\\/ralti.png\",\"contentUrl\":\"https:\\\/\\\/www.ralti.de\\\/wp-content\\\/uploads\\\/2025\\\/11\\\/ralti.png\",\"width\":240,\"height\":75,\"caption\":\"Ralti.de\"},\"image\":{\"@id\":\"https:\\\/\\\/www.ralti.de\\\/#\\\/schema\\\/logo\\\/image\\\/\"}}]}<\/script>\n<!-- \/ Yoast SEO plugin. -->","yoast_head_json":{"title":"ZOLEO Hartschalen-Tragetasche f\u00fcr ZOLEO Satellitenkommunikator, globale SMS-Text-Messenger - Notfallvorsorge - Krisenvorsorge","robots":{"index":"index","follow":"follow","max-snippet":"max-snippet:-1","max-image-preview":"max-image-preview:large","max-video-preview":"max-video-preview:-1"},"canonical":"https:\/\/www.ralti.de\/?product=zoleo-hartschalen-tragetasche-fur-zoleo-satellitenkommunikator-globale-sms-text-messenger","og_locale":"de_DE","og_type":"article","og_title":"ZOLEO Hartschalen-Tragetasche f\u00fcr ZOLEO Satellitenkommunikator, globale SMS-Text-Messenger - Notfallvorsorge - Krisenvorsorge","og_description":"Langlebiger Schutz \u2013 Robuste ZOLEO Tragetasche zum Schutz Ihres Satellitenkommunikators vor St\u00fcrzen, Staub und Kratzern bei Outdoor-Abenteuern. Perfekte Passform: Die geformte Hartschale sorgt f\u00fcr einen sicheren Sitz f\u00fcr Ihr ZOLEO Ger\u00e4t, damit es sicher und zug\u00e4nglich ist, wenn Sie es am meisten brauchen. Kompakt und leicht \u2013 Starke, kompakte, leichte Tasche mit Netztasche f\u00fcr Kabel, Ladeger\u00e4t und andere kleine Gegenst\u00e4nde zum Mitnehmen, elastische Gurte in der Unterseite, um ein Herunterfallen des ZOLEO Satellitenkommunikators zu vermeiden","og_url":"https:\/\/www.ralti.de\/?product=zoleo-hartschalen-tragetasche-fur-zoleo-satellitenkommunikator-globale-sms-text-messenger","og_site_name":"Notfallvorsorge - Krisenvorsorge","og_image":[{"width":500,"height":500,"url":"https:\/\/m.media-amazon.com\/images\/I\/31G5iddtydL.jpg","type":"image\/jpeg"}],"twitter_card":"summary_large_image","twitter_misc":{"Gesch\u00e4tzte Lesezeit":"1\u00a0Minute"},"schema":{"@context":"https:\/\/schema.org","@graph":[{"@type":"WebPage","@id":"https:\/\/www.ralti.de\/?product=zoleo-hartschalen-tragetasche-fur-zoleo-satellitenkommunikator-globale-sms-text-messenger","url":"https:\/\/www.ralti.de\/?product=zoleo-hartschalen-tragetasche-fur-zoleo-satellitenkommunikator-globale-sms-text-messenger","name":"ZOLEO Hartschalen-Tragetasche f\u00fcr ZOLEO Satellitenkommunikator, globale SMS-Text-Messenger - Notfallvorsorge - Krisenvorsorge","isPartOf":{"@id":"https:\/\/www.ralti.de\/#website"},"primaryImageOfPage":{"@id":"https:\/\/www.ralti.de\/?product=zoleo-hartschalen-tragetasche-fur-zoleo-satellitenkommunikator-globale-sms-text-messenger#primaryimage"},"image":{"@id":"https:\/\/www.ralti.de\/?product=zoleo-hartschalen-tragetasche-fur-zoleo-satellitenkommunikator-globale-sms-text-messenger#primaryimage"},"thumbnailUrl":"https:\/\/m.media-amazon.com\/images\/I\/31G5iddtydL.jpg","datePublished":"2025-11-25T10:47:45+00:00","breadcrumb":{"@id":"https:\/\/www.ralti.de\/?product=zoleo-hartschalen-tragetasche-fur-zoleo-satellitenkommunikator-globale-sms-text-messenger#breadcrumb"},"inLanguage":"de","potentialAction":[{"@type":"ReadAction","target":["https:\/\/www.ralti.de\/?product=zoleo-hartschalen-tragetasche-fur-zoleo-satellitenkommunikator-globale-sms-text-messenger"]}]},{"@type":"ImageObject","inLanguage":"de","@id":"https:\/\/www.ralti.de\/?product=zoleo-hartschalen-tragetasche-fur-zoleo-satellitenkommunikator-globale-sms-text-messenger#primaryimage","url":"https:\/\/m.media-amazon.com\/images\/I\/31G5iddtydL.jpg","contentUrl":"https:\/\/m.media-amazon.com\/images\/I\/31G5iddtydL.jpg","width":500,"height":500},{"@type":"BreadcrumbList","@id":"https:\/\/www.ralti.de\/?product=zoleo-hartschalen-tragetasche-fur-zoleo-satellitenkommunikator-globale-sms-text-messenger#breadcrumb","itemListElement":[{"@type":"ListItem","position":1,"name":"Start","item":"https:\/\/www.ralti.de\/"},{"@type":"ListItem","position":2,"name":"Notfallartikel","item":"https:\/\/www.ralti.de\/?page_id=14189"},{"@type":"ListItem","position":3,"name":"ZOLEO Hartschalen-Tragetasche f\u00fcr ZOLEO Satellitenkommunikator, globale SMS-Text-Messenger"}]},{"@type":"WebSite","@id":"https:\/\/www.ralti.de\/#website","url":"https:\/\/www.ralti.de\/","name":"Ralti.de","description":"Hier viele gute Angebote","publisher":{"@id":"https:\/\/www.ralti.de\/#organization"},"potentialAction":[{"@type":"SearchAction","target":{"@type":"EntryPoint","urlTemplate":"https:\/\/www.ralti.de\/?s={search_term_string}"},"query-input":{"@type":"PropertyValueSpecification","valueRequired":true,"valueName":"search_term_string"}}],"inLanguage":"de"},{"@type":"Organization","@id":"https:\/\/www.ralti.de\/#organization","name":"Ralti.de","url":"https:\/\/www.ralti.de\/","logo":{"@type":"ImageObject","inLanguage":"de","@id":"https:\/\/www.ralti.de\/#\/schema\/logo\/image\/","url":"https:\/\/www.ralti.de\/wp-content\/uploads\/2025\/11\/ralti.png","contentUrl":"https:\/\/www.ralti.de\/wp-content\/uploads\/2025\/11\/ralti.png","width":240,"height":75,"caption":"Ralti.de"},"image":{"@id":"https:\/\/www.ralti.de\/#\/schema\/logo\/image\/"}}]}},"_links":{"self":[{"href":"https:\/\/www.ralti.de\/index.php?rest_route=\/wp\/v2\/product\/8431","targetHints":{"allow":["GET"]}}],"collection":[{"href":"https:\/\/www.ralti.de\/index.php?rest_route=\/wp\/v2\/product"}],"about":[{"href":"https:\/\/www.ralti.de\/index.php?rest_route=\/wp\/v2\/types\/product"}],"replies":[{"embeddable":true,"href":"https:\/\/www.ralti.de\/index.php?rest_route=%2Fwp%2Fv2%2Fcomments&post=8431"}],"wp:featuredmedia":[{"embeddable":true,"href":"https:\/\/www.ralti.de\/index.php?rest_route=\/wp\/v2\/media\/8432"}],"wp:attachment":[{"href":"https:\/\/www.ralti.de\/index.php?rest_route=%2Fwp%2Fv2%2Fmedia&parent=8431"}],"wp:term":[{"taxonomy":"product_brand","embeddable":true,"href":"https:\/\/www.ralti.de\/index.php?rest_route=%2Fwp%2Fv2%2Fproduct_brand&post=8431"},{"taxonomy":"product_cat","embeddable":true,"href":"https:\/\/www.ralti.de\/index.php?rest_route=%2Fwp%2Fv2%2Fproduct_cat&post=8431"},{"taxonomy":"product_tag","embeddable":true,"href":"https:\/\/www.ralti.de\/index.php?rest_route=%2Fwp%2Fv2%2Fproduct_tag&post=8431"}],"curies":[{"name":"wp","href":"https:\/\/api.w.org\/{rel}","templated":true}]}}