{"id":8451,"date":"2025-11-25T10:47:51","date_gmt":"2025-11-25T10:47:51","guid":{"rendered":"https:\/\/www.ralti.de\/shop-2\/uncategorized\/garmin-inreach-messenger-hand-satellitenkommunikator-globales-zwei-wege-messaging\/"},"modified":"2025-11-25T10:47:51","modified_gmt":"2025-11-25T10:47:51","slug":"garmin-inreach-messenger-hand-satellitenkommunikator-globales-zwei-wege-messaging","status":"publish","type":"product","link":"https:\/\/www.ralti.de\/?product=garmin-inreach-messenger-hand-satellitenkommunikator-globales-zwei-wege-messaging","title":{"rendered":"Garmin inReach\u00ae Messenger-Hand-Satellitenkommunikator, globales Zwei-Wege-Messaging"},"content":{"rendered":"<p><!-- show up to 2 reviews by default --> <\/p>\n<h3> <span>Produktbeschreibung<\/span> <\/h3>\n<p> <span>Mit dem inReach\u00ae Messenger Satellitenkommunikator ist das Zuhause n\u00e4her als Sie denken (Aktives Satellitenabonnement erforderlich. Einige Gerichtsbarkeiten regeln oder verbieten die Verwendung von Satellitenkommunikationsger\u00e4ten). Mit globalem Zwei-Wege-Messaging und interaktivem SOS bleiben Sie mit Freunden und Familie in Verbindung, auch wenn Sie sich au\u00dferhalb der Mobilfunkabdeckung befinden. Verwenden Sie das Ger\u00e4t, um mit Kontakten einzuchecken, ihre Antworten mit voreingestellten Nachrichten zu lesen und zu beantworten und sogar Ihre GPS-Standortdaten zu teilen, wenn Sie m\u00f6chten. Detailliertere SMS und Gruppennachrichten sind einfach, wenn Sie die Garmin Messenger\u2122 Smartphone-App verwenden. Oder senden \/ empfangen Sie Nachrichten mit kompatiblen Garmin Handhelds, Wearables oder anderen Ger\u00e4ten. Nahtloses Umschalten zwischen drahtlosen Wi-Fi\u00ae-Netzwerken und Mobilfunk-\/Satellitennetzwerken bietet Ihnen \u00fcberlegene Konnektivit\u00e4t und Kosteneffizienz f\u00fcr Ihre gesamte Kommunikation. Und das Display auf dem Ger\u00e4t gibt Ihnen die M\u00f6glichkeit, zu best\u00e4tigen, dass Ihre Nachricht gesendet wurde. Sie werden sogar eine Antwort sehen, die Hilfe im Notfall unterwegs ist. Der interne, wiederaufladbare Lithium-Akku des Kommunikators bietet bis zu 28 Tage Akkulaufzeit im 10-min\u00fctigen Tracking-Modus \u2013 und bietet sicheres Aufladen, um ein ersch\u00f6pftes Telefon wiederherzustellen.<\/span> <\/p>\n<h3> <span>Warnhinweise<\/span> <\/h3>\n<p> <span>Dieses Produkt kann Sie Chemikalien wie Nickel (Metallic) aussetzen, die im Staat Kalifornien bekannt sind, Krebs zu verursachen. Weitere Informationen finden Sie unter<\/span> <\/p>\n<p>Der kleine, robuste und leichte Satellitenkommunikator erm\u00f6glicht beidseitiges Textnachrichten auch in Bereichen ohne Zellabdeckung (Aktives Satellitenabonnement erforderlich. Einige Gerichtsbarkeiten regeln oder verbieten die Verwendung von Satellitenkommunikationsger\u00e4ten.)<br \/>\nSenden Sie weltweit Zwei-Wege-Nachrichten; schreiben Sie einfach direkt mit Freunden \u00fcber die Garmin Messenger-App hin und her, auch wenn Sie keine Mobilfunkabdeckung haben. (Aktives Satellitenabonnement erforderlich. Einige Gerichtsbarkeiten regeln oder verbieten die Verwendung von Satellitenkommunikationsger\u00e4ten.)<br \/>\nGruppennachrichten \u00fcber die Garmin Messenger Smartphone-App erm\u00f6glicht es Ihnen, Ihre Abenteuer mit mehreren Kontakten gleichzeitig zu teilen \u2013 und Gruppentext-Chats mit Freunden und Familie zu f\u00fchren<br \/>\nChecken Sie direkt mit Kontakten ein, indem Sie voreingestellte Nachrichten verwenden, die nicht f\u00fcr Ihre zugewiesenen Textnachrichten angerechnet werden (Aktives Satellitenabonnement erforderlich. Einige Gerichtsbarkeiten regeln oder verbieten die Verwendung von Satellitenkommunikationsger\u00e4ten.)<br \/>\nTeilen Sie Ihren GPS-Standort (Aktives Satellitenabonnement erforderlich. Einige Jurisdiktionen regulieren oder verbieten die Verwendung von Satellitenkommunikationsger\u00e4ten). L\u00f6sen Sie ein interaktives SOS an das Garmin IERCC 24\/7-besetzte \u00dcberwachungs- und Koordinationszentrum aus, um im Notfall Hilfe zu erhalten (Aktives Satelliten-Abonnement erforderlich. Einige Gerichtsbarkeiten regeln oder verbieten die Verwendung von Satellitenkommunikationsger\u00e4ten).<br \/>\n<div class=\"main-cross-sell\" data-asin=\"B0BFBZR4KW\">\n\n\t<div class=\"WooZone-cross-sell-loader\">\n\t\t<div>\n\t\t\t<div id=\"floatingBarsG\">\n\t\t\t\t<div class=\"blockG\" id=\"rotateG_01\"><\/div>\n\t\t\t\t<div class=\"blockG\" id=\"rotateG_02\"><\/div>\n\t\t\t\t<div class=\"blockG\" id=\"rotateG_03\"><\/div>\n\t\t\t\t<div class=\"blockG\" id=\"rotateG_04\"><\/div>\n\t\t\t\t<div class=\"blockG\" id=\"rotateG_05\"><\/div>\n\t\t\t\t<div class=\"blockG\" id=\"rotateG_06\"><\/div>\n\t\t\t\t<div class=\"blockG\" id=\"rotateG_07\"><\/div>\n\t\t\t\t<div class=\"blockG\" id=\"rotateG_08\"><\/div>\n\t\t\t<\/div>\n\t\t\t<div class=\"WooZone-cross-sell-loader-text\"><\/div>\n\t\t<\/div>\n\t<\/div>\n\n\t\t\n<\/div>\n<div style=\"clear:both;\"><\/div>\n","protected":false},"excerpt":{"rendered":"<p>Der kleine, robuste und leichte Satellitenkommunikator erm\u00f6glicht beidseitiges Textnachrichten auch in Bereichen ohne Zellabdeckung (Aktives Satellitenabonnement erforderlich. Einige Gerichtsbarkeiten regeln oder verbieten die Verwendung von Satellitenkommunikationsger\u00e4ten.)<br \/>\nSenden Sie weltweit Zwei-Wege-Nachrichten; schreiben Sie einfach direkt mit Freunden \u00fcber die Garmin Messenger-App hin und her, auch wenn Sie keine Mobilfunkabdeckung haben. (Aktives Satellitenabonnement erforderlich. Einige Gerichtsbarkeiten regeln oder verbieten die Verwendung von Satellitenkommunikationsger\u00e4ten.)<br \/>\nGruppennachrichten \u00fcber die Garmin Messenger Smartphone-App erm\u00f6glicht es Ihnen, Ihre Abenteuer mit mehreren Kontakten gleichzeitig zu teilen \u2013 und Gruppentext-Chats mit Freunden und Familie zu f\u00fchren<\/p>\n","protected":false},"featured_media":8452,"comment_status":"open","ping_status":"closed","template":"","meta":{"_acf_changed":false},"product_brand":[],"product_cat":[232,237],"product_tag":[],"class_list":{"0":"post-8451","1":"product","2":"type-product","3":"status-publish","4":"has-post-thumbnail","6":"product_cat-kommunikation","7":"product_cat-satellitenkommunikatoren","9":"first","10":"instock","11":"shipping-taxable","12":"product-type-external"},"acf":[],"yoast_head":"<!-- This site is optimized with the Yoast SEO plugin v27.5 - https:\/\/yoast.com\/product\/yoast-seo-wordpress\/ -->\n<title>Garmin inReach\u00ae Messenger-Hand-Satellitenkommunikator, globales Zwei-Wege-Messaging - Notfallvorsorge - Krisenvorsorge<\/title>\n<meta name=\"robots\" content=\"index, follow, max-snippet:-1, max-image-preview:large, max-video-preview:-1\" \/>\n<link rel=\"canonical\" href=\"https:\/\/www.ralti.de\/?product=garmin-inreach-messenger-hand-satellitenkommunikator-globales-zwei-wege-messaging\" \/>\n<meta property=\"og:locale\" content=\"de_DE\" \/>\n<meta property=\"og:type\" content=\"article\" \/>\n<meta property=\"og:title\" content=\"Garmin inReach\u00ae Messenger-Hand-Satellitenkommunikator, globales Zwei-Wege-Messaging - Notfallvorsorge - Krisenvorsorge\" \/>\n<meta property=\"og:description\" content=\"Der kleine, robuste und leichte Satellitenkommunikator erm\u00f6glicht beidseitiges Textnachrichten auch in Bereichen ohne Zellabdeckung (Aktives Satellitenabonnement erforderlich. Einige Gerichtsbarkeiten regeln oder verbieten die Verwendung von Satellitenkommunikationsger\u00e4ten.) Senden Sie weltweit Zwei-Wege-Nachrichten; schreiben Sie einfach direkt mit Freunden \u00fcber die Garmin Messenger-App hin und her, auch wenn Sie keine Mobilfunkabdeckung haben. (Aktives Satellitenabonnement erforderlich. Einige Gerichtsbarkeiten regeln oder verbieten die Verwendung von Satellitenkommunikationsger\u00e4ten.) Gruppennachrichten \u00fcber die Garmin Messenger Smartphone-App erm\u00f6glicht es Ihnen, Ihre Abenteuer mit mehreren Kontakten gleichzeitig zu teilen \u2013 und Gruppentext-Chats mit Freunden und Familie zu f\u00fchren\" \/>\n<meta property=\"og:url\" content=\"https:\/\/www.ralti.de\/?product=garmin-inreach-messenger-hand-satellitenkommunikator-globales-zwei-wege-messaging\" \/>\n<meta property=\"og:site_name\" content=\"Notfallvorsorge - Krisenvorsorge\" \/>\n<meta property=\"og:image\" content=\"https:\/\/m.media-amazon.com\/images\/I\/31EOfVFN+WL.jpg\" \/>\n\t<meta property=\"og:image:width\" content=\"500\" \/>\n\t<meta property=\"og:image:height\" content=\"500\" \/>\n\t<meta property=\"og:image:type\" content=\"image\/jpeg\" \/>\n<meta name=\"twitter:card\" content=\"summary_large_image\" \/>\n<meta name=\"twitter:label1\" content=\"Gesch\u00e4tzte Lesezeit\" \/>\n\t<meta name=\"twitter:data1\" content=\"2\u00a0Minuten\" \/>\n<script type=\"application\/ld+json\" class=\"yoast-schema-graph\">{\"@context\":\"https:\\\/\\\/schema.org\",\"@graph\":[{\"@type\":\"WebPage\",\"@id\":\"https:\\\/\\\/www.ralti.de\\\/?product=garmin-inreach-messenger-hand-satellitenkommunikator-globales-zwei-wege-messaging\",\"url\":\"https:\\\/\\\/www.ralti.de\\\/?product=garmin-inreach-messenger-hand-satellitenkommunikator-globales-zwei-wege-messaging\",\"name\":\"Garmin inReach\u00ae Messenger-Hand-Satellitenkommunikator, globales Zwei-Wege-Messaging - Notfallvorsorge - Krisenvorsorge\",\"isPartOf\":{\"@id\":\"https:\\\/\\\/www.ralti.de\\\/#website\"},\"primaryImageOfPage\":{\"@id\":\"https:\\\/\\\/www.ralti.de\\\/?product=garmin-inreach-messenger-hand-satellitenkommunikator-globales-zwei-wege-messaging#primaryimage\"},\"image\":{\"@id\":\"https:\\\/\\\/www.ralti.de\\\/?product=garmin-inreach-messenger-hand-satellitenkommunikator-globales-zwei-wege-messaging#primaryimage\"},\"thumbnailUrl\":\"https:\\\/\\\/m.media-amazon.com\\\/images\\\/I\\\/31EOfVFN+WL.jpg\",\"datePublished\":\"2025-11-25T10:47:51+00:00\",\"breadcrumb\":{\"@id\":\"https:\\\/\\\/www.ralti.de\\\/?product=garmin-inreach-messenger-hand-satellitenkommunikator-globales-zwei-wege-messaging#breadcrumb\"},\"inLanguage\":\"de\",\"potentialAction\":[{\"@type\":\"ReadAction\",\"target\":[\"https:\\\/\\\/www.ralti.de\\\/?product=garmin-inreach-messenger-hand-satellitenkommunikator-globales-zwei-wege-messaging\"]}]},{\"@type\":\"ImageObject\",\"inLanguage\":\"de\",\"@id\":\"https:\\\/\\\/www.ralti.de\\\/?product=garmin-inreach-messenger-hand-satellitenkommunikator-globales-zwei-wege-messaging#primaryimage\",\"url\":\"https:\\\/\\\/m.media-amazon.com\\\/images\\\/I\\\/31EOfVFN+WL.jpg\",\"contentUrl\":\"https:\\\/\\\/m.media-amazon.com\\\/images\\\/I\\\/31EOfVFN+WL.jpg\",\"width\":500,\"height\":500},{\"@type\":\"BreadcrumbList\",\"@id\":\"https:\\\/\\\/www.ralti.de\\\/?product=garmin-inreach-messenger-hand-satellitenkommunikator-globales-zwei-wege-messaging#breadcrumb\",\"itemListElement\":[{\"@type\":\"ListItem\",\"position\":1,\"name\":\"Start\",\"item\":\"https:\\\/\\\/www.ralti.de\\\/\"},{\"@type\":\"ListItem\",\"position\":2,\"name\":\"Notfallartikel\",\"item\":\"https:\\\/\\\/www.ralti.de\\\/?page_id=14189\"},{\"@type\":\"ListItem\",\"position\":3,\"name\":\"Garmin inReach\u00ae Messenger-Hand-Satellitenkommunikator, globales Zwei-Wege-Messaging\"}]},{\"@type\":\"WebSite\",\"@id\":\"https:\\\/\\\/www.ralti.de\\\/#website\",\"url\":\"https:\\\/\\\/www.ralti.de\\\/\",\"name\":\"Ralti.de\",\"description\":\"Hier viele gute Angebote\",\"publisher\":{\"@id\":\"https:\\\/\\\/www.ralti.de\\\/#organization\"},\"potentialAction\":[{\"@type\":\"SearchAction\",\"target\":{\"@type\":\"EntryPoint\",\"urlTemplate\":\"https:\\\/\\\/www.ralti.de\\\/?s={search_term_string}\"},\"query-input\":{\"@type\":\"PropertyValueSpecification\",\"valueRequired\":true,\"valueName\":\"search_term_string\"}}],\"inLanguage\":\"de\"},{\"@type\":\"Organization\",\"@id\":\"https:\\\/\\\/www.ralti.de\\\/#organization\",\"name\":\"Ralti.de\",\"url\":\"https:\\\/\\\/www.ralti.de\\\/\",\"logo\":{\"@type\":\"ImageObject\",\"inLanguage\":\"de\",\"@id\":\"https:\\\/\\\/www.ralti.de\\\/#\\\/schema\\\/logo\\\/image\\\/\",\"url\":\"https:\\\/\\\/www.ralti.de\\\/wp-content\\\/uploads\\\/2025\\\/11\\\/ralti.png\",\"contentUrl\":\"https:\\\/\\\/www.ralti.de\\\/wp-content\\\/uploads\\\/2025\\\/11\\\/ralti.png\",\"width\":240,\"height\":75,\"caption\":\"Ralti.de\"},\"image\":{\"@id\":\"https:\\\/\\\/www.ralti.de\\\/#\\\/schema\\\/logo\\\/image\\\/\"}}]}<\/script>\n<!-- \/ Yoast SEO plugin. -->","yoast_head_json":{"title":"Garmin inReach\u00ae Messenger-Hand-Satellitenkommunikator, globales Zwei-Wege-Messaging - Notfallvorsorge - Krisenvorsorge","robots":{"index":"index","follow":"follow","max-snippet":"max-snippet:-1","max-image-preview":"max-image-preview:large","max-video-preview":"max-video-preview:-1"},"canonical":"https:\/\/www.ralti.de\/?product=garmin-inreach-messenger-hand-satellitenkommunikator-globales-zwei-wege-messaging","og_locale":"de_DE","og_type":"article","og_title":"Garmin inReach\u00ae Messenger-Hand-Satellitenkommunikator, globales Zwei-Wege-Messaging - Notfallvorsorge - Krisenvorsorge","og_description":"Der kleine, robuste und leichte Satellitenkommunikator erm\u00f6glicht beidseitiges Textnachrichten auch in Bereichen ohne Zellabdeckung (Aktives Satellitenabonnement erforderlich. Einige Gerichtsbarkeiten regeln oder verbieten die Verwendung von Satellitenkommunikationsger\u00e4ten.) Senden Sie weltweit Zwei-Wege-Nachrichten; schreiben Sie einfach direkt mit Freunden \u00fcber die Garmin Messenger-App hin und her, auch wenn Sie keine Mobilfunkabdeckung haben. (Aktives Satellitenabonnement erforderlich. Einige Gerichtsbarkeiten regeln oder verbieten die Verwendung von Satellitenkommunikationsger\u00e4ten.) Gruppennachrichten \u00fcber die Garmin Messenger Smartphone-App erm\u00f6glicht es Ihnen, Ihre Abenteuer mit mehreren Kontakten gleichzeitig zu teilen \u2013 und Gruppentext-Chats mit Freunden und Familie zu f\u00fchren","og_url":"https:\/\/www.ralti.de\/?product=garmin-inreach-messenger-hand-satellitenkommunikator-globales-zwei-wege-messaging","og_site_name":"Notfallvorsorge - Krisenvorsorge","og_image":[{"width":500,"height":500,"url":"https:\/\/m.media-amazon.com\/images\/I\/31EOfVFN+WL.jpg","type":"image\/jpeg"}],"twitter_card":"summary_large_image","twitter_misc":{"Gesch\u00e4tzte Lesezeit":"2\u00a0Minuten"},"schema":{"@context":"https:\/\/schema.org","@graph":[{"@type":"WebPage","@id":"https:\/\/www.ralti.de\/?product=garmin-inreach-messenger-hand-satellitenkommunikator-globales-zwei-wege-messaging","url":"https:\/\/www.ralti.de\/?product=garmin-inreach-messenger-hand-satellitenkommunikator-globales-zwei-wege-messaging","name":"Garmin inReach\u00ae Messenger-Hand-Satellitenkommunikator, globales Zwei-Wege-Messaging - Notfallvorsorge - Krisenvorsorge","isPartOf":{"@id":"https:\/\/www.ralti.de\/#website"},"primaryImageOfPage":{"@id":"https:\/\/www.ralti.de\/?product=garmin-inreach-messenger-hand-satellitenkommunikator-globales-zwei-wege-messaging#primaryimage"},"image":{"@id":"https:\/\/www.ralti.de\/?product=garmin-inreach-messenger-hand-satellitenkommunikator-globales-zwei-wege-messaging#primaryimage"},"thumbnailUrl":"https:\/\/m.media-amazon.com\/images\/I\/31EOfVFN+WL.jpg","datePublished":"2025-11-25T10:47:51+00:00","breadcrumb":{"@id":"https:\/\/www.ralti.de\/?product=garmin-inreach-messenger-hand-satellitenkommunikator-globales-zwei-wege-messaging#breadcrumb"},"inLanguage":"de","potentialAction":[{"@type":"ReadAction","target":["https:\/\/www.ralti.de\/?product=garmin-inreach-messenger-hand-satellitenkommunikator-globales-zwei-wege-messaging"]}]},{"@type":"ImageObject","inLanguage":"de","@id":"https:\/\/www.ralti.de\/?product=garmin-inreach-messenger-hand-satellitenkommunikator-globales-zwei-wege-messaging#primaryimage","url":"https:\/\/m.media-amazon.com\/images\/I\/31EOfVFN+WL.jpg","contentUrl":"https:\/\/m.media-amazon.com\/images\/I\/31EOfVFN+WL.jpg","width":500,"height":500},{"@type":"BreadcrumbList","@id":"https:\/\/www.ralti.de\/?product=garmin-inreach-messenger-hand-satellitenkommunikator-globales-zwei-wege-messaging#breadcrumb","itemListElement":[{"@type":"ListItem","position":1,"name":"Start","item":"https:\/\/www.ralti.de\/"},{"@type":"ListItem","position":2,"name":"Notfallartikel","item":"https:\/\/www.ralti.de\/?page_id=14189"},{"@type":"ListItem","position":3,"name":"Garmin inReach\u00ae Messenger-Hand-Satellitenkommunikator, globales Zwei-Wege-Messaging"}]},{"@type":"WebSite","@id":"https:\/\/www.ralti.de\/#website","url":"https:\/\/www.ralti.de\/","name":"Ralti.de","description":"Hier viele gute Angebote","publisher":{"@id":"https:\/\/www.ralti.de\/#organization"},"potentialAction":[{"@type":"SearchAction","target":{"@type":"EntryPoint","urlTemplate":"https:\/\/www.ralti.de\/?s={search_term_string}"},"query-input":{"@type":"PropertyValueSpecification","valueRequired":true,"valueName":"search_term_string"}}],"inLanguage":"de"},{"@type":"Organization","@id":"https:\/\/www.ralti.de\/#organization","name":"Ralti.de","url":"https:\/\/www.ralti.de\/","logo":{"@type":"ImageObject","inLanguage":"de","@id":"https:\/\/www.ralti.de\/#\/schema\/logo\/image\/","url":"https:\/\/www.ralti.de\/wp-content\/uploads\/2025\/11\/ralti.png","contentUrl":"https:\/\/www.ralti.de\/wp-content\/uploads\/2025\/11\/ralti.png","width":240,"height":75,"caption":"Ralti.de"},"image":{"@id":"https:\/\/www.ralti.de\/#\/schema\/logo\/image\/"}}]}},"_links":{"self":[{"href":"https:\/\/www.ralti.de\/index.php?rest_route=\/wp\/v2\/product\/8451","targetHints":{"allow":["GET"]}}],"collection":[{"href":"https:\/\/www.ralti.de\/index.php?rest_route=\/wp\/v2\/product"}],"about":[{"href":"https:\/\/www.ralti.de\/index.php?rest_route=\/wp\/v2\/types\/product"}],"replies":[{"embeddable":true,"href":"https:\/\/www.ralti.de\/index.php?rest_route=%2Fwp%2Fv2%2Fcomments&post=8451"}],"wp:featuredmedia":[{"embeddable":true,"href":"https:\/\/www.ralti.de\/index.php?rest_route=\/wp\/v2\/media\/8452"}],"wp:attachment":[{"href":"https:\/\/www.ralti.de\/index.php?rest_route=%2Fwp%2Fv2%2Fmedia&parent=8451"}],"wp:term":[{"taxonomy":"product_brand","embeddable":true,"href":"https:\/\/www.ralti.de\/index.php?rest_route=%2Fwp%2Fv2%2Fproduct_brand&post=8451"},{"taxonomy":"product_cat","embeddable":true,"href":"https:\/\/www.ralti.de\/index.php?rest_route=%2Fwp%2Fv2%2Fproduct_cat&post=8451"},{"taxonomy":"product_tag","embeddable":true,"href":"https:\/\/www.ralti.de\/index.php?rest_route=%2Fwp%2Fv2%2Fproduct_tag&post=8451"}],"curies":[{"name":"wp","href":"https:\/\/api.w.org\/{rel}","templated":true}]}}