{"id":8507,"date":"2025-11-25T10:48:04","date_gmt":"2025-11-25T10:48:04","guid":{"rendered":"https:\/\/www.ralti.de\/shop-2\/uncategorized\/garmin-inreach-mini-2-satelliten-kommunikationsgerat-wandern-gps-rucksackhalterung-schwarz\/"},"modified":"2025-11-25T10:48:04","modified_gmt":"2025-11-25T10:48:04","slug":"garmin-inreach-mini-2-satelliten-kommunikationsgerat-wandern-gps-rucksackhalterung-schwarz","status":"publish","type":"product","link":"https:\/\/www.ralti.de\/?product=garmin-inreach-mini-2-satelliten-kommunikationsgerat-wandern-gps-rucksackhalterung-schwarz","title":{"rendered":"Garmin inReach Mini 2 Satelliten-Kommunikationsger\u00e4t Wandern GPS &#038; Rucksackhalterung, schwarz"},"content":{"rendered":"<p><!-- show up to 2 reviews by default --> <\/p>\n<p> <span>Garmin inReach Mini 2 Satelliten-Kommunikationsger\u00e4t Wandern GPS<br \/>Mit dem kompakten, leichten GPS-Satelliten-Kommunikationsger\u00e4t inReach Mini 2 haben Sie bei Ihren Abenteuern stets ein sicheres Gef\u00fchl. Dank der weltweiten Iridium Satellitenabdeckung k\u00f6nnen Sie auch unabh\u00e4ngig vom Mobilfunknetz Nachrichten mit Ihren Liebsten austauschen und Ihrer Tour in Echtzeit teilen. Bei einem Notfall k\u00f6nnen Sie \u00fcber den SOS Button Hilfe bei der 24\/7 besetzten internationalen Rettungszentrale IERCC anfordern. Au\u00dferdem helfen Ihnen die detaillierte Pfeilnavigation sowie der digitale Kompass, dass Sie die Orientierung nicht verlieren und immer an Ihrem Ziel ankommen. Dank einer Akkulaufzeit von bis zu 14 Tagen im 10 Minuten Tracking Modus brauchen Sie sich auch auf Mehrtagestouren keine Gedanken, um das Laden zu machen. In einigen Gerichtsbarkeiten ist die Verwendung von Satelliten Kommunikationsger\u00e4ten gesetzlich geregelt oder untersagt. Es liegt in Ihrer Verantwortung, alle geltenden Gesetze in den Gerichtsbarkeiten zu kennen und zu befolgen, in denen das Ger\u00e4t verwendet werden soll.<\/p>\n<p>Garmin Rucksackhalterung, schwarz<br \/>Garmin Rucksackhalterung Oregon GPSMap Die leichte Rucksackbefestigung bietet sich hervorragend an, wenn Sie frei H\u00e4nde ben\u00f6tigen. Das haltbare Zubeh\u00f6r aus Nylon mit Klettverschluss ist f\u00fcr Gurte mit einer Breite von bis zu 10 cm (4 Zoll) geeignet und mit dem Molle-System (Modular Lightweight Load-carrying Equipment) kompatibel. Dasselbe Klettverschlussmaterial wird auch zum problemlosen Verstauen des kompatiblen Garmin-Ger\u00e4ts verwendet, um eine optimale GPS-Leistung, aber auch sofortigen Zugriff auf das Ger\u00e4t zu erm\u00f6glichen. Wenn das Ger\u00e4t von der Klettverschlussbefestigung genommen wird, stellen die R\u00fcckseitenhalterung und die Trageschlaufe sicher, dass Sie das Ger\u00e4t nicht verlieren. Die Trageschlaufe kann auf eine L\u00e4nge zwischen 5 cm (2 Zoll) und 35,6 cm (14 Zoll) angepasst werden.<\/span> <\/p>\n<p>Produkt 1: WELTWEIT ERREICHBAR OHNE MOBILFUNK: Auch ohne Mobilfunknetz k\u00f6nnen Sie weltweit in Verbindung bleiben. Dank Zwei-Wege-Kommunikation k\u00f6nnen Sie von \u00fcberall aus auf der Welt mit Ihren Freunden und Familie zuhause in Kontakt bleiben (Abonnement notwendig).<br \/>\nProdukt 1: 24\/7 SOS-NOTRUF: F\u00fcr den Fall der F\u00e4lle \u2013 Senden Sie im Notfall einen SOS Notruf an Garmin IERCC, die internationale 24\/7 besetzte Rettungszentrale, egal wo Sie sind. Das Iridium Satellitennetzwerk ist weltweit verf\u00fcgbar (Abonnement notwendig).<br \/>\nProdukt 1: KOMPAKT UND AUSDAUERND: Das inReach Mini 2 \u00fcberzeugt mit folgenden Produktabmessungen 5,17 x 9,90 x 2,61 cm und einer Akkulaufzeit von 14 Tagen bei 10-min\u00fctigem Tracking (bis zu 30 Tage bei 30-min-Tracking). Wasserdicht nach IPX 7.<br \/>\nProdukt 1: FINDEN SIE DEN WEG ZUR\u00dcCK: Mit der TracBack-Funktion f\u00fchrt Sie der inReach Mini 2 den gleichen Weg zur\u00fcck, den Sie gekommen sind. Mit der Pfeilnavigation und digitalem Kompassd folgen Sie zudem vorher auf dem Ger\u00e4t gespeicherten Routen.<br \/>\nProdukt 2: Garmin Rucksackhalterung, kompatibel mit Alpha 50\/100, Dakota 10\/20, eTrex 10\/20\/30-Serien, eTrex Touch-Serie, GPSMAP 62s, GPSMAP 64\/64s, Oregon-Serie<br \/>\nProdukt 2: Die leichte Rucksackbefestigung bietet sich hervorragend an, wenn Sie frei H\u00e4nde ben\u00f6tigen<br \/>\nProdukt 2: Die Trageschlaufe kann auf eine L\u00e4nge zwischen 5cm (2 Zoll) und 35,6cm (14 Zoll) angepasst werden<br \/>\nProdukt 2: Das haltbare Zubeh\u00f6r aus Nylon mit Klettverschluss ist f\u00fcr Gurte mit einer Breite von bis zu 10cm (4 Zoll)<br \/>\n<div class=\"main-cross-sell\" data-asin=\"B0D2B9F9MK\">\n\n\t<div class=\"WooZone-cross-sell-loader\">\n\t\t<div>\n\t\t\t<div id=\"floatingBarsG\">\n\t\t\t\t<div class=\"blockG\" id=\"rotateG_01\"><\/div>\n\t\t\t\t<div class=\"blockG\" id=\"rotateG_02\"><\/div>\n\t\t\t\t<div class=\"blockG\" id=\"rotateG_03\"><\/div>\n\t\t\t\t<div class=\"blockG\" id=\"rotateG_04\"><\/div>\n\t\t\t\t<div class=\"blockG\" id=\"rotateG_05\"><\/div>\n\t\t\t\t<div class=\"blockG\" id=\"rotateG_06\"><\/div>\n\t\t\t\t<div class=\"blockG\" id=\"rotateG_07\"><\/div>\n\t\t\t\t<div class=\"blockG\" id=\"rotateG_08\"><\/div>\n\t\t\t<\/div>\n\t\t\t<div class=\"WooZone-cross-sell-loader-text\"><\/div>\n\t\t<\/div>\n\t<\/div>\n\n\t\t\n<\/div>\n<div style=\"clear:both;\"><\/div>\n","protected":false},"excerpt":{"rendered":"<p>Produkt 1: WELTWEIT ERREICHBAR OHNE MOBILFUNK: Auch ohne Mobilfunknetz k\u00f6nnen Sie weltweit in Verbindung bleiben. Dank Zwei-Wege-Kommunikation k\u00f6nnen Sie von \u00fcberall aus auf der Welt mit Ihren Freunden und Familie zuhause in Kontakt bleiben (Abonnement notwendig).<br \/>\nProdukt 1: 24\/7 SOS-NOTRUF: F\u00fcr den Fall der F\u00e4lle \u2013 Senden Sie im Notfall einen SOS Notruf an Garmin IERCC, die internationale 24\/7 besetzte Rettungszentrale, egal wo Sie sind. Das Iridium Satellitennetzwerk ist weltweit verf\u00fcgbar (Abonnement notwendig).<br \/>\nProdukt 1: KOMPAKT UND AUSDAUERND: Das inReach Mini 2 \u00fcberzeugt mit folgenden Produktabmessungen 5,17 x 9,90 x 2,61 cm und einer Akkulaufzeit von 14 Tagen bei 10-min\u00fctigem Tracking (bis zu 30 Tage bei 30-min-Tracking). Wasserdicht nach IPX 7.<\/p>\n","protected":false},"featured_media":8508,"comment_status":"open","ping_status":"closed","template":"","meta":{"_acf_changed":false},"product_brand":[],"product_cat":[232,237],"product_tag":[],"class_list":{"0":"post-8507","1":"product","2":"type-product","3":"status-publish","4":"has-post-thumbnail","6":"product_cat-kommunikation","7":"product_cat-satellitenkommunikatoren","9":"first","10":"instock","11":"sale","12":"shipping-taxable","13":"product-type-external"},"acf":[],"yoast_head":"<!-- This site is optimized with the Yoast SEO plugin v27.5 - https:\/\/yoast.com\/product\/yoast-seo-wordpress\/ -->\n<title>Garmin inReach Mini 2 Satelliten-Kommunikationsger\u00e4t Wandern GPS &amp; Rucksackhalterung, schwarz - Notfallvorsorge - Krisenvorsorge<\/title>\n<meta name=\"robots\" content=\"index, follow, max-snippet:-1, max-image-preview:large, max-video-preview:-1\" \/>\n<link rel=\"canonical\" href=\"https:\/\/www.ralti.de\/?product=garmin-inreach-mini-2-satelliten-kommunikationsgerat-wandern-gps-rucksackhalterung-schwarz\" \/>\n<meta property=\"og:locale\" content=\"de_DE\" \/>\n<meta property=\"og:type\" content=\"article\" \/>\n<meta property=\"og:title\" content=\"Garmin inReach Mini 2 Satelliten-Kommunikationsger\u00e4t Wandern GPS &amp; Rucksackhalterung, schwarz - Notfallvorsorge - Krisenvorsorge\" \/>\n<meta property=\"og:description\" content=\"Produkt 1: WELTWEIT ERREICHBAR OHNE MOBILFUNK: Auch ohne Mobilfunknetz k\u00f6nnen Sie weltweit in Verbindung bleiben. Dank Zwei-Wege-Kommunikation k\u00f6nnen Sie von \u00fcberall aus auf der Welt mit Ihren Freunden und Familie zuhause in Kontakt bleiben (Abonnement notwendig). Produkt 1: 24\/7 SOS-NOTRUF: F\u00fcr den Fall der F\u00e4lle \u2013 Senden Sie im Notfall einen SOS Notruf an Garmin IERCC, die internationale 24\/7 besetzte Rettungszentrale, egal wo Sie sind. Das Iridium Satellitennetzwerk ist weltweit verf\u00fcgbar (Abonnement notwendig). Produkt 1: KOMPAKT UND AUSDAUERND: Das inReach Mini 2 \u00fcberzeugt mit folgenden Produktabmessungen 5,17 x 9,90 x 2,61 cm und einer Akkulaufzeit von 14 Tagen bei 10-min\u00fctigem Tracking (bis zu 30 Tage bei 30-min-Tracking). Wasserdicht nach IPX 7.\" \/>\n<meta property=\"og:url\" content=\"https:\/\/www.ralti.de\/?product=garmin-inreach-mini-2-satelliten-kommunikationsgerat-wandern-gps-rucksackhalterung-schwarz\" \/>\n<meta property=\"og:site_name\" content=\"Notfallvorsorge - Krisenvorsorge\" \/>\n<meta property=\"og:image\" content=\"https:\/\/m.media-amazon.com\/images\/I\/315h6faZd1L.jpg\" \/>\n\t<meta property=\"og:image:width\" content=\"500\" \/>\n\t<meta property=\"og:image:height\" content=\"500\" \/>\n\t<meta property=\"og:image:type\" content=\"image\/jpeg\" \/>\n<meta name=\"twitter:card\" content=\"summary_large_image\" \/>\n<meta name=\"twitter:label1\" content=\"Gesch\u00e4tzte Lesezeit\" \/>\n\t<meta name=\"twitter:data1\" content=\"2\u00a0Minuten\" \/>\n<script type=\"application\/ld+json\" class=\"yoast-schema-graph\">{\"@context\":\"https:\\\/\\\/schema.org\",\"@graph\":[{\"@type\":\"WebPage\",\"@id\":\"https:\\\/\\\/www.ralti.de\\\/?product=garmin-inreach-mini-2-satelliten-kommunikationsgerat-wandern-gps-rucksackhalterung-schwarz\",\"url\":\"https:\\\/\\\/www.ralti.de\\\/?product=garmin-inreach-mini-2-satelliten-kommunikationsgerat-wandern-gps-rucksackhalterung-schwarz\",\"name\":\"Garmin inReach Mini 2 Satelliten-Kommunikationsger\u00e4t Wandern GPS & Rucksackhalterung, schwarz - Notfallvorsorge - Krisenvorsorge\",\"isPartOf\":{\"@id\":\"https:\\\/\\\/www.ralti.de\\\/#website\"},\"primaryImageOfPage\":{\"@id\":\"https:\\\/\\\/www.ralti.de\\\/?product=garmin-inreach-mini-2-satelliten-kommunikationsgerat-wandern-gps-rucksackhalterung-schwarz#primaryimage\"},\"image\":{\"@id\":\"https:\\\/\\\/www.ralti.de\\\/?product=garmin-inreach-mini-2-satelliten-kommunikationsgerat-wandern-gps-rucksackhalterung-schwarz#primaryimage\"},\"thumbnailUrl\":\"https:\\\/\\\/m.media-amazon.com\\\/images\\\/I\\\/315h6faZd1L.jpg\",\"datePublished\":\"2025-11-25T10:48:04+00:00\",\"breadcrumb\":{\"@id\":\"https:\\\/\\\/www.ralti.de\\\/?product=garmin-inreach-mini-2-satelliten-kommunikationsgerat-wandern-gps-rucksackhalterung-schwarz#breadcrumb\"},\"inLanguage\":\"de\",\"potentialAction\":[{\"@type\":\"ReadAction\",\"target\":[\"https:\\\/\\\/www.ralti.de\\\/?product=garmin-inreach-mini-2-satelliten-kommunikationsgerat-wandern-gps-rucksackhalterung-schwarz\"]}]},{\"@type\":\"ImageObject\",\"inLanguage\":\"de\",\"@id\":\"https:\\\/\\\/www.ralti.de\\\/?product=garmin-inreach-mini-2-satelliten-kommunikationsgerat-wandern-gps-rucksackhalterung-schwarz#primaryimage\",\"url\":\"https:\\\/\\\/m.media-amazon.com\\\/images\\\/I\\\/315h6faZd1L.jpg\",\"contentUrl\":\"https:\\\/\\\/m.media-amazon.com\\\/images\\\/I\\\/315h6faZd1L.jpg\",\"width\":500,\"height\":500},{\"@type\":\"BreadcrumbList\",\"@id\":\"https:\\\/\\\/www.ralti.de\\\/?product=garmin-inreach-mini-2-satelliten-kommunikationsgerat-wandern-gps-rucksackhalterung-schwarz#breadcrumb\",\"itemListElement\":[{\"@type\":\"ListItem\",\"position\":1,\"name\":\"Start\",\"item\":\"https:\\\/\\\/www.ralti.de\\\/\"},{\"@type\":\"ListItem\",\"position\":2,\"name\":\"Notfallartikel\",\"item\":\"https:\\\/\\\/www.ralti.de\\\/?page_id=14189\"},{\"@type\":\"ListItem\",\"position\":3,\"name\":\"Garmin inReach Mini 2 Satelliten-Kommunikationsger\u00e4t Wandern GPS &#038; Rucksackhalterung, schwarz\"}]},{\"@type\":\"WebSite\",\"@id\":\"https:\\\/\\\/www.ralti.de\\\/#website\",\"url\":\"https:\\\/\\\/www.ralti.de\\\/\",\"name\":\"Ralti.de\",\"description\":\"Hier viele gute Angebote\",\"publisher\":{\"@id\":\"https:\\\/\\\/www.ralti.de\\\/#organization\"},\"potentialAction\":[{\"@type\":\"SearchAction\",\"target\":{\"@type\":\"EntryPoint\",\"urlTemplate\":\"https:\\\/\\\/www.ralti.de\\\/?s={search_term_string}\"},\"query-input\":{\"@type\":\"PropertyValueSpecification\",\"valueRequired\":true,\"valueName\":\"search_term_string\"}}],\"inLanguage\":\"de\"},{\"@type\":\"Organization\",\"@id\":\"https:\\\/\\\/www.ralti.de\\\/#organization\",\"name\":\"Ralti.de\",\"url\":\"https:\\\/\\\/www.ralti.de\\\/\",\"logo\":{\"@type\":\"ImageObject\",\"inLanguage\":\"de\",\"@id\":\"https:\\\/\\\/www.ralti.de\\\/#\\\/schema\\\/logo\\\/image\\\/\",\"url\":\"https:\\\/\\\/www.ralti.de\\\/wp-content\\\/uploads\\\/2025\\\/11\\\/ralti.png\",\"contentUrl\":\"https:\\\/\\\/www.ralti.de\\\/wp-content\\\/uploads\\\/2025\\\/11\\\/ralti.png\",\"width\":240,\"height\":75,\"caption\":\"Ralti.de\"},\"image\":{\"@id\":\"https:\\\/\\\/www.ralti.de\\\/#\\\/schema\\\/logo\\\/image\\\/\"}}]}<\/script>\n<!-- \/ Yoast SEO plugin. -->","yoast_head_json":{"title":"Garmin inReach Mini 2 Satelliten-Kommunikationsger\u00e4t Wandern GPS & Rucksackhalterung, schwarz - Notfallvorsorge - Krisenvorsorge","robots":{"index":"index","follow":"follow","max-snippet":"max-snippet:-1","max-image-preview":"max-image-preview:large","max-video-preview":"max-video-preview:-1"},"canonical":"https:\/\/www.ralti.de\/?product=garmin-inreach-mini-2-satelliten-kommunikationsgerat-wandern-gps-rucksackhalterung-schwarz","og_locale":"de_DE","og_type":"article","og_title":"Garmin inReach Mini 2 Satelliten-Kommunikationsger\u00e4t Wandern GPS & Rucksackhalterung, schwarz - Notfallvorsorge - Krisenvorsorge","og_description":"Produkt 1: WELTWEIT ERREICHBAR OHNE MOBILFUNK: Auch ohne Mobilfunknetz k\u00f6nnen Sie weltweit in Verbindung bleiben. Dank Zwei-Wege-Kommunikation k\u00f6nnen Sie von \u00fcberall aus auf der Welt mit Ihren Freunden und Familie zuhause in Kontakt bleiben (Abonnement notwendig). Produkt 1: 24\/7 SOS-NOTRUF: F\u00fcr den Fall der F\u00e4lle \u2013 Senden Sie im Notfall einen SOS Notruf an Garmin IERCC, die internationale 24\/7 besetzte Rettungszentrale, egal wo Sie sind. Das Iridium Satellitennetzwerk ist weltweit verf\u00fcgbar (Abonnement notwendig). Produkt 1: KOMPAKT UND AUSDAUERND: Das inReach Mini 2 \u00fcberzeugt mit folgenden Produktabmessungen 5,17 x 9,90 x 2,61 cm und einer Akkulaufzeit von 14 Tagen bei 10-min\u00fctigem Tracking (bis zu 30 Tage bei 30-min-Tracking). Wasserdicht nach IPX 7.","og_url":"https:\/\/www.ralti.de\/?product=garmin-inreach-mini-2-satelliten-kommunikationsgerat-wandern-gps-rucksackhalterung-schwarz","og_site_name":"Notfallvorsorge - Krisenvorsorge","og_image":[{"width":500,"height":500,"url":"https:\/\/m.media-amazon.com\/images\/I\/315h6faZd1L.jpg","type":"image\/jpeg"}],"twitter_card":"summary_large_image","twitter_misc":{"Gesch\u00e4tzte Lesezeit":"2\u00a0Minuten"},"schema":{"@context":"https:\/\/schema.org","@graph":[{"@type":"WebPage","@id":"https:\/\/www.ralti.de\/?product=garmin-inreach-mini-2-satelliten-kommunikationsgerat-wandern-gps-rucksackhalterung-schwarz","url":"https:\/\/www.ralti.de\/?product=garmin-inreach-mini-2-satelliten-kommunikationsgerat-wandern-gps-rucksackhalterung-schwarz","name":"Garmin inReach Mini 2 Satelliten-Kommunikationsger\u00e4t Wandern GPS & Rucksackhalterung, schwarz - Notfallvorsorge - Krisenvorsorge","isPartOf":{"@id":"https:\/\/www.ralti.de\/#website"},"primaryImageOfPage":{"@id":"https:\/\/www.ralti.de\/?product=garmin-inreach-mini-2-satelliten-kommunikationsgerat-wandern-gps-rucksackhalterung-schwarz#primaryimage"},"image":{"@id":"https:\/\/www.ralti.de\/?product=garmin-inreach-mini-2-satelliten-kommunikationsgerat-wandern-gps-rucksackhalterung-schwarz#primaryimage"},"thumbnailUrl":"https:\/\/m.media-amazon.com\/images\/I\/315h6faZd1L.jpg","datePublished":"2025-11-25T10:48:04+00:00","breadcrumb":{"@id":"https:\/\/www.ralti.de\/?product=garmin-inreach-mini-2-satelliten-kommunikationsgerat-wandern-gps-rucksackhalterung-schwarz#breadcrumb"},"inLanguage":"de","potentialAction":[{"@type":"ReadAction","target":["https:\/\/www.ralti.de\/?product=garmin-inreach-mini-2-satelliten-kommunikationsgerat-wandern-gps-rucksackhalterung-schwarz"]}]},{"@type":"ImageObject","inLanguage":"de","@id":"https:\/\/www.ralti.de\/?product=garmin-inreach-mini-2-satelliten-kommunikationsgerat-wandern-gps-rucksackhalterung-schwarz#primaryimage","url":"https:\/\/m.media-amazon.com\/images\/I\/315h6faZd1L.jpg","contentUrl":"https:\/\/m.media-amazon.com\/images\/I\/315h6faZd1L.jpg","width":500,"height":500},{"@type":"BreadcrumbList","@id":"https:\/\/www.ralti.de\/?product=garmin-inreach-mini-2-satelliten-kommunikationsgerat-wandern-gps-rucksackhalterung-schwarz#breadcrumb","itemListElement":[{"@type":"ListItem","position":1,"name":"Start","item":"https:\/\/www.ralti.de\/"},{"@type":"ListItem","position":2,"name":"Notfallartikel","item":"https:\/\/www.ralti.de\/?page_id=14189"},{"@type":"ListItem","position":3,"name":"Garmin inReach Mini 2 Satelliten-Kommunikationsger\u00e4t Wandern GPS &#038; Rucksackhalterung, schwarz"}]},{"@type":"WebSite","@id":"https:\/\/www.ralti.de\/#website","url":"https:\/\/www.ralti.de\/","name":"Ralti.de","description":"Hier viele gute Angebote","publisher":{"@id":"https:\/\/www.ralti.de\/#organization"},"potentialAction":[{"@type":"SearchAction","target":{"@type":"EntryPoint","urlTemplate":"https:\/\/www.ralti.de\/?s={search_term_string}"},"query-input":{"@type":"PropertyValueSpecification","valueRequired":true,"valueName":"search_term_string"}}],"inLanguage":"de"},{"@type":"Organization","@id":"https:\/\/www.ralti.de\/#organization","name":"Ralti.de","url":"https:\/\/www.ralti.de\/","logo":{"@type":"ImageObject","inLanguage":"de","@id":"https:\/\/www.ralti.de\/#\/schema\/logo\/image\/","url":"https:\/\/www.ralti.de\/wp-content\/uploads\/2025\/11\/ralti.png","contentUrl":"https:\/\/www.ralti.de\/wp-content\/uploads\/2025\/11\/ralti.png","width":240,"height":75,"caption":"Ralti.de"},"image":{"@id":"https:\/\/www.ralti.de\/#\/schema\/logo\/image\/"}}]}},"_links":{"self":[{"href":"https:\/\/www.ralti.de\/index.php?rest_route=\/wp\/v2\/product\/8507","targetHints":{"allow":["GET"]}}],"collection":[{"href":"https:\/\/www.ralti.de\/index.php?rest_route=\/wp\/v2\/product"}],"about":[{"href":"https:\/\/www.ralti.de\/index.php?rest_route=\/wp\/v2\/types\/product"}],"replies":[{"embeddable":true,"href":"https:\/\/www.ralti.de\/index.php?rest_route=%2Fwp%2Fv2%2Fcomments&post=8507"}],"wp:featuredmedia":[{"embeddable":true,"href":"https:\/\/www.ralti.de\/index.php?rest_route=\/wp\/v2\/media\/8508"}],"wp:attachment":[{"href":"https:\/\/www.ralti.de\/index.php?rest_route=%2Fwp%2Fv2%2Fmedia&parent=8507"}],"wp:term":[{"taxonomy":"product_brand","embeddable":true,"href":"https:\/\/www.ralti.de\/index.php?rest_route=%2Fwp%2Fv2%2Fproduct_brand&post=8507"},{"taxonomy":"product_cat","embeddable":true,"href":"https:\/\/www.ralti.de\/index.php?rest_route=%2Fwp%2Fv2%2Fproduct_cat&post=8507"},{"taxonomy":"product_tag","embeddable":true,"href":"https:\/\/www.ralti.de\/index.php?rest_route=%2Fwp%2Fv2%2Fproduct_tag&post=8507"}],"curies":[{"name":"wp","href":"https:\/\/api.w.org\/{rel}","templated":true}]}}