{"id":8707,"date":"2025-11-25T10:55:44","date_gmt":"2025-11-25T10:55:44","guid":{"rendered":"https:\/\/www.ralti.de\/shop-2\/uncategorized\/foxmog-wise-company-emergency-food-preparedness-kit-170-serving\/"},"modified":"2025-11-25T10:55:44","modified_gmt":"2025-11-25T10:55:44","slug":"foxmog-wise-company-emergency-food-preparedness-kit-170-serving","status":"publish","type":"product","link":"https:\/\/www.ralti.de\/?product=foxmog-wise-company-emergency-food-preparedness-kit-170-serving","title":{"rendered":"Foxmog Wise Company Emergency Food Preparedness Kit, 170 Serving"},"content":{"rendered":"<p><!-- show up to 2 reviews by default --> <\/p>\n<p> <span>170 Portionen Notfall-Nahrungsmittelversorgung mit bis zu 25 Jahren Haltbarkeit. Cremige Pasta &amp; Gem\u00fcse (8 Portionen) Cheesy Mac (4 Portionen) Pasta Alfredo (8 Portionen) Teriyaki &amp; Reis (4 Portionen) Cheddar Kartoffelsuppe (8 Portionen) Chilisuppe (8 Portionen) S\u00fcdwestbohnen &amp; Reis (8 Portionen) Kartoffeln und H\u00fchnertopf Torte (8. Portionen) Wei\u00dfer Reis (20 Portionen) brauner Zucker &amp; Ahorn M\u00fcsli (12 Portionen) Apfelzimt M\u00fcsli (8 Portionen) knuspriges Granola (4 Portionen) Vanillejoghurt (8 Portionen) Getrocknete Bananenchips (10 Portionen) Schokoladenpudding (8 Portionen) Orange Delight Drink (16 Portionen) Whey Milk Alternative (28 Portionen)<\/span> <\/p>\n<div class=\"main-cross-sell\" data-asin=\"B07Z443X81\">\n\n\t<div class=\"WooZone-cross-sell-loader\">\n\t\t<div>\n\t\t\t<div id=\"floatingBarsG\">\n\t\t\t\t<div class=\"blockG\" id=\"rotateG_01\"><\/div>\n\t\t\t\t<div class=\"blockG\" id=\"rotateG_02\"><\/div>\n\t\t\t\t<div class=\"blockG\" id=\"rotateG_03\"><\/div>\n\t\t\t\t<div class=\"blockG\" id=\"rotateG_04\"><\/div>\n\t\t\t\t<div class=\"blockG\" id=\"rotateG_05\"><\/div>\n\t\t\t\t<div class=\"blockG\" id=\"rotateG_06\"><\/div>\n\t\t\t\t<div class=\"blockG\" id=\"rotateG_07\"><\/div>\n\t\t\t\t<div class=\"blockG\" id=\"rotateG_08\"><\/div>\n\t\t\t<\/div>\n\t\t\t<div class=\"WooZone-cross-sell-loader-text\"><\/div>\n\t\t<\/div>\n\t<\/div>\n\n\t\t\n<\/div>\n<div style=\"clear:both;\"><\/div>\n","protected":false},"excerpt":{"rendered":"<p>170 Portionen Notfall-Nahrungsmittelversorgung mit bis zu 25 Jahren Haltbarkeit. Cremige Pasta &amp; Gem\u00fcse (8 Portionen) Cheesy Mac (4 Portionen) Pasta Alfredo (8 Portionen) Teriyaki &amp; Reis (4 Portionen) Cheddar Kartoffelsuppe (8 Portionen) Chilisuppe (8 Portionen) S\u00fcdwestbohnen &amp; Reis (8 Portionen) Kartoffeln und H\u00fchnertopf Torte (8.&hellip;<\/p>\n","protected":false},"featured_media":8708,"comment_status":"open","ping_status":"closed","template":"","meta":{"_acf_changed":false},"product_brand":[],"product_cat":[238,241],"product_tag":[],"class_list":{"0":"post-8707","1":"product","2":"type-product","3":"status-publish","4":"has-post-thumbnail","6":"product_cat-lebensmittel","7":"product_cat-notfallnahrung","9":"first","10":"instock","11":"shipping-taxable","12":"product-type-external"},"acf":[],"yoast_head":"<!-- This site is optimized with the Yoast SEO plugin v27.5 - https:\/\/yoast.com\/product\/yoast-seo-wordpress\/ -->\n<title>Foxmog Wise Company Emergency Food Preparedness Kit, 170 Serving - Notfallvorsorge - Krisenvorsorge<\/title>\n<meta name=\"robots\" content=\"index, follow, max-snippet:-1, max-image-preview:large, max-video-preview:-1\" \/>\n<link rel=\"canonical\" href=\"https:\/\/www.ralti.de\/?product=foxmog-wise-company-emergency-food-preparedness-kit-170-serving\" \/>\n<meta property=\"og:locale\" content=\"de_DE\" \/>\n<meta property=\"og:type\" content=\"article\" \/>\n<meta property=\"og:title\" content=\"Foxmog Wise Company Emergency Food Preparedness Kit, 170 Serving - Notfallvorsorge - Krisenvorsorge\" \/>\n<meta property=\"og:description\" content=\"170 Portionen Notfall-Nahrungsmittelversorgung mit bis zu 25 Jahren Haltbarkeit. Cremige Pasta &amp; Gem\u00fcse (8 Portionen) Cheesy Mac (4 Portionen) Pasta Alfredo (8 Portionen) Teriyaki &amp; Reis (4 Portionen) Cheddar Kartoffelsuppe (8 Portionen) Chilisuppe (8 Portionen) S\u00fcdwestbohnen &amp; Reis (8 Portionen) Kartoffeln und H\u00fchnertopf Torte (8.&hellip;\" \/>\n<meta property=\"og:url\" content=\"https:\/\/www.ralti.de\/?product=foxmog-wise-company-emergency-food-preparedness-kit-170-serving\" \/>\n<meta property=\"og:site_name\" content=\"Notfallvorsorge - Krisenvorsorge\" \/>\n<meta property=\"og:image\" content=\"https:\/\/m.media-amazon.com\/images\/I\/51H2sKFfYbL.jpg\" \/>\n\t<meta property=\"og:image:width\" content=\"500\" \/>\n\t<meta property=\"og:image:height\" content=\"500\" \/>\n\t<meta property=\"og:image:type\" content=\"image\/jpeg\" \/>\n<meta name=\"twitter:card\" content=\"summary_large_image\" \/>\n<script type=\"application\/ld+json\" class=\"yoast-schema-graph\">{\"@context\":\"https:\\\/\\\/schema.org\",\"@graph\":[{\"@type\":\"WebPage\",\"@id\":\"https:\\\/\\\/www.ralti.de\\\/?product=foxmog-wise-company-emergency-food-preparedness-kit-170-serving\",\"url\":\"https:\\\/\\\/www.ralti.de\\\/?product=foxmog-wise-company-emergency-food-preparedness-kit-170-serving\",\"name\":\"Foxmog Wise Company Emergency Food Preparedness Kit, 170 Serving - Notfallvorsorge - Krisenvorsorge\",\"isPartOf\":{\"@id\":\"https:\\\/\\\/www.ralti.de\\\/#website\"},\"primaryImageOfPage\":{\"@id\":\"https:\\\/\\\/www.ralti.de\\\/?product=foxmog-wise-company-emergency-food-preparedness-kit-170-serving#primaryimage\"},\"image\":{\"@id\":\"https:\\\/\\\/www.ralti.de\\\/?product=foxmog-wise-company-emergency-food-preparedness-kit-170-serving#primaryimage\"},\"thumbnailUrl\":\"https:\\\/\\\/m.media-amazon.com\\\/images\\\/I\\\/51H2sKFfYbL.jpg\",\"datePublished\":\"2025-11-25T10:55:44+00:00\",\"breadcrumb\":{\"@id\":\"https:\\\/\\\/www.ralti.de\\\/?product=foxmog-wise-company-emergency-food-preparedness-kit-170-serving#breadcrumb\"},\"inLanguage\":\"de\",\"potentialAction\":[{\"@type\":\"ReadAction\",\"target\":[\"https:\\\/\\\/www.ralti.de\\\/?product=foxmog-wise-company-emergency-food-preparedness-kit-170-serving\"]}]},{\"@type\":\"ImageObject\",\"inLanguage\":\"de\",\"@id\":\"https:\\\/\\\/www.ralti.de\\\/?product=foxmog-wise-company-emergency-food-preparedness-kit-170-serving#primaryimage\",\"url\":\"https:\\\/\\\/m.media-amazon.com\\\/images\\\/I\\\/51H2sKFfYbL.jpg\",\"contentUrl\":\"https:\\\/\\\/m.media-amazon.com\\\/images\\\/I\\\/51H2sKFfYbL.jpg\",\"width\":500,\"height\":500},{\"@type\":\"BreadcrumbList\",\"@id\":\"https:\\\/\\\/www.ralti.de\\\/?product=foxmog-wise-company-emergency-food-preparedness-kit-170-serving#breadcrumb\",\"itemListElement\":[{\"@type\":\"ListItem\",\"position\":1,\"name\":\"Start\",\"item\":\"https:\\\/\\\/www.ralti.de\\\/\"},{\"@type\":\"ListItem\",\"position\":2,\"name\":\"Notfallartikel\",\"item\":\"https:\\\/\\\/www.ralti.de\\\/?page_id=14189\"},{\"@type\":\"ListItem\",\"position\":3,\"name\":\"Foxmog Wise Company Emergency Food Preparedness Kit, 170 Serving\"}]},{\"@type\":\"WebSite\",\"@id\":\"https:\\\/\\\/www.ralti.de\\\/#website\",\"url\":\"https:\\\/\\\/www.ralti.de\\\/\",\"name\":\"Ralti.de\",\"description\":\"Hier viele gute Angebote\",\"publisher\":{\"@id\":\"https:\\\/\\\/www.ralti.de\\\/#organization\"},\"potentialAction\":[{\"@type\":\"SearchAction\",\"target\":{\"@type\":\"EntryPoint\",\"urlTemplate\":\"https:\\\/\\\/www.ralti.de\\\/?s={search_term_string}\"},\"query-input\":{\"@type\":\"PropertyValueSpecification\",\"valueRequired\":true,\"valueName\":\"search_term_string\"}}],\"inLanguage\":\"de\"},{\"@type\":\"Organization\",\"@id\":\"https:\\\/\\\/www.ralti.de\\\/#organization\",\"name\":\"Ralti.de\",\"url\":\"https:\\\/\\\/www.ralti.de\\\/\",\"logo\":{\"@type\":\"ImageObject\",\"inLanguage\":\"de\",\"@id\":\"https:\\\/\\\/www.ralti.de\\\/#\\\/schema\\\/logo\\\/image\\\/\",\"url\":\"https:\\\/\\\/www.ralti.de\\\/wp-content\\\/uploads\\\/2025\\\/11\\\/ralti.png\",\"contentUrl\":\"https:\\\/\\\/www.ralti.de\\\/wp-content\\\/uploads\\\/2025\\\/11\\\/ralti.png\",\"width\":240,\"height\":75,\"caption\":\"Ralti.de\"},\"image\":{\"@id\":\"https:\\\/\\\/www.ralti.de\\\/#\\\/schema\\\/logo\\\/image\\\/\"}}]}<\/script>\n<!-- \/ Yoast SEO plugin. -->","yoast_head_json":{"title":"Foxmog Wise Company Emergency Food Preparedness Kit, 170 Serving - Notfallvorsorge - Krisenvorsorge","robots":{"index":"index","follow":"follow","max-snippet":"max-snippet:-1","max-image-preview":"max-image-preview:large","max-video-preview":"max-video-preview:-1"},"canonical":"https:\/\/www.ralti.de\/?product=foxmog-wise-company-emergency-food-preparedness-kit-170-serving","og_locale":"de_DE","og_type":"article","og_title":"Foxmog Wise Company Emergency Food Preparedness Kit, 170 Serving - Notfallvorsorge - Krisenvorsorge","og_description":"170 Portionen Notfall-Nahrungsmittelversorgung mit bis zu 25 Jahren Haltbarkeit. Cremige Pasta &amp; Gem\u00fcse (8 Portionen) Cheesy Mac (4 Portionen) Pasta Alfredo (8 Portionen) Teriyaki &amp; Reis (4 Portionen) Cheddar Kartoffelsuppe (8 Portionen) Chilisuppe (8 Portionen) S\u00fcdwestbohnen &amp; Reis (8 Portionen) Kartoffeln und H\u00fchnertopf Torte (8.&hellip;","og_url":"https:\/\/www.ralti.de\/?product=foxmog-wise-company-emergency-food-preparedness-kit-170-serving","og_site_name":"Notfallvorsorge - Krisenvorsorge","og_image":[{"width":500,"height":500,"url":"https:\/\/m.media-amazon.com\/images\/I\/51H2sKFfYbL.jpg","type":"image\/jpeg"}],"twitter_card":"summary_large_image","schema":{"@context":"https:\/\/schema.org","@graph":[{"@type":"WebPage","@id":"https:\/\/www.ralti.de\/?product=foxmog-wise-company-emergency-food-preparedness-kit-170-serving","url":"https:\/\/www.ralti.de\/?product=foxmog-wise-company-emergency-food-preparedness-kit-170-serving","name":"Foxmog Wise Company Emergency Food Preparedness Kit, 170 Serving - Notfallvorsorge - Krisenvorsorge","isPartOf":{"@id":"https:\/\/www.ralti.de\/#website"},"primaryImageOfPage":{"@id":"https:\/\/www.ralti.de\/?product=foxmog-wise-company-emergency-food-preparedness-kit-170-serving#primaryimage"},"image":{"@id":"https:\/\/www.ralti.de\/?product=foxmog-wise-company-emergency-food-preparedness-kit-170-serving#primaryimage"},"thumbnailUrl":"https:\/\/m.media-amazon.com\/images\/I\/51H2sKFfYbL.jpg","datePublished":"2025-11-25T10:55:44+00:00","breadcrumb":{"@id":"https:\/\/www.ralti.de\/?product=foxmog-wise-company-emergency-food-preparedness-kit-170-serving#breadcrumb"},"inLanguage":"de","potentialAction":[{"@type":"ReadAction","target":["https:\/\/www.ralti.de\/?product=foxmog-wise-company-emergency-food-preparedness-kit-170-serving"]}]},{"@type":"ImageObject","inLanguage":"de","@id":"https:\/\/www.ralti.de\/?product=foxmog-wise-company-emergency-food-preparedness-kit-170-serving#primaryimage","url":"https:\/\/m.media-amazon.com\/images\/I\/51H2sKFfYbL.jpg","contentUrl":"https:\/\/m.media-amazon.com\/images\/I\/51H2sKFfYbL.jpg","width":500,"height":500},{"@type":"BreadcrumbList","@id":"https:\/\/www.ralti.de\/?product=foxmog-wise-company-emergency-food-preparedness-kit-170-serving#breadcrumb","itemListElement":[{"@type":"ListItem","position":1,"name":"Start","item":"https:\/\/www.ralti.de\/"},{"@type":"ListItem","position":2,"name":"Notfallartikel","item":"https:\/\/www.ralti.de\/?page_id=14189"},{"@type":"ListItem","position":3,"name":"Foxmog Wise Company Emergency Food Preparedness Kit, 170 Serving"}]},{"@type":"WebSite","@id":"https:\/\/www.ralti.de\/#website","url":"https:\/\/www.ralti.de\/","name":"Ralti.de","description":"Hier viele gute Angebote","publisher":{"@id":"https:\/\/www.ralti.de\/#organization"},"potentialAction":[{"@type":"SearchAction","target":{"@type":"EntryPoint","urlTemplate":"https:\/\/www.ralti.de\/?s={search_term_string}"},"query-input":{"@type":"PropertyValueSpecification","valueRequired":true,"valueName":"search_term_string"}}],"inLanguage":"de"},{"@type":"Organization","@id":"https:\/\/www.ralti.de\/#organization","name":"Ralti.de","url":"https:\/\/www.ralti.de\/","logo":{"@type":"ImageObject","inLanguage":"de","@id":"https:\/\/www.ralti.de\/#\/schema\/logo\/image\/","url":"https:\/\/www.ralti.de\/wp-content\/uploads\/2025\/11\/ralti.png","contentUrl":"https:\/\/www.ralti.de\/wp-content\/uploads\/2025\/11\/ralti.png","width":240,"height":75,"caption":"Ralti.de"},"image":{"@id":"https:\/\/www.ralti.de\/#\/schema\/logo\/image\/"}}]}},"_links":{"self":[{"href":"https:\/\/www.ralti.de\/index.php?rest_route=\/wp\/v2\/product\/8707","targetHints":{"allow":["GET"]}}],"collection":[{"href":"https:\/\/www.ralti.de\/index.php?rest_route=\/wp\/v2\/product"}],"about":[{"href":"https:\/\/www.ralti.de\/index.php?rest_route=\/wp\/v2\/types\/product"}],"replies":[{"embeddable":true,"href":"https:\/\/www.ralti.de\/index.php?rest_route=%2Fwp%2Fv2%2Fcomments&post=8707"}],"wp:featuredmedia":[{"embeddable":true,"href":"https:\/\/www.ralti.de\/index.php?rest_route=\/wp\/v2\/media\/8708"}],"wp:attachment":[{"href":"https:\/\/www.ralti.de\/index.php?rest_route=%2Fwp%2Fv2%2Fmedia&parent=8707"}],"wp:term":[{"taxonomy":"product_brand","embeddable":true,"href":"https:\/\/www.ralti.de\/index.php?rest_route=%2Fwp%2Fv2%2Fproduct_brand&post=8707"},{"taxonomy":"product_cat","embeddable":true,"href":"https:\/\/www.ralti.de\/index.php?rest_route=%2Fwp%2Fv2%2Fproduct_cat&post=8707"},{"taxonomy":"product_tag","embeddable":true,"href":"https:\/\/www.ralti.de\/index.php?rest_route=%2Fwp%2Fv2%2Fproduct_tag&post=8707"}],"curies":[{"name":"wp","href":"https:\/\/api.w.org\/{rel}","templated":true}]}}