{"id":8765,"date":"2025-11-25T10:56:01","date_gmt":"2025-11-25T10:56:01","guid":{"rendered":"https:\/\/www.ralti.de\/shop-2\/uncategorized\/emergency-food-vollmilchpulver\/"},"modified":"2025-11-25T10:56:01","modified_gmt":"2025-11-25T10:56:01","slug":"emergency-food-vollmilchpulver","status":"publish","type":"product","link":"https:\/\/www.ralti.de\/?product=emergency-food-vollmilchpulver","title":{"rendered":"Emergency Food Vollmilchpulver"},"content":{"rendered":"<p><!-- show up to 2 reviews by default --> <\/p>\n<h3> <span>Produktbeschreibungen<\/span> <\/h3>\n<\/p>\n<p><span>Nie wieder schlechte Laune am Morgen, weil dein Kaffee schwarz ist!<br \/>Mit unserem Vollmilchpulver liefern wir Dir das Beste der Kuh. Einfach das Vollmilchpulver mit Wasser anr\u00fchren und schon schmecken M\u00fcsli, Grie\u00dfbrei und Co genauso, wie du sie am liebsten magst.<br \/>Unser Vollmilchpulver ist frei von Zusatz- und Konservierungsstoffen sowie Geschmacksverst\u00e4rkern.<\/span><\/p>\n<p><span>Allergene: <\/span><span class=\"a-text-bold\">Milch<\/span><span><br \/>N\u00e4hrwertangaben kJ\/kcal: pro 100g 2077\/496<br \/>Maximale Wasserzugabe: 5200 ml<br \/>Haltbarkeit: 15 Jahre ab dem Produktionsdatum<\/span><\/p>\n<\/p>\n<h3> <span>Inhaltsstoffe \/ Zutaten<\/span> <\/h3>\n<\/p>\n<p><span class=\"a-text-bold\">Vollmilchpulver<\/span><span> mit 26% Fettgehalt.<\/span><\/p>\n<\/p>\n<div data-a-expander-name=\"toggle_description\" class=\"a-row a-expander-container a-expander-extend-container\">\n<div data-expanded=\"false\" class=\"a-expander-content a-expander-extend-content\">\n<h3> <span>Gebrauchsanweisung<\/span> <\/h3>\n<p> <span>die gew\u00fcnschte Menge mit hei\u00dfem oder kaltem Wasser anr\u00fchren<\/span> <\/p>\n<h3> <span>Anschrift Hersteller\/Importeur<\/span> <\/h3>\n<p> <span>Katadyn Deutschland GmbH, Hessenring 23, 64546 M\u00f6rfelden-Walldorf, Germany<\/span> <\/p>\n<\/p><\/div>\n<p> <a aria-expanded=\"false\" role=\"button\" href=\"javascript:void(0)\" data-action=\"a-expander-toggle\" class=\"a-expander-header a-declarative a-expander-extend-header\" data-a-expander-toggle=\"{\" allowlinkdefault anzeigen><i class=\"a-icon a-icon-extender-expand\"><\/i><span class=\"a-expander-prompt\">Mehr<\/span><\/a> <\/div>\n<p>Emergency Food &#8211; Notfall Vorrat &#8211; Instant &#8211; gefriergetrocknet, ohne Konservierungsstoffe oder Geschmacksverst\u00e4rker<br \/>\neinfache Zubereitung: die gew\u00fcnschte Menge mit hei\u00dfem oder kaltem Wasser anr\u00fchren<br \/>\nN\u00e4hrwertangaben kJ\/kcal: pro 100g 2077\/496<br \/>\nAllergene: Milch<br \/>\nHaltbarkeit: 15 Jahre ab dem Produktionsdatum<br \/>\n<div class=\"main-cross-sell\" data-asin=\"B071R95ZTV\">\n\n\t<div class=\"WooZone-cross-sell-loader\">\n\t\t<div>\n\t\t\t<div id=\"floatingBarsG\">\n\t\t\t\t<div class=\"blockG\" id=\"rotateG_01\"><\/div>\n\t\t\t\t<div class=\"blockG\" id=\"rotateG_02\"><\/div>\n\t\t\t\t<div class=\"blockG\" id=\"rotateG_03\"><\/div>\n\t\t\t\t<div class=\"blockG\" id=\"rotateG_04\"><\/div>\n\t\t\t\t<div class=\"blockG\" id=\"rotateG_05\"><\/div>\n\t\t\t\t<div class=\"blockG\" id=\"rotateG_06\"><\/div>\n\t\t\t\t<div class=\"blockG\" id=\"rotateG_07\"><\/div>\n\t\t\t\t<div class=\"blockG\" id=\"rotateG_08\"><\/div>\n\t\t\t<\/div>\n\t\t\t<div class=\"WooZone-cross-sell-loader-text\"><\/div>\n\t\t<\/div>\n\t<\/div>\n\n\t\t\n<\/div>\n<div style=\"clear:both;\"><\/div>\n","protected":false},"excerpt":{"rendered":"<p>Emergency Food &#8211; Notfall Vorrat &#8211; Instant &#8211; gefriergetrocknet, ohne Konservierungsstoffe oder Geschmacksverst\u00e4rker<br \/>\neinfache Zubereitung: die gew\u00fcnschte Menge mit hei\u00dfem oder kaltem Wasser anr\u00fchren<br \/>\nN\u00e4hrwertangaben kJ\/kcal: pro 100g 2077\/496<\/p>\n","protected":false},"featured_media":8766,"comment_status":"open","ping_status":"closed","template":"","meta":{"_acf_changed":false},"product_brand":[],"product_cat":[238,241],"product_tag":[],"class_list":{"0":"post-8765","1":"product","2":"type-product","3":"status-publish","4":"has-post-thumbnail","6":"product_cat-lebensmittel","7":"product_cat-notfallnahrung","9":"first","10":"instock","11":"shipping-taxable","12":"product-type-external"},"acf":[],"yoast_head":"<!-- This site is optimized with the Yoast SEO plugin v27.5 - https:\/\/yoast.com\/product\/yoast-seo-wordpress\/ -->\n<title>Emergency Food Vollmilchpulver - Notfallvorsorge - Krisenvorsorge<\/title>\n<meta name=\"robots\" content=\"index, follow, max-snippet:-1, max-image-preview:large, max-video-preview:-1\" \/>\n<link rel=\"canonical\" href=\"https:\/\/www.ralti.de\/?product=emergency-food-vollmilchpulver\" \/>\n<meta property=\"og:locale\" content=\"de_DE\" \/>\n<meta property=\"og:type\" content=\"article\" \/>\n<meta property=\"og:title\" content=\"Emergency Food Vollmilchpulver - Notfallvorsorge - Krisenvorsorge\" \/>\n<meta property=\"og:description\" content=\"Emergency Food - Notfall Vorrat - Instant - gefriergetrocknet, ohne Konservierungsstoffe oder Geschmacksverst\u00e4rker einfache Zubereitung: die gew\u00fcnschte Menge mit hei\u00dfem oder kaltem Wasser anr\u00fchren N\u00e4hrwertangaben kJ\/kcal: pro 100g 2077\/496\" \/>\n<meta property=\"og:url\" content=\"https:\/\/www.ralti.de\/?product=emergency-food-vollmilchpulver\" \/>\n<meta property=\"og:site_name\" content=\"Notfallvorsorge - Krisenvorsorge\" \/>\n<meta property=\"og:image\" content=\"https:\/\/m.media-amazon.com\/images\/I\/41-TDs9arhL.jpg\" \/>\n\t<meta property=\"og:image:width\" content=\"500\" \/>\n\t<meta property=\"og:image:height\" content=\"500\" \/>\n\t<meta property=\"og:image:type\" content=\"image\/jpeg\" \/>\n<meta name=\"twitter:card\" content=\"summary_large_image\" \/>\n<meta name=\"twitter:label1\" content=\"Gesch\u00e4tzte Lesezeit\" \/>\n\t<meta name=\"twitter:data1\" content=\"1\u00a0Minute\" \/>\n<script type=\"application\/ld+json\" class=\"yoast-schema-graph\">{\"@context\":\"https:\\\/\\\/schema.org\",\"@graph\":[{\"@type\":\"WebPage\",\"@id\":\"https:\\\/\\\/www.ralti.de\\\/?product=emergency-food-vollmilchpulver\",\"url\":\"https:\\\/\\\/www.ralti.de\\\/?product=emergency-food-vollmilchpulver\",\"name\":\"Emergency Food Vollmilchpulver - Notfallvorsorge - Krisenvorsorge\",\"isPartOf\":{\"@id\":\"https:\\\/\\\/www.ralti.de\\\/#website\"},\"primaryImageOfPage\":{\"@id\":\"https:\\\/\\\/www.ralti.de\\\/?product=emergency-food-vollmilchpulver#primaryimage\"},\"image\":{\"@id\":\"https:\\\/\\\/www.ralti.de\\\/?product=emergency-food-vollmilchpulver#primaryimage\"},\"thumbnailUrl\":\"https:\\\/\\\/m.media-amazon.com\\\/images\\\/I\\\/41-TDs9arhL.jpg\",\"datePublished\":\"2025-11-25T10:56:01+00:00\",\"breadcrumb\":{\"@id\":\"https:\\\/\\\/www.ralti.de\\\/?product=emergency-food-vollmilchpulver#breadcrumb\"},\"inLanguage\":\"de\",\"potentialAction\":[{\"@type\":\"ReadAction\",\"target\":[\"https:\\\/\\\/www.ralti.de\\\/?product=emergency-food-vollmilchpulver\"]}]},{\"@type\":\"ImageObject\",\"inLanguage\":\"de\",\"@id\":\"https:\\\/\\\/www.ralti.de\\\/?product=emergency-food-vollmilchpulver#primaryimage\",\"url\":\"https:\\\/\\\/m.media-amazon.com\\\/images\\\/I\\\/41-TDs9arhL.jpg\",\"contentUrl\":\"https:\\\/\\\/m.media-amazon.com\\\/images\\\/I\\\/41-TDs9arhL.jpg\",\"width\":500,\"height\":500},{\"@type\":\"BreadcrumbList\",\"@id\":\"https:\\\/\\\/www.ralti.de\\\/?product=emergency-food-vollmilchpulver#breadcrumb\",\"itemListElement\":[{\"@type\":\"ListItem\",\"position\":1,\"name\":\"Start\",\"item\":\"https:\\\/\\\/www.ralti.de\\\/\"},{\"@type\":\"ListItem\",\"position\":2,\"name\":\"Notfallartikel\",\"item\":\"https:\\\/\\\/www.ralti.de\\\/?page_id=14189\"},{\"@type\":\"ListItem\",\"position\":3,\"name\":\"Emergency Food Vollmilchpulver\"}]},{\"@type\":\"WebSite\",\"@id\":\"https:\\\/\\\/www.ralti.de\\\/#website\",\"url\":\"https:\\\/\\\/www.ralti.de\\\/\",\"name\":\"Ralti.de\",\"description\":\"Hier viele gute Angebote\",\"publisher\":{\"@id\":\"https:\\\/\\\/www.ralti.de\\\/#organization\"},\"potentialAction\":[{\"@type\":\"SearchAction\",\"target\":{\"@type\":\"EntryPoint\",\"urlTemplate\":\"https:\\\/\\\/www.ralti.de\\\/?s={search_term_string}\"},\"query-input\":{\"@type\":\"PropertyValueSpecification\",\"valueRequired\":true,\"valueName\":\"search_term_string\"}}],\"inLanguage\":\"de\"},{\"@type\":\"Organization\",\"@id\":\"https:\\\/\\\/www.ralti.de\\\/#organization\",\"name\":\"Ralti.de\",\"url\":\"https:\\\/\\\/www.ralti.de\\\/\",\"logo\":{\"@type\":\"ImageObject\",\"inLanguage\":\"de\",\"@id\":\"https:\\\/\\\/www.ralti.de\\\/#\\\/schema\\\/logo\\\/image\\\/\",\"url\":\"https:\\\/\\\/www.ralti.de\\\/wp-content\\\/uploads\\\/2025\\\/11\\\/ralti.png\",\"contentUrl\":\"https:\\\/\\\/www.ralti.de\\\/wp-content\\\/uploads\\\/2025\\\/11\\\/ralti.png\",\"width\":240,\"height\":75,\"caption\":\"Ralti.de\"},\"image\":{\"@id\":\"https:\\\/\\\/www.ralti.de\\\/#\\\/schema\\\/logo\\\/image\\\/\"}}]}<\/script>\n<!-- \/ Yoast SEO plugin. -->","yoast_head_json":{"title":"Emergency Food Vollmilchpulver - Notfallvorsorge - Krisenvorsorge","robots":{"index":"index","follow":"follow","max-snippet":"max-snippet:-1","max-image-preview":"max-image-preview:large","max-video-preview":"max-video-preview:-1"},"canonical":"https:\/\/www.ralti.de\/?product=emergency-food-vollmilchpulver","og_locale":"de_DE","og_type":"article","og_title":"Emergency Food Vollmilchpulver - Notfallvorsorge - Krisenvorsorge","og_description":"Emergency Food - Notfall Vorrat - Instant - gefriergetrocknet, ohne Konservierungsstoffe oder Geschmacksverst\u00e4rker einfache Zubereitung: die gew\u00fcnschte Menge mit hei\u00dfem oder kaltem Wasser anr\u00fchren N\u00e4hrwertangaben kJ\/kcal: pro 100g 2077\/496","og_url":"https:\/\/www.ralti.de\/?product=emergency-food-vollmilchpulver","og_site_name":"Notfallvorsorge - Krisenvorsorge","og_image":[{"width":500,"height":500,"url":"https:\/\/m.media-amazon.com\/images\/I\/41-TDs9arhL.jpg","type":"image\/jpeg"}],"twitter_card":"summary_large_image","twitter_misc":{"Gesch\u00e4tzte Lesezeit":"1\u00a0Minute"},"schema":{"@context":"https:\/\/schema.org","@graph":[{"@type":"WebPage","@id":"https:\/\/www.ralti.de\/?product=emergency-food-vollmilchpulver","url":"https:\/\/www.ralti.de\/?product=emergency-food-vollmilchpulver","name":"Emergency Food Vollmilchpulver - Notfallvorsorge - Krisenvorsorge","isPartOf":{"@id":"https:\/\/www.ralti.de\/#website"},"primaryImageOfPage":{"@id":"https:\/\/www.ralti.de\/?product=emergency-food-vollmilchpulver#primaryimage"},"image":{"@id":"https:\/\/www.ralti.de\/?product=emergency-food-vollmilchpulver#primaryimage"},"thumbnailUrl":"https:\/\/m.media-amazon.com\/images\/I\/41-TDs9arhL.jpg","datePublished":"2025-11-25T10:56:01+00:00","breadcrumb":{"@id":"https:\/\/www.ralti.de\/?product=emergency-food-vollmilchpulver#breadcrumb"},"inLanguage":"de","potentialAction":[{"@type":"ReadAction","target":["https:\/\/www.ralti.de\/?product=emergency-food-vollmilchpulver"]}]},{"@type":"ImageObject","inLanguage":"de","@id":"https:\/\/www.ralti.de\/?product=emergency-food-vollmilchpulver#primaryimage","url":"https:\/\/m.media-amazon.com\/images\/I\/41-TDs9arhL.jpg","contentUrl":"https:\/\/m.media-amazon.com\/images\/I\/41-TDs9arhL.jpg","width":500,"height":500},{"@type":"BreadcrumbList","@id":"https:\/\/www.ralti.de\/?product=emergency-food-vollmilchpulver#breadcrumb","itemListElement":[{"@type":"ListItem","position":1,"name":"Start","item":"https:\/\/www.ralti.de\/"},{"@type":"ListItem","position":2,"name":"Notfallartikel","item":"https:\/\/www.ralti.de\/?page_id=14189"},{"@type":"ListItem","position":3,"name":"Emergency Food Vollmilchpulver"}]},{"@type":"WebSite","@id":"https:\/\/www.ralti.de\/#website","url":"https:\/\/www.ralti.de\/","name":"Ralti.de","description":"Hier viele gute Angebote","publisher":{"@id":"https:\/\/www.ralti.de\/#organization"},"potentialAction":[{"@type":"SearchAction","target":{"@type":"EntryPoint","urlTemplate":"https:\/\/www.ralti.de\/?s={search_term_string}"},"query-input":{"@type":"PropertyValueSpecification","valueRequired":true,"valueName":"search_term_string"}}],"inLanguage":"de"},{"@type":"Organization","@id":"https:\/\/www.ralti.de\/#organization","name":"Ralti.de","url":"https:\/\/www.ralti.de\/","logo":{"@type":"ImageObject","inLanguage":"de","@id":"https:\/\/www.ralti.de\/#\/schema\/logo\/image\/","url":"https:\/\/www.ralti.de\/wp-content\/uploads\/2025\/11\/ralti.png","contentUrl":"https:\/\/www.ralti.de\/wp-content\/uploads\/2025\/11\/ralti.png","width":240,"height":75,"caption":"Ralti.de"},"image":{"@id":"https:\/\/www.ralti.de\/#\/schema\/logo\/image\/"}}]}},"_links":{"self":[{"href":"https:\/\/www.ralti.de\/index.php?rest_route=\/wp\/v2\/product\/8765","targetHints":{"allow":["GET"]}}],"collection":[{"href":"https:\/\/www.ralti.de\/index.php?rest_route=\/wp\/v2\/product"}],"about":[{"href":"https:\/\/www.ralti.de\/index.php?rest_route=\/wp\/v2\/types\/product"}],"replies":[{"embeddable":true,"href":"https:\/\/www.ralti.de\/index.php?rest_route=%2Fwp%2Fv2%2Fcomments&post=8765"}],"wp:featuredmedia":[{"embeddable":true,"href":"https:\/\/www.ralti.de\/index.php?rest_route=\/wp\/v2\/media\/8766"}],"wp:attachment":[{"href":"https:\/\/www.ralti.de\/index.php?rest_route=%2Fwp%2Fv2%2Fmedia&parent=8765"}],"wp:term":[{"taxonomy":"product_brand","embeddable":true,"href":"https:\/\/www.ralti.de\/index.php?rest_route=%2Fwp%2Fv2%2Fproduct_brand&post=8765"},{"taxonomy":"product_cat","embeddable":true,"href":"https:\/\/www.ralti.de\/index.php?rest_route=%2Fwp%2Fv2%2Fproduct_cat&post=8765"},{"taxonomy":"product_tag","embeddable":true,"href":"https:\/\/www.ralti.de\/index.php?rest_route=%2Fwp%2Fv2%2Fproduct_tag&post=8765"}],"curies":[{"name":"wp","href":"https:\/\/api.w.org\/{rel}","templated":true}]}}