{"id":8798,"date":"2025-11-25T10:57:31","date_gmt":"2025-11-25T10:57:31","guid":{"rendered":"https:\/\/www.ralti.de\/shop-2\/uncategorized\/silit-storio-vorratsdose-set-3-teilig-glasbehalter-mit-deckel-luftdicht-frischhaltedosen-spulmaschinengeeignet-mikrowellengeeignet-backofengeeignet-ohne-deckel\/"},"modified":"2025-11-25T10:57:31","modified_gmt":"2025-11-25T10:57:31","slug":"silit-storio-vorratsdose-set-3-teilig-glasbehalter-mit-deckel-luftdicht-frischhaltedosen-spulmaschinengeeignet-mikrowellengeeignet-backofengeeignet-ohne-deckel","status":"publish","type":"product","link":"https:\/\/www.ralti.de\/?product=silit-storio-vorratsdose-set-3-teilig-glasbehalter-mit-deckel-luftdicht-frischhaltedosen-spulmaschinengeeignet-mikrowellengeeignet-backofengeeignet-ohne-deckel","title":{"rendered":"Silit Storio Vorratsdose Set 3-teilig, Glasbeh\u00e4lter mit Deckel luftdicht, Frischhaltedosen, sp\u00fclmaschinengeeignet, mikrowellengeeignet, backofengeeignet ohne Deckel"},"content":{"rendered":"<p>Inhalt: 3x Aufbewahrungsbox mit Deckel (15 x 10 x 5,5 cm &#8211; F\u00fcllmenge 0,25l, 18 x 13 x 7,5 cm &#8211; F\u00fcllmenge 0,75l, 21 x 14 x 9,5 cm &#8211; F\u00fcllmenge 1,4l) &#8211; Artikelnummer: 2141295778<br \/>\nMaterial: Schale aus Borosilikat-Glas, Kunststoffdeckel (BPA-frei) mit Silikondichtung<br \/>\nLeichtes \u00d6ffnen der Vorratsdosen. Aromasichere und luftdichte Aufbewahrung durch Silikondichtung. Lebensmittel bleiben l\u00e4nger frisch und n\u00e4hrstoffreich. Kein Geruch im K\u00fchlschrank<br \/>\nDie Frischhaltedosen eignen sich ideal zum Vorbereiten, Servieren und Aufbewahren oder auch als Aufschnittbox. Geschmacksneutral, schnittfest, hygienisch. Platzsparend stapelbar<br \/>\nSp\u00fclmaschinengeeignet, k\u00fchlschrank-, mikrowellen- und gefrierschrankgeeignet. Ohne Deckel backofengeeignet bis 180\u00b0C<br \/>\n<div class=\"main-cross-sell\" data-asin=\"B00J5C2IS6\">\n\n\t<div class=\"WooZone-cross-sell-loader\">\n\t\t<div>\n\t\t\t<div id=\"floatingBarsG\">\n\t\t\t\t<div class=\"blockG\" id=\"rotateG_01\"><\/div>\n\t\t\t\t<div class=\"blockG\" id=\"rotateG_02\"><\/div>\n\t\t\t\t<div class=\"blockG\" id=\"rotateG_03\"><\/div>\n\t\t\t\t<div class=\"blockG\" id=\"rotateG_04\"><\/div>\n\t\t\t\t<div class=\"blockG\" id=\"rotateG_05\"><\/div>\n\t\t\t\t<div class=\"blockG\" id=\"rotateG_06\"><\/div>\n\t\t\t\t<div class=\"blockG\" id=\"rotateG_07\"><\/div>\n\t\t\t\t<div class=\"blockG\" id=\"rotateG_08\"><\/div>\n\t\t\t<\/div>\n\t\t\t<div class=\"WooZone-cross-sell-loader-text\"><\/div>\n\t\t<\/div>\n\t<\/div>\n\n\t\t\n<\/div>\n<div style=\"clear:both;\"><\/div>\n","protected":false},"excerpt":{"rendered":"<p>Inhalt: 3x Aufbewahrungsbox mit Deckel (15 x 10 x 5,5 cm &#8211; F\u00fcllmenge 0,25l, 18 x 13 x 7,5 cm &#8211; F\u00fcllmenge 0,75l, 21 x 14 x 9,5 cm &#8211; F\u00fcllmenge 1,4l) &#8211; Artikelnummer: 2141295778<br \/>\nMaterial: Schale aus Borosilikat-Glas, Kunststoffdeckel (BPA-frei) mit Silikondichtung<br \/>\nLeichtes \u00d6ffnen der Vorratsdosen. Aromasichere und luftdichte Aufbewahrung durch Silikondichtung. Lebensmittel bleiben l\u00e4nger frisch und n\u00e4hrstoffreich. Kein Geruch im K\u00fchlschrank<\/p>\n","protected":false},"featured_media":8799,"comment_status":"open","ping_status":"closed","template":"","meta":{"_acf_changed":false},"product_brand":[],"product_cat":[238,240],"product_tag":[],"class_list":{"0":"post-8798","1":"product","2":"type-product","3":"status-publish","4":"has-post-thumbnail","6":"product_cat-lebensmittel","7":"product_cat-vorratsdosen","9":"first","10":"instock","11":"sale","12":"shipping-taxable","13":"product-type-external"},"acf":[],"yoast_head":"<!-- This site is optimized with the Yoast SEO plugin v27.3 - https:\/\/yoast.com\/product\/yoast-seo-wordpress\/ -->\n<title>Silit Storio Vorratsdose Set 3-teilig, Glasbeh\u00e4lter mit Deckel luftdicht, Frischhaltedosen, sp\u00fclmaschinengeeignet, mikrowellengeeignet, backofengeeignet ohne Deckel - Notfallvorsorge - Krisenvorsorge<\/title>\n<meta name=\"robots\" content=\"index, follow, max-snippet:-1, max-image-preview:large, max-video-preview:-1\" \/>\n<link rel=\"canonical\" href=\"https:\/\/www.ralti.de\/?product=silit-storio-vorratsdose-set-3-teilig-glasbehalter-mit-deckel-luftdicht-frischhaltedosen-spulmaschinengeeignet-mikrowellengeeignet-backofengeeignet-ohne-deckel\" \/>\n<meta property=\"og:locale\" content=\"de_DE\" \/>\n<meta property=\"og:type\" content=\"article\" \/>\n<meta property=\"og:title\" content=\"Silit Storio Vorratsdose Set 3-teilig, Glasbeh\u00e4lter mit Deckel luftdicht, Frischhaltedosen, sp\u00fclmaschinengeeignet, mikrowellengeeignet, backofengeeignet ohne Deckel - Notfallvorsorge - Krisenvorsorge\" \/>\n<meta property=\"og:description\" content=\"Inhalt: 3x Aufbewahrungsbox mit Deckel (15 x 10 x 5,5 cm - F\u00fcllmenge 0,25l, 18 x 13 x 7,5 cm - F\u00fcllmenge 0,75l, 21 x 14 x 9,5 cm - F\u00fcllmenge 1,4l) - Artikelnummer: 2141295778 Material: Schale aus Borosilikat-Glas, Kunststoffdeckel (BPA-frei) mit Silikondichtung Leichtes \u00d6ffnen der Vorratsdosen. Aromasichere und luftdichte Aufbewahrung durch Silikondichtung. Lebensmittel bleiben l\u00e4nger frisch und n\u00e4hrstoffreich. Kein Geruch im K\u00fchlschrank\" \/>\n<meta property=\"og:url\" content=\"https:\/\/www.ralti.de\/?product=silit-storio-vorratsdose-set-3-teilig-glasbehalter-mit-deckel-luftdicht-frischhaltedosen-spulmaschinengeeignet-mikrowellengeeignet-backofengeeignet-ohne-deckel\" \/>\n<meta property=\"og:site_name\" content=\"Notfallvorsorge - Krisenvorsorge\" \/>\n<meta property=\"og:image\" content=\"https:\/\/m.media-amazon.com\/images\/I\/41OTGr3qwQL.jpg\" \/>\n\t<meta property=\"og:image:width\" content=\"500\" \/>\n\t<meta property=\"og:image:height\" content=\"500\" \/>\n\t<meta property=\"og:image:type\" content=\"image\/jpeg\" \/>\n<meta name=\"twitter:card\" content=\"summary_large_image\" \/>\n<script type=\"application\/ld+json\" class=\"yoast-schema-graph\">{\"@context\":\"https:\\\/\\\/schema.org\",\"@graph\":[{\"@type\":\"WebPage\",\"@id\":\"https:\\\/\\\/www.ralti.de\\\/?product=silit-storio-vorratsdose-set-3-teilig-glasbehalter-mit-deckel-luftdicht-frischhaltedosen-spulmaschinengeeignet-mikrowellengeeignet-backofengeeignet-ohne-deckel\",\"url\":\"https:\\\/\\\/www.ralti.de\\\/?product=silit-storio-vorratsdose-set-3-teilig-glasbehalter-mit-deckel-luftdicht-frischhaltedosen-spulmaschinengeeignet-mikrowellengeeignet-backofengeeignet-ohne-deckel\",\"name\":\"Silit Storio Vorratsdose Set 3-teilig, Glasbeh\u00e4lter mit Deckel luftdicht, Frischhaltedosen, sp\u00fclmaschinengeeignet, mikrowellengeeignet, backofengeeignet ohne Deckel - Notfallvorsorge - Krisenvorsorge\",\"isPartOf\":{\"@id\":\"https:\\\/\\\/www.ralti.de\\\/#website\"},\"primaryImageOfPage\":{\"@id\":\"https:\\\/\\\/www.ralti.de\\\/?product=silit-storio-vorratsdose-set-3-teilig-glasbehalter-mit-deckel-luftdicht-frischhaltedosen-spulmaschinengeeignet-mikrowellengeeignet-backofengeeignet-ohne-deckel#primaryimage\"},\"image\":{\"@id\":\"https:\\\/\\\/www.ralti.de\\\/?product=silit-storio-vorratsdose-set-3-teilig-glasbehalter-mit-deckel-luftdicht-frischhaltedosen-spulmaschinengeeignet-mikrowellengeeignet-backofengeeignet-ohne-deckel#primaryimage\"},\"thumbnailUrl\":\"https:\\\/\\\/m.media-amazon.com\\\/images\\\/I\\\/41OTGr3qwQL.jpg\",\"datePublished\":\"2025-11-25T10:57:31+00:00\",\"breadcrumb\":{\"@id\":\"https:\\\/\\\/www.ralti.de\\\/?product=silit-storio-vorratsdose-set-3-teilig-glasbehalter-mit-deckel-luftdicht-frischhaltedosen-spulmaschinengeeignet-mikrowellengeeignet-backofengeeignet-ohne-deckel#breadcrumb\"},\"inLanguage\":\"de\",\"potentialAction\":[{\"@type\":\"ReadAction\",\"target\":[\"https:\\\/\\\/www.ralti.de\\\/?product=silit-storio-vorratsdose-set-3-teilig-glasbehalter-mit-deckel-luftdicht-frischhaltedosen-spulmaschinengeeignet-mikrowellengeeignet-backofengeeignet-ohne-deckel\"]}]},{\"@type\":\"ImageObject\",\"inLanguage\":\"de\",\"@id\":\"https:\\\/\\\/www.ralti.de\\\/?product=silit-storio-vorratsdose-set-3-teilig-glasbehalter-mit-deckel-luftdicht-frischhaltedosen-spulmaschinengeeignet-mikrowellengeeignet-backofengeeignet-ohne-deckel#primaryimage\",\"url\":\"https:\\\/\\\/m.media-amazon.com\\\/images\\\/I\\\/41OTGr3qwQL.jpg\",\"contentUrl\":\"https:\\\/\\\/m.media-amazon.com\\\/images\\\/I\\\/41OTGr3qwQL.jpg\",\"width\":500,\"height\":500},{\"@type\":\"BreadcrumbList\",\"@id\":\"https:\\\/\\\/www.ralti.de\\\/?product=silit-storio-vorratsdose-set-3-teilig-glasbehalter-mit-deckel-luftdicht-frischhaltedosen-spulmaschinengeeignet-mikrowellengeeignet-backofengeeignet-ohne-deckel#breadcrumb\",\"itemListElement\":[{\"@type\":\"ListItem\",\"position\":1,\"name\":\"Start\",\"item\":\"https:\\\/\\\/www.ralti.de\\\/\"},{\"@type\":\"ListItem\",\"position\":2,\"name\":\"Notfallartikel\",\"item\":\"https:\\\/\\\/www.ralti.de\\\/?page_id=14189\"},{\"@type\":\"ListItem\",\"position\":3,\"name\":\"Silit Storio Vorratsdose Set 3-teilig, Glasbeh\u00e4lter mit Deckel luftdicht, Frischhaltedosen, sp\u00fclmaschinengeeignet, mikrowellengeeignet, backofengeeignet ohne Deckel\"}]},{\"@type\":\"WebSite\",\"@id\":\"https:\\\/\\\/www.ralti.de\\\/#website\",\"url\":\"https:\\\/\\\/www.ralti.de\\\/\",\"name\":\"Ralti.de\",\"description\":\"Hier viele gute Angebote\",\"publisher\":{\"@id\":\"https:\\\/\\\/www.ralti.de\\\/#organization\"},\"potentialAction\":[{\"@type\":\"SearchAction\",\"target\":{\"@type\":\"EntryPoint\",\"urlTemplate\":\"https:\\\/\\\/www.ralti.de\\\/?s={search_term_string}\"},\"query-input\":{\"@type\":\"PropertyValueSpecification\",\"valueRequired\":true,\"valueName\":\"search_term_string\"}}],\"inLanguage\":\"de\"},{\"@type\":\"Organization\",\"@id\":\"https:\\\/\\\/www.ralti.de\\\/#organization\",\"name\":\"Ralti.de\",\"url\":\"https:\\\/\\\/www.ralti.de\\\/\",\"logo\":{\"@type\":\"ImageObject\",\"inLanguage\":\"de\",\"@id\":\"https:\\\/\\\/www.ralti.de\\\/#\\\/schema\\\/logo\\\/image\\\/\",\"url\":\"https:\\\/\\\/www.ralti.de\\\/wp-content\\\/uploads\\\/2025\\\/11\\\/ralti.png\",\"contentUrl\":\"https:\\\/\\\/www.ralti.de\\\/wp-content\\\/uploads\\\/2025\\\/11\\\/ralti.png\",\"width\":240,\"height\":75,\"caption\":\"Ralti.de\"},\"image\":{\"@id\":\"https:\\\/\\\/www.ralti.de\\\/#\\\/schema\\\/logo\\\/image\\\/\"}}]}<\/script>\n<!-- \/ Yoast SEO plugin. -->","yoast_head_json":{"title":"Silit Storio Vorratsdose Set 3-teilig, Glasbeh\u00e4lter mit Deckel luftdicht, Frischhaltedosen, sp\u00fclmaschinengeeignet, mikrowellengeeignet, backofengeeignet ohne Deckel - Notfallvorsorge - Krisenvorsorge","robots":{"index":"index","follow":"follow","max-snippet":"max-snippet:-1","max-image-preview":"max-image-preview:large","max-video-preview":"max-video-preview:-1"},"canonical":"https:\/\/www.ralti.de\/?product=silit-storio-vorratsdose-set-3-teilig-glasbehalter-mit-deckel-luftdicht-frischhaltedosen-spulmaschinengeeignet-mikrowellengeeignet-backofengeeignet-ohne-deckel","og_locale":"de_DE","og_type":"article","og_title":"Silit Storio Vorratsdose Set 3-teilig, Glasbeh\u00e4lter mit Deckel luftdicht, Frischhaltedosen, sp\u00fclmaschinengeeignet, mikrowellengeeignet, backofengeeignet ohne Deckel - Notfallvorsorge - Krisenvorsorge","og_description":"Inhalt: 3x Aufbewahrungsbox mit Deckel (15 x 10 x 5,5 cm - F\u00fcllmenge 0,25l, 18 x 13 x 7,5 cm - F\u00fcllmenge 0,75l, 21 x 14 x 9,5 cm - F\u00fcllmenge 1,4l) - Artikelnummer: 2141295778 Material: Schale aus Borosilikat-Glas, Kunststoffdeckel (BPA-frei) mit Silikondichtung Leichtes \u00d6ffnen der Vorratsdosen. Aromasichere und luftdichte Aufbewahrung durch Silikondichtung. Lebensmittel bleiben l\u00e4nger frisch und n\u00e4hrstoffreich. Kein Geruch im K\u00fchlschrank","og_url":"https:\/\/www.ralti.de\/?product=silit-storio-vorratsdose-set-3-teilig-glasbehalter-mit-deckel-luftdicht-frischhaltedosen-spulmaschinengeeignet-mikrowellengeeignet-backofengeeignet-ohne-deckel","og_site_name":"Notfallvorsorge - Krisenvorsorge","og_image":[{"width":500,"height":500,"url":"https:\/\/m.media-amazon.com\/images\/I\/41OTGr3qwQL.jpg","type":"image\/jpeg"}],"twitter_card":"summary_large_image","schema":{"@context":"https:\/\/schema.org","@graph":[{"@type":"WebPage","@id":"https:\/\/www.ralti.de\/?product=silit-storio-vorratsdose-set-3-teilig-glasbehalter-mit-deckel-luftdicht-frischhaltedosen-spulmaschinengeeignet-mikrowellengeeignet-backofengeeignet-ohne-deckel","url":"https:\/\/www.ralti.de\/?product=silit-storio-vorratsdose-set-3-teilig-glasbehalter-mit-deckel-luftdicht-frischhaltedosen-spulmaschinengeeignet-mikrowellengeeignet-backofengeeignet-ohne-deckel","name":"Silit Storio Vorratsdose Set 3-teilig, Glasbeh\u00e4lter mit Deckel luftdicht, Frischhaltedosen, sp\u00fclmaschinengeeignet, mikrowellengeeignet, backofengeeignet ohne Deckel - Notfallvorsorge - Krisenvorsorge","isPartOf":{"@id":"https:\/\/www.ralti.de\/#website"},"primaryImageOfPage":{"@id":"https:\/\/www.ralti.de\/?product=silit-storio-vorratsdose-set-3-teilig-glasbehalter-mit-deckel-luftdicht-frischhaltedosen-spulmaschinengeeignet-mikrowellengeeignet-backofengeeignet-ohne-deckel#primaryimage"},"image":{"@id":"https:\/\/www.ralti.de\/?product=silit-storio-vorratsdose-set-3-teilig-glasbehalter-mit-deckel-luftdicht-frischhaltedosen-spulmaschinengeeignet-mikrowellengeeignet-backofengeeignet-ohne-deckel#primaryimage"},"thumbnailUrl":"https:\/\/m.media-amazon.com\/images\/I\/41OTGr3qwQL.jpg","datePublished":"2025-11-25T10:57:31+00:00","breadcrumb":{"@id":"https:\/\/www.ralti.de\/?product=silit-storio-vorratsdose-set-3-teilig-glasbehalter-mit-deckel-luftdicht-frischhaltedosen-spulmaschinengeeignet-mikrowellengeeignet-backofengeeignet-ohne-deckel#breadcrumb"},"inLanguage":"de","potentialAction":[{"@type":"ReadAction","target":["https:\/\/www.ralti.de\/?product=silit-storio-vorratsdose-set-3-teilig-glasbehalter-mit-deckel-luftdicht-frischhaltedosen-spulmaschinengeeignet-mikrowellengeeignet-backofengeeignet-ohne-deckel"]}]},{"@type":"ImageObject","inLanguage":"de","@id":"https:\/\/www.ralti.de\/?product=silit-storio-vorratsdose-set-3-teilig-glasbehalter-mit-deckel-luftdicht-frischhaltedosen-spulmaschinengeeignet-mikrowellengeeignet-backofengeeignet-ohne-deckel#primaryimage","url":"https:\/\/m.media-amazon.com\/images\/I\/41OTGr3qwQL.jpg","contentUrl":"https:\/\/m.media-amazon.com\/images\/I\/41OTGr3qwQL.jpg","width":500,"height":500},{"@type":"BreadcrumbList","@id":"https:\/\/www.ralti.de\/?product=silit-storio-vorratsdose-set-3-teilig-glasbehalter-mit-deckel-luftdicht-frischhaltedosen-spulmaschinengeeignet-mikrowellengeeignet-backofengeeignet-ohne-deckel#breadcrumb","itemListElement":[{"@type":"ListItem","position":1,"name":"Start","item":"https:\/\/www.ralti.de\/"},{"@type":"ListItem","position":2,"name":"Notfallartikel","item":"https:\/\/www.ralti.de\/?page_id=14189"},{"@type":"ListItem","position":3,"name":"Silit Storio Vorratsdose Set 3-teilig, Glasbeh\u00e4lter mit Deckel luftdicht, Frischhaltedosen, sp\u00fclmaschinengeeignet, mikrowellengeeignet, backofengeeignet ohne Deckel"}]},{"@type":"WebSite","@id":"https:\/\/www.ralti.de\/#website","url":"https:\/\/www.ralti.de\/","name":"Ralti.de","description":"Hier viele gute Angebote","publisher":{"@id":"https:\/\/www.ralti.de\/#organization"},"potentialAction":[{"@type":"SearchAction","target":{"@type":"EntryPoint","urlTemplate":"https:\/\/www.ralti.de\/?s={search_term_string}"},"query-input":{"@type":"PropertyValueSpecification","valueRequired":true,"valueName":"search_term_string"}}],"inLanguage":"de"},{"@type":"Organization","@id":"https:\/\/www.ralti.de\/#organization","name":"Ralti.de","url":"https:\/\/www.ralti.de\/","logo":{"@type":"ImageObject","inLanguage":"de","@id":"https:\/\/www.ralti.de\/#\/schema\/logo\/image\/","url":"https:\/\/www.ralti.de\/wp-content\/uploads\/2025\/11\/ralti.png","contentUrl":"https:\/\/www.ralti.de\/wp-content\/uploads\/2025\/11\/ralti.png","width":240,"height":75,"caption":"Ralti.de"},"image":{"@id":"https:\/\/www.ralti.de\/#\/schema\/logo\/image\/"}}]}},"_links":{"self":[{"href":"https:\/\/www.ralti.de\/index.php?rest_route=\/wp\/v2\/product\/8798","targetHints":{"allow":["GET"]}}],"collection":[{"href":"https:\/\/www.ralti.de\/index.php?rest_route=\/wp\/v2\/product"}],"about":[{"href":"https:\/\/www.ralti.de\/index.php?rest_route=\/wp\/v2\/types\/product"}],"replies":[{"embeddable":true,"href":"https:\/\/www.ralti.de\/index.php?rest_route=%2Fwp%2Fv2%2Fcomments&post=8798"}],"wp:featuredmedia":[{"embeddable":true,"href":"https:\/\/www.ralti.de\/index.php?rest_route=\/wp\/v2\/media\/8799"}],"wp:attachment":[{"href":"https:\/\/www.ralti.de\/index.php?rest_route=%2Fwp%2Fv2%2Fmedia&parent=8798"}],"wp:term":[{"taxonomy":"product_brand","embeddable":true,"href":"https:\/\/www.ralti.de\/index.php?rest_route=%2Fwp%2Fv2%2Fproduct_brand&post=8798"},{"taxonomy":"product_cat","embeddable":true,"href":"https:\/\/www.ralti.de\/index.php?rest_route=%2Fwp%2Fv2%2Fproduct_cat&post=8798"},{"taxonomy":"product_tag","embeddable":true,"href":"https:\/\/www.ralti.de\/index.php?rest_route=%2Fwp%2Fv2%2Fproduct_tag&post=8798"}],"curies":[{"name":"wp","href":"https:\/\/api.w.org\/{rel}","templated":true}]}}