{"id":8810,"date":"2025-11-25T10:57:36","date_gmt":"2025-11-25T10:57:36","guid":{"rendered":"https:\/\/www.ralti.de\/shop-2\/uncategorized\/frischhaltedosen-mit-deckel-set-auslaufsicher-vakuum-behaltern-mit-pumpe-bpa-frei-meal-prep-boxen-mit-datumsanzeige-stapelbar-mikrowellengeeignet-100-luftdicht-fur-frische-5x1000ml-blau\/"},"modified":"2025-11-25T10:57:36","modified_gmt":"2025-11-25T10:57:36","slug":"frischhaltedosen-mit-deckel-set-auslaufsicher-vakuum-behaltern-mit-pumpe-bpa-frei-meal-prep-boxen-mit-datumsanzeige-stapelbar-mikrowellengeeignet-100-luftdicht-fur-frische-5x1000ml-blau","status":"publish","type":"product","link":"https:\/\/www.ralti.de\/?product=frischhaltedosen-mit-deckel-set-auslaufsicher-vakuum-behaltern-mit-pumpe-bpa-frei-meal-prep-boxen-mit-datumsanzeige-stapelbar-mikrowellengeeignet-100-luftdicht-fur-frische-5x1000ml-blau","title":{"rendered":"Frischhaltedosen mit Deckel Set, Auslaufsicher &#038; Vakuum Beh\u00e4ltern mit Pumpe, BPA Frei, Meal Prep Boxen mit Datumsanzeige, Stapelbar, Mikrowellengeeignet, 100% Luftdicht f\u00fcr Frische (5x1000ml, Blau)"},"content":{"rendered":"<p>Gesund und Spart Ihnen Zeit: 5 tage 5 boxen! sie k\u00f6nnen mahlzeit vorbereitung f\u00fcr Ihre gesch\u00e4ftigen woche (eine box pro tag) !mahlzeit vorbereitung frischhaltedosen 1000ml, die die perfekt portioniert sind, um voll zu bleiben, noch fit und gesund!k\u00f6nnte Ihnen eine menge zeit spare<br \/>\nPumpe und Runde Datum Tracker Design:Mit der pumpe, die mit unseren vorratsdosen kommt, halten lebensmittel frisch f\u00fcr bis zu 5 mal l\u00e4nger!der deckel unserer mahlzeit prep gefrierdosen eine eingebaute runde datum tracker. die sie den tag und monat, verfolgen und speichern mahlzeiten mit leichtigkeit &#8211; perfekt f\u00fcr vergessliche menschen(Hinweis: Um den vakuumversiegelten beh\u00e4lter zu \u00f6ffnen, heben sie das luftventil vorsichtig an, um das vakuum vor dem offnen zu l\u00f6sen.)<br \/>\n<div class=\"main-cross-sell\" data-asin=\"B0FD9VVVTH\">\n\n\t<div class=\"WooZone-cross-sell-loader\">\n\t\t<div>\n\t\t\t<div id=\"floatingBarsG\">\n\t\t\t\t<div class=\"blockG\" id=\"rotateG_01\"><\/div>\n\t\t\t\t<div class=\"blockG\" id=\"rotateG_02\"><\/div>\n\t\t\t\t<div class=\"blockG\" id=\"rotateG_03\"><\/div>\n\t\t\t\t<div class=\"blockG\" id=\"rotateG_04\"><\/div>\n\t\t\t\t<div class=\"blockG\" id=\"rotateG_05\"><\/div>\n\t\t\t\t<div class=\"blockG\" id=\"rotateG_06\"><\/div>\n\t\t\t\t<div class=\"blockG\" id=\"rotateG_07\"><\/div>\n\t\t\t\t<div class=\"blockG\" id=\"rotateG_08\"><\/div>\n\t\t\t<\/div>\n\t\t\t<div class=\"WooZone-cross-sell-loader-text\"><\/div>\n\t\t<\/div>\n\t<\/div>\n\n\t\t\n<\/div>\n<div style=\"clear:both;\"><\/div>\n","protected":false},"excerpt":{"rendered":"<p>Gesund und Spart Ihnen Zeit: 5 tage 5 boxen! sie k\u00f6nnen mahlzeit vorbereitung f\u00fcr Ihre gesch\u00e4ftigen woche (eine box pro tag) !mahlzeit vorbereitung frischhaltedosen 1000ml, die die perfekt portioniert sind, um voll zu bleiben, noch fit und gesund!k\u00f6nnte Ihnen eine menge zeit spare<br \/>\nPumpe und Runde Datum Tracker Design:Mit der pumpe, die mit unseren vorratsdosen kommt, halten lebensmittel frisch f\u00fcr bis zu 5 mal l\u00e4nger!der deckel unserer mahlzeit prep gefrierdosen eine eingebaute runde datum tracker. die sie den tag und monat, verfolgen und speichern mahlzeiten mit leichtigkeit &#8211; perfekt f\u00fcr vergessliche menschen(Hinweis: Um den vakuumversiegelten beh\u00e4lter zu \u00f6ffnen, heben sie das luftventil vorsichtig an, um das vakuum vor dem offnen zu l\u00f6sen.)<\/p>\n","protected":false},"featured_media":8811,"comment_status":"open","ping_status":"closed","template":"","meta":{"_acf_changed":false},"product_brand":[],"product_cat":[238,240],"product_tag":[],"class_list":{"0":"post-8810","1":"product","2":"type-product","3":"status-publish","4":"has-post-thumbnail","6":"product_cat-lebensmittel","7":"product_cat-vorratsdosen","9":"first","10":"instock","11":"sale","12":"shipping-taxable","13":"product-type-external"},"acf":[],"yoast_head":"<!-- This site is optimized with the Yoast SEO plugin v27.3 - https:\/\/yoast.com\/product\/yoast-seo-wordpress\/ -->\n<title>Frischhaltedosen mit Deckel Set, Auslaufsicher &amp; Vakuum Beh\u00e4ltern mit Pumpe, BPA Frei, Meal Prep Boxen mit Datumsanzeige, Stapelbar, Mikrowellengeeignet, 100% Luftdicht f\u00fcr Frische (5x1000ml, Blau) - Notfallvorsorge - Krisenvorsorge<\/title>\n<meta name=\"robots\" content=\"index, follow, max-snippet:-1, max-image-preview:large, max-video-preview:-1\" \/>\n<link rel=\"canonical\" href=\"https:\/\/www.ralti.de\/?product=frischhaltedosen-mit-deckel-set-auslaufsicher-vakuum-behaltern-mit-pumpe-bpa-frei-meal-prep-boxen-mit-datumsanzeige-stapelbar-mikrowellengeeignet-100-luftdicht-fur-frische-5x1000ml-blau\" \/>\n<meta property=\"og:locale\" content=\"de_DE\" \/>\n<meta property=\"og:type\" content=\"article\" \/>\n<meta property=\"og:title\" content=\"Frischhaltedosen mit Deckel Set, Auslaufsicher &amp; Vakuum Beh\u00e4ltern mit Pumpe, BPA Frei, Meal Prep Boxen mit Datumsanzeige, Stapelbar, Mikrowellengeeignet, 100% Luftdicht f\u00fcr Frische (5x1000ml, Blau) - Notfallvorsorge - Krisenvorsorge\" \/>\n<meta property=\"og:description\" content=\"Gesund und Spart Ihnen Zeit: 5 tage 5 boxen! sie k\u00f6nnen mahlzeit vorbereitung f\u00fcr Ihre gesch\u00e4ftigen woche (eine box pro tag) !mahlzeit vorbereitung frischhaltedosen 1000ml, die die perfekt portioniert sind, um voll zu bleiben, noch fit und gesund!k\u00f6nnte Ihnen eine menge zeit spare Pumpe und Runde Datum Tracker Design:Mit der pumpe, die mit unseren vorratsdosen kommt, halten lebensmittel frisch f\u00fcr bis zu 5 mal l\u00e4nger!der deckel unserer mahlzeit prep gefrierdosen eine eingebaute runde datum tracker. die sie den tag und monat, verfolgen und speichern mahlzeiten mit leichtigkeit - perfekt f\u00fcr vergessliche menschen(Hinweis: Um den vakuumversiegelten beh\u00e4lter zu \u00f6ffnen, heben sie das luftventil vorsichtig an, um das vakuum vor dem offnen zu l\u00f6sen.)\" \/>\n<meta property=\"og:url\" content=\"https:\/\/www.ralti.de\/?product=frischhaltedosen-mit-deckel-set-auslaufsicher-vakuum-behaltern-mit-pumpe-bpa-frei-meal-prep-boxen-mit-datumsanzeige-stapelbar-mikrowellengeeignet-100-luftdicht-fur-frische-5x1000ml-blau\" \/>\n<meta property=\"og:site_name\" content=\"Notfallvorsorge - Krisenvorsorge\" \/>\n<meta property=\"og:image\" content=\"https:\/\/m.media-amazon.com\/images\/I\/41q0vCpiSxL.jpg\" \/>\n\t<meta property=\"og:image:width\" content=\"500\" \/>\n\t<meta property=\"og:image:height\" content=\"500\" \/>\n\t<meta property=\"og:image:type\" content=\"image\/jpeg\" \/>\n<meta name=\"twitter:card\" content=\"summary_large_image\" \/>\n<meta name=\"twitter:label1\" content=\"Gesch\u00e4tzte Lesezeit\" \/>\n\t<meta name=\"twitter:data1\" content=\"1\u00a0Minute\" \/>\n<script type=\"application\/ld+json\" class=\"yoast-schema-graph\">{\"@context\":\"https:\\\/\\\/schema.org\",\"@graph\":[{\"@type\":\"WebPage\",\"@id\":\"https:\\\/\\\/www.ralti.de\\\/?product=frischhaltedosen-mit-deckel-set-auslaufsicher-vakuum-behaltern-mit-pumpe-bpa-frei-meal-prep-boxen-mit-datumsanzeige-stapelbar-mikrowellengeeignet-100-luftdicht-fur-frische-5x1000ml-blau\",\"url\":\"https:\\\/\\\/www.ralti.de\\\/?product=frischhaltedosen-mit-deckel-set-auslaufsicher-vakuum-behaltern-mit-pumpe-bpa-frei-meal-prep-boxen-mit-datumsanzeige-stapelbar-mikrowellengeeignet-100-luftdicht-fur-frische-5x1000ml-blau\",\"name\":\"Frischhaltedosen mit Deckel Set, Auslaufsicher & Vakuum Beh\u00e4ltern mit Pumpe, BPA Frei, Meal Prep Boxen mit Datumsanzeige, Stapelbar, Mikrowellengeeignet, 100% Luftdicht f\u00fcr Frische (5x1000ml, Blau) - Notfallvorsorge - Krisenvorsorge\",\"isPartOf\":{\"@id\":\"https:\\\/\\\/www.ralti.de\\\/#website\"},\"primaryImageOfPage\":{\"@id\":\"https:\\\/\\\/www.ralti.de\\\/?product=frischhaltedosen-mit-deckel-set-auslaufsicher-vakuum-behaltern-mit-pumpe-bpa-frei-meal-prep-boxen-mit-datumsanzeige-stapelbar-mikrowellengeeignet-100-luftdicht-fur-frische-5x1000ml-blau#primaryimage\"},\"image\":{\"@id\":\"https:\\\/\\\/www.ralti.de\\\/?product=frischhaltedosen-mit-deckel-set-auslaufsicher-vakuum-behaltern-mit-pumpe-bpa-frei-meal-prep-boxen-mit-datumsanzeige-stapelbar-mikrowellengeeignet-100-luftdicht-fur-frische-5x1000ml-blau#primaryimage\"},\"thumbnailUrl\":\"https:\\\/\\\/m.media-amazon.com\\\/images\\\/I\\\/41q0vCpiSxL.jpg\",\"datePublished\":\"2025-11-25T10:57:36+00:00\",\"breadcrumb\":{\"@id\":\"https:\\\/\\\/www.ralti.de\\\/?product=frischhaltedosen-mit-deckel-set-auslaufsicher-vakuum-behaltern-mit-pumpe-bpa-frei-meal-prep-boxen-mit-datumsanzeige-stapelbar-mikrowellengeeignet-100-luftdicht-fur-frische-5x1000ml-blau#breadcrumb\"},\"inLanguage\":\"de\",\"potentialAction\":[{\"@type\":\"ReadAction\",\"target\":[\"https:\\\/\\\/www.ralti.de\\\/?product=frischhaltedosen-mit-deckel-set-auslaufsicher-vakuum-behaltern-mit-pumpe-bpa-frei-meal-prep-boxen-mit-datumsanzeige-stapelbar-mikrowellengeeignet-100-luftdicht-fur-frische-5x1000ml-blau\"]}]},{\"@type\":\"ImageObject\",\"inLanguage\":\"de\",\"@id\":\"https:\\\/\\\/www.ralti.de\\\/?product=frischhaltedosen-mit-deckel-set-auslaufsicher-vakuum-behaltern-mit-pumpe-bpa-frei-meal-prep-boxen-mit-datumsanzeige-stapelbar-mikrowellengeeignet-100-luftdicht-fur-frische-5x1000ml-blau#primaryimage\",\"url\":\"https:\\\/\\\/m.media-amazon.com\\\/images\\\/I\\\/41q0vCpiSxL.jpg\",\"contentUrl\":\"https:\\\/\\\/m.media-amazon.com\\\/images\\\/I\\\/41q0vCpiSxL.jpg\",\"width\":500,\"height\":500},{\"@type\":\"BreadcrumbList\",\"@id\":\"https:\\\/\\\/www.ralti.de\\\/?product=frischhaltedosen-mit-deckel-set-auslaufsicher-vakuum-behaltern-mit-pumpe-bpa-frei-meal-prep-boxen-mit-datumsanzeige-stapelbar-mikrowellengeeignet-100-luftdicht-fur-frische-5x1000ml-blau#breadcrumb\",\"itemListElement\":[{\"@type\":\"ListItem\",\"position\":1,\"name\":\"Start\",\"item\":\"https:\\\/\\\/www.ralti.de\\\/\"},{\"@type\":\"ListItem\",\"position\":2,\"name\":\"Notfallartikel\",\"item\":\"https:\\\/\\\/www.ralti.de\\\/?page_id=14189\"},{\"@type\":\"ListItem\",\"position\":3,\"name\":\"Frischhaltedosen mit Deckel Set, Auslaufsicher &#038; Vakuum Beh\u00e4ltern mit Pumpe, BPA Frei, Meal Prep Boxen mit Datumsanzeige, Stapelbar, Mikrowellengeeignet, 100% Luftdicht f\u00fcr Frische (5x1000ml, Blau)\"}]},{\"@type\":\"WebSite\",\"@id\":\"https:\\\/\\\/www.ralti.de\\\/#website\",\"url\":\"https:\\\/\\\/www.ralti.de\\\/\",\"name\":\"Ralti.de\",\"description\":\"Hier viele gute Angebote\",\"publisher\":{\"@id\":\"https:\\\/\\\/www.ralti.de\\\/#organization\"},\"potentialAction\":[{\"@type\":\"SearchAction\",\"target\":{\"@type\":\"EntryPoint\",\"urlTemplate\":\"https:\\\/\\\/www.ralti.de\\\/?s={search_term_string}\"},\"query-input\":{\"@type\":\"PropertyValueSpecification\",\"valueRequired\":true,\"valueName\":\"search_term_string\"}}],\"inLanguage\":\"de\"},{\"@type\":\"Organization\",\"@id\":\"https:\\\/\\\/www.ralti.de\\\/#organization\",\"name\":\"Ralti.de\",\"url\":\"https:\\\/\\\/www.ralti.de\\\/\",\"logo\":{\"@type\":\"ImageObject\",\"inLanguage\":\"de\",\"@id\":\"https:\\\/\\\/www.ralti.de\\\/#\\\/schema\\\/logo\\\/image\\\/\",\"url\":\"https:\\\/\\\/www.ralti.de\\\/wp-content\\\/uploads\\\/2025\\\/11\\\/ralti.png\",\"contentUrl\":\"https:\\\/\\\/www.ralti.de\\\/wp-content\\\/uploads\\\/2025\\\/11\\\/ralti.png\",\"width\":240,\"height\":75,\"caption\":\"Ralti.de\"},\"image\":{\"@id\":\"https:\\\/\\\/www.ralti.de\\\/#\\\/schema\\\/logo\\\/image\\\/\"}}]}<\/script>\n<!-- \/ Yoast SEO plugin. -->","yoast_head_json":{"title":"Frischhaltedosen mit Deckel Set, Auslaufsicher & Vakuum Beh\u00e4ltern mit Pumpe, BPA Frei, Meal Prep Boxen mit Datumsanzeige, Stapelbar, Mikrowellengeeignet, 100% Luftdicht f\u00fcr Frische (5x1000ml, Blau) - Notfallvorsorge - Krisenvorsorge","robots":{"index":"index","follow":"follow","max-snippet":"max-snippet:-1","max-image-preview":"max-image-preview:large","max-video-preview":"max-video-preview:-1"},"canonical":"https:\/\/www.ralti.de\/?product=frischhaltedosen-mit-deckel-set-auslaufsicher-vakuum-behaltern-mit-pumpe-bpa-frei-meal-prep-boxen-mit-datumsanzeige-stapelbar-mikrowellengeeignet-100-luftdicht-fur-frische-5x1000ml-blau","og_locale":"de_DE","og_type":"article","og_title":"Frischhaltedosen mit Deckel Set, Auslaufsicher & Vakuum Beh\u00e4ltern mit Pumpe, BPA Frei, Meal Prep Boxen mit Datumsanzeige, Stapelbar, Mikrowellengeeignet, 100% Luftdicht f\u00fcr Frische (5x1000ml, Blau) - Notfallvorsorge - Krisenvorsorge","og_description":"Gesund und Spart Ihnen Zeit: 5 tage 5 boxen! sie k\u00f6nnen mahlzeit vorbereitung f\u00fcr Ihre gesch\u00e4ftigen woche (eine box pro tag) !mahlzeit vorbereitung frischhaltedosen 1000ml, die die perfekt portioniert sind, um voll zu bleiben, noch fit und gesund!k\u00f6nnte Ihnen eine menge zeit spare Pumpe und Runde Datum Tracker Design:Mit der pumpe, die mit unseren vorratsdosen kommt, halten lebensmittel frisch f\u00fcr bis zu 5 mal l\u00e4nger!der deckel unserer mahlzeit prep gefrierdosen eine eingebaute runde datum tracker. die sie den tag und monat, verfolgen und speichern mahlzeiten mit leichtigkeit - perfekt f\u00fcr vergessliche menschen(Hinweis: Um den vakuumversiegelten beh\u00e4lter zu \u00f6ffnen, heben sie das luftventil vorsichtig an, um das vakuum vor dem offnen zu l\u00f6sen.)","og_url":"https:\/\/www.ralti.de\/?product=frischhaltedosen-mit-deckel-set-auslaufsicher-vakuum-behaltern-mit-pumpe-bpa-frei-meal-prep-boxen-mit-datumsanzeige-stapelbar-mikrowellengeeignet-100-luftdicht-fur-frische-5x1000ml-blau","og_site_name":"Notfallvorsorge - Krisenvorsorge","og_image":[{"width":500,"height":500,"url":"https:\/\/m.media-amazon.com\/images\/I\/41q0vCpiSxL.jpg","type":"image\/jpeg"}],"twitter_card":"summary_large_image","twitter_misc":{"Gesch\u00e4tzte Lesezeit":"1\u00a0Minute"},"schema":{"@context":"https:\/\/schema.org","@graph":[{"@type":"WebPage","@id":"https:\/\/www.ralti.de\/?product=frischhaltedosen-mit-deckel-set-auslaufsicher-vakuum-behaltern-mit-pumpe-bpa-frei-meal-prep-boxen-mit-datumsanzeige-stapelbar-mikrowellengeeignet-100-luftdicht-fur-frische-5x1000ml-blau","url":"https:\/\/www.ralti.de\/?product=frischhaltedosen-mit-deckel-set-auslaufsicher-vakuum-behaltern-mit-pumpe-bpa-frei-meal-prep-boxen-mit-datumsanzeige-stapelbar-mikrowellengeeignet-100-luftdicht-fur-frische-5x1000ml-blau","name":"Frischhaltedosen mit Deckel Set, Auslaufsicher & Vakuum Beh\u00e4ltern mit Pumpe, BPA Frei, Meal Prep Boxen mit Datumsanzeige, Stapelbar, Mikrowellengeeignet, 100% Luftdicht f\u00fcr Frische (5x1000ml, Blau) - Notfallvorsorge - Krisenvorsorge","isPartOf":{"@id":"https:\/\/www.ralti.de\/#website"},"primaryImageOfPage":{"@id":"https:\/\/www.ralti.de\/?product=frischhaltedosen-mit-deckel-set-auslaufsicher-vakuum-behaltern-mit-pumpe-bpa-frei-meal-prep-boxen-mit-datumsanzeige-stapelbar-mikrowellengeeignet-100-luftdicht-fur-frische-5x1000ml-blau#primaryimage"},"image":{"@id":"https:\/\/www.ralti.de\/?product=frischhaltedosen-mit-deckel-set-auslaufsicher-vakuum-behaltern-mit-pumpe-bpa-frei-meal-prep-boxen-mit-datumsanzeige-stapelbar-mikrowellengeeignet-100-luftdicht-fur-frische-5x1000ml-blau#primaryimage"},"thumbnailUrl":"https:\/\/m.media-amazon.com\/images\/I\/41q0vCpiSxL.jpg","datePublished":"2025-11-25T10:57:36+00:00","breadcrumb":{"@id":"https:\/\/www.ralti.de\/?product=frischhaltedosen-mit-deckel-set-auslaufsicher-vakuum-behaltern-mit-pumpe-bpa-frei-meal-prep-boxen-mit-datumsanzeige-stapelbar-mikrowellengeeignet-100-luftdicht-fur-frische-5x1000ml-blau#breadcrumb"},"inLanguage":"de","potentialAction":[{"@type":"ReadAction","target":["https:\/\/www.ralti.de\/?product=frischhaltedosen-mit-deckel-set-auslaufsicher-vakuum-behaltern-mit-pumpe-bpa-frei-meal-prep-boxen-mit-datumsanzeige-stapelbar-mikrowellengeeignet-100-luftdicht-fur-frische-5x1000ml-blau"]}]},{"@type":"ImageObject","inLanguage":"de","@id":"https:\/\/www.ralti.de\/?product=frischhaltedosen-mit-deckel-set-auslaufsicher-vakuum-behaltern-mit-pumpe-bpa-frei-meal-prep-boxen-mit-datumsanzeige-stapelbar-mikrowellengeeignet-100-luftdicht-fur-frische-5x1000ml-blau#primaryimage","url":"https:\/\/m.media-amazon.com\/images\/I\/41q0vCpiSxL.jpg","contentUrl":"https:\/\/m.media-amazon.com\/images\/I\/41q0vCpiSxL.jpg","width":500,"height":500},{"@type":"BreadcrumbList","@id":"https:\/\/www.ralti.de\/?product=frischhaltedosen-mit-deckel-set-auslaufsicher-vakuum-behaltern-mit-pumpe-bpa-frei-meal-prep-boxen-mit-datumsanzeige-stapelbar-mikrowellengeeignet-100-luftdicht-fur-frische-5x1000ml-blau#breadcrumb","itemListElement":[{"@type":"ListItem","position":1,"name":"Start","item":"https:\/\/www.ralti.de\/"},{"@type":"ListItem","position":2,"name":"Notfallartikel","item":"https:\/\/www.ralti.de\/?page_id=14189"},{"@type":"ListItem","position":3,"name":"Frischhaltedosen mit Deckel Set, Auslaufsicher &#038; Vakuum Beh\u00e4ltern mit Pumpe, BPA Frei, Meal Prep Boxen mit Datumsanzeige, Stapelbar, Mikrowellengeeignet, 100% Luftdicht f\u00fcr Frische (5x1000ml, Blau)"}]},{"@type":"WebSite","@id":"https:\/\/www.ralti.de\/#website","url":"https:\/\/www.ralti.de\/","name":"Ralti.de","description":"Hier viele gute Angebote","publisher":{"@id":"https:\/\/www.ralti.de\/#organization"},"potentialAction":[{"@type":"SearchAction","target":{"@type":"EntryPoint","urlTemplate":"https:\/\/www.ralti.de\/?s={search_term_string}"},"query-input":{"@type":"PropertyValueSpecification","valueRequired":true,"valueName":"search_term_string"}}],"inLanguage":"de"},{"@type":"Organization","@id":"https:\/\/www.ralti.de\/#organization","name":"Ralti.de","url":"https:\/\/www.ralti.de\/","logo":{"@type":"ImageObject","inLanguage":"de","@id":"https:\/\/www.ralti.de\/#\/schema\/logo\/image\/","url":"https:\/\/www.ralti.de\/wp-content\/uploads\/2025\/11\/ralti.png","contentUrl":"https:\/\/www.ralti.de\/wp-content\/uploads\/2025\/11\/ralti.png","width":240,"height":75,"caption":"Ralti.de"},"image":{"@id":"https:\/\/www.ralti.de\/#\/schema\/logo\/image\/"}}]}},"_links":{"self":[{"href":"https:\/\/www.ralti.de\/index.php?rest_route=\/wp\/v2\/product\/8810","targetHints":{"allow":["GET"]}}],"collection":[{"href":"https:\/\/www.ralti.de\/index.php?rest_route=\/wp\/v2\/product"}],"about":[{"href":"https:\/\/www.ralti.de\/index.php?rest_route=\/wp\/v2\/types\/product"}],"replies":[{"embeddable":true,"href":"https:\/\/www.ralti.de\/index.php?rest_route=%2Fwp%2Fv2%2Fcomments&post=8810"}],"wp:featuredmedia":[{"embeddable":true,"href":"https:\/\/www.ralti.de\/index.php?rest_route=\/wp\/v2\/media\/8811"}],"wp:attachment":[{"href":"https:\/\/www.ralti.de\/index.php?rest_route=%2Fwp%2Fv2%2Fmedia&parent=8810"}],"wp:term":[{"taxonomy":"product_brand","embeddable":true,"href":"https:\/\/www.ralti.de\/index.php?rest_route=%2Fwp%2Fv2%2Fproduct_brand&post=8810"},{"taxonomy":"product_cat","embeddable":true,"href":"https:\/\/www.ralti.de\/index.php?rest_route=%2Fwp%2Fv2%2Fproduct_cat&post=8810"},{"taxonomy":"product_tag","embeddable":true,"href":"https:\/\/www.ralti.de\/index.php?rest_route=%2Fwp%2Fv2%2Fproduct_tag&post=8810"}],"curies":[{"name":"wp","href":"https:\/\/api.w.org\/{rel}","templated":true}]}}