{"id":8864,"date":"2025-11-25T10:57:46","date_gmt":"2025-11-25T10:57:46","guid":{"rendered":"https:\/\/www.ralti.de\/shop-2\/uncategorized\/caso-vacuboxx-eco-set-3-vakuumbehalter-aus-borosilikatglas-bpa-frei-inkl-vakuumierschlauch-adapter-fur-alle-caso-vakuumierer-handpumpe-hitzebestandig-spulmaschinenfest-gefriergeeignet\/"},"modified":"2025-11-25T10:57:46","modified_gmt":"2025-11-25T10:57:46","slug":"caso-vacuboxx-eco-set-3-vakuumbehalter-aus-borosilikatglas-bpa-frei-inkl-vakuumierschlauch-adapter-fur-alle-caso-vakuumierer-handpumpe-hitzebestandig-spulmaschinenfest-gefriergeeignet","status":"publish","type":"product","link":"https:\/\/www.ralti.de\/?product=caso-vacuboxx-eco-set-3-vakuumbehalter-aus-borosilikatglas-bpa-frei-inkl-vakuumierschlauch-adapter-fur-alle-caso-vakuumierer-handpumpe-hitzebestandig-spulmaschinenfest-gefriergeeignet","title":{"rendered":"CASO VacuBoxx Eco-Set &#8211; 3 Vakuumbeh\u00e4lter aus Borosilikatglas, BPA-Frei, inkl. Vakuumierschlauch &#038; Adapter f\u00fcr alle CASO Vakuumierer\/Handpumpe, hitzebest\u00e4ndig, sp\u00fclmaschinenfest, gefriergeeignet"},"content":{"rendered":"<p>VacuBoxx Eco-Set bestehend aus: 1 Beh\u00e4lter mit 1500 ml Fassungsverm\u00f6gen, 2 Beh\u00e4ltern mit je 500 ml Fassungsverm\u00f6gen, 1 Vakuumschlauch mit Adapter<br \/>\nStapelbares Vakuumbeh\u00e4lter-Set aus Glas (Borosilikatglas) mit Kunststoffdeckel f\u00fcr eine platzsparende Aufbewahrung<br \/>\nL\u00e4nger Frisch: Ihre Lebensmittel bleiben vakuumiert bis zu 8x l\u00e4nger frisch &#8211; ganz nat\u00fcrlich ohne Konservierungsstoffe. Starten Sie die Frische- Offensive und vakuumieren Sie frisches Fleisch, Obst oder Gem\u00fcse zur Lagerung im K\u00fchl- oder Gefrierschrank. Vitamine und Mineralien bleiben dabei erhalten &#8211; idealer Schutz vor Gefrierbrand und Aromaverlust<br \/>\nBPA-frei: besonders f\u00fcr Babynahrung geeignet<br \/>\nKompatibel mit: Vakuumierern von CASO Design, Rommelsbacher, Amazon Basic, Abox, Unold, Silvercrest, Steba, Solis und Handvakuumierern von Zwilling, Aigostar, Moderiq u.v.a. .<br \/>\n<div class=\"main-cross-sell\" data-asin=\"B08HGQLYKZ\">\n\n\t<div class=\"WooZone-cross-sell-loader\">\n\t\t<div>\n\t\t\t<div id=\"floatingBarsG\">\n\t\t\t\t<div class=\"blockG\" id=\"rotateG_01\"><\/div>\n\t\t\t\t<div class=\"blockG\" id=\"rotateG_02\"><\/div>\n\t\t\t\t<div class=\"blockG\" id=\"rotateG_03\"><\/div>\n\t\t\t\t<div class=\"blockG\" id=\"rotateG_04\"><\/div>\n\t\t\t\t<div class=\"blockG\" id=\"rotateG_05\"><\/div>\n\t\t\t\t<div class=\"blockG\" id=\"rotateG_06\"><\/div>\n\t\t\t\t<div class=\"blockG\" id=\"rotateG_07\"><\/div>\n\t\t\t\t<div class=\"blockG\" id=\"rotateG_08\"><\/div>\n\t\t\t<\/div>\n\t\t\t<div class=\"WooZone-cross-sell-loader-text\"><\/div>\n\t\t<\/div>\n\t<\/div>\n\n\t\t\n<\/div>\n<div style=\"clear:both;\"><\/div>\n","protected":false},"excerpt":{"rendered":"<p>VacuBoxx Eco-Set bestehend aus: 1 Beh\u00e4lter mit 1500 ml Fassungsverm\u00f6gen, 2 Beh\u00e4ltern mit je 500 ml Fassungsverm\u00f6gen, 1 Vakuumschlauch mit Adapter<br \/>\nStapelbares Vakuumbeh\u00e4lter-Set aus Glas (Borosilikatglas) mit Kunststoffdeckel f\u00fcr eine platzsparende Aufbewahrung<br \/>\nL\u00e4nger Frisch: Ihre Lebensmittel bleiben vakuumiert bis zu 8x l\u00e4nger frisch &#8211; ganz nat\u00fcrlich ohne Konservierungsstoffe. Starten Sie die Frische- Offensive und vakuumieren Sie frisches Fleisch, Obst oder Gem\u00fcse zur Lagerung im K\u00fchl- oder Gefrierschrank. Vitamine und Mineralien bleiben dabei erhalten &#8211; idealer Schutz vor Gefrierbrand und Aromaverlust<\/p>\n","protected":false},"featured_media":8865,"comment_status":"open","ping_status":"closed","template":"","meta":{"_acf_changed":false},"product_brand":[],"product_cat":[238,240],"product_tag":[],"class_list":{"0":"post-8864","1":"product","2":"type-product","3":"status-publish","4":"has-post-thumbnail","6":"product_cat-lebensmittel","7":"product_cat-vorratsdosen","9":"first","10":"instock","11":"sale","12":"shipping-taxable","13":"product-type-external"},"acf":[],"yoast_head":"<!-- This site is optimized with the Yoast SEO plugin v27.3 - https:\/\/yoast.com\/product\/yoast-seo-wordpress\/ -->\n<title>CASO VacuBoxx Eco-Set - 3 Vakuumbeh\u00e4lter aus Borosilikatglas, BPA-Frei, inkl. Vakuumierschlauch &amp; Adapter f\u00fcr alle CASO Vakuumierer\/Handpumpe, hitzebest\u00e4ndig, sp\u00fclmaschinenfest, gefriergeeignet - Notfallvorsorge - Krisenvorsorge<\/title>\n<meta name=\"robots\" content=\"index, follow, max-snippet:-1, max-image-preview:large, max-video-preview:-1\" \/>\n<link rel=\"canonical\" href=\"https:\/\/www.ralti.de\/?product=caso-vacuboxx-eco-set-3-vakuumbehalter-aus-borosilikatglas-bpa-frei-inkl-vakuumierschlauch-adapter-fur-alle-caso-vakuumierer-handpumpe-hitzebestandig-spulmaschinenfest-gefriergeeignet\" \/>\n<meta property=\"og:locale\" content=\"de_DE\" \/>\n<meta property=\"og:type\" content=\"article\" \/>\n<meta property=\"og:title\" content=\"CASO VacuBoxx Eco-Set - 3 Vakuumbeh\u00e4lter aus Borosilikatglas, BPA-Frei, inkl. Vakuumierschlauch &amp; Adapter f\u00fcr alle CASO Vakuumierer\/Handpumpe, hitzebest\u00e4ndig, sp\u00fclmaschinenfest, gefriergeeignet - Notfallvorsorge - Krisenvorsorge\" \/>\n<meta property=\"og:description\" content=\"VacuBoxx Eco-Set bestehend aus: 1 Beh\u00e4lter mit 1500 ml Fassungsverm\u00f6gen, 2 Beh\u00e4ltern mit je 500 ml Fassungsverm\u00f6gen, 1 Vakuumschlauch mit Adapter Stapelbares Vakuumbeh\u00e4lter-Set aus Glas (Borosilikatglas) mit Kunststoffdeckel f\u00fcr eine platzsparende Aufbewahrung L\u00e4nger Frisch: Ihre Lebensmittel bleiben vakuumiert bis zu 8x l\u00e4nger frisch - ganz nat\u00fcrlich ohne Konservierungsstoffe. Starten Sie die Frische- Offensive und vakuumieren Sie frisches Fleisch, Obst oder Gem\u00fcse zur Lagerung im K\u00fchl- oder Gefrierschrank. Vitamine und Mineralien bleiben dabei erhalten - idealer Schutz vor Gefrierbrand und Aromaverlust\" \/>\n<meta property=\"og:url\" content=\"https:\/\/www.ralti.de\/?product=caso-vacuboxx-eco-set-3-vakuumbehalter-aus-borosilikatglas-bpa-frei-inkl-vakuumierschlauch-adapter-fur-alle-caso-vakuumierer-handpumpe-hitzebestandig-spulmaschinenfest-gefriergeeignet\" \/>\n<meta property=\"og:site_name\" content=\"Notfallvorsorge - Krisenvorsorge\" \/>\n<meta property=\"og:image\" content=\"https:\/\/m.media-amazon.com\/images\/I\/41CrtizOZAL.jpg\" \/>\n\t<meta property=\"og:image:width\" content=\"500\" \/>\n\t<meta property=\"og:image:height\" content=\"500\" \/>\n\t<meta property=\"og:image:type\" content=\"image\/jpeg\" \/>\n<meta name=\"twitter:card\" content=\"summary_large_image\" \/>\n<meta name=\"twitter:label1\" content=\"Gesch\u00e4tzte Lesezeit\" \/>\n\t<meta name=\"twitter:data1\" content=\"1\u00a0Minute\" \/>\n<script type=\"application\/ld+json\" class=\"yoast-schema-graph\">{\"@context\":\"https:\\\/\\\/schema.org\",\"@graph\":[{\"@type\":\"WebPage\",\"@id\":\"https:\\\/\\\/www.ralti.de\\\/?product=caso-vacuboxx-eco-set-3-vakuumbehalter-aus-borosilikatglas-bpa-frei-inkl-vakuumierschlauch-adapter-fur-alle-caso-vakuumierer-handpumpe-hitzebestandig-spulmaschinenfest-gefriergeeignet\",\"url\":\"https:\\\/\\\/www.ralti.de\\\/?product=caso-vacuboxx-eco-set-3-vakuumbehalter-aus-borosilikatglas-bpa-frei-inkl-vakuumierschlauch-adapter-fur-alle-caso-vakuumierer-handpumpe-hitzebestandig-spulmaschinenfest-gefriergeeignet\",\"name\":\"CASO VacuBoxx Eco-Set - 3 Vakuumbeh\u00e4lter aus Borosilikatglas, BPA-Frei, inkl. Vakuumierschlauch & Adapter f\u00fcr alle CASO Vakuumierer\\\/Handpumpe, hitzebest\u00e4ndig, sp\u00fclmaschinenfest, gefriergeeignet - Notfallvorsorge - Krisenvorsorge\",\"isPartOf\":{\"@id\":\"https:\\\/\\\/www.ralti.de\\\/#website\"},\"primaryImageOfPage\":{\"@id\":\"https:\\\/\\\/www.ralti.de\\\/?product=caso-vacuboxx-eco-set-3-vakuumbehalter-aus-borosilikatglas-bpa-frei-inkl-vakuumierschlauch-adapter-fur-alle-caso-vakuumierer-handpumpe-hitzebestandig-spulmaschinenfest-gefriergeeignet#primaryimage\"},\"image\":{\"@id\":\"https:\\\/\\\/www.ralti.de\\\/?product=caso-vacuboxx-eco-set-3-vakuumbehalter-aus-borosilikatglas-bpa-frei-inkl-vakuumierschlauch-adapter-fur-alle-caso-vakuumierer-handpumpe-hitzebestandig-spulmaschinenfest-gefriergeeignet#primaryimage\"},\"thumbnailUrl\":\"https:\\\/\\\/m.media-amazon.com\\\/images\\\/I\\\/41CrtizOZAL.jpg\",\"datePublished\":\"2025-11-25T10:57:46+00:00\",\"breadcrumb\":{\"@id\":\"https:\\\/\\\/www.ralti.de\\\/?product=caso-vacuboxx-eco-set-3-vakuumbehalter-aus-borosilikatglas-bpa-frei-inkl-vakuumierschlauch-adapter-fur-alle-caso-vakuumierer-handpumpe-hitzebestandig-spulmaschinenfest-gefriergeeignet#breadcrumb\"},\"inLanguage\":\"de\",\"potentialAction\":[{\"@type\":\"ReadAction\",\"target\":[\"https:\\\/\\\/www.ralti.de\\\/?product=caso-vacuboxx-eco-set-3-vakuumbehalter-aus-borosilikatglas-bpa-frei-inkl-vakuumierschlauch-adapter-fur-alle-caso-vakuumierer-handpumpe-hitzebestandig-spulmaschinenfest-gefriergeeignet\"]}]},{\"@type\":\"ImageObject\",\"inLanguage\":\"de\",\"@id\":\"https:\\\/\\\/www.ralti.de\\\/?product=caso-vacuboxx-eco-set-3-vakuumbehalter-aus-borosilikatglas-bpa-frei-inkl-vakuumierschlauch-adapter-fur-alle-caso-vakuumierer-handpumpe-hitzebestandig-spulmaschinenfest-gefriergeeignet#primaryimage\",\"url\":\"https:\\\/\\\/m.media-amazon.com\\\/images\\\/I\\\/41CrtizOZAL.jpg\",\"contentUrl\":\"https:\\\/\\\/m.media-amazon.com\\\/images\\\/I\\\/41CrtizOZAL.jpg\",\"width\":500,\"height\":500},{\"@type\":\"BreadcrumbList\",\"@id\":\"https:\\\/\\\/www.ralti.de\\\/?product=caso-vacuboxx-eco-set-3-vakuumbehalter-aus-borosilikatglas-bpa-frei-inkl-vakuumierschlauch-adapter-fur-alle-caso-vakuumierer-handpumpe-hitzebestandig-spulmaschinenfest-gefriergeeignet#breadcrumb\",\"itemListElement\":[{\"@type\":\"ListItem\",\"position\":1,\"name\":\"Start\",\"item\":\"https:\\\/\\\/www.ralti.de\\\/\"},{\"@type\":\"ListItem\",\"position\":2,\"name\":\"Notfallartikel\",\"item\":\"https:\\\/\\\/www.ralti.de\\\/?page_id=14189\"},{\"@type\":\"ListItem\",\"position\":3,\"name\":\"CASO VacuBoxx Eco-Set &#8211; 3 Vakuumbeh\u00e4lter aus Borosilikatglas, BPA-Frei, inkl. Vakuumierschlauch &#038; Adapter f\u00fcr alle CASO Vakuumierer\\\/Handpumpe, hitzebest\u00e4ndig, sp\u00fclmaschinenfest, gefriergeeignet\"}]},{\"@type\":\"WebSite\",\"@id\":\"https:\\\/\\\/www.ralti.de\\\/#website\",\"url\":\"https:\\\/\\\/www.ralti.de\\\/\",\"name\":\"Ralti.de\",\"description\":\"Hier viele gute Angebote\",\"publisher\":{\"@id\":\"https:\\\/\\\/www.ralti.de\\\/#organization\"},\"potentialAction\":[{\"@type\":\"SearchAction\",\"target\":{\"@type\":\"EntryPoint\",\"urlTemplate\":\"https:\\\/\\\/www.ralti.de\\\/?s={search_term_string}\"},\"query-input\":{\"@type\":\"PropertyValueSpecification\",\"valueRequired\":true,\"valueName\":\"search_term_string\"}}],\"inLanguage\":\"de\"},{\"@type\":\"Organization\",\"@id\":\"https:\\\/\\\/www.ralti.de\\\/#organization\",\"name\":\"Ralti.de\",\"url\":\"https:\\\/\\\/www.ralti.de\\\/\",\"logo\":{\"@type\":\"ImageObject\",\"inLanguage\":\"de\",\"@id\":\"https:\\\/\\\/www.ralti.de\\\/#\\\/schema\\\/logo\\\/image\\\/\",\"url\":\"https:\\\/\\\/www.ralti.de\\\/wp-content\\\/uploads\\\/2025\\\/11\\\/ralti.png\",\"contentUrl\":\"https:\\\/\\\/www.ralti.de\\\/wp-content\\\/uploads\\\/2025\\\/11\\\/ralti.png\",\"width\":240,\"height\":75,\"caption\":\"Ralti.de\"},\"image\":{\"@id\":\"https:\\\/\\\/www.ralti.de\\\/#\\\/schema\\\/logo\\\/image\\\/\"}}]}<\/script>\n<!-- \/ Yoast SEO plugin. -->","yoast_head_json":{"title":"CASO VacuBoxx Eco-Set - 3 Vakuumbeh\u00e4lter aus Borosilikatglas, BPA-Frei, inkl. Vakuumierschlauch & Adapter f\u00fcr alle CASO Vakuumierer\/Handpumpe, hitzebest\u00e4ndig, sp\u00fclmaschinenfest, gefriergeeignet - Notfallvorsorge - Krisenvorsorge","robots":{"index":"index","follow":"follow","max-snippet":"max-snippet:-1","max-image-preview":"max-image-preview:large","max-video-preview":"max-video-preview:-1"},"canonical":"https:\/\/www.ralti.de\/?product=caso-vacuboxx-eco-set-3-vakuumbehalter-aus-borosilikatglas-bpa-frei-inkl-vakuumierschlauch-adapter-fur-alle-caso-vakuumierer-handpumpe-hitzebestandig-spulmaschinenfest-gefriergeeignet","og_locale":"de_DE","og_type":"article","og_title":"CASO VacuBoxx Eco-Set - 3 Vakuumbeh\u00e4lter aus Borosilikatglas, BPA-Frei, inkl. Vakuumierschlauch & Adapter f\u00fcr alle CASO Vakuumierer\/Handpumpe, hitzebest\u00e4ndig, sp\u00fclmaschinenfest, gefriergeeignet - Notfallvorsorge - Krisenvorsorge","og_description":"VacuBoxx Eco-Set bestehend aus: 1 Beh\u00e4lter mit 1500 ml Fassungsverm\u00f6gen, 2 Beh\u00e4ltern mit je 500 ml Fassungsverm\u00f6gen, 1 Vakuumschlauch mit Adapter Stapelbares Vakuumbeh\u00e4lter-Set aus Glas (Borosilikatglas) mit Kunststoffdeckel f\u00fcr eine platzsparende Aufbewahrung L\u00e4nger Frisch: Ihre Lebensmittel bleiben vakuumiert bis zu 8x l\u00e4nger frisch - ganz nat\u00fcrlich ohne Konservierungsstoffe. Starten Sie die Frische- Offensive und vakuumieren Sie frisches Fleisch, Obst oder Gem\u00fcse zur Lagerung im K\u00fchl- oder Gefrierschrank. Vitamine und Mineralien bleiben dabei erhalten - idealer Schutz vor Gefrierbrand und Aromaverlust","og_url":"https:\/\/www.ralti.de\/?product=caso-vacuboxx-eco-set-3-vakuumbehalter-aus-borosilikatglas-bpa-frei-inkl-vakuumierschlauch-adapter-fur-alle-caso-vakuumierer-handpumpe-hitzebestandig-spulmaschinenfest-gefriergeeignet","og_site_name":"Notfallvorsorge - Krisenvorsorge","og_image":[{"width":500,"height":500,"url":"https:\/\/m.media-amazon.com\/images\/I\/41CrtizOZAL.jpg","type":"image\/jpeg"}],"twitter_card":"summary_large_image","twitter_misc":{"Gesch\u00e4tzte Lesezeit":"1\u00a0Minute"},"schema":{"@context":"https:\/\/schema.org","@graph":[{"@type":"WebPage","@id":"https:\/\/www.ralti.de\/?product=caso-vacuboxx-eco-set-3-vakuumbehalter-aus-borosilikatglas-bpa-frei-inkl-vakuumierschlauch-adapter-fur-alle-caso-vakuumierer-handpumpe-hitzebestandig-spulmaschinenfest-gefriergeeignet","url":"https:\/\/www.ralti.de\/?product=caso-vacuboxx-eco-set-3-vakuumbehalter-aus-borosilikatglas-bpa-frei-inkl-vakuumierschlauch-adapter-fur-alle-caso-vakuumierer-handpumpe-hitzebestandig-spulmaschinenfest-gefriergeeignet","name":"CASO VacuBoxx Eco-Set - 3 Vakuumbeh\u00e4lter aus Borosilikatglas, BPA-Frei, inkl. Vakuumierschlauch & Adapter f\u00fcr alle CASO Vakuumierer\/Handpumpe, hitzebest\u00e4ndig, sp\u00fclmaschinenfest, gefriergeeignet - Notfallvorsorge - Krisenvorsorge","isPartOf":{"@id":"https:\/\/www.ralti.de\/#website"},"primaryImageOfPage":{"@id":"https:\/\/www.ralti.de\/?product=caso-vacuboxx-eco-set-3-vakuumbehalter-aus-borosilikatglas-bpa-frei-inkl-vakuumierschlauch-adapter-fur-alle-caso-vakuumierer-handpumpe-hitzebestandig-spulmaschinenfest-gefriergeeignet#primaryimage"},"image":{"@id":"https:\/\/www.ralti.de\/?product=caso-vacuboxx-eco-set-3-vakuumbehalter-aus-borosilikatglas-bpa-frei-inkl-vakuumierschlauch-adapter-fur-alle-caso-vakuumierer-handpumpe-hitzebestandig-spulmaschinenfest-gefriergeeignet#primaryimage"},"thumbnailUrl":"https:\/\/m.media-amazon.com\/images\/I\/41CrtizOZAL.jpg","datePublished":"2025-11-25T10:57:46+00:00","breadcrumb":{"@id":"https:\/\/www.ralti.de\/?product=caso-vacuboxx-eco-set-3-vakuumbehalter-aus-borosilikatglas-bpa-frei-inkl-vakuumierschlauch-adapter-fur-alle-caso-vakuumierer-handpumpe-hitzebestandig-spulmaschinenfest-gefriergeeignet#breadcrumb"},"inLanguage":"de","potentialAction":[{"@type":"ReadAction","target":["https:\/\/www.ralti.de\/?product=caso-vacuboxx-eco-set-3-vakuumbehalter-aus-borosilikatglas-bpa-frei-inkl-vakuumierschlauch-adapter-fur-alle-caso-vakuumierer-handpumpe-hitzebestandig-spulmaschinenfest-gefriergeeignet"]}]},{"@type":"ImageObject","inLanguage":"de","@id":"https:\/\/www.ralti.de\/?product=caso-vacuboxx-eco-set-3-vakuumbehalter-aus-borosilikatglas-bpa-frei-inkl-vakuumierschlauch-adapter-fur-alle-caso-vakuumierer-handpumpe-hitzebestandig-spulmaschinenfest-gefriergeeignet#primaryimage","url":"https:\/\/m.media-amazon.com\/images\/I\/41CrtizOZAL.jpg","contentUrl":"https:\/\/m.media-amazon.com\/images\/I\/41CrtizOZAL.jpg","width":500,"height":500},{"@type":"BreadcrumbList","@id":"https:\/\/www.ralti.de\/?product=caso-vacuboxx-eco-set-3-vakuumbehalter-aus-borosilikatglas-bpa-frei-inkl-vakuumierschlauch-adapter-fur-alle-caso-vakuumierer-handpumpe-hitzebestandig-spulmaschinenfest-gefriergeeignet#breadcrumb","itemListElement":[{"@type":"ListItem","position":1,"name":"Start","item":"https:\/\/www.ralti.de\/"},{"@type":"ListItem","position":2,"name":"Notfallartikel","item":"https:\/\/www.ralti.de\/?page_id=14189"},{"@type":"ListItem","position":3,"name":"CASO VacuBoxx Eco-Set &#8211; 3 Vakuumbeh\u00e4lter aus Borosilikatglas, BPA-Frei, inkl. Vakuumierschlauch &#038; Adapter f\u00fcr alle CASO Vakuumierer\/Handpumpe, hitzebest\u00e4ndig, sp\u00fclmaschinenfest, gefriergeeignet"}]},{"@type":"WebSite","@id":"https:\/\/www.ralti.de\/#website","url":"https:\/\/www.ralti.de\/","name":"Ralti.de","description":"Hier viele gute Angebote","publisher":{"@id":"https:\/\/www.ralti.de\/#organization"},"potentialAction":[{"@type":"SearchAction","target":{"@type":"EntryPoint","urlTemplate":"https:\/\/www.ralti.de\/?s={search_term_string}"},"query-input":{"@type":"PropertyValueSpecification","valueRequired":true,"valueName":"search_term_string"}}],"inLanguage":"de"},{"@type":"Organization","@id":"https:\/\/www.ralti.de\/#organization","name":"Ralti.de","url":"https:\/\/www.ralti.de\/","logo":{"@type":"ImageObject","inLanguage":"de","@id":"https:\/\/www.ralti.de\/#\/schema\/logo\/image\/","url":"https:\/\/www.ralti.de\/wp-content\/uploads\/2025\/11\/ralti.png","contentUrl":"https:\/\/www.ralti.de\/wp-content\/uploads\/2025\/11\/ralti.png","width":240,"height":75,"caption":"Ralti.de"},"image":{"@id":"https:\/\/www.ralti.de\/#\/schema\/logo\/image\/"}}]}},"_links":{"self":[{"href":"https:\/\/www.ralti.de\/index.php?rest_route=\/wp\/v2\/product\/8864","targetHints":{"allow":["GET"]}}],"collection":[{"href":"https:\/\/www.ralti.de\/index.php?rest_route=\/wp\/v2\/product"}],"about":[{"href":"https:\/\/www.ralti.de\/index.php?rest_route=\/wp\/v2\/types\/product"}],"replies":[{"embeddable":true,"href":"https:\/\/www.ralti.de\/index.php?rest_route=%2Fwp%2Fv2%2Fcomments&post=8864"}],"wp:featuredmedia":[{"embeddable":true,"href":"https:\/\/www.ralti.de\/index.php?rest_route=\/wp\/v2\/media\/8865"}],"wp:attachment":[{"href":"https:\/\/www.ralti.de\/index.php?rest_route=%2Fwp%2Fv2%2Fmedia&parent=8864"}],"wp:term":[{"taxonomy":"product_brand","embeddable":true,"href":"https:\/\/www.ralti.de\/index.php?rest_route=%2Fwp%2Fv2%2Fproduct_brand&post=8864"},{"taxonomy":"product_cat","embeddable":true,"href":"https:\/\/www.ralti.de\/index.php?rest_route=%2Fwp%2Fv2%2Fproduct_cat&post=8864"},{"taxonomy":"product_tag","embeddable":true,"href":"https:\/\/www.ralti.de\/index.php?rest_route=%2Fwp%2Fv2%2Fproduct_tag&post=8864"}],"curies":[{"name":"wp","href":"https:\/\/api.w.org\/{rel}","templated":true}]}}