{"id":8942,"date":"2025-11-25T10:58:03","date_gmt":"2025-11-25T10:58:03","guid":{"rendered":"https:\/\/www.ralti.de\/shop-2\/uncategorized\/yashe-4-stucke-vorratsdosen-set-3-7l-vorratsdosen-mit-deckel-luftdicht-kunststoff-bpa-freie-kuche-aufbewahrungsbehalter-fur-mehl-hafer-aufbewahrungsbox-kuche-mit-16-etiketten\/"},"modified":"2025-11-25T10:58:03","modified_gmt":"2025-11-25T10:58:03","slug":"yashe-4-stucke-vorratsdosen-set-3-7l-vorratsdosen-mit-deckel-luftdicht-kunststoff-bpa-freie-kuche-aufbewahrungsbehalter-fur-mehl-hafer-aufbewahrungsbox-kuche-mit-16-etiketten","status":"publish","type":"product","link":"https:\/\/www.ralti.de\/?product=yashe-4-stucke-vorratsdosen-set-3-7l-vorratsdosen-mit-deckel-luftdicht-kunststoff-bpa-freie-kuche-aufbewahrungsbehalter-fur-mehl-hafer-aufbewahrungsbox-kuche-mit-16-etiketten","title":{"rendered":"YASHE 4 St\u00fccke Vorratsdosen Set 3.7L, Vorratsdosen mit Deckel Luftdicht, Kunststoff BPA freie K\u00fcche Aufbewahrungsbeh\u00e4lter f\u00fcr Mehl, Hafer, Aufbewahrungsbox K\u00fcche mit 16 Etiketten"},"content":{"rendered":"<p>Hochwertiges Material: Hergestellt aus strapazierf\u00e4higem Kunststoff, sind unsere frischhaltedosen mit deckel nicht nur BPA-frei, sondern auch sicher f\u00fcr die Verwendung in der Mikrowelle, im K\u00fchlschrank und in der Sp\u00fclmaschine<br \/>\nTrocken und frisch halten: Verabschieden Sie sich von schalem und undichtem Vorrat! Unsere vorratsdosen set verf\u00fcgen \u00fcber ein 4-seitiges Verschlusssystem, das den Beh\u00e4lter und die Schnappdeckel luftdicht verschlie\u00dft. So bleibt Ihr M\u00fcsli frisch und trocken, und Sie k\u00f6nnen immer knuspriges und leckeres M\u00fcsli probieren, ohne sich Sorgen machen zu m\u00fcssen, dass das Getreide aufweicht und den Geschmack beeintr\u00e4chtigt<br \/>\nSTAPELBARE VORRATSBEH\u00c4LTER: Unsere stapelbaren aufbewahrungsbox k\u00fcche f\u00fcr die K\u00fcche sind f\u00fcr Schr\u00e4nke geeignet, um den Platz in Ihrer K\u00fcche effizient zu nutzen. Holen Sie sich diese Beh\u00e4lter, um Ihre Vorratskammer ordentlich zu organisieren<br \/>\nBEQUEMLICH ZU BENUTZEN:YASHE vorratsbeh\u00e4lter haben eine breite \u00d6ffnung, damit Sie Mehl, Getreide, Bohnen und Snacks problemlos einf\u00fcllen k\u00f6nnen. Und die transparente Struktur macht es leicht, den Inhalt zu erkennen<br \/>\n4er-Set: Diese aufbewahrungsbeh\u00e4lte mit Deckel (20,3 x 25 x 11,2 cm) mit einem Fassungsverm\u00f6gen von 3,7 l\/125 oz enthalten 16 wiederverwendbare Etiketten, 4 Messl\u00f6ffel. Mit diesen Beh\u00e4ltern k\u00f6nnen Sie Ihre Speisekammer oder K\u00fcche ganz einfach organisieren<br \/>\n<div class=\"main-cross-sell\" data-asin=\"B0CPP5KGJ4\">\n\n\t<div class=\"WooZone-cross-sell-loader\">\n\t\t<div>\n\t\t\t<div id=\"floatingBarsG\">\n\t\t\t\t<div class=\"blockG\" id=\"rotateG_01\"><\/div>\n\t\t\t\t<div class=\"blockG\" id=\"rotateG_02\"><\/div>\n\t\t\t\t<div class=\"blockG\" id=\"rotateG_03\"><\/div>\n\t\t\t\t<div class=\"blockG\" id=\"rotateG_04\"><\/div>\n\t\t\t\t<div class=\"blockG\" id=\"rotateG_05\"><\/div>\n\t\t\t\t<div class=\"blockG\" id=\"rotateG_06\"><\/div>\n\t\t\t\t<div class=\"blockG\" id=\"rotateG_07\"><\/div>\n\t\t\t\t<div class=\"blockG\" id=\"rotateG_08\"><\/div>\n\t\t\t<\/div>\n\t\t\t<div class=\"WooZone-cross-sell-loader-text\"><\/div>\n\t\t<\/div>\n\t<\/div>\n\n\t\t\n<\/div>\n<div style=\"clear:both;\"><\/div>\n","protected":false},"excerpt":{"rendered":"<p>Hochwertiges Material: Hergestellt aus strapazierf\u00e4higem Kunststoff, sind unsere frischhaltedosen mit deckel nicht nur BPA-frei, sondern auch sicher f\u00fcr die Verwendung in der Mikrowelle, im K\u00fchlschrank und in der Sp\u00fclmaschine<br \/>\nTrocken und frisch halten: Verabschieden Sie sich von schalem und undichtem Vorrat! Unsere vorratsdosen set verf\u00fcgen \u00fcber ein 4-seitiges Verschlusssystem, das den Beh\u00e4lter und die Schnappdeckel luftdicht verschlie\u00dft. So bleibt Ihr M\u00fcsli frisch und trocken, und Sie k\u00f6nnen immer knuspriges und leckeres M\u00fcsli probieren, ohne sich Sorgen machen zu m\u00fcssen, dass das Getreide aufweicht und den Geschmack beeintr\u00e4chtigt<br \/>\nSTAPELBARE VORRATSBEH\u00c4LTER: Unsere stapelbaren aufbewahrungsbox k\u00fcche f\u00fcr die K\u00fcche sind f\u00fcr Schr\u00e4nke geeignet, um den Platz in Ihrer K\u00fcche effizient zu nutzen. Holen Sie sich diese Beh\u00e4lter, um Ihre Vorratskammer ordentlich zu organisieren<\/p>\n","protected":false},"featured_media":8943,"comment_status":"open","ping_status":"closed","template":"","meta":{"_acf_changed":false},"product_brand":[],"product_cat":[238,240],"product_tag":[],"class_list":{"0":"post-8942","1":"product","2":"type-product","3":"status-publish","4":"has-post-thumbnail","6":"product_cat-lebensmittel","7":"product_cat-vorratsdosen","9":"first","10":"instock","11":"sale","12":"shipping-taxable","13":"product-type-external"},"acf":[],"yoast_head":"<!-- This site is optimized with the Yoast SEO plugin v27.3 - https:\/\/yoast.com\/product\/yoast-seo-wordpress\/ -->\n<title>YASHE 4 St\u00fccke Vorratsdosen Set 3.7L, Vorratsdosen mit Deckel Luftdicht, Kunststoff BPA freie K\u00fcche Aufbewahrungsbeh\u00e4lter f\u00fcr Mehl, Hafer, Aufbewahrungsbox K\u00fcche mit 16 Etiketten - Notfallvorsorge - Krisenvorsorge<\/title>\n<meta name=\"robots\" content=\"index, follow, max-snippet:-1, max-image-preview:large, max-video-preview:-1\" \/>\n<link rel=\"canonical\" href=\"https:\/\/www.ralti.de\/?product=yashe-4-stucke-vorratsdosen-set-3-7l-vorratsdosen-mit-deckel-luftdicht-kunststoff-bpa-freie-kuche-aufbewahrungsbehalter-fur-mehl-hafer-aufbewahrungsbox-kuche-mit-16-etiketten\" \/>\n<meta property=\"og:locale\" content=\"de_DE\" \/>\n<meta property=\"og:type\" content=\"article\" \/>\n<meta property=\"og:title\" content=\"YASHE 4 St\u00fccke Vorratsdosen Set 3.7L, Vorratsdosen mit Deckel Luftdicht, Kunststoff BPA freie K\u00fcche Aufbewahrungsbeh\u00e4lter f\u00fcr Mehl, Hafer, Aufbewahrungsbox K\u00fcche mit 16 Etiketten - Notfallvorsorge - Krisenvorsorge\" \/>\n<meta property=\"og:description\" content=\"Hochwertiges Material: Hergestellt aus strapazierf\u00e4higem Kunststoff, sind unsere frischhaltedosen mit deckel nicht nur BPA-frei, sondern auch sicher f\u00fcr die Verwendung in der Mikrowelle, im K\u00fchlschrank und in der Sp\u00fclmaschine Trocken und frisch halten: Verabschieden Sie sich von schalem und undichtem Vorrat! Unsere vorratsdosen set verf\u00fcgen \u00fcber ein 4-seitiges Verschlusssystem, das den Beh\u00e4lter und die Schnappdeckel luftdicht verschlie\u00dft. So bleibt Ihr M\u00fcsli frisch und trocken, und Sie k\u00f6nnen immer knuspriges und leckeres M\u00fcsli probieren, ohne sich Sorgen machen zu m\u00fcssen, dass das Getreide aufweicht und den Geschmack beeintr\u00e4chtigt STAPELBARE VORRATSBEH\u00c4LTER: Unsere stapelbaren aufbewahrungsbox k\u00fcche f\u00fcr die K\u00fcche sind f\u00fcr Schr\u00e4nke geeignet, um den Platz in Ihrer K\u00fcche effizient zu nutzen. Holen Sie sich diese Beh\u00e4lter, um Ihre Vorratskammer ordentlich zu organisieren\" \/>\n<meta property=\"og:url\" content=\"https:\/\/www.ralti.de\/?product=yashe-4-stucke-vorratsdosen-set-3-7l-vorratsdosen-mit-deckel-luftdicht-kunststoff-bpa-freie-kuche-aufbewahrungsbehalter-fur-mehl-hafer-aufbewahrungsbox-kuche-mit-16-etiketten\" \/>\n<meta property=\"og:site_name\" content=\"Notfallvorsorge - Krisenvorsorge\" \/>\n<meta property=\"og:image\" content=\"https:\/\/m.media-amazon.com\/images\/I\/513HBZZtNrL.jpg\" \/>\n\t<meta property=\"og:image:width\" content=\"500\" \/>\n\t<meta property=\"og:image:height\" content=\"500\" \/>\n\t<meta property=\"og:image:type\" content=\"image\/jpeg\" \/>\n<meta name=\"twitter:card\" content=\"summary_large_image\" \/>\n<meta name=\"twitter:label1\" content=\"Gesch\u00e4tzte Lesezeit\" \/>\n\t<meta name=\"twitter:data1\" content=\"1\u00a0Minute\" \/>\n<script type=\"application\/ld+json\" class=\"yoast-schema-graph\">{\"@context\":\"https:\\\/\\\/schema.org\",\"@graph\":[{\"@type\":\"WebPage\",\"@id\":\"https:\\\/\\\/www.ralti.de\\\/?product=yashe-4-stucke-vorratsdosen-set-3-7l-vorratsdosen-mit-deckel-luftdicht-kunststoff-bpa-freie-kuche-aufbewahrungsbehalter-fur-mehl-hafer-aufbewahrungsbox-kuche-mit-16-etiketten\",\"url\":\"https:\\\/\\\/www.ralti.de\\\/?product=yashe-4-stucke-vorratsdosen-set-3-7l-vorratsdosen-mit-deckel-luftdicht-kunststoff-bpa-freie-kuche-aufbewahrungsbehalter-fur-mehl-hafer-aufbewahrungsbox-kuche-mit-16-etiketten\",\"name\":\"YASHE 4 St\u00fccke Vorratsdosen Set 3.7L, Vorratsdosen mit Deckel Luftdicht, Kunststoff BPA freie K\u00fcche Aufbewahrungsbeh\u00e4lter f\u00fcr Mehl, Hafer, Aufbewahrungsbox K\u00fcche mit 16 Etiketten - Notfallvorsorge - Krisenvorsorge\",\"isPartOf\":{\"@id\":\"https:\\\/\\\/www.ralti.de\\\/#website\"},\"primaryImageOfPage\":{\"@id\":\"https:\\\/\\\/www.ralti.de\\\/?product=yashe-4-stucke-vorratsdosen-set-3-7l-vorratsdosen-mit-deckel-luftdicht-kunststoff-bpa-freie-kuche-aufbewahrungsbehalter-fur-mehl-hafer-aufbewahrungsbox-kuche-mit-16-etiketten#primaryimage\"},\"image\":{\"@id\":\"https:\\\/\\\/www.ralti.de\\\/?product=yashe-4-stucke-vorratsdosen-set-3-7l-vorratsdosen-mit-deckel-luftdicht-kunststoff-bpa-freie-kuche-aufbewahrungsbehalter-fur-mehl-hafer-aufbewahrungsbox-kuche-mit-16-etiketten#primaryimage\"},\"thumbnailUrl\":\"https:\\\/\\\/m.media-amazon.com\\\/images\\\/I\\\/513HBZZtNrL.jpg\",\"datePublished\":\"2025-11-25T10:58:03+00:00\",\"breadcrumb\":{\"@id\":\"https:\\\/\\\/www.ralti.de\\\/?product=yashe-4-stucke-vorratsdosen-set-3-7l-vorratsdosen-mit-deckel-luftdicht-kunststoff-bpa-freie-kuche-aufbewahrungsbehalter-fur-mehl-hafer-aufbewahrungsbox-kuche-mit-16-etiketten#breadcrumb\"},\"inLanguage\":\"de\",\"potentialAction\":[{\"@type\":\"ReadAction\",\"target\":[\"https:\\\/\\\/www.ralti.de\\\/?product=yashe-4-stucke-vorratsdosen-set-3-7l-vorratsdosen-mit-deckel-luftdicht-kunststoff-bpa-freie-kuche-aufbewahrungsbehalter-fur-mehl-hafer-aufbewahrungsbox-kuche-mit-16-etiketten\"]}]},{\"@type\":\"ImageObject\",\"inLanguage\":\"de\",\"@id\":\"https:\\\/\\\/www.ralti.de\\\/?product=yashe-4-stucke-vorratsdosen-set-3-7l-vorratsdosen-mit-deckel-luftdicht-kunststoff-bpa-freie-kuche-aufbewahrungsbehalter-fur-mehl-hafer-aufbewahrungsbox-kuche-mit-16-etiketten#primaryimage\",\"url\":\"https:\\\/\\\/m.media-amazon.com\\\/images\\\/I\\\/513HBZZtNrL.jpg\",\"contentUrl\":\"https:\\\/\\\/m.media-amazon.com\\\/images\\\/I\\\/513HBZZtNrL.jpg\",\"width\":500,\"height\":500},{\"@type\":\"BreadcrumbList\",\"@id\":\"https:\\\/\\\/www.ralti.de\\\/?product=yashe-4-stucke-vorratsdosen-set-3-7l-vorratsdosen-mit-deckel-luftdicht-kunststoff-bpa-freie-kuche-aufbewahrungsbehalter-fur-mehl-hafer-aufbewahrungsbox-kuche-mit-16-etiketten#breadcrumb\",\"itemListElement\":[{\"@type\":\"ListItem\",\"position\":1,\"name\":\"Start\",\"item\":\"https:\\\/\\\/www.ralti.de\\\/\"},{\"@type\":\"ListItem\",\"position\":2,\"name\":\"Notfallartikel\",\"item\":\"https:\\\/\\\/www.ralti.de\\\/?page_id=14189\"},{\"@type\":\"ListItem\",\"position\":3,\"name\":\"YASHE 4 St\u00fccke Vorratsdosen Set 3.7L, Vorratsdosen mit Deckel Luftdicht, Kunststoff BPA freie K\u00fcche Aufbewahrungsbeh\u00e4lter f\u00fcr Mehl, Hafer, Aufbewahrungsbox K\u00fcche mit 16 Etiketten\"}]},{\"@type\":\"WebSite\",\"@id\":\"https:\\\/\\\/www.ralti.de\\\/#website\",\"url\":\"https:\\\/\\\/www.ralti.de\\\/\",\"name\":\"Ralti.de\",\"description\":\"Hier viele gute Angebote\",\"publisher\":{\"@id\":\"https:\\\/\\\/www.ralti.de\\\/#organization\"},\"potentialAction\":[{\"@type\":\"SearchAction\",\"target\":{\"@type\":\"EntryPoint\",\"urlTemplate\":\"https:\\\/\\\/www.ralti.de\\\/?s={search_term_string}\"},\"query-input\":{\"@type\":\"PropertyValueSpecification\",\"valueRequired\":true,\"valueName\":\"search_term_string\"}}],\"inLanguage\":\"de\"},{\"@type\":\"Organization\",\"@id\":\"https:\\\/\\\/www.ralti.de\\\/#organization\",\"name\":\"Ralti.de\",\"url\":\"https:\\\/\\\/www.ralti.de\\\/\",\"logo\":{\"@type\":\"ImageObject\",\"inLanguage\":\"de\",\"@id\":\"https:\\\/\\\/www.ralti.de\\\/#\\\/schema\\\/logo\\\/image\\\/\",\"url\":\"https:\\\/\\\/www.ralti.de\\\/wp-content\\\/uploads\\\/2025\\\/11\\\/ralti.png\",\"contentUrl\":\"https:\\\/\\\/www.ralti.de\\\/wp-content\\\/uploads\\\/2025\\\/11\\\/ralti.png\",\"width\":240,\"height\":75,\"caption\":\"Ralti.de\"},\"image\":{\"@id\":\"https:\\\/\\\/www.ralti.de\\\/#\\\/schema\\\/logo\\\/image\\\/\"}}]}<\/script>\n<!-- \/ Yoast SEO plugin. -->","yoast_head_json":{"title":"YASHE 4 St\u00fccke Vorratsdosen Set 3.7L, Vorratsdosen mit Deckel Luftdicht, Kunststoff BPA freie K\u00fcche Aufbewahrungsbeh\u00e4lter f\u00fcr Mehl, Hafer, Aufbewahrungsbox K\u00fcche mit 16 Etiketten - Notfallvorsorge - Krisenvorsorge","robots":{"index":"index","follow":"follow","max-snippet":"max-snippet:-1","max-image-preview":"max-image-preview:large","max-video-preview":"max-video-preview:-1"},"canonical":"https:\/\/www.ralti.de\/?product=yashe-4-stucke-vorratsdosen-set-3-7l-vorratsdosen-mit-deckel-luftdicht-kunststoff-bpa-freie-kuche-aufbewahrungsbehalter-fur-mehl-hafer-aufbewahrungsbox-kuche-mit-16-etiketten","og_locale":"de_DE","og_type":"article","og_title":"YASHE 4 St\u00fccke Vorratsdosen Set 3.7L, Vorratsdosen mit Deckel Luftdicht, Kunststoff BPA freie K\u00fcche Aufbewahrungsbeh\u00e4lter f\u00fcr Mehl, Hafer, Aufbewahrungsbox K\u00fcche mit 16 Etiketten - Notfallvorsorge - Krisenvorsorge","og_description":"Hochwertiges Material: Hergestellt aus strapazierf\u00e4higem Kunststoff, sind unsere frischhaltedosen mit deckel nicht nur BPA-frei, sondern auch sicher f\u00fcr die Verwendung in der Mikrowelle, im K\u00fchlschrank und in der Sp\u00fclmaschine Trocken und frisch halten: Verabschieden Sie sich von schalem und undichtem Vorrat! Unsere vorratsdosen set verf\u00fcgen \u00fcber ein 4-seitiges Verschlusssystem, das den Beh\u00e4lter und die Schnappdeckel luftdicht verschlie\u00dft. So bleibt Ihr M\u00fcsli frisch und trocken, und Sie k\u00f6nnen immer knuspriges und leckeres M\u00fcsli probieren, ohne sich Sorgen machen zu m\u00fcssen, dass das Getreide aufweicht und den Geschmack beeintr\u00e4chtigt STAPELBARE VORRATSBEH\u00c4LTER: Unsere stapelbaren aufbewahrungsbox k\u00fcche f\u00fcr die K\u00fcche sind f\u00fcr Schr\u00e4nke geeignet, um den Platz in Ihrer K\u00fcche effizient zu nutzen. Holen Sie sich diese Beh\u00e4lter, um Ihre Vorratskammer ordentlich zu organisieren","og_url":"https:\/\/www.ralti.de\/?product=yashe-4-stucke-vorratsdosen-set-3-7l-vorratsdosen-mit-deckel-luftdicht-kunststoff-bpa-freie-kuche-aufbewahrungsbehalter-fur-mehl-hafer-aufbewahrungsbox-kuche-mit-16-etiketten","og_site_name":"Notfallvorsorge - Krisenvorsorge","og_image":[{"width":500,"height":500,"url":"https:\/\/m.media-amazon.com\/images\/I\/513HBZZtNrL.jpg","type":"image\/jpeg"}],"twitter_card":"summary_large_image","twitter_misc":{"Gesch\u00e4tzte Lesezeit":"1\u00a0Minute"},"schema":{"@context":"https:\/\/schema.org","@graph":[{"@type":"WebPage","@id":"https:\/\/www.ralti.de\/?product=yashe-4-stucke-vorratsdosen-set-3-7l-vorratsdosen-mit-deckel-luftdicht-kunststoff-bpa-freie-kuche-aufbewahrungsbehalter-fur-mehl-hafer-aufbewahrungsbox-kuche-mit-16-etiketten","url":"https:\/\/www.ralti.de\/?product=yashe-4-stucke-vorratsdosen-set-3-7l-vorratsdosen-mit-deckel-luftdicht-kunststoff-bpa-freie-kuche-aufbewahrungsbehalter-fur-mehl-hafer-aufbewahrungsbox-kuche-mit-16-etiketten","name":"YASHE 4 St\u00fccke Vorratsdosen Set 3.7L, Vorratsdosen mit Deckel Luftdicht, Kunststoff BPA freie K\u00fcche Aufbewahrungsbeh\u00e4lter f\u00fcr Mehl, Hafer, Aufbewahrungsbox K\u00fcche mit 16 Etiketten - Notfallvorsorge - Krisenvorsorge","isPartOf":{"@id":"https:\/\/www.ralti.de\/#website"},"primaryImageOfPage":{"@id":"https:\/\/www.ralti.de\/?product=yashe-4-stucke-vorratsdosen-set-3-7l-vorratsdosen-mit-deckel-luftdicht-kunststoff-bpa-freie-kuche-aufbewahrungsbehalter-fur-mehl-hafer-aufbewahrungsbox-kuche-mit-16-etiketten#primaryimage"},"image":{"@id":"https:\/\/www.ralti.de\/?product=yashe-4-stucke-vorratsdosen-set-3-7l-vorratsdosen-mit-deckel-luftdicht-kunststoff-bpa-freie-kuche-aufbewahrungsbehalter-fur-mehl-hafer-aufbewahrungsbox-kuche-mit-16-etiketten#primaryimage"},"thumbnailUrl":"https:\/\/m.media-amazon.com\/images\/I\/513HBZZtNrL.jpg","datePublished":"2025-11-25T10:58:03+00:00","breadcrumb":{"@id":"https:\/\/www.ralti.de\/?product=yashe-4-stucke-vorratsdosen-set-3-7l-vorratsdosen-mit-deckel-luftdicht-kunststoff-bpa-freie-kuche-aufbewahrungsbehalter-fur-mehl-hafer-aufbewahrungsbox-kuche-mit-16-etiketten#breadcrumb"},"inLanguage":"de","potentialAction":[{"@type":"ReadAction","target":["https:\/\/www.ralti.de\/?product=yashe-4-stucke-vorratsdosen-set-3-7l-vorratsdosen-mit-deckel-luftdicht-kunststoff-bpa-freie-kuche-aufbewahrungsbehalter-fur-mehl-hafer-aufbewahrungsbox-kuche-mit-16-etiketten"]}]},{"@type":"ImageObject","inLanguage":"de","@id":"https:\/\/www.ralti.de\/?product=yashe-4-stucke-vorratsdosen-set-3-7l-vorratsdosen-mit-deckel-luftdicht-kunststoff-bpa-freie-kuche-aufbewahrungsbehalter-fur-mehl-hafer-aufbewahrungsbox-kuche-mit-16-etiketten#primaryimage","url":"https:\/\/m.media-amazon.com\/images\/I\/513HBZZtNrL.jpg","contentUrl":"https:\/\/m.media-amazon.com\/images\/I\/513HBZZtNrL.jpg","width":500,"height":500},{"@type":"BreadcrumbList","@id":"https:\/\/www.ralti.de\/?product=yashe-4-stucke-vorratsdosen-set-3-7l-vorratsdosen-mit-deckel-luftdicht-kunststoff-bpa-freie-kuche-aufbewahrungsbehalter-fur-mehl-hafer-aufbewahrungsbox-kuche-mit-16-etiketten#breadcrumb","itemListElement":[{"@type":"ListItem","position":1,"name":"Start","item":"https:\/\/www.ralti.de\/"},{"@type":"ListItem","position":2,"name":"Notfallartikel","item":"https:\/\/www.ralti.de\/?page_id=14189"},{"@type":"ListItem","position":3,"name":"YASHE 4 St\u00fccke Vorratsdosen Set 3.7L, Vorratsdosen mit Deckel Luftdicht, Kunststoff BPA freie K\u00fcche Aufbewahrungsbeh\u00e4lter f\u00fcr Mehl, Hafer, Aufbewahrungsbox K\u00fcche mit 16 Etiketten"}]},{"@type":"WebSite","@id":"https:\/\/www.ralti.de\/#website","url":"https:\/\/www.ralti.de\/","name":"Ralti.de","description":"Hier viele gute Angebote","publisher":{"@id":"https:\/\/www.ralti.de\/#organization"},"potentialAction":[{"@type":"SearchAction","target":{"@type":"EntryPoint","urlTemplate":"https:\/\/www.ralti.de\/?s={search_term_string}"},"query-input":{"@type":"PropertyValueSpecification","valueRequired":true,"valueName":"search_term_string"}}],"inLanguage":"de"},{"@type":"Organization","@id":"https:\/\/www.ralti.de\/#organization","name":"Ralti.de","url":"https:\/\/www.ralti.de\/","logo":{"@type":"ImageObject","inLanguage":"de","@id":"https:\/\/www.ralti.de\/#\/schema\/logo\/image\/","url":"https:\/\/www.ralti.de\/wp-content\/uploads\/2025\/11\/ralti.png","contentUrl":"https:\/\/www.ralti.de\/wp-content\/uploads\/2025\/11\/ralti.png","width":240,"height":75,"caption":"Ralti.de"},"image":{"@id":"https:\/\/www.ralti.de\/#\/schema\/logo\/image\/"}}]}},"_links":{"self":[{"href":"https:\/\/www.ralti.de\/index.php?rest_route=\/wp\/v2\/product\/8942","targetHints":{"allow":["GET"]}}],"collection":[{"href":"https:\/\/www.ralti.de\/index.php?rest_route=\/wp\/v2\/product"}],"about":[{"href":"https:\/\/www.ralti.de\/index.php?rest_route=\/wp\/v2\/types\/product"}],"replies":[{"embeddable":true,"href":"https:\/\/www.ralti.de\/index.php?rest_route=%2Fwp%2Fv2%2Fcomments&post=8942"}],"wp:featuredmedia":[{"embeddable":true,"href":"https:\/\/www.ralti.de\/index.php?rest_route=\/wp\/v2\/media\/8943"}],"wp:attachment":[{"href":"https:\/\/www.ralti.de\/index.php?rest_route=%2Fwp%2Fv2%2Fmedia&parent=8942"}],"wp:term":[{"taxonomy":"product_brand","embeddable":true,"href":"https:\/\/www.ralti.de\/index.php?rest_route=%2Fwp%2Fv2%2Fproduct_brand&post=8942"},{"taxonomy":"product_cat","embeddable":true,"href":"https:\/\/www.ralti.de\/index.php?rest_route=%2Fwp%2Fv2%2Fproduct_cat&post=8942"},{"taxonomy":"product_tag","embeddable":true,"href":"https:\/\/www.ralti.de\/index.php?rest_route=%2Fwp%2Fv2%2Fproduct_tag&post=8942"}],"curies":[{"name":"wp","href":"https:\/\/api.w.org\/{rel}","templated":true}]}}