{"id":8948,"date":"2025-11-25T10:58:05","date_gmt":"2025-11-25T10:58:05","guid":{"rendered":"https:\/\/www.ralti.de\/shop-2\/uncategorized\/amazon-basics-gefrierbehalter-im-set-mit-deckel-luftdicht-auslaufsicher-stapelbar-fur-kuhlschrank-gefriertruhe-bpa-frei-kunststoff-mikrowellen-und-spulmaschinenfest-3-x-1-2-l-farblos\/"},"modified":"2025-11-25T10:58:05","modified_gmt":"2025-11-25T10:58:05","slug":"amazon-basics-gefrierbehalter-im-set-mit-deckel-luftdicht-auslaufsicher-stapelbar-fur-kuhlschrank-gefriertruhe-bpa-frei-kunststoff-mikrowellen-und-spulmaschinenfest-3-x-1-2-l-farblos","status":"publish","type":"product","link":"https:\/\/www.ralti.de\/?product=amazon-basics-gefrierbehalter-im-set-mit-deckel-luftdicht-auslaufsicher-stapelbar-fur-kuhlschrank-gefriertruhe-bpa-frei-kunststoff-mikrowellen-und-spulmaschinenfest-3-x-1-2-l-farblos","title":{"rendered":"Amazon Basics Gefrierbeh\u00e4lter im Set, mit Deckel, luftdicht, auslaufsicher, stapelbar, f\u00fcr K\u00fchlschrank\/Gefriertruhe, BPA-frei, Kunststoff, mikrowellen- und sp\u00fclmaschinenfest, 3 x 1.2 l, farblos"},"content":{"rendered":"<p>4-Punkt-Verriegelung mit Silikon-Deckeldichtung sorgt f\u00fcr luftdichten und leckagefreien Verschluss<br \/>\nAus robustem, hochwertigem, BPA-freiem Kunststoff; transparentes Design f\u00fcr leichte Inhaltserkennung<br \/>\nIdeal f\u00fcr die Aufbewahrung von Speisen im K\u00fchlschrank oder Vorratsschrank, auch ideal zur Mitnahme von Mahlzeiten in Schule oder auf Arbeit<br \/>\nPlatzsparend stapelbar und verschachtelbar. Mikrowellenfest und sp\u00fclmaschinengeeignet (-20 \u00b0C bis +110 \u00b0C)<br \/>\nInnenma\u00dfe:209mm x 140mm x 57mm, Au\u00dfenma\u00dfe: 230mm x 162mm x 70mm<br \/>\n<div class=\"main-cross-sell\" data-asin=\"B06ZYC1R6L\">\n\n\t<div class=\"WooZone-cross-sell-loader\">\n\t\t<div>\n\t\t\t<div id=\"floatingBarsG\">\n\t\t\t\t<div class=\"blockG\" id=\"rotateG_01\"><\/div>\n\t\t\t\t<div class=\"blockG\" id=\"rotateG_02\"><\/div>\n\t\t\t\t<div class=\"blockG\" id=\"rotateG_03\"><\/div>\n\t\t\t\t<div class=\"blockG\" id=\"rotateG_04\"><\/div>\n\t\t\t\t<div class=\"blockG\" id=\"rotateG_05\"><\/div>\n\t\t\t\t<div class=\"blockG\" id=\"rotateG_06\"><\/div>\n\t\t\t\t<div class=\"blockG\" id=\"rotateG_07\"><\/div>\n\t\t\t\t<div class=\"blockG\" id=\"rotateG_08\"><\/div>\n\t\t\t<\/div>\n\t\t\t<div class=\"WooZone-cross-sell-loader-text\"><\/div>\n\t\t<\/div>\n\t<\/div>\n\n\t\t\n<\/div>\n<div style=\"clear:both;\"><\/div>\n","protected":false},"excerpt":{"rendered":"<p>4-Punkt-Verriegelung mit Silikon-Deckeldichtung sorgt f\u00fcr luftdichten und leckagefreien Verschluss<br \/>\nAus robustem, hochwertigem, BPA-freiem Kunststoff; transparentes Design f\u00fcr leichte Inhaltserkennung<br \/>\nIdeal f\u00fcr die Aufbewahrung von Speisen im K\u00fchlschrank oder Vorratsschrank, auch ideal zur Mitnahme von Mahlzeiten in Schule oder auf Arbeit<\/p>\n","protected":false},"featured_media":8949,"comment_status":"open","ping_status":"closed","template":"","meta":{"_acf_changed":false},"product_brand":[],"product_cat":[238,240],"product_tag":[],"class_list":{"0":"post-8948","1":"product","2":"type-product","3":"status-publish","4":"has-post-thumbnail","6":"product_cat-lebensmittel","7":"product_cat-vorratsdosen","9":"first","10":"instock","11":"sale","12":"shipping-taxable","13":"product-type-external"},"acf":[],"yoast_head":"<!-- This site is optimized with the Yoast SEO plugin v27.3 - https:\/\/yoast.com\/product\/yoast-seo-wordpress\/ -->\n<title>Amazon Basics Gefrierbeh\u00e4lter im Set, mit Deckel, luftdicht, auslaufsicher, stapelbar, f\u00fcr K\u00fchlschrank\/Gefriertruhe, BPA-frei, Kunststoff, mikrowellen- und sp\u00fclmaschinenfest, 3 x 1.2 l, farblos - Notfallvorsorge - Krisenvorsorge<\/title>\n<meta name=\"robots\" content=\"index, follow, max-snippet:-1, max-image-preview:large, max-video-preview:-1\" \/>\n<link rel=\"canonical\" href=\"https:\/\/www.ralti.de\/?product=amazon-basics-gefrierbehalter-im-set-mit-deckel-luftdicht-auslaufsicher-stapelbar-fur-kuhlschrank-gefriertruhe-bpa-frei-kunststoff-mikrowellen-und-spulmaschinenfest-3-x-1-2-l-farblos\" \/>\n<meta property=\"og:locale\" content=\"de_DE\" \/>\n<meta property=\"og:type\" content=\"article\" \/>\n<meta property=\"og:title\" content=\"Amazon Basics Gefrierbeh\u00e4lter im Set, mit Deckel, luftdicht, auslaufsicher, stapelbar, f\u00fcr K\u00fchlschrank\/Gefriertruhe, BPA-frei, Kunststoff, mikrowellen- und sp\u00fclmaschinenfest, 3 x 1.2 l, farblos - Notfallvorsorge - Krisenvorsorge\" \/>\n<meta property=\"og:description\" content=\"4-Punkt-Verriegelung mit Silikon-Deckeldichtung sorgt f\u00fcr luftdichten und leckagefreien Verschluss Aus robustem, hochwertigem, BPA-freiem Kunststoff; transparentes Design f\u00fcr leichte Inhaltserkennung Ideal f\u00fcr die Aufbewahrung von Speisen im K\u00fchlschrank oder Vorratsschrank, auch ideal zur Mitnahme von Mahlzeiten in Schule oder auf Arbeit\" \/>\n<meta property=\"og:url\" content=\"https:\/\/www.ralti.de\/?product=amazon-basics-gefrierbehalter-im-set-mit-deckel-luftdicht-auslaufsicher-stapelbar-fur-kuhlschrank-gefriertruhe-bpa-frei-kunststoff-mikrowellen-und-spulmaschinenfest-3-x-1-2-l-farblos\" \/>\n<meta property=\"og:site_name\" content=\"Notfallvorsorge - Krisenvorsorge\" \/>\n<meta property=\"og:image\" content=\"https:\/\/m.media-amazon.com\/images\/I\/51eQCiw5GQL.jpg\" \/>\n\t<meta property=\"og:image:width\" content=\"500\" \/>\n\t<meta property=\"og:image:height\" content=\"500\" \/>\n\t<meta property=\"og:image:type\" content=\"image\/jpeg\" \/>\n<meta name=\"twitter:card\" content=\"summary_large_image\" \/>\n<script type=\"application\/ld+json\" class=\"yoast-schema-graph\">{\"@context\":\"https:\\\/\\\/schema.org\",\"@graph\":[{\"@type\":\"WebPage\",\"@id\":\"https:\\\/\\\/www.ralti.de\\\/?product=amazon-basics-gefrierbehalter-im-set-mit-deckel-luftdicht-auslaufsicher-stapelbar-fur-kuhlschrank-gefriertruhe-bpa-frei-kunststoff-mikrowellen-und-spulmaschinenfest-3-x-1-2-l-farblos\",\"url\":\"https:\\\/\\\/www.ralti.de\\\/?product=amazon-basics-gefrierbehalter-im-set-mit-deckel-luftdicht-auslaufsicher-stapelbar-fur-kuhlschrank-gefriertruhe-bpa-frei-kunststoff-mikrowellen-und-spulmaschinenfest-3-x-1-2-l-farblos\",\"name\":\"Amazon Basics Gefrierbeh\u00e4lter im Set, mit Deckel, luftdicht, auslaufsicher, stapelbar, f\u00fcr K\u00fchlschrank\\\/Gefriertruhe, BPA-frei, Kunststoff, mikrowellen- und sp\u00fclmaschinenfest, 3 x 1.2 l, farblos - Notfallvorsorge - Krisenvorsorge\",\"isPartOf\":{\"@id\":\"https:\\\/\\\/www.ralti.de\\\/#website\"},\"primaryImageOfPage\":{\"@id\":\"https:\\\/\\\/www.ralti.de\\\/?product=amazon-basics-gefrierbehalter-im-set-mit-deckel-luftdicht-auslaufsicher-stapelbar-fur-kuhlschrank-gefriertruhe-bpa-frei-kunststoff-mikrowellen-und-spulmaschinenfest-3-x-1-2-l-farblos#primaryimage\"},\"image\":{\"@id\":\"https:\\\/\\\/www.ralti.de\\\/?product=amazon-basics-gefrierbehalter-im-set-mit-deckel-luftdicht-auslaufsicher-stapelbar-fur-kuhlschrank-gefriertruhe-bpa-frei-kunststoff-mikrowellen-und-spulmaschinenfest-3-x-1-2-l-farblos#primaryimage\"},\"thumbnailUrl\":\"https:\\\/\\\/m.media-amazon.com\\\/images\\\/I\\\/51eQCiw5GQL.jpg\",\"datePublished\":\"2025-11-25T10:58:05+00:00\",\"breadcrumb\":{\"@id\":\"https:\\\/\\\/www.ralti.de\\\/?product=amazon-basics-gefrierbehalter-im-set-mit-deckel-luftdicht-auslaufsicher-stapelbar-fur-kuhlschrank-gefriertruhe-bpa-frei-kunststoff-mikrowellen-und-spulmaschinenfest-3-x-1-2-l-farblos#breadcrumb\"},\"inLanguage\":\"de\",\"potentialAction\":[{\"@type\":\"ReadAction\",\"target\":[\"https:\\\/\\\/www.ralti.de\\\/?product=amazon-basics-gefrierbehalter-im-set-mit-deckel-luftdicht-auslaufsicher-stapelbar-fur-kuhlschrank-gefriertruhe-bpa-frei-kunststoff-mikrowellen-und-spulmaschinenfest-3-x-1-2-l-farblos\"]}]},{\"@type\":\"ImageObject\",\"inLanguage\":\"de\",\"@id\":\"https:\\\/\\\/www.ralti.de\\\/?product=amazon-basics-gefrierbehalter-im-set-mit-deckel-luftdicht-auslaufsicher-stapelbar-fur-kuhlschrank-gefriertruhe-bpa-frei-kunststoff-mikrowellen-und-spulmaschinenfest-3-x-1-2-l-farblos#primaryimage\",\"url\":\"https:\\\/\\\/m.media-amazon.com\\\/images\\\/I\\\/51eQCiw5GQL.jpg\",\"contentUrl\":\"https:\\\/\\\/m.media-amazon.com\\\/images\\\/I\\\/51eQCiw5GQL.jpg\",\"width\":500,\"height\":500},{\"@type\":\"BreadcrumbList\",\"@id\":\"https:\\\/\\\/www.ralti.de\\\/?product=amazon-basics-gefrierbehalter-im-set-mit-deckel-luftdicht-auslaufsicher-stapelbar-fur-kuhlschrank-gefriertruhe-bpa-frei-kunststoff-mikrowellen-und-spulmaschinenfest-3-x-1-2-l-farblos#breadcrumb\",\"itemListElement\":[{\"@type\":\"ListItem\",\"position\":1,\"name\":\"Start\",\"item\":\"https:\\\/\\\/www.ralti.de\\\/\"},{\"@type\":\"ListItem\",\"position\":2,\"name\":\"Notfallartikel\",\"item\":\"https:\\\/\\\/www.ralti.de\\\/?page_id=14189\"},{\"@type\":\"ListItem\",\"position\":3,\"name\":\"Amazon Basics Gefrierbeh\u00e4lter im Set, mit Deckel, luftdicht, auslaufsicher, stapelbar, f\u00fcr K\u00fchlschrank\\\/Gefriertruhe, BPA-frei, Kunststoff, mikrowellen- und sp\u00fclmaschinenfest, 3 x 1.2 l, farblos\"}]},{\"@type\":\"WebSite\",\"@id\":\"https:\\\/\\\/www.ralti.de\\\/#website\",\"url\":\"https:\\\/\\\/www.ralti.de\\\/\",\"name\":\"Ralti.de\",\"description\":\"Hier viele gute Angebote\",\"publisher\":{\"@id\":\"https:\\\/\\\/www.ralti.de\\\/#organization\"},\"potentialAction\":[{\"@type\":\"SearchAction\",\"target\":{\"@type\":\"EntryPoint\",\"urlTemplate\":\"https:\\\/\\\/www.ralti.de\\\/?s={search_term_string}\"},\"query-input\":{\"@type\":\"PropertyValueSpecification\",\"valueRequired\":true,\"valueName\":\"search_term_string\"}}],\"inLanguage\":\"de\"},{\"@type\":\"Organization\",\"@id\":\"https:\\\/\\\/www.ralti.de\\\/#organization\",\"name\":\"Ralti.de\",\"url\":\"https:\\\/\\\/www.ralti.de\\\/\",\"logo\":{\"@type\":\"ImageObject\",\"inLanguage\":\"de\",\"@id\":\"https:\\\/\\\/www.ralti.de\\\/#\\\/schema\\\/logo\\\/image\\\/\",\"url\":\"https:\\\/\\\/www.ralti.de\\\/wp-content\\\/uploads\\\/2025\\\/11\\\/ralti.png\",\"contentUrl\":\"https:\\\/\\\/www.ralti.de\\\/wp-content\\\/uploads\\\/2025\\\/11\\\/ralti.png\",\"width\":240,\"height\":75,\"caption\":\"Ralti.de\"},\"image\":{\"@id\":\"https:\\\/\\\/www.ralti.de\\\/#\\\/schema\\\/logo\\\/image\\\/\"}}]}<\/script>\n<!-- \/ Yoast SEO plugin. -->","yoast_head_json":{"title":"Amazon Basics Gefrierbeh\u00e4lter im Set, mit Deckel, luftdicht, auslaufsicher, stapelbar, f\u00fcr K\u00fchlschrank\/Gefriertruhe, BPA-frei, Kunststoff, mikrowellen- und sp\u00fclmaschinenfest, 3 x 1.2 l, farblos - Notfallvorsorge - Krisenvorsorge","robots":{"index":"index","follow":"follow","max-snippet":"max-snippet:-1","max-image-preview":"max-image-preview:large","max-video-preview":"max-video-preview:-1"},"canonical":"https:\/\/www.ralti.de\/?product=amazon-basics-gefrierbehalter-im-set-mit-deckel-luftdicht-auslaufsicher-stapelbar-fur-kuhlschrank-gefriertruhe-bpa-frei-kunststoff-mikrowellen-und-spulmaschinenfest-3-x-1-2-l-farblos","og_locale":"de_DE","og_type":"article","og_title":"Amazon Basics Gefrierbeh\u00e4lter im Set, mit Deckel, luftdicht, auslaufsicher, stapelbar, f\u00fcr K\u00fchlschrank\/Gefriertruhe, BPA-frei, Kunststoff, mikrowellen- und sp\u00fclmaschinenfest, 3 x 1.2 l, farblos - Notfallvorsorge - Krisenvorsorge","og_description":"4-Punkt-Verriegelung mit Silikon-Deckeldichtung sorgt f\u00fcr luftdichten und leckagefreien Verschluss Aus robustem, hochwertigem, BPA-freiem Kunststoff; transparentes Design f\u00fcr leichte Inhaltserkennung Ideal f\u00fcr die Aufbewahrung von Speisen im K\u00fchlschrank oder Vorratsschrank, auch ideal zur Mitnahme von Mahlzeiten in Schule oder auf Arbeit","og_url":"https:\/\/www.ralti.de\/?product=amazon-basics-gefrierbehalter-im-set-mit-deckel-luftdicht-auslaufsicher-stapelbar-fur-kuhlschrank-gefriertruhe-bpa-frei-kunststoff-mikrowellen-und-spulmaschinenfest-3-x-1-2-l-farblos","og_site_name":"Notfallvorsorge - Krisenvorsorge","og_image":[{"width":500,"height":500,"url":"https:\/\/m.media-amazon.com\/images\/I\/51eQCiw5GQL.jpg","type":"image\/jpeg"}],"twitter_card":"summary_large_image","schema":{"@context":"https:\/\/schema.org","@graph":[{"@type":"WebPage","@id":"https:\/\/www.ralti.de\/?product=amazon-basics-gefrierbehalter-im-set-mit-deckel-luftdicht-auslaufsicher-stapelbar-fur-kuhlschrank-gefriertruhe-bpa-frei-kunststoff-mikrowellen-und-spulmaschinenfest-3-x-1-2-l-farblos","url":"https:\/\/www.ralti.de\/?product=amazon-basics-gefrierbehalter-im-set-mit-deckel-luftdicht-auslaufsicher-stapelbar-fur-kuhlschrank-gefriertruhe-bpa-frei-kunststoff-mikrowellen-und-spulmaschinenfest-3-x-1-2-l-farblos","name":"Amazon Basics Gefrierbeh\u00e4lter im Set, mit Deckel, luftdicht, auslaufsicher, stapelbar, f\u00fcr K\u00fchlschrank\/Gefriertruhe, BPA-frei, Kunststoff, mikrowellen- und sp\u00fclmaschinenfest, 3 x 1.2 l, farblos - Notfallvorsorge - Krisenvorsorge","isPartOf":{"@id":"https:\/\/www.ralti.de\/#website"},"primaryImageOfPage":{"@id":"https:\/\/www.ralti.de\/?product=amazon-basics-gefrierbehalter-im-set-mit-deckel-luftdicht-auslaufsicher-stapelbar-fur-kuhlschrank-gefriertruhe-bpa-frei-kunststoff-mikrowellen-und-spulmaschinenfest-3-x-1-2-l-farblos#primaryimage"},"image":{"@id":"https:\/\/www.ralti.de\/?product=amazon-basics-gefrierbehalter-im-set-mit-deckel-luftdicht-auslaufsicher-stapelbar-fur-kuhlschrank-gefriertruhe-bpa-frei-kunststoff-mikrowellen-und-spulmaschinenfest-3-x-1-2-l-farblos#primaryimage"},"thumbnailUrl":"https:\/\/m.media-amazon.com\/images\/I\/51eQCiw5GQL.jpg","datePublished":"2025-11-25T10:58:05+00:00","breadcrumb":{"@id":"https:\/\/www.ralti.de\/?product=amazon-basics-gefrierbehalter-im-set-mit-deckel-luftdicht-auslaufsicher-stapelbar-fur-kuhlschrank-gefriertruhe-bpa-frei-kunststoff-mikrowellen-und-spulmaschinenfest-3-x-1-2-l-farblos#breadcrumb"},"inLanguage":"de","potentialAction":[{"@type":"ReadAction","target":["https:\/\/www.ralti.de\/?product=amazon-basics-gefrierbehalter-im-set-mit-deckel-luftdicht-auslaufsicher-stapelbar-fur-kuhlschrank-gefriertruhe-bpa-frei-kunststoff-mikrowellen-und-spulmaschinenfest-3-x-1-2-l-farblos"]}]},{"@type":"ImageObject","inLanguage":"de","@id":"https:\/\/www.ralti.de\/?product=amazon-basics-gefrierbehalter-im-set-mit-deckel-luftdicht-auslaufsicher-stapelbar-fur-kuhlschrank-gefriertruhe-bpa-frei-kunststoff-mikrowellen-und-spulmaschinenfest-3-x-1-2-l-farblos#primaryimage","url":"https:\/\/m.media-amazon.com\/images\/I\/51eQCiw5GQL.jpg","contentUrl":"https:\/\/m.media-amazon.com\/images\/I\/51eQCiw5GQL.jpg","width":500,"height":500},{"@type":"BreadcrumbList","@id":"https:\/\/www.ralti.de\/?product=amazon-basics-gefrierbehalter-im-set-mit-deckel-luftdicht-auslaufsicher-stapelbar-fur-kuhlschrank-gefriertruhe-bpa-frei-kunststoff-mikrowellen-und-spulmaschinenfest-3-x-1-2-l-farblos#breadcrumb","itemListElement":[{"@type":"ListItem","position":1,"name":"Start","item":"https:\/\/www.ralti.de\/"},{"@type":"ListItem","position":2,"name":"Notfallartikel","item":"https:\/\/www.ralti.de\/?page_id=14189"},{"@type":"ListItem","position":3,"name":"Amazon Basics Gefrierbeh\u00e4lter im Set, mit Deckel, luftdicht, auslaufsicher, stapelbar, f\u00fcr K\u00fchlschrank\/Gefriertruhe, BPA-frei, Kunststoff, mikrowellen- und sp\u00fclmaschinenfest, 3 x 1.2 l, farblos"}]},{"@type":"WebSite","@id":"https:\/\/www.ralti.de\/#website","url":"https:\/\/www.ralti.de\/","name":"Ralti.de","description":"Hier viele gute Angebote","publisher":{"@id":"https:\/\/www.ralti.de\/#organization"},"potentialAction":[{"@type":"SearchAction","target":{"@type":"EntryPoint","urlTemplate":"https:\/\/www.ralti.de\/?s={search_term_string}"},"query-input":{"@type":"PropertyValueSpecification","valueRequired":true,"valueName":"search_term_string"}}],"inLanguage":"de"},{"@type":"Organization","@id":"https:\/\/www.ralti.de\/#organization","name":"Ralti.de","url":"https:\/\/www.ralti.de\/","logo":{"@type":"ImageObject","inLanguage":"de","@id":"https:\/\/www.ralti.de\/#\/schema\/logo\/image\/","url":"https:\/\/www.ralti.de\/wp-content\/uploads\/2025\/11\/ralti.png","contentUrl":"https:\/\/www.ralti.de\/wp-content\/uploads\/2025\/11\/ralti.png","width":240,"height":75,"caption":"Ralti.de"},"image":{"@id":"https:\/\/www.ralti.de\/#\/schema\/logo\/image\/"}}]}},"_links":{"self":[{"href":"https:\/\/www.ralti.de\/index.php?rest_route=\/wp\/v2\/product\/8948","targetHints":{"allow":["GET"]}}],"collection":[{"href":"https:\/\/www.ralti.de\/index.php?rest_route=\/wp\/v2\/product"}],"about":[{"href":"https:\/\/www.ralti.de\/index.php?rest_route=\/wp\/v2\/types\/product"}],"replies":[{"embeddable":true,"href":"https:\/\/www.ralti.de\/index.php?rest_route=%2Fwp%2Fv2%2Fcomments&post=8948"}],"wp:featuredmedia":[{"embeddable":true,"href":"https:\/\/www.ralti.de\/index.php?rest_route=\/wp\/v2\/media\/8949"}],"wp:attachment":[{"href":"https:\/\/www.ralti.de\/index.php?rest_route=%2Fwp%2Fv2%2Fmedia&parent=8948"}],"wp:term":[{"taxonomy":"product_brand","embeddable":true,"href":"https:\/\/www.ralti.de\/index.php?rest_route=%2Fwp%2Fv2%2Fproduct_brand&post=8948"},{"taxonomy":"product_cat","embeddable":true,"href":"https:\/\/www.ralti.de\/index.php?rest_route=%2Fwp%2Fv2%2Fproduct_cat&post=8948"},{"taxonomy":"product_tag","embeddable":true,"href":"https:\/\/www.ralti.de\/index.php?rest_route=%2Fwp%2Fv2%2Fproduct_tag&post=8948"}],"curies":[{"name":"wp","href":"https:\/\/api.w.org\/{rel}","templated":true}]}}