{"id":9028,"date":"2025-11-25T11:01:45","date_gmt":"2025-11-25T11:01:45","guid":{"rendered":"https:\/\/www.ralti.de\/shop-2\/uncategorized\/gefriergetrocknete-mahlzeit-pasta-carbonara-expeditionsqualitat\/"},"modified":"2025-11-25T11:01:45","modified_gmt":"2025-11-25T11:01:45","slug":"gefriergetrocknete-mahlzeit-pasta-carbonara-expeditionsqualitat","status":"publish","type":"product","link":"https:\/\/www.ralti.de\/?product=gefriergetrocknete-mahlzeit-pasta-carbonara-expeditionsqualitat","title":{"rendered":"Gefriergetrocknete Mahlzeit &#8211; Pasta Carbonara &#8211; Expeditionsqualit\u00e4t"},"content":{"rendered":"<p><!-- show up to 2 reviews by default --> <\/p>\n<h3> <span>Produktbeschreibungen<\/span> <\/h3>\n<p> <span>Dieses Produkt ist Pasta Carbonara von Adventure Food. Das sind gefriergetrocknete Mahlzeiten, die speziell f\u00fcr Abenteurer und Outdoor-Enthusiasten entwickelt wurden. Die Pasta wird mit einer Sauce aus Schinken, K\u00e4se und Zwiebeln zubereitet. Das Produkt ist einfach zuzubereiten und eignet sich ideal f\u00fcr Wanderungen, Camping, Bootsfahrten oder zu Hause.<\/span> <\/p>\n<h3> <span>Inhaltsstoffe \/ Zutaten<\/span> <\/h3>\n<p> <span>1 Portion Gesamtenergie: 600 kcal (2512 kJ). Nettogewicht: 143 g. Haltbarkeitsdauer ab Herstellungsdatum: 4 Jahre Zutaten 57% Nudeln (Weizen, Ei, Salz), 11% K\u00e4sepulver (K\u00e4se, Salz), 7% Schinken (Schweinefleisch, Weizenst\u00e4rke, Salz, S\u00e4uerungsmittel (Rosmarinextrakt, Zitronens\u00e4ure), Rauchextrakt, Konservierungsmittel (E250)), Milchpulver, Sonnenblumen\u00f6l, Kartoffelst\u00e4rke, Paprika (4%), Zwiebel (3%), Lauch (1%), Glukosesirup, Salz, Pfeffer (0. 07%). N\u00e4hrwerte pro 100 g Ohne Zubereitung. Energie 121 kcal (507 kJ) Fett 4.1 g (ges\u00e4ttigt: 1.4 g) Kohlenhydrate 15.6 g (Zucker: 2.1 g) Eiweiss 4.9 g Salz 0.7 g Ballaststoffe 1.0 g. Allergie Info Enth\u00e4lt Gluten, Ei, Milch. Kann Spuren von Erdn\u00fcssen und Waln\u00fcssen enthalten. Hinweis: Die oben angegebenen Informationen entsprechen dem neuesten Stand der Produktion. Lesen Sie immer das Etikett des Produkts, um die korrekten Informationen zu erhalten.<\/span> <\/p>\n<div data-a-expander-name=\"toggle_description\" class=\"a-row a-expander-container a-expander-extend-container\">\n<div data-expanded=\"false\" class=\"a-expander-content a-expander-extend-content\">\n<h3> <span>Gebrauchsanweisung<\/span> <\/h3>\n<p> <span>F\u00fcgen Sie die richtige Menge Wasser hinzu und warten Sie 8 Minuten bis zur vollst\u00e4ndigen Rehydratation.<\/span> <\/p>\n<\/p><\/div>\n<p> <a aria-expanded=\"false\" role=\"button\" href=\"javascript:void(0)\" data-action=\"a-expander-toggle\" class=\"a-expander-header a-declarative a-expander-extend-header\" data-a-expander-toggle=\"{\" allowlinkdefault anzeigen><i class=\"a-icon a-icon-extender-expand\"><\/i><span class=\"a-expander-prompt\">Mehr<\/span><\/a> <\/div>\n<p>L\u00e4ngere Haltbarkeit: Diese gefriergetrockneten Mahlzeiten haben eine bemerkenswerte Haltbarkeit von 4 Jahren ab dem Herstellungsdatum. Diese verl\u00e4ngerte Haltbarkeit erm\u00f6glicht es Ihnen, sie f\u00fcr Notf\u00e4lle oder Outdoor-Abenteuer zu lagern, ohne sich um Verderb sorgen zu m\u00fcssen.<br \/>\nPraktische Portionsgr\u00f6\u00dfe: Jede Portion dieses Produkts wiegt nach der Rehydration 550 Gramm. Diese Portionsgr\u00f6\u00dfe ist gro\u00dfz\u00fcgig und befriedigend und eignet sich daher hervorragend f\u00fcr eine herzhafte Mahlzeit, egal ob beim Camping, Wandern oder wenn Sie einfach eine schnelle und s\u00e4ttigende Option zu Hause suchen.<br \/>\nAusgewogene Ern\u00e4hrung: Diese Produkte bieten eine ausgewogene Energiequelle mit 600 kcal pro Portion. Sie enthalten eine ausgewogene Mischung aus Kohlenhydraten, Proteinen und Fetten und stellen sicher, dass Sie die notwendigen N\u00e4hrstoffe erhalten, um w\u00e4hrend Ihrer Aktivit\u00e4ten energetisch zu bleiben.<br \/>\nEinfache Zubereitung: Die Mahlzeit wird mit einer klaren Wasserlinie auf der Verpackung geliefert, was das Hinzuf\u00fcgen der richtigen Wassermenge ohne R\u00e4tselraten erleichtert. Die Zubereitung ist einfach und schnell und dauert nur 8 Minuten f\u00fcr die Rehydration. Diese Bequemlichkeit ist perfekt f\u00fcr Abenteurer unterwegs.<br \/>\nQualitativ Hochwertige Zutaten: Adventure Food ist eine renommierte Marke, die f\u00fcr ihre qualitativ hochwertigen Zutaten bekannt ist. Die Mahlzeiten dieses Herstellers enthalten eine Mischung aus hochwertigen Zutaten, die ein geschmackvolles und zufriedenstellendes Esserlebnis bieten.<br \/>\n<div class=\"main-cross-sell\" data-asin=\"B0BT7MX32Q\">\n\n\t<div class=\"WooZone-cross-sell-loader\">\n\t\t<div>\n\t\t\t<div id=\"floatingBarsG\">\n\t\t\t\t<div class=\"blockG\" id=\"rotateG_01\"><\/div>\n\t\t\t\t<div class=\"blockG\" id=\"rotateG_02\"><\/div>\n\t\t\t\t<div class=\"blockG\" id=\"rotateG_03\"><\/div>\n\t\t\t\t<div class=\"blockG\" id=\"rotateG_04\"><\/div>\n\t\t\t\t<div class=\"blockG\" id=\"rotateG_05\"><\/div>\n\t\t\t\t<div class=\"blockG\" id=\"rotateG_06\"><\/div>\n\t\t\t\t<div class=\"blockG\" id=\"rotateG_07\"><\/div>\n\t\t\t\t<div class=\"blockG\" id=\"rotateG_08\"><\/div>\n\t\t\t<\/div>\n\t\t\t<div class=\"WooZone-cross-sell-loader-text\"><\/div>\n\t\t<\/div>\n\t<\/div>\n\n\t\t\n<\/div>\n<div style=\"clear:both;\"><\/div>\n","protected":false},"excerpt":{"rendered":"<p>L\u00e4ngere Haltbarkeit: Diese gefriergetrockneten Mahlzeiten haben eine bemerkenswerte Haltbarkeit von 4 Jahren ab dem Herstellungsdatum. Diese verl\u00e4ngerte Haltbarkeit erm\u00f6glicht es Ihnen, sie f\u00fcr Notf\u00e4lle oder Outdoor-Abenteuer zu lagern, ohne sich um Verderb sorgen zu m\u00fcssen.<br \/>\nPraktische Portionsgr\u00f6\u00dfe: Jede Portion dieses Produkts wiegt nach der Rehydration 550 Gramm. Diese Portionsgr\u00f6\u00dfe ist gro\u00dfz\u00fcgig und befriedigend und eignet sich daher hervorragend f\u00fcr eine herzhafte Mahlzeit, egal ob beim Camping, Wandern oder wenn Sie einfach eine schnelle und s\u00e4ttigende Option zu Hause suchen.<br \/>\nAusgewogene Ern\u00e4hrung: Diese Produkte bieten eine ausgewogene Energiequelle mit 600 kcal pro Portion. Sie enthalten eine ausgewogene Mischung aus Kohlenhydraten, Proteinen und Fetten und stellen sicher, dass Sie die notwendigen N\u00e4hrstoffe erhalten, um w\u00e4hrend Ihrer Aktivit\u00e4ten energetisch zu bleiben.<\/p>\n","protected":false},"featured_media":9029,"comment_status":"open","ping_status":"closed","template":"","meta":{"_acf_changed":false},"product_brand":[],"product_cat":[239,238],"product_tag":[],"class_list":{"0":"post-9028","1":"product","2":"type-product","3":"status-publish","4":"has-post-thumbnail","6":"product_cat-gefriergetrocknete-mahlzeiten","7":"product_cat-lebensmittel","9":"first","10":"instock","11":"shipping-taxable","12":"product-type-external"},"acf":[],"yoast_head":"<!-- This site is optimized with the Yoast SEO plugin v27.5 - https:\/\/yoast.com\/product\/yoast-seo-wordpress\/ -->\n<title>Gefriergetrocknete Mahlzeit - Pasta Carbonara - Expeditionsqualit\u00e4t - Notfallvorsorge - Krisenvorsorge<\/title>\n<meta name=\"robots\" content=\"index, follow, max-snippet:-1, max-image-preview:large, max-video-preview:-1\" \/>\n<link rel=\"canonical\" href=\"https:\/\/www.ralti.de\/?product=gefriergetrocknete-mahlzeit-pasta-carbonara-expeditionsqualitat\" \/>\n<meta property=\"og:locale\" content=\"de_DE\" \/>\n<meta property=\"og:type\" content=\"article\" \/>\n<meta property=\"og:title\" content=\"Gefriergetrocknete Mahlzeit - Pasta Carbonara - Expeditionsqualit\u00e4t - Notfallvorsorge - Krisenvorsorge\" \/>\n<meta property=\"og:description\" content=\"L\u00e4ngere Haltbarkeit: Diese gefriergetrockneten Mahlzeiten haben eine bemerkenswerte Haltbarkeit von 4 Jahren ab dem Herstellungsdatum. Diese verl\u00e4ngerte Haltbarkeit erm\u00f6glicht es Ihnen, sie f\u00fcr Notf\u00e4lle oder Outdoor-Abenteuer zu lagern, ohne sich um Verderb sorgen zu m\u00fcssen. Praktische Portionsgr\u00f6\u00dfe: Jede Portion dieses Produkts wiegt nach der Rehydration 550 Gramm. Diese Portionsgr\u00f6\u00dfe ist gro\u00dfz\u00fcgig und befriedigend und eignet sich daher hervorragend f\u00fcr eine herzhafte Mahlzeit, egal ob beim Camping, Wandern oder wenn Sie einfach eine schnelle und s\u00e4ttigende Option zu Hause suchen. Ausgewogene Ern\u00e4hrung: Diese Produkte bieten eine ausgewogene Energiequelle mit 600 kcal pro Portion. Sie enthalten eine ausgewogene Mischung aus Kohlenhydraten, Proteinen und Fetten und stellen sicher, dass Sie die notwendigen N\u00e4hrstoffe erhalten, um w\u00e4hrend Ihrer Aktivit\u00e4ten energetisch zu bleiben.\" \/>\n<meta property=\"og:url\" content=\"https:\/\/www.ralti.de\/?product=gefriergetrocknete-mahlzeit-pasta-carbonara-expeditionsqualitat\" \/>\n<meta property=\"og:site_name\" content=\"Notfallvorsorge - Krisenvorsorge\" \/>\n<meta property=\"og:image\" content=\"https:\/\/m.media-amazon.com\/images\/I\/414qVv8S5GL.jpg\" \/>\n\t<meta property=\"og:image:width\" content=\"500\" \/>\n\t<meta property=\"og:image:height\" content=\"500\" \/>\n\t<meta property=\"og:image:type\" content=\"image\/jpeg\" \/>\n<meta name=\"twitter:card\" content=\"summary_large_image\" \/>\n<meta name=\"twitter:label1\" content=\"Gesch\u00e4tzte Lesezeit\" \/>\n\t<meta name=\"twitter:data1\" content=\"2\u00a0Minuten\" \/>\n<script type=\"application\/ld+json\" class=\"yoast-schema-graph\">{\"@context\":\"https:\\\/\\\/schema.org\",\"@graph\":[{\"@type\":\"WebPage\",\"@id\":\"https:\\\/\\\/www.ralti.de\\\/?product=gefriergetrocknete-mahlzeit-pasta-carbonara-expeditionsqualitat\",\"url\":\"https:\\\/\\\/www.ralti.de\\\/?product=gefriergetrocknete-mahlzeit-pasta-carbonara-expeditionsqualitat\",\"name\":\"Gefriergetrocknete Mahlzeit - Pasta Carbonara - Expeditionsqualit\u00e4t - Notfallvorsorge - Krisenvorsorge\",\"isPartOf\":{\"@id\":\"https:\\\/\\\/www.ralti.de\\\/#website\"},\"primaryImageOfPage\":{\"@id\":\"https:\\\/\\\/www.ralti.de\\\/?product=gefriergetrocknete-mahlzeit-pasta-carbonara-expeditionsqualitat#primaryimage\"},\"image\":{\"@id\":\"https:\\\/\\\/www.ralti.de\\\/?product=gefriergetrocknete-mahlzeit-pasta-carbonara-expeditionsqualitat#primaryimage\"},\"thumbnailUrl\":\"https:\\\/\\\/m.media-amazon.com\\\/images\\\/I\\\/414qVv8S5GL.jpg\",\"datePublished\":\"2025-11-25T11:01:45+00:00\",\"breadcrumb\":{\"@id\":\"https:\\\/\\\/www.ralti.de\\\/?product=gefriergetrocknete-mahlzeit-pasta-carbonara-expeditionsqualitat#breadcrumb\"},\"inLanguage\":\"de\",\"potentialAction\":[{\"@type\":\"ReadAction\",\"target\":[\"https:\\\/\\\/www.ralti.de\\\/?product=gefriergetrocknete-mahlzeit-pasta-carbonara-expeditionsqualitat\"]}]},{\"@type\":\"ImageObject\",\"inLanguage\":\"de\",\"@id\":\"https:\\\/\\\/www.ralti.de\\\/?product=gefriergetrocknete-mahlzeit-pasta-carbonara-expeditionsqualitat#primaryimage\",\"url\":\"https:\\\/\\\/m.media-amazon.com\\\/images\\\/I\\\/414qVv8S5GL.jpg\",\"contentUrl\":\"https:\\\/\\\/m.media-amazon.com\\\/images\\\/I\\\/414qVv8S5GL.jpg\",\"width\":500,\"height\":500},{\"@type\":\"BreadcrumbList\",\"@id\":\"https:\\\/\\\/www.ralti.de\\\/?product=gefriergetrocknete-mahlzeit-pasta-carbonara-expeditionsqualitat#breadcrumb\",\"itemListElement\":[{\"@type\":\"ListItem\",\"position\":1,\"name\":\"Start\",\"item\":\"https:\\\/\\\/www.ralti.de\\\/\"},{\"@type\":\"ListItem\",\"position\":2,\"name\":\"Notfallartikel\",\"item\":\"https:\\\/\\\/www.ralti.de\\\/?page_id=14189\"},{\"@type\":\"ListItem\",\"position\":3,\"name\":\"Gefriergetrocknete Mahlzeit &#8211; Pasta Carbonara &#8211; Expeditionsqualit\u00e4t\"}]},{\"@type\":\"WebSite\",\"@id\":\"https:\\\/\\\/www.ralti.de\\\/#website\",\"url\":\"https:\\\/\\\/www.ralti.de\\\/\",\"name\":\"Ralti.de\",\"description\":\"Hier viele gute Angebote\",\"publisher\":{\"@id\":\"https:\\\/\\\/www.ralti.de\\\/#organization\"},\"potentialAction\":[{\"@type\":\"SearchAction\",\"target\":{\"@type\":\"EntryPoint\",\"urlTemplate\":\"https:\\\/\\\/www.ralti.de\\\/?s={search_term_string}\"},\"query-input\":{\"@type\":\"PropertyValueSpecification\",\"valueRequired\":true,\"valueName\":\"search_term_string\"}}],\"inLanguage\":\"de\"},{\"@type\":\"Organization\",\"@id\":\"https:\\\/\\\/www.ralti.de\\\/#organization\",\"name\":\"Ralti.de\",\"url\":\"https:\\\/\\\/www.ralti.de\\\/\",\"logo\":{\"@type\":\"ImageObject\",\"inLanguage\":\"de\",\"@id\":\"https:\\\/\\\/www.ralti.de\\\/#\\\/schema\\\/logo\\\/image\\\/\",\"url\":\"https:\\\/\\\/www.ralti.de\\\/wp-content\\\/uploads\\\/2025\\\/11\\\/ralti.png\",\"contentUrl\":\"https:\\\/\\\/www.ralti.de\\\/wp-content\\\/uploads\\\/2025\\\/11\\\/ralti.png\",\"width\":240,\"height\":75,\"caption\":\"Ralti.de\"},\"image\":{\"@id\":\"https:\\\/\\\/www.ralti.de\\\/#\\\/schema\\\/logo\\\/image\\\/\"}}]}<\/script>\n<!-- \/ Yoast SEO plugin. -->","yoast_head_json":{"title":"Gefriergetrocknete Mahlzeit - Pasta Carbonara - Expeditionsqualit\u00e4t - Notfallvorsorge - Krisenvorsorge","robots":{"index":"index","follow":"follow","max-snippet":"max-snippet:-1","max-image-preview":"max-image-preview:large","max-video-preview":"max-video-preview:-1"},"canonical":"https:\/\/www.ralti.de\/?product=gefriergetrocknete-mahlzeit-pasta-carbonara-expeditionsqualitat","og_locale":"de_DE","og_type":"article","og_title":"Gefriergetrocknete Mahlzeit - Pasta Carbonara - Expeditionsqualit\u00e4t - Notfallvorsorge - Krisenvorsorge","og_description":"L\u00e4ngere Haltbarkeit: Diese gefriergetrockneten Mahlzeiten haben eine bemerkenswerte Haltbarkeit von 4 Jahren ab dem Herstellungsdatum. Diese verl\u00e4ngerte Haltbarkeit erm\u00f6glicht es Ihnen, sie f\u00fcr Notf\u00e4lle oder Outdoor-Abenteuer zu lagern, ohne sich um Verderb sorgen zu m\u00fcssen. Praktische Portionsgr\u00f6\u00dfe: Jede Portion dieses Produkts wiegt nach der Rehydration 550 Gramm. Diese Portionsgr\u00f6\u00dfe ist gro\u00dfz\u00fcgig und befriedigend und eignet sich daher hervorragend f\u00fcr eine herzhafte Mahlzeit, egal ob beim Camping, Wandern oder wenn Sie einfach eine schnelle und s\u00e4ttigende Option zu Hause suchen. Ausgewogene Ern\u00e4hrung: Diese Produkte bieten eine ausgewogene Energiequelle mit 600 kcal pro Portion. Sie enthalten eine ausgewogene Mischung aus Kohlenhydraten, Proteinen und Fetten und stellen sicher, dass Sie die notwendigen N\u00e4hrstoffe erhalten, um w\u00e4hrend Ihrer Aktivit\u00e4ten energetisch zu bleiben.","og_url":"https:\/\/www.ralti.de\/?product=gefriergetrocknete-mahlzeit-pasta-carbonara-expeditionsqualitat","og_site_name":"Notfallvorsorge - Krisenvorsorge","og_image":[{"width":500,"height":500,"url":"https:\/\/m.media-amazon.com\/images\/I\/414qVv8S5GL.jpg","type":"image\/jpeg"}],"twitter_card":"summary_large_image","twitter_misc":{"Gesch\u00e4tzte Lesezeit":"2\u00a0Minuten"},"schema":{"@context":"https:\/\/schema.org","@graph":[{"@type":"WebPage","@id":"https:\/\/www.ralti.de\/?product=gefriergetrocknete-mahlzeit-pasta-carbonara-expeditionsqualitat","url":"https:\/\/www.ralti.de\/?product=gefriergetrocknete-mahlzeit-pasta-carbonara-expeditionsqualitat","name":"Gefriergetrocknete Mahlzeit - Pasta Carbonara - Expeditionsqualit\u00e4t - Notfallvorsorge - Krisenvorsorge","isPartOf":{"@id":"https:\/\/www.ralti.de\/#website"},"primaryImageOfPage":{"@id":"https:\/\/www.ralti.de\/?product=gefriergetrocknete-mahlzeit-pasta-carbonara-expeditionsqualitat#primaryimage"},"image":{"@id":"https:\/\/www.ralti.de\/?product=gefriergetrocknete-mahlzeit-pasta-carbonara-expeditionsqualitat#primaryimage"},"thumbnailUrl":"https:\/\/m.media-amazon.com\/images\/I\/414qVv8S5GL.jpg","datePublished":"2025-11-25T11:01:45+00:00","breadcrumb":{"@id":"https:\/\/www.ralti.de\/?product=gefriergetrocknete-mahlzeit-pasta-carbonara-expeditionsqualitat#breadcrumb"},"inLanguage":"de","potentialAction":[{"@type":"ReadAction","target":["https:\/\/www.ralti.de\/?product=gefriergetrocknete-mahlzeit-pasta-carbonara-expeditionsqualitat"]}]},{"@type":"ImageObject","inLanguage":"de","@id":"https:\/\/www.ralti.de\/?product=gefriergetrocknete-mahlzeit-pasta-carbonara-expeditionsqualitat#primaryimage","url":"https:\/\/m.media-amazon.com\/images\/I\/414qVv8S5GL.jpg","contentUrl":"https:\/\/m.media-amazon.com\/images\/I\/414qVv8S5GL.jpg","width":500,"height":500},{"@type":"BreadcrumbList","@id":"https:\/\/www.ralti.de\/?product=gefriergetrocknete-mahlzeit-pasta-carbonara-expeditionsqualitat#breadcrumb","itemListElement":[{"@type":"ListItem","position":1,"name":"Start","item":"https:\/\/www.ralti.de\/"},{"@type":"ListItem","position":2,"name":"Notfallartikel","item":"https:\/\/www.ralti.de\/?page_id=14189"},{"@type":"ListItem","position":3,"name":"Gefriergetrocknete Mahlzeit &#8211; Pasta Carbonara &#8211; Expeditionsqualit\u00e4t"}]},{"@type":"WebSite","@id":"https:\/\/www.ralti.de\/#website","url":"https:\/\/www.ralti.de\/","name":"Ralti.de","description":"Hier viele gute Angebote","publisher":{"@id":"https:\/\/www.ralti.de\/#organization"},"potentialAction":[{"@type":"SearchAction","target":{"@type":"EntryPoint","urlTemplate":"https:\/\/www.ralti.de\/?s={search_term_string}"},"query-input":{"@type":"PropertyValueSpecification","valueRequired":true,"valueName":"search_term_string"}}],"inLanguage":"de"},{"@type":"Organization","@id":"https:\/\/www.ralti.de\/#organization","name":"Ralti.de","url":"https:\/\/www.ralti.de\/","logo":{"@type":"ImageObject","inLanguage":"de","@id":"https:\/\/www.ralti.de\/#\/schema\/logo\/image\/","url":"https:\/\/www.ralti.de\/wp-content\/uploads\/2025\/11\/ralti.png","contentUrl":"https:\/\/www.ralti.de\/wp-content\/uploads\/2025\/11\/ralti.png","width":240,"height":75,"caption":"Ralti.de"},"image":{"@id":"https:\/\/www.ralti.de\/#\/schema\/logo\/image\/"}}]}},"_links":{"self":[{"href":"https:\/\/www.ralti.de\/index.php?rest_route=\/wp\/v2\/product\/9028","targetHints":{"allow":["GET"]}}],"collection":[{"href":"https:\/\/www.ralti.de\/index.php?rest_route=\/wp\/v2\/product"}],"about":[{"href":"https:\/\/www.ralti.de\/index.php?rest_route=\/wp\/v2\/types\/product"}],"replies":[{"embeddable":true,"href":"https:\/\/www.ralti.de\/index.php?rest_route=%2Fwp%2Fv2%2Fcomments&post=9028"}],"wp:featuredmedia":[{"embeddable":true,"href":"https:\/\/www.ralti.de\/index.php?rest_route=\/wp\/v2\/media\/9029"}],"wp:attachment":[{"href":"https:\/\/www.ralti.de\/index.php?rest_route=%2Fwp%2Fv2%2Fmedia&parent=9028"}],"wp:term":[{"taxonomy":"product_brand","embeddable":true,"href":"https:\/\/www.ralti.de\/index.php?rest_route=%2Fwp%2Fv2%2Fproduct_brand&post=9028"},{"taxonomy":"product_cat","embeddable":true,"href":"https:\/\/www.ralti.de\/index.php?rest_route=%2Fwp%2Fv2%2Fproduct_cat&post=9028"},{"taxonomy":"product_tag","embeddable":true,"href":"https:\/\/www.ralti.de\/index.php?rest_route=%2Fwp%2Fv2%2Fproduct_tag&post=9028"}],"curies":[{"name":"wp","href":"https:\/\/api.w.org\/{rel}","templated":true}]}}