{"id":9034,"date":"2025-11-25T11:01:47","date_gmt":"2025-11-25T11:01:47","guid":{"rendered":"https:\/\/www.ralti.de\/shop-2\/uncategorized\/real-turmat-fertiggerichte-expeditionsnahrung\/"},"modified":"2025-11-25T11:01:47","modified_gmt":"2025-11-25T11:01:47","slug":"real-turmat-fertiggerichte-expeditionsnahrung","status":"publish","type":"product","link":"https:\/\/www.ralti.de\/?product=real-turmat-fertiggerichte-expeditionsnahrung","title":{"rendered":"Real Turmat Fertiggerichte &#8211; Expeditionsnahrung"},"content":{"rendered":"<p><!-- show up to 2 reviews by default --> <\/p>\n<p> <span>Real Turmat von DRYTECH sind n\u00e4hrstoffreiche Mahlzeiten f\u00fcr aktive Menschen, die die Natur genie\u00dfen. Sie werden von K\u00f6chen aus Troms\u00f8 in Norwegen aus 100 % nat\u00fcrlichen Zutaten hergestellt und f\u00fcr dich kompakt vakuumverpackt. Die Mahlzeiten haben ein geringes Gewicht, sind lange haltbar und lassen sich leicht zubereiten &#8211; also die idealen Begleiter f\u00fcr Deine Trekkingtouren und Outdoorabenteuer. In der breiten Auswahl an Expeditionsnahrung findet sich bestimmt auf f\u00fcr Deinen Geschmack das Richtige. Auch vegetarische, laktose- und glutenfreie Mahlzeiten sind erh\u00e4ltlich.<br \/>Die Zubereitung der Real Turmat Mahlzeiten ist unkompliziert. Einfach die obere Kante des Beutels an der Rei\u00dfmarkierung abtrennen, warmes Wasser bis zur F\u00fcllmarkierung hinzuf\u00fcgen, umr\u00fchren, Beutel schlie\u00dfen und je nach Angabe ziehen lassen.<br \/>Die Firma DRYTECH wurde 1989 in Tromso, Norwegen, gegr\u00fcndet und fing an, sich auf qualitativ hochwertige Nahrung f\u00fcr Outdoor, Survival und Milit\u00e4r zu fokussieren. Von Anfang an setzt DRYTECH auf heimische Zutaten, gen-unmanipulierte Erzeugnisse und auf eine einzigartige Methode, die Gerichte zu konservieren. Alle Mahlzeiten werden durch die eigene drytech Technologie trocken gefroren und behalten hierdurch die Farbe, das Aroma, die Konsistenz und die N\u00e4hrwerte. Au\u00dferdem wird durch diese Methode deutlich Gewicht und Packma\u00df gespart.<\/p>\n<p>Folgende Real Turmat Fertiggerichte sind erh\u00e4ltlich<br \/>H\u00e4hnchen Curry (Kylling Karri, Chicken Curry), laktosefrei<br \/>Zutaten: Reis, Zwiebeln, Huhn (Huhn (87%), Salz, Stabilisator (E450, E451), Antioxidantien (Rosmaringeschmack)) (11,4%), Paprika (11,4%), Raps\u00f6l, Ananas, Weizenmehl, Maisst\u00e4rke, H\u00fchnerbouillon (Soja), Curry (Senf) (0,8%), Gew\u00fcrze, Antioxidantien (Ascorbins\u00e4ure) <br \/>Allergene: Gluten, Senf, Soja<br \/>Energie (kcal) pro Portion: 627<br \/>Gewicht: netto 132 g, brutto 149 g, zubereitet 500 g<br \/> Pasta Bolognese, laktosefrei<br \/>Zutaten: Pasta (Hartweizen) (36%), Hackbraten (Rindfleisch (45%), Kartoffelmehl, Zwiebeln<\/span> <\/p>\n<p>Warme Mahlzeiten direkt aus dem Beutel einfach mit Wasser zubereitet<br \/>\nGefriergetrocknet und gewichtsoptimiert vakuumverpackt (nur 132 g)<br \/>\n100 % nat\u00fcrliche Zutaten<br \/>\nMindestens 3 Jahre haltbar<br \/>\nEnergie (kcal): 537 pro Portion<br \/>\n<div class=\"main-cross-sell\" data-asin=\"B0C1JV73PJ\">\n\n\t<div class=\"WooZone-cross-sell-loader\">\n\t\t<div>\n\t\t\t<div id=\"floatingBarsG\">\n\t\t\t\t<div class=\"blockG\" id=\"rotateG_01\"><\/div>\n\t\t\t\t<div class=\"blockG\" id=\"rotateG_02\"><\/div>\n\t\t\t\t<div class=\"blockG\" id=\"rotateG_03\"><\/div>\n\t\t\t\t<div class=\"blockG\" id=\"rotateG_04\"><\/div>\n\t\t\t\t<div class=\"blockG\" id=\"rotateG_05\"><\/div>\n\t\t\t\t<div class=\"blockG\" id=\"rotateG_06\"><\/div>\n\t\t\t\t<div class=\"blockG\" id=\"rotateG_07\"><\/div>\n\t\t\t\t<div class=\"blockG\" id=\"rotateG_08\"><\/div>\n\t\t\t<\/div>\n\t\t\t<div class=\"WooZone-cross-sell-loader-text\"><\/div>\n\t\t<\/div>\n\t<\/div>\n\n\t\t\n<\/div>\n<div style=\"clear:both;\"><\/div>\n","protected":false},"excerpt":{"rendered":"<p>Warme Mahlzeiten direkt aus dem Beutel einfach mit Wasser zubereitet<br \/>\nGefriergetrocknet und gewichtsoptimiert vakuumverpackt (nur 132 g)<br \/>\n100 % nat\u00fcrliche Zutaten<\/p>\n","protected":false},"featured_media":9035,"comment_status":"open","ping_status":"closed","template":"","meta":{"_acf_changed":false},"product_brand":[],"product_cat":[239,238],"product_tag":[],"class_list":{"0":"post-9034","1":"product","2":"type-product","3":"status-publish","4":"has-post-thumbnail","6":"product_cat-gefriergetrocknete-mahlzeiten","7":"product_cat-lebensmittel","9":"first","10":"instock","11":"shipping-taxable","12":"product-type-external"},"acf":[],"yoast_head":"<!-- This site is optimized with the Yoast SEO plugin v27.5 - https:\/\/yoast.com\/product\/yoast-seo-wordpress\/ -->\n<title>Real Turmat Fertiggerichte - Expeditionsnahrung - Notfallvorsorge - Krisenvorsorge<\/title>\n<meta name=\"robots\" content=\"index, follow, max-snippet:-1, max-image-preview:large, max-video-preview:-1\" \/>\n<link rel=\"canonical\" href=\"https:\/\/www.ralti.de\/?product=real-turmat-fertiggerichte-expeditionsnahrung\" \/>\n<meta property=\"og:locale\" content=\"de_DE\" \/>\n<meta property=\"og:type\" content=\"article\" \/>\n<meta property=\"og:title\" content=\"Real Turmat Fertiggerichte - Expeditionsnahrung - Notfallvorsorge - Krisenvorsorge\" \/>\n<meta property=\"og:description\" content=\"Warme Mahlzeiten direkt aus dem Beutel einfach mit Wasser zubereitet Gefriergetrocknet und gewichtsoptimiert vakuumverpackt (nur 132 g) 100 % nat\u00fcrliche Zutaten\" \/>\n<meta property=\"og:url\" content=\"https:\/\/www.ralti.de\/?product=real-turmat-fertiggerichte-expeditionsnahrung\" \/>\n<meta property=\"og:site_name\" content=\"Notfallvorsorge - Krisenvorsorge\" \/>\n<meta property=\"og:image\" content=\"https:\/\/m.media-amazon.com\/images\/I\/41fQRzXjCPL.jpg\" \/>\n\t<meta property=\"og:image:width\" content=\"500\" \/>\n\t<meta property=\"og:image:height\" content=\"500\" \/>\n\t<meta property=\"og:image:type\" content=\"image\/jpeg\" \/>\n<meta name=\"twitter:card\" content=\"summary_large_image\" \/>\n<meta name=\"twitter:label1\" content=\"Gesch\u00e4tzte Lesezeit\" \/>\n\t<meta name=\"twitter:data1\" content=\"2\u00a0Minuten\" \/>\n<script type=\"application\/ld+json\" class=\"yoast-schema-graph\">{\"@context\":\"https:\\\/\\\/schema.org\",\"@graph\":[{\"@type\":\"WebPage\",\"@id\":\"https:\\\/\\\/www.ralti.de\\\/?product=real-turmat-fertiggerichte-expeditionsnahrung\",\"url\":\"https:\\\/\\\/www.ralti.de\\\/?product=real-turmat-fertiggerichte-expeditionsnahrung\",\"name\":\"Real Turmat Fertiggerichte - Expeditionsnahrung - Notfallvorsorge - Krisenvorsorge\",\"isPartOf\":{\"@id\":\"https:\\\/\\\/www.ralti.de\\\/#website\"},\"primaryImageOfPage\":{\"@id\":\"https:\\\/\\\/www.ralti.de\\\/?product=real-turmat-fertiggerichte-expeditionsnahrung#primaryimage\"},\"image\":{\"@id\":\"https:\\\/\\\/www.ralti.de\\\/?product=real-turmat-fertiggerichte-expeditionsnahrung#primaryimage\"},\"thumbnailUrl\":\"https:\\\/\\\/m.media-amazon.com\\\/images\\\/I\\\/41fQRzXjCPL.jpg\",\"datePublished\":\"2025-11-25T11:01:47+00:00\",\"breadcrumb\":{\"@id\":\"https:\\\/\\\/www.ralti.de\\\/?product=real-turmat-fertiggerichte-expeditionsnahrung#breadcrumb\"},\"inLanguage\":\"de\",\"potentialAction\":[{\"@type\":\"ReadAction\",\"target\":[\"https:\\\/\\\/www.ralti.de\\\/?product=real-turmat-fertiggerichte-expeditionsnahrung\"]}]},{\"@type\":\"ImageObject\",\"inLanguage\":\"de\",\"@id\":\"https:\\\/\\\/www.ralti.de\\\/?product=real-turmat-fertiggerichte-expeditionsnahrung#primaryimage\",\"url\":\"https:\\\/\\\/m.media-amazon.com\\\/images\\\/I\\\/41fQRzXjCPL.jpg\",\"contentUrl\":\"https:\\\/\\\/m.media-amazon.com\\\/images\\\/I\\\/41fQRzXjCPL.jpg\",\"width\":500,\"height\":500},{\"@type\":\"BreadcrumbList\",\"@id\":\"https:\\\/\\\/www.ralti.de\\\/?product=real-turmat-fertiggerichte-expeditionsnahrung#breadcrumb\",\"itemListElement\":[{\"@type\":\"ListItem\",\"position\":1,\"name\":\"Start\",\"item\":\"https:\\\/\\\/www.ralti.de\\\/\"},{\"@type\":\"ListItem\",\"position\":2,\"name\":\"Notfallartikel\",\"item\":\"https:\\\/\\\/www.ralti.de\\\/?page_id=14189\"},{\"@type\":\"ListItem\",\"position\":3,\"name\":\"Real Turmat Fertiggerichte &#8211; Expeditionsnahrung\"}]},{\"@type\":\"WebSite\",\"@id\":\"https:\\\/\\\/www.ralti.de\\\/#website\",\"url\":\"https:\\\/\\\/www.ralti.de\\\/\",\"name\":\"Ralti.de\",\"description\":\"Hier viele gute Angebote\",\"publisher\":{\"@id\":\"https:\\\/\\\/www.ralti.de\\\/#organization\"},\"potentialAction\":[{\"@type\":\"SearchAction\",\"target\":{\"@type\":\"EntryPoint\",\"urlTemplate\":\"https:\\\/\\\/www.ralti.de\\\/?s={search_term_string}\"},\"query-input\":{\"@type\":\"PropertyValueSpecification\",\"valueRequired\":true,\"valueName\":\"search_term_string\"}}],\"inLanguage\":\"de\"},{\"@type\":\"Organization\",\"@id\":\"https:\\\/\\\/www.ralti.de\\\/#organization\",\"name\":\"Ralti.de\",\"url\":\"https:\\\/\\\/www.ralti.de\\\/\",\"logo\":{\"@type\":\"ImageObject\",\"inLanguage\":\"de\",\"@id\":\"https:\\\/\\\/www.ralti.de\\\/#\\\/schema\\\/logo\\\/image\\\/\",\"url\":\"https:\\\/\\\/www.ralti.de\\\/wp-content\\\/uploads\\\/2025\\\/11\\\/ralti.png\",\"contentUrl\":\"https:\\\/\\\/www.ralti.de\\\/wp-content\\\/uploads\\\/2025\\\/11\\\/ralti.png\",\"width\":240,\"height\":75,\"caption\":\"Ralti.de\"},\"image\":{\"@id\":\"https:\\\/\\\/www.ralti.de\\\/#\\\/schema\\\/logo\\\/image\\\/\"}}]}<\/script>\n<!-- \/ Yoast SEO plugin. -->","yoast_head_json":{"title":"Real Turmat Fertiggerichte - Expeditionsnahrung - Notfallvorsorge - Krisenvorsorge","robots":{"index":"index","follow":"follow","max-snippet":"max-snippet:-1","max-image-preview":"max-image-preview:large","max-video-preview":"max-video-preview:-1"},"canonical":"https:\/\/www.ralti.de\/?product=real-turmat-fertiggerichte-expeditionsnahrung","og_locale":"de_DE","og_type":"article","og_title":"Real Turmat Fertiggerichte - Expeditionsnahrung - Notfallvorsorge - Krisenvorsorge","og_description":"Warme Mahlzeiten direkt aus dem Beutel einfach mit Wasser zubereitet Gefriergetrocknet und gewichtsoptimiert vakuumverpackt (nur 132 g) 100 % nat\u00fcrliche Zutaten","og_url":"https:\/\/www.ralti.de\/?product=real-turmat-fertiggerichte-expeditionsnahrung","og_site_name":"Notfallvorsorge - Krisenvorsorge","og_image":[{"width":500,"height":500,"url":"https:\/\/m.media-amazon.com\/images\/I\/41fQRzXjCPL.jpg","type":"image\/jpeg"}],"twitter_card":"summary_large_image","twitter_misc":{"Gesch\u00e4tzte Lesezeit":"2\u00a0Minuten"},"schema":{"@context":"https:\/\/schema.org","@graph":[{"@type":"WebPage","@id":"https:\/\/www.ralti.de\/?product=real-turmat-fertiggerichte-expeditionsnahrung","url":"https:\/\/www.ralti.de\/?product=real-turmat-fertiggerichte-expeditionsnahrung","name":"Real Turmat Fertiggerichte - Expeditionsnahrung - Notfallvorsorge - Krisenvorsorge","isPartOf":{"@id":"https:\/\/www.ralti.de\/#website"},"primaryImageOfPage":{"@id":"https:\/\/www.ralti.de\/?product=real-turmat-fertiggerichte-expeditionsnahrung#primaryimage"},"image":{"@id":"https:\/\/www.ralti.de\/?product=real-turmat-fertiggerichte-expeditionsnahrung#primaryimage"},"thumbnailUrl":"https:\/\/m.media-amazon.com\/images\/I\/41fQRzXjCPL.jpg","datePublished":"2025-11-25T11:01:47+00:00","breadcrumb":{"@id":"https:\/\/www.ralti.de\/?product=real-turmat-fertiggerichte-expeditionsnahrung#breadcrumb"},"inLanguage":"de","potentialAction":[{"@type":"ReadAction","target":["https:\/\/www.ralti.de\/?product=real-turmat-fertiggerichte-expeditionsnahrung"]}]},{"@type":"ImageObject","inLanguage":"de","@id":"https:\/\/www.ralti.de\/?product=real-turmat-fertiggerichte-expeditionsnahrung#primaryimage","url":"https:\/\/m.media-amazon.com\/images\/I\/41fQRzXjCPL.jpg","contentUrl":"https:\/\/m.media-amazon.com\/images\/I\/41fQRzXjCPL.jpg","width":500,"height":500},{"@type":"BreadcrumbList","@id":"https:\/\/www.ralti.de\/?product=real-turmat-fertiggerichte-expeditionsnahrung#breadcrumb","itemListElement":[{"@type":"ListItem","position":1,"name":"Start","item":"https:\/\/www.ralti.de\/"},{"@type":"ListItem","position":2,"name":"Notfallartikel","item":"https:\/\/www.ralti.de\/?page_id=14189"},{"@type":"ListItem","position":3,"name":"Real Turmat Fertiggerichte &#8211; Expeditionsnahrung"}]},{"@type":"WebSite","@id":"https:\/\/www.ralti.de\/#website","url":"https:\/\/www.ralti.de\/","name":"Ralti.de","description":"Hier viele gute Angebote","publisher":{"@id":"https:\/\/www.ralti.de\/#organization"},"potentialAction":[{"@type":"SearchAction","target":{"@type":"EntryPoint","urlTemplate":"https:\/\/www.ralti.de\/?s={search_term_string}"},"query-input":{"@type":"PropertyValueSpecification","valueRequired":true,"valueName":"search_term_string"}}],"inLanguage":"de"},{"@type":"Organization","@id":"https:\/\/www.ralti.de\/#organization","name":"Ralti.de","url":"https:\/\/www.ralti.de\/","logo":{"@type":"ImageObject","inLanguage":"de","@id":"https:\/\/www.ralti.de\/#\/schema\/logo\/image\/","url":"https:\/\/www.ralti.de\/wp-content\/uploads\/2025\/11\/ralti.png","contentUrl":"https:\/\/www.ralti.de\/wp-content\/uploads\/2025\/11\/ralti.png","width":240,"height":75,"caption":"Ralti.de"},"image":{"@id":"https:\/\/www.ralti.de\/#\/schema\/logo\/image\/"}}]}},"_links":{"self":[{"href":"https:\/\/www.ralti.de\/index.php?rest_route=\/wp\/v2\/product\/9034","targetHints":{"allow":["GET"]}}],"collection":[{"href":"https:\/\/www.ralti.de\/index.php?rest_route=\/wp\/v2\/product"}],"about":[{"href":"https:\/\/www.ralti.de\/index.php?rest_route=\/wp\/v2\/types\/product"}],"replies":[{"embeddable":true,"href":"https:\/\/www.ralti.de\/index.php?rest_route=%2Fwp%2Fv2%2Fcomments&post=9034"}],"wp:featuredmedia":[{"embeddable":true,"href":"https:\/\/www.ralti.de\/index.php?rest_route=\/wp\/v2\/media\/9035"}],"wp:attachment":[{"href":"https:\/\/www.ralti.de\/index.php?rest_route=%2Fwp%2Fv2%2Fmedia&parent=9034"}],"wp:term":[{"taxonomy":"product_brand","embeddable":true,"href":"https:\/\/www.ralti.de\/index.php?rest_route=%2Fwp%2Fv2%2Fproduct_brand&post=9034"},{"taxonomy":"product_cat","embeddable":true,"href":"https:\/\/www.ralti.de\/index.php?rest_route=%2Fwp%2Fv2%2Fproduct_cat&post=9034"},{"taxonomy":"product_tag","embeddable":true,"href":"https:\/\/www.ralti.de\/index.php?rest_route=%2Fwp%2Fv2%2Fproduct_tag&post=9034"}],"curies":[{"name":"wp","href":"https:\/\/api.w.org\/{rel}","templated":true}]}}