{"id":9128,"date":"2025-11-25T11:05:06","date_gmt":"2025-11-25T11:05:06","guid":{"rendered":"https:\/\/www.ralti.de\/shop-2\/uncategorized\/gaskocher-1-flammig-mit-piezozundung-campingkocher-fur-gaskartuschen-msf-1a-227-g-camping-herd-mit-tragekoffer-ideal-fur-outdoor-1-flammiger-gaskocher-ohne-zusatze\/"},"modified":"2025-11-27T09:18:50","modified_gmt":"2025-11-27T09:18:50","slug":"gaskocher-1-flammig-mit-piezozundung-campingkocher-fur-gaskartuschen-msf-1a-227-g-camping-herd-mit-tragekoffer-ideal-fur-outdoor-1-flammiger-gaskocher-ohne-zusatze","status":"publish","type":"product","link":"https:\/\/www.ralti.de\/?product=gaskocher-1-flammig-mit-piezozundung-campingkocher-fur-gaskartuschen-msf-1a-227-g-camping-herd-mit-tragekoffer-ideal-fur-outdoor-1-flammiger-gaskocher-ohne-zusatze","title":{"rendered":"Gaskocher 1-flammig mit Piezoz\u00fcndung, Campingkocher f\u00fcr Gaskartuschen MSF-1a 227 g, Camping Herd mit Tragekoffer &#8211; Ideal f\u00fcr Outdoor (1-flammiger Gaskocher ohne Zus\u00e4tze)"},"content":{"rendered":"<p>SICHERHEIT: Der EVOCAMP Camping Gaskocher ist aus hochwertigen Materialien hergestellt und nach den neuesten Sicherheitsstandards mit einem Hitzeschutz ausgestattet und gepr\u00fcft. Das obere Element des Camping Gaskochers (Topfstellfl\u00e4che) kann nicht abgenommen werden, was die Verwendung des Ger\u00e4ts noch sicherer macht. Au\u00dferdem ist der Kocher mit einem Stopper f\u00fcr zu gro\u00dfe T\u00f6pfe ausgestattet, um die Brandgefahr zu minimieren.<br \/>\nALLROUNDER: Der Camping Gasgrill wird mit MSF-1a 227g Kartuschen betrieben und zeichnet sich durch eine Betriebsdauer von 1,5 bis 3 Stunden (je nach Gasregulierung) aus. Dank der Piezoz\u00fcndung ist kein Feuerzeug oder Strom erforderlich, was besonders praktisch beim Camping ist. Mit dem richtigen Zubeh\u00f6r kann der Campingkocher zum Kochen, Braten, Grillen und vielem mehr verwendet werden. Der Integrierte Druckregler sorgt daf\u00fcr, dass der Camping Gaskocher stabil und sicher funktioniert.<br \/>\nFLEXIBILIT\u00c4T: Der EVOCAMP Camping-Gaskocher ist der idealer Begleiter f\u00fcr alle m\u00f6glichen Outdoor-Aktivit\u00e4ten. Mit seinem einfach zu regulierenden Brenner k\u00f6nnen Sie die Hitze genau einstellen und so Ihre Mahlzeiten perfekt zubereiten. Zudem verf\u00fcgt unser Gaskocher \u00fcber einen integrierten Flammenschutz. Der Flammenschutz verhindert, dass die Flamme bei Wind oder St\u00f6\u00dfen erlischt. Unter anderem kann der Gaskocher auch in Innenr\u00e4umen verwendet werden (nur in gut bel\u00fcfteten R\u00e4umen!).<br \/>\nNUTZERKOMFORT: Der EVOCAMP Camping Gas Herd ist ganz einfach zu bedienen. Schnell und mit wenig Aufwand. Mit einem Gewicht von nur 1,5 kg kann der Camping Gaskocher problemlos \u00fcberall hin mitgenommen werden. Der mitgelieferte Transportkoffer macht es noch einfacher und bequemer, das Kochset an den gew\u00fcnschten Ort zu bringen und sch\u00fctzt es vor Schmutz, Staub und Feuchtigkeit. Die beiliegende Bedienungsanleitung in deutscher Sprache hilft Ihnen, den Gaskocher richtig zu bedienen und zu warten.<br \/>\nVIELSEITIGE VERWENDUNG: Der Camping Gaskocher eignet sich f\u00fcr eine Vielzahl von Einsatzm\u00f6glichkeiten, vom einfachen Campingkocher bis hin zum Kochen auf dem Balkon oder der Terrasse. F\u00fcr jeden der gerne reist, kann er auch als ein gutes und n\u00fctzliches Geschenk dienen. Bei Fragen steht Ihnen unser Support-Team gerne zur Verf\u00fcgung.<br \/>\n<div class=\"main-cross-sell\" data-asin=\"B0C5Y3GWD8\">\n\n\t<div class=\"WooZone-cross-sell-loader\">\n\t\t<div>\n\t\t\t<div id=\"floatingBarsG\">\n\t\t\t\t<div class=\"blockG\" id=\"rotateG_01\"><\/div>\n\t\t\t\t<div class=\"blockG\" id=\"rotateG_02\"><\/div>\n\t\t\t\t<div class=\"blockG\" id=\"rotateG_03\"><\/div>\n\t\t\t\t<div class=\"blockG\" id=\"rotateG_04\"><\/div>\n\t\t\t\t<div class=\"blockG\" id=\"rotateG_05\"><\/div>\n\t\t\t\t<div class=\"blockG\" id=\"rotateG_06\"><\/div>\n\t\t\t\t<div class=\"blockG\" id=\"rotateG_07\"><\/div>\n\t\t\t\t<div class=\"blockG\" id=\"rotateG_08\"><\/div>\n\t\t\t<\/div>\n\t\t\t<div class=\"WooZone-cross-sell-loader-text\"><\/div>\n\t\t<\/div>\n\t<\/div>\n\n\t\t\n<\/div>\n<div style=\"clear:both;\"><\/div>\n","protected":false},"excerpt":{"rendered":"<p>SICHERHEIT: Der EVOCAMP Camping Gaskocher ist aus hochwertigen Materialien hergestellt und nach den neuesten Sicherheitsstandards mit einem Hitzeschutz ausgestattet und gepr\u00fcft. Das obere Element des Camping Gaskochers (Topfstellfl\u00e4che) kann nicht abgenommen werden, was die Verwendung des Ger\u00e4ts noch sicherer macht. Au\u00dferdem ist der Kocher mit einem Stopper f\u00fcr zu gro\u00dfe T\u00f6pfe ausgestattet, um die Brandgefahr zu minimieren.<br \/>\nALLROUNDER: Der Camping Gasgrill wird mit MSF-1a 227g Kartuschen betrieben und zeichnet sich durch eine Betriebsdauer von 1,5 bis 3 Stunden (je nach Gasregulierung) aus. Dank der Piezoz\u00fcndung ist kein Feuerzeug oder Strom erforderlich, was besonders praktisch beim Camping ist. Mit dem richtigen Zubeh\u00f6r kann der Campingkocher zum Kochen, Braten, Grillen und vielem mehr verwendet werden. Der Integrierte Druckregler sorgt daf\u00fcr, dass der Camping Gaskocher stabil und sicher funktioniert.<br \/>\nFLEXIBILIT\u00c4T: Der EVOCAMP Camping-Gaskocher ist der idealer Begleiter f\u00fcr alle m\u00f6glichen Outdoor-Aktivit\u00e4ten. Mit seinem einfach zu regulierenden Brenner k\u00f6nnen Sie die Hitze genau einstellen und so Ihre Mahlzeiten perfekt zubereiten. Zudem verf\u00fcgt unser Gaskocher \u00fcber einen integrierten Flammenschutz. Der Flammenschutz verhindert, dass die Flamme bei Wind oder St\u00f6\u00dfen erlischt. Unter anderem kann der Gaskocher auch in Innenr\u00e4umen verwendet werden (nur in gut bel\u00fcfteten R\u00e4umen!).<\/p>\n","protected":false},"featured_media":9129,"comment_status":"open","ping_status":"closed","template":"","meta":{"_acf_changed":false},"product_brand":[],"product_cat":[238,244,298],"product_tag":[],"class_list":{"0":"post-9128","1":"product","2":"type-product","3":"status-publish","4":"has-post-thumbnail","6":"product_cat-lebensmittel","7":"product_cat-tragbare-kocher","8":"product_cat-trendprodukte","10":"first","11":"instock","12":"shipping-taxable","13":"product-type-external"},"acf":[],"yoast_head":"<!-- This site is optimized with the Yoast SEO plugin v27.3 - https:\/\/yoast.com\/product\/yoast-seo-wordpress\/ -->\n<title>Gaskocher 1-flammig mit Piezoz\u00fcndung, Campingkocher f\u00fcr Gaskartuschen MSF-1a 227 g, Camping Herd mit Tragekoffer - Ideal f\u00fcr Outdoor (1-flammiger Gaskocher ohne Zus\u00e4tze) - Notfallvorsorge - Krisenvorsorge<\/title>\n<meta name=\"robots\" content=\"index, follow, max-snippet:-1, max-image-preview:large, max-video-preview:-1\" \/>\n<link rel=\"canonical\" href=\"https:\/\/www.ralti.de\/?product=gaskocher-1-flammig-mit-piezozundung-campingkocher-fur-gaskartuschen-msf-1a-227-g-camping-herd-mit-tragekoffer-ideal-fur-outdoor-1-flammiger-gaskocher-ohne-zusatze\" \/>\n<meta property=\"og:locale\" content=\"de_DE\" \/>\n<meta property=\"og:type\" content=\"article\" \/>\n<meta property=\"og:title\" content=\"Gaskocher 1-flammig mit Piezoz\u00fcndung, Campingkocher f\u00fcr Gaskartuschen MSF-1a 227 g, Camping Herd mit Tragekoffer - Ideal f\u00fcr Outdoor (1-flammiger Gaskocher ohne Zus\u00e4tze) - Notfallvorsorge - Krisenvorsorge\" \/>\n<meta property=\"og:description\" content=\"SICHERHEIT: Der EVOCAMP Camping Gaskocher ist aus hochwertigen Materialien hergestellt und nach den neuesten Sicherheitsstandards mit einem Hitzeschutz ausgestattet und gepr\u00fcft. Das obere Element des Camping Gaskochers (Topfstellfl\u00e4che) kann nicht abgenommen werden, was die Verwendung des Ger\u00e4ts noch sicherer macht. Au\u00dferdem ist der Kocher mit einem Stopper f\u00fcr zu gro\u00dfe T\u00f6pfe ausgestattet, um die Brandgefahr zu minimieren. ALLROUNDER: Der Camping Gasgrill wird mit MSF-1a 227g Kartuschen betrieben und zeichnet sich durch eine Betriebsdauer von 1,5 bis 3 Stunden (je nach Gasregulierung) aus. Dank der Piezoz\u00fcndung ist kein Feuerzeug oder Strom erforderlich, was besonders praktisch beim Camping ist. Mit dem richtigen Zubeh\u00f6r kann der Campingkocher zum Kochen, Braten, Grillen und vielem mehr verwendet werden. Der Integrierte Druckregler sorgt daf\u00fcr, dass der Camping Gaskocher stabil und sicher funktioniert. FLEXIBILIT\u00c4T: Der EVOCAMP Camping-Gaskocher ist der idealer Begleiter f\u00fcr alle m\u00f6glichen Outdoor-Aktivit\u00e4ten. Mit seinem einfach zu regulierenden Brenner k\u00f6nnen Sie die Hitze genau einstellen und so Ihre Mahlzeiten perfekt zubereiten. Zudem verf\u00fcgt unser Gaskocher \u00fcber einen integrierten Flammenschutz. Der Flammenschutz verhindert, dass die Flamme bei Wind oder St\u00f6\u00dfen erlischt. Unter anderem kann der Gaskocher auch in Innenr\u00e4umen verwendet werden (nur in gut bel\u00fcfteten R\u00e4umen!).\" \/>\n<meta property=\"og:url\" content=\"https:\/\/www.ralti.de\/?product=gaskocher-1-flammig-mit-piezozundung-campingkocher-fur-gaskartuschen-msf-1a-227-g-camping-herd-mit-tragekoffer-ideal-fur-outdoor-1-flammiger-gaskocher-ohne-zusatze\" \/>\n<meta property=\"og:site_name\" content=\"Notfallvorsorge - Krisenvorsorge\" \/>\n<meta property=\"article:modified_time\" content=\"2025-11-27T09:18:50+00:00\" \/>\n<meta property=\"og:image\" content=\"https:\/\/m.media-amazon.com\/images\/I\/41j5P21qvIL.jpg\" \/>\n\t<meta property=\"og:image:width\" content=\"500\" \/>\n\t<meta property=\"og:image:height\" content=\"500\" \/>\n\t<meta property=\"og:image:type\" content=\"image\/jpeg\" \/>\n<meta name=\"twitter:card\" content=\"summary_large_image\" \/>\n<meta name=\"twitter:label1\" content=\"Gesch\u00e4tzte Lesezeit\" \/>\n\t<meta name=\"twitter:data1\" content=\"2\u00a0Minuten\" \/>\n<script type=\"application\/ld+json\" class=\"yoast-schema-graph\">{\"@context\":\"https:\\\/\\\/schema.org\",\"@graph\":[{\"@type\":\"WebPage\",\"@id\":\"https:\\\/\\\/www.ralti.de\\\/?product=gaskocher-1-flammig-mit-piezozundung-campingkocher-fur-gaskartuschen-msf-1a-227-g-camping-herd-mit-tragekoffer-ideal-fur-outdoor-1-flammiger-gaskocher-ohne-zusatze\",\"url\":\"https:\\\/\\\/www.ralti.de\\\/?product=gaskocher-1-flammig-mit-piezozundung-campingkocher-fur-gaskartuschen-msf-1a-227-g-camping-herd-mit-tragekoffer-ideal-fur-outdoor-1-flammiger-gaskocher-ohne-zusatze\",\"name\":\"Gaskocher 1-flammig mit Piezoz\u00fcndung, Campingkocher f\u00fcr Gaskartuschen MSF-1a 227 g, Camping Herd mit Tragekoffer - Ideal f\u00fcr Outdoor (1-flammiger Gaskocher ohne Zus\u00e4tze) - Notfallvorsorge - Krisenvorsorge\",\"isPartOf\":{\"@id\":\"https:\\\/\\\/www.ralti.de\\\/#website\"},\"primaryImageOfPage\":{\"@id\":\"https:\\\/\\\/www.ralti.de\\\/?product=gaskocher-1-flammig-mit-piezozundung-campingkocher-fur-gaskartuschen-msf-1a-227-g-camping-herd-mit-tragekoffer-ideal-fur-outdoor-1-flammiger-gaskocher-ohne-zusatze#primaryimage\"},\"image\":{\"@id\":\"https:\\\/\\\/www.ralti.de\\\/?product=gaskocher-1-flammig-mit-piezozundung-campingkocher-fur-gaskartuschen-msf-1a-227-g-camping-herd-mit-tragekoffer-ideal-fur-outdoor-1-flammiger-gaskocher-ohne-zusatze#primaryimage\"},\"thumbnailUrl\":\"https:\\\/\\\/m.media-amazon.com\\\/images\\\/I\\\/41j5P21qvIL.jpg\",\"datePublished\":\"2025-11-25T11:05:06+00:00\",\"dateModified\":\"2025-11-27T09:18:50+00:00\",\"breadcrumb\":{\"@id\":\"https:\\\/\\\/www.ralti.de\\\/?product=gaskocher-1-flammig-mit-piezozundung-campingkocher-fur-gaskartuschen-msf-1a-227-g-camping-herd-mit-tragekoffer-ideal-fur-outdoor-1-flammiger-gaskocher-ohne-zusatze#breadcrumb\"},\"inLanguage\":\"de\",\"potentialAction\":[{\"@type\":\"ReadAction\",\"target\":[\"https:\\\/\\\/www.ralti.de\\\/?product=gaskocher-1-flammig-mit-piezozundung-campingkocher-fur-gaskartuschen-msf-1a-227-g-camping-herd-mit-tragekoffer-ideal-fur-outdoor-1-flammiger-gaskocher-ohne-zusatze\"]}]},{\"@type\":\"ImageObject\",\"inLanguage\":\"de\",\"@id\":\"https:\\\/\\\/www.ralti.de\\\/?product=gaskocher-1-flammig-mit-piezozundung-campingkocher-fur-gaskartuschen-msf-1a-227-g-camping-herd-mit-tragekoffer-ideal-fur-outdoor-1-flammiger-gaskocher-ohne-zusatze#primaryimage\",\"url\":\"https:\\\/\\\/m.media-amazon.com\\\/images\\\/I\\\/41j5P21qvIL.jpg\",\"contentUrl\":\"https:\\\/\\\/m.media-amazon.com\\\/images\\\/I\\\/41j5P21qvIL.jpg\",\"width\":500,\"height\":500},{\"@type\":\"BreadcrumbList\",\"@id\":\"https:\\\/\\\/www.ralti.de\\\/?product=gaskocher-1-flammig-mit-piezozundung-campingkocher-fur-gaskartuschen-msf-1a-227-g-camping-herd-mit-tragekoffer-ideal-fur-outdoor-1-flammiger-gaskocher-ohne-zusatze#breadcrumb\",\"itemListElement\":[{\"@type\":\"ListItem\",\"position\":1,\"name\":\"Start\",\"item\":\"https:\\\/\\\/www.ralti.de\\\/\"},{\"@type\":\"ListItem\",\"position\":2,\"name\":\"Notfallartikel\",\"item\":\"https:\\\/\\\/www.ralti.de\\\/?page_id=14189\"},{\"@type\":\"ListItem\",\"position\":3,\"name\":\"Gaskocher 1-flammig mit Piezoz\u00fcndung, Campingkocher f\u00fcr Gaskartuschen MSF-1a 227 g, Camping Herd mit Tragekoffer &#8211; Ideal f\u00fcr Outdoor (1-flammiger Gaskocher ohne Zus\u00e4tze)\"}]},{\"@type\":\"WebSite\",\"@id\":\"https:\\\/\\\/www.ralti.de\\\/#website\",\"url\":\"https:\\\/\\\/www.ralti.de\\\/\",\"name\":\"Ralti.de\",\"description\":\"Hier viele gute Angebote\",\"publisher\":{\"@id\":\"https:\\\/\\\/www.ralti.de\\\/#organization\"},\"potentialAction\":[{\"@type\":\"SearchAction\",\"target\":{\"@type\":\"EntryPoint\",\"urlTemplate\":\"https:\\\/\\\/www.ralti.de\\\/?s={search_term_string}\"},\"query-input\":{\"@type\":\"PropertyValueSpecification\",\"valueRequired\":true,\"valueName\":\"search_term_string\"}}],\"inLanguage\":\"de\"},{\"@type\":\"Organization\",\"@id\":\"https:\\\/\\\/www.ralti.de\\\/#organization\",\"name\":\"Ralti.de\",\"url\":\"https:\\\/\\\/www.ralti.de\\\/\",\"logo\":{\"@type\":\"ImageObject\",\"inLanguage\":\"de\",\"@id\":\"https:\\\/\\\/www.ralti.de\\\/#\\\/schema\\\/logo\\\/image\\\/\",\"url\":\"https:\\\/\\\/www.ralti.de\\\/wp-content\\\/uploads\\\/2025\\\/11\\\/ralti.png\",\"contentUrl\":\"https:\\\/\\\/www.ralti.de\\\/wp-content\\\/uploads\\\/2025\\\/11\\\/ralti.png\",\"width\":240,\"height\":75,\"caption\":\"Ralti.de\"},\"image\":{\"@id\":\"https:\\\/\\\/www.ralti.de\\\/#\\\/schema\\\/logo\\\/image\\\/\"}}]}<\/script>\n<!-- \/ Yoast SEO plugin. -->","yoast_head_json":{"title":"Gaskocher 1-flammig mit Piezoz\u00fcndung, Campingkocher f\u00fcr Gaskartuschen MSF-1a 227 g, Camping Herd mit Tragekoffer - Ideal f\u00fcr Outdoor (1-flammiger Gaskocher ohne Zus\u00e4tze) - Notfallvorsorge - Krisenvorsorge","robots":{"index":"index","follow":"follow","max-snippet":"max-snippet:-1","max-image-preview":"max-image-preview:large","max-video-preview":"max-video-preview:-1"},"canonical":"https:\/\/www.ralti.de\/?product=gaskocher-1-flammig-mit-piezozundung-campingkocher-fur-gaskartuschen-msf-1a-227-g-camping-herd-mit-tragekoffer-ideal-fur-outdoor-1-flammiger-gaskocher-ohne-zusatze","og_locale":"de_DE","og_type":"article","og_title":"Gaskocher 1-flammig mit Piezoz\u00fcndung, Campingkocher f\u00fcr Gaskartuschen MSF-1a 227 g, Camping Herd mit Tragekoffer - Ideal f\u00fcr Outdoor (1-flammiger Gaskocher ohne Zus\u00e4tze) - Notfallvorsorge - Krisenvorsorge","og_description":"SICHERHEIT: Der EVOCAMP Camping Gaskocher ist aus hochwertigen Materialien hergestellt und nach den neuesten Sicherheitsstandards mit einem Hitzeschutz ausgestattet und gepr\u00fcft. Das obere Element des Camping Gaskochers (Topfstellfl\u00e4che) kann nicht abgenommen werden, was die Verwendung des Ger\u00e4ts noch sicherer macht. Au\u00dferdem ist der Kocher mit einem Stopper f\u00fcr zu gro\u00dfe T\u00f6pfe ausgestattet, um die Brandgefahr zu minimieren. ALLROUNDER: Der Camping Gasgrill wird mit MSF-1a 227g Kartuschen betrieben und zeichnet sich durch eine Betriebsdauer von 1,5 bis 3 Stunden (je nach Gasregulierung) aus. Dank der Piezoz\u00fcndung ist kein Feuerzeug oder Strom erforderlich, was besonders praktisch beim Camping ist. Mit dem richtigen Zubeh\u00f6r kann der Campingkocher zum Kochen, Braten, Grillen und vielem mehr verwendet werden. Der Integrierte Druckregler sorgt daf\u00fcr, dass der Camping Gaskocher stabil und sicher funktioniert. FLEXIBILIT\u00c4T: Der EVOCAMP Camping-Gaskocher ist der idealer Begleiter f\u00fcr alle m\u00f6glichen Outdoor-Aktivit\u00e4ten. Mit seinem einfach zu regulierenden Brenner k\u00f6nnen Sie die Hitze genau einstellen und so Ihre Mahlzeiten perfekt zubereiten. Zudem verf\u00fcgt unser Gaskocher \u00fcber einen integrierten Flammenschutz. Der Flammenschutz verhindert, dass die Flamme bei Wind oder St\u00f6\u00dfen erlischt. Unter anderem kann der Gaskocher auch in Innenr\u00e4umen verwendet werden (nur in gut bel\u00fcfteten R\u00e4umen!).","og_url":"https:\/\/www.ralti.de\/?product=gaskocher-1-flammig-mit-piezozundung-campingkocher-fur-gaskartuschen-msf-1a-227-g-camping-herd-mit-tragekoffer-ideal-fur-outdoor-1-flammiger-gaskocher-ohne-zusatze","og_site_name":"Notfallvorsorge - Krisenvorsorge","article_modified_time":"2025-11-27T09:18:50+00:00","og_image":[{"width":500,"height":500,"url":"https:\/\/m.media-amazon.com\/images\/I\/41j5P21qvIL.jpg","type":"image\/jpeg"}],"twitter_card":"summary_large_image","twitter_misc":{"Gesch\u00e4tzte Lesezeit":"2\u00a0Minuten"},"schema":{"@context":"https:\/\/schema.org","@graph":[{"@type":"WebPage","@id":"https:\/\/www.ralti.de\/?product=gaskocher-1-flammig-mit-piezozundung-campingkocher-fur-gaskartuschen-msf-1a-227-g-camping-herd-mit-tragekoffer-ideal-fur-outdoor-1-flammiger-gaskocher-ohne-zusatze","url":"https:\/\/www.ralti.de\/?product=gaskocher-1-flammig-mit-piezozundung-campingkocher-fur-gaskartuschen-msf-1a-227-g-camping-herd-mit-tragekoffer-ideal-fur-outdoor-1-flammiger-gaskocher-ohne-zusatze","name":"Gaskocher 1-flammig mit Piezoz\u00fcndung, Campingkocher f\u00fcr Gaskartuschen MSF-1a 227 g, Camping Herd mit Tragekoffer - Ideal f\u00fcr Outdoor (1-flammiger Gaskocher ohne Zus\u00e4tze) - Notfallvorsorge - Krisenvorsorge","isPartOf":{"@id":"https:\/\/www.ralti.de\/#website"},"primaryImageOfPage":{"@id":"https:\/\/www.ralti.de\/?product=gaskocher-1-flammig-mit-piezozundung-campingkocher-fur-gaskartuschen-msf-1a-227-g-camping-herd-mit-tragekoffer-ideal-fur-outdoor-1-flammiger-gaskocher-ohne-zusatze#primaryimage"},"image":{"@id":"https:\/\/www.ralti.de\/?product=gaskocher-1-flammig-mit-piezozundung-campingkocher-fur-gaskartuschen-msf-1a-227-g-camping-herd-mit-tragekoffer-ideal-fur-outdoor-1-flammiger-gaskocher-ohne-zusatze#primaryimage"},"thumbnailUrl":"https:\/\/m.media-amazon.com\/images\/I\/41j5P21qvIL.jpg","datePublished":"2025-11-25T11:05:06+00:00","dateModified":"2025-11-27T09:18:50+00:00","breadcrumb":{"@id":"https:\/\/www.ralti.de\/?product=gaskocher-1-flammig-mit-piezozundung-campingkocher-fur-gaskartuschen-msf-1a-227-g-camping-herd-mit-tragekoffer-ideal-fur-outdoor-1-flammiger-gaskocher-ohne-zusatze#breadcrumb"},"inLanguage":"de","potentialAction":[{"@type":"ReadAction","target":["https:\/\/www.ralti.de\/?product=gaskocher-1-flammig-mit-piezozundung-campingkocher-fur-gaskartuschen-msf-1a-227-g-camping-herd-mit-tragekoffer-ideal-fur-outdoor-1-flammiger-gaskocher-ohne-zusatze"]}]},{"@type":"ImageObject","inLanguage":"de","@id":"https:\/\/www.ralti.de\/?product=gaskocher-1-flammig-mit-piezozundung-campingkocher-fur-gaskartuschen-msf-1a-227-g-camping-herd-mit-tragekoffer-ideal-fur-outdoor-1-flammiger-gaskocher-ohne-zusatze#primaryimage","url":"https:\/\/m.media-amazon.com\/images\/I\/41j5P21qvIL.jpg","contentUrl":"https:\/\/m.media-amazon.com\/images\/I\/41j5P21qvIL.jpg","width":500,"height":500},{"@type":"BreadcrumbList","@id":"https:\/\/www.ralti.de\/?product=gaskocher-1-flammig-mit-piezozundung-campingkocher-fur-gaskartuschen-msf-1a-227-g-camping-herd-mit-tragekoffer-ideal-fur-outdoor-1-flammiger-gaskocher-ohne-zusatze#breadcrumb","itemListElement":[{"@type":"ListItem","position":1,"name":"Start","item":"https:\/\/www.ralti.de\/"},{"@type":"ListItem","position":2,"name":"Notfallartikel","item":"https:\/\/www.ralti.de\/?page_id=14189"},{"@type":"ListItem","position":3,"name":"Gaskocher 1-flammig mit Piezoz\u00fcndung, Campingkocher f\u00fcr Gaskartuschen MSF-1a 227 g, Camping Herd mit Tragekoffer &#8211; Ideal f\u00fcr Outdoor (1-flammiger Gaskocher ohne Zus\u00e4tze)"}]},{"@type":"WebSite","@id":"https:\/\/www.ralti.de\/#website","url":"https:\/\/www.ralti.de\/","name":"Ralti.de","description":"Hier viele gute Angebote","publisher":{"@id":"https:\/\/www.ralti.de\/#organization"},"potentialAction":[{"@type":"SearchAction","target":{"@type":"EntryPoint","urlTemplate":"https:\/\/www.ralti.de\/?s={search_term_string}"},"query-input":{"@type":"PropertyValueSpecification","valueRequired":true,"valueName":"search_term_string"}}],"inLanguage":"de"},{"@type":"Organization","@id":"https:\/\/www.ralti.de\/#organization","name":"Ralti.de","url":"https:\/\/www.ralti.de\/","logo":{"@type":"ImageObject","inLanguage":"de","@id":"https:\/\/www.ralti.de\/#\/schema\/logo\/image\/","url":"https:\/\/www.ralti.de\/wp-content\/uploads\/2025\/11\/ralti.png","contentUrl":"https:\/\/www.ralti.de\/wp-content\/uploads\/2025\/11\/ralti.png","width":240,"height":75,"caption":"Ralti.de"},"image":{"@id":"https:\/\/www.ralti.de\/#\/schema\/logo\/image\/"}}]}},"_links":{"self":[{"href":"https:\/\/www.ralti.de\/index.php?rest_route=\/wp\/v2\/product\/9128","targetHints":{"allow":["GET"]}}],"collection":[{"href":"https:\/\/www.ralti.de\/index.php?rest_route=\/wp\/v2\/product"}],"about":[{"href":"https:\/\/www.ralti.de\/index.php?rest_route=\/wp\/v2\/types\/product"}],"replies":[{"embeddable":true,"href":"https:\/\/www.ralti.de\/index.php?rest_route=%2Fwp%2Fv2%2Fcomments&post=9128"}],"wp:featuredmedia":[{"embeddable":true,"href":"https:\/\/www.ralti.de\/index.php?rest_route=\/wp\/v2\/media\/9129"}],"wp:attachment":[{"href":"https:\/\/www.ralti.de\/index.php?rest_route=%2Fwp%2Fv2%2Fmedia&parent=9128"}],"wp:term":[{"taxonomy":"product_brand","embeddable":true,"href":"https:\/\/www.ralti.de\/index.php?rest_route=%2Fwp%2Fv2%2Fproduct_brand&post=9128"},{"taxonomy":"product_cat","embeddable":true,"href":"https:\/\/www.ralti.de\/index.php?rest_route=%2Fwp%2Fv2%2Fproduct_cat&post=9128"},{"taxonomy":"product_tag","embeddable":true,"href":"https:\/\/www.ralti.de\/index.php?rest_route=%2Fwp%2Fv2%2Fproduct_tag&post=9128"}],"curies":[{"name":"wp","href":"https:\/\/api.w.org\/{rel}","templated":true}]}}