{"id":9160,"date":"2025-11-25T11:05:20","date_gmt":"2025-11-25T11:05:20","guid":{"rendered":"https:\/\/www.ralti.de\/shop-2\/uncategorized\/coghlans-herd\/"},"modified":"2025-11-25T11:05:20","modified_gmt":"2025-11-25T11:05:20","slug":"coghlans-herd","status":"publish","type":"product","link":"https:\/\/www.ralti.de\/?product=coghlans-herd","title":{"rendered":"Coghlan&#8217;s Herd"},"content":{"rendered":"<p><!-- show up to 2 reviews by default --> <\/p>\n<p> <span>Verbrennt Coghlans Camp Heat oder jede andere Art von konserviertem Kraftstoff oder verfestigtem Alkohol. Beschichtete Stahlkonstruktion Zum Kochen oder Heizen im Lager, zu Hause oder im Notfall Geruchsneutrale, ungiftige D\u00e4mpfe Ca. 4 Stunden Brenndauer pro Dose.<\/span> <\/p>\n<p>Zusammenklappbarer Campingkocher mit beschichteter Stahlkonstruktion, stark genug, um einen schweren Topf zu halten<br \/>\nW\u00e4rme, die durch jede Art von Brennstoff in Dosen oder verfestigtem Alkohol (einschlie\u00dflich Coghlan&#8217;s Camp Heat Dosen) bereitgestellt wird<br \/>\nFrontt\u00fcr und Seiten sch\u00fctzen die Flamme vor dem Wind; Ma\u00dfe: 16,5 cm im Quadrat und 12,7 cm hoch.<br \/>\nErschwingliche, unverzichtbare Ausr\u00fcstung f\u00fcr Camping, Rucksackreisen, Wanderungen, Notfallvorsorge und mehr<br \/>\n<div class=\"main-cross-sell\" data-asin=\"B0007L8108\">\n\n\t<div class=\"WooZone-cross-sell-loader\">\n\t\t<div>\n\t\t\t<div id=\"floatingBarsG\">\n\t\t\t\t<div class=\"blockG\" id=\"rotateG_01\"><\/div>\n\t\t\t\t<div class=\"blockG\" id=\"rotateG_02\"><\/div>\n\t\t\t\t<div class=\"blockG\" id=\"rotateG_03\"><\/div>\n\t\t\t\t<div class=\"blockG\" id=\"rotateG_04\"><\/div>\n\t\t\t\t<div class=\"blockG\" id=\"rotateG_05\"><\/div>\n\t\t\t\t<div class=\"blockG\" id=\"rotateG_06\"><\/div>\n\t\t\t\t<div class=\"blockG\" id=\"rotateG_07\"><\/div>\n\t\t\t\t<div class=\"blockG\" id=\"rotateG_08\"><\/div>\n\t\t\t<\/div>\n\t\t\t<div class=\"WooZone-cross-sell-loader-text\"><\/div>\n\t\t<\/div>\n\t<\/div>\n\n\t\t\n<\/div>\n<div style=\"clear:both;\"><\/div>\n","protected":false},"excerpt":{"rendered":"<p>Zusammenklappbarer Campingkocher mit beschichteter Stahlkonstruktion, stark genug, um einen schweren Topf zu halten<br \/>\nW\u00e4rme, die durch jede Art von Brennstoff in Dosen oder verfestigtem Alkohol (einschlie\u00dflich Coghlan&#8217;s Camp Heat Dosen) bereitgestellt wird<br \/>\nFrontt\u00fcr und Seiten sch\u00fctzen die Flamme vor dem Wind; Ma\u00dfe: 16,5 cm im Quadrat und 12,7 cm hoch.<\/p>\n","protected":false},"featured_media":9161,"comment_status":"open","ping_status":"closed","template":"","meta":{"_acf_changed":false},"product_brand":[],"product_cat":[238,244],"product_tag":[],"class_list":{"0":"post-9160","1":"product","2":"type-product","3":"status-publish","4":"has-post-thumbnail","6":"product_cat-lebensmittel","7":"product_cat-tragbare-kocher","9":"first","10":"instock","11":"shipping-taxable","12":"product-type-external"},"acf":[],"yoast_head":"<!-- This site is optimized with the Yoast SEO plugin v27.5 - https:\/\/yoast.com\/product\/yoast-seo-wordpress\/ -->\n<title>Coghlan&#039;s Herd - Notfallvorsorge - Krisenvorsorge<\/title>\n<meta name=\"robots\" content=\"index, follow, max-snippet:-1, max-image-preview:large, max-video-preview:-1\" \/>\n<link rel=\"canonical\" href=\"https:\/\/www.ralti.de\/?product=coghlans-herd\" \/>\n<meta property=\"og:locale\" content=\"de_DE\" \/>\n<meta property=\"og:type\" content=\"article\" \/>\n<meta property=\"og:title\" content=\"Coghlan&#039;s Herd - Notfallvorsorge - Krisenvorsorge\" \/>\n<meta property=\"og:description\" content=\"Zusammenklappbarer Campingkocher mit beschichteter Stahlkonstruktion, stark genug, um einen schweren Topf zu halten W\u00e4rme, die durch jede Art von Brennstoff in Dosen oder verfestigtem Alkohol (einschlie\u00dflich Coghlan&#039;s Camp Heat Dosen) bereitgestellt wird Frontt\u00fcr und Seiten sch\u00fctzen die Flamme vor dem Wind; Ma\u00dfe: 16,5 cm im Quadrat und 12,7 cm hoch.\" \/>\n<meta property=\"og:url\" content=\"https:\/\/www.ralti.de\/?product=coghlans-herd\" \/>\n<meta property=\"og:site_name\" content=\"Notfallvorsorge - Krisenvorsorge\" \/>\n<meta property=\"og:image\" content=\"https:\/\/m.media-amazon.com\/images\/I\/31mXCAjQHhL.jpg\" \/>\n\t<meta property=\"og:image:width\" content=\"500\" \/>\n\t<meta property=\"og:image:height\" content=\"500\" \/>\n\t<meta property=\"og:image:type\" content=\"image\/jpeg\" \/>\n<meta name=\"twitter:card\" content=\"summary_large_image\" \/>\n<meta name=\"twitter:label1\" content=\"Gesch\u00e4tzte Lesezeit\" \/>\n\t<meta name=\"twitter:data1\" content=\"1\u00a0Minute\" \/>\n<script type=\"application\/ld+json\" class=\"yoast-schema-graph\">{\"@context\":\"https:\\\/\\\/schema.org\",\"@graph\":[{\"@type\":\"WebPage\",\"@id\":\"https:\\\/\\\/www.ralti.de\\\/?product=coghlans-herd\",\"url\":\"https:\\\/\\\/www.ralti.de\\\/?product=coghlans-herd\",\"name\":\"Coghlan's Herd - Notfallvorsorge - Krisenvorsorge\",\"isPartOf\":{\"@id\":\"https:\\\/\\\/www.ralti.de\\\/#website\"},\"primaryImageOfPage\":{\"@id\":\"https:\\\/\\\/www.ralti.de\\\/?product=coghlans-herd#primaryimage\"},\"image\":{\"@id\":\"https:\\\/\\\/www.ralti.de\\\/?product=coghlans-herd#primaryimage\"},\"thumbnailUrl\":\"https:\\\/\\\/m.media-amazon.com\\\/images\\\/I\\\/31mXCAjQHhL.jpg\",\"datePublished\":\"2025-11-25T11:05:20+00:00\",\"breadcrumb\":{\"@id\":\"https:\\\/\\\/www.ralti.de\\\/?product=coghlans-herd#breadcrumb\"},\"inLanguage\":\"de\",\"potentialAction\":[{\"@type\":\"ReadAction\",\"target\":[\"https:\\\/\\\/www.ralti.de\\\/?product=coghlans-herd\"]}]},{\"@type\":\"ImageObject\",\"inLanguage\":\"de\",\"@id\":\"https:\\\/\\\/www.ralti.de\\\/?product=coghlans-herd#primaryimage\",\"url\":\"https:\\\/\\\/m.media-amazon.com\\\/images\\\/I\\\/31mXCAjQHhL.jpg\",\"contentUrl\":\"https:\\\/\\\/m.media-amazon.com\\\/images\\\/I\\\/31mXCAjQHhL.jpg\",\"width\":500,\"height\":500},{\"@type\":\"BreadcrumbList\",\"@id\":\"https:\\\/\\\/www.ralti.de\\\/?product=coghlans-herd#breadcrumb\",\"itemListElement\":[{\"@type\":\"ListItem\",\"position\":1,\"name\":\"Start\",\"item\":\"https:\\\/\\\/www.ralti.de\\\/\"},{\"@type\":\"ListItem\",\"position\":2,\"name\":\"Notfallartikel\",\"item\":\"https:\\\/\\\/www.ralti.de\\\/?page_id=14189\"},{\"@type\":\"ListItem\",\"position\":3,\"name\":\"Coghlan&#8217;s Herd\"}]},{\"@type\":\"WebSite\",\"@id\":\"https:\\\/\\\/www.ralti.de\\\/#website\",\"url\":\"https:\\\/\\\/www.ralti.de\\\/\",\"name\":\"Ralti.de\",\"description\":\"Hier viele gute Angebote\",\"publisher\":{\"@id\":\"https:\\\/\\\/www.ralti.de\\\/#organization\"},\"potentialAction\":[{\"@type\":\"SearchAction\",\"target\":{\"@type\":\"EntryPoint\",\"urlTemplate\":\"https:\\\/\\\/www.ralti.de\\\/?s={search_term_string}\"},\"query-input\":{\"@type\":\"PropertyValueSpecification\",\"valueRequired\":true,\"valueName\":\"search_term_string\"}}],\"inLanguage\":\"de\"},{\"@type\":\"Organization\",\"@id\":\"https:\\\/\\\/www.ralti.de\\\/#organization\",\"name\":\"Ralti.de\",\"url\":\"https:\\\/\\\/www.ralti.de\\\/\",\"logo\":{\"@type\":\"ImageObject\",\"inLanguage\":\"de\",\"@id\":\"https:\\\/\\\/www.ralti.de\\\/#\\\/schema\\\/logo\\\/image\\\/\",\"url\":\"https:\\\/\\\/www.ralti.de\\\/wp-content\\\/uploads\\\/2025\\\/11\\\/ralti.png\",\"contentUrl\":\"https:\\\/\\\/www.ralti.de\\\/wp-content\\\/uploads\\\/2025\\\/11\\\/ralti.png\",\"width\":240,\"height\":75,\"caption\":\"Ralti.de\"},\"image\":{\"@id\":\"https:\\\/\\\/www.ralti.de\\\/#\\\/schema\\\/logo\\\/image\\\/\"}}]}<\/script>\n<!-- \/ Yoast SEO plugin. -->","yoast_head_json":{"title":"Coghlan's Herd - Notfallvorsorge - Krisenvorsorge","robots":{"index":"index","follow":"follow","max-snippet":"max-snippet:-1","max-image-preview":"max-image-preview:large","max-video-preview":"max-video-preview:-1"},"canonical":"https:\/\/www.ralti.de\/?product=coghlans-herd","og_locale":"de_DE","og_type":"article","og_title":"Coghlan's Herd - Notfallvorsorge - Krisenvorsorge","og_description":"Zusammenklappbarer Campingkocher mit beschichteter Stahlkonstruktion, stark genug, um einen schweren Topf zu halten W\u00e4rme, die durch jede Art von Brennstoff in Dosen oder verfestigtem Alkohol (einschlie\u00dflich Coghlan's Camp Heat Dosen) bereitgestellt wird Frontt\u00fcr und Seiten sch\u00fctzen die Flamme vor dem Wind; Ma\u00dfe: 16,5 cm im Quadrat und 12,7 cm hoch.","og_url":"https:\/\/www.ralti.de\/?product=coghlans-herd","og_site_name":"Notfallvorsorge - Krisenvorsorge","og_image":[{"width":500,"height":500,"url":"https:\/\/m.media-amazon.com\/images\/I\/31mXCAjQHhL.jpg","type":"image\/jpeg"}],"twitter_card":"summary_large_image","twitter_misc":{"Gesch\u00e4tzte Lesezeit":"1\u00a0Minute"},"schema":{"@context":"https:\/\/schema.org","@graph":[{"@type":"WebPage","@id":"https:\/\/www.ralti.de\/?product=coghlans-herd","url":"https:\/\/www.ralti.de\/?product=coghlans-herd","name":"Coghlan's Herd - Notfallvorsorge - Krisenvorsorge","isPartOf":{"@id":"https:\/\/www.ralti.de\/#website"},"primaryImageOfPage":{"@id":"https:\/\/www.ralti.de\/?product=coghlans-herd#primaryimage"},"image":{"@id":"https:\/\/www.ralti.de\/?product=coghlans-herd#primaryimage"},"thumbnailUrl":"https:\/\/m.media-amazon.com\/images\/I\/31mXCAjQHhL.jpg","datePublished":"2025-11-25T11:05:20+00:00","breadcrumb":{"@id":"https:\/\/www.ralti.de\/?product=coghlans-herd#breadcrumb"},"inLanguage":"de","potentialAction":[{"@type":"ReadAction","target":["https:\/\/www.ralti.de\/?product=coghlans-herd"]}]},{"@type":"ImageObject","inLanguage":"de","@id":"https:\/\/www.ralti.de\/?product=coghlans-herd#primaryimage","url":"https:\/\/m.media-amazon.com\/images\/I\/31mXCAjQHhL.jpg","contentUrl":"https:\/\/m.media-amazon.com\/images\/I\/31mXCAjQHhL.jpg","width":500,"height":500},{"@type":"BreadcrumbList","@id":"https:\/\/www.ralti.de\/?product=coghlans-herd#breadcrumb","itemListElement":[{"@type":"ListItem","position":1,"name":"Start","item":"https:\/\/www.ralti.de\/"},{"@type":"ListItem","position":2,"name":"Notfallartikel","item":"https:\/\/www.ralti.de\/?page_id=14189"},{"@type":"ListItem","position":3,"name":"Coghlan&#8217;s Herd"}]},{"@type":"WebSite","@id":"https:\/\/www.ralti.de\/#website","url":"https:\/\/www.ralti.de\/","name":"Ralti.de","description":"Hier viele gute Angebote","publisher":{"@id":"https:\/\/www.ralti.de\/#organization"},"potentialAction":[{"@type":"SearchAction","target":{"@type":"EntryPoint","urlTemplate":"https:\/\/www.ralti.de\/?s={search_term_string}"},"query-input":{"@type":"PropertyValueSpecification","valueRequired":true,"valueName":"search_term_string"}}],"inLanguage":"de"},{"@type":"Organization","@id":"https:\/\/www.ralti.de\/#organization","name":"Ralti.de","url":"https:\/\/www.ralti.de\/","logo":{"@type":"ImageObject","inLanguage":"de","@id":"https:\/\/www.ralti.de\/#\/schema\/logo\/image\/","url":"https:\/\/www.ralti.de\/wp-content\/uploads\/2025\/11\/ralti.png","contentUrl":"https:\/\/www.ralti.de\/wp-content\/uploads\/2025\/11\/ralti.png","width":240,"height":75,"caption":"Ralti.de"},"image":{"@id":"https:\/\/www.ralti.de\/#\/schema\/logo\/image\/"}}]}},"_links":{"self":[{"href":"https:\/\/www.ralti.de\/index.php?rest_route=\/wp\/v2\/product\/9160","targetHints":{"allow":["GET"]}}],"collection":[{"href":"https:\/\/www.ralti.de\/index.php?rest_route=\/wp\/v2\/product"}],"about":[{"href":"https:\/\/www.ralti.de\/index.php?rest_route=\/wp\/v2\/types\/product"}],"replies":[{"embeddable":true,"href":"https:\/\/www.ralti.de\/index.php?rest_route=%2Fwp%2Fv2%2Fcomments&post=9160"}],"wp:featuredmedia":[{"embeddable":true,"href":"https:\/\/www.ralti.de\/index.php?rest_route=\/wp\/v2\/media\/9161"}],"wp:attachment":[{"href":"https:\/\/www.ralti.de\/index.php?rest_route=%2Fwp%2Fv2%2Fmedia&parent=9160"}],"wp:term":[{"taxonomy":"product_brand","embeddable":true,"href":"https:\/\/www.ralti.de\/index.php?rest_route=%2Fwp%2Fv2%2Fproduct_brand&post=9160"},{"taxonomy":"product_cat","embeddable":true,"href":"https:\/\/www.ralti.de\/index.php?rest_route=%2Fwp%2Fv2%2Fproduct_cat&post=9160"},{"taxonomy":"product_tag","embeddable":true,"href":"https:\/\/www.ralti.de\/index.php?rest_route=%2Fwp%2Fv2%2Fproduct_tag&post=9160"}],"curies":[{"name":"wp","href":"https:\/\/api.w.org\/{rel}","templated":true}]}}