{"id":9172,"date":"2025-11-25T11:05:23","date_gmt":"2025-11-25T11:05:23","guid":{"rendered":"https:\/\/www.ralti.de\/shop-2\/uncategorized\/primus-campingkocher-mimer-kocher\/"},"modified":"2025-11-25T11:05:23","modified_gmt":"2025-11-25T11:05:23","slug":"primus-campingkocher-mimer-kocher","status":"publish","type":"product","link":"https:\/\/www.ralti.de\/?product=primus-campingkocher-mimer-kocher","title":{"rendered":"PRIMUS Campingkocher Mimer Kocher"},"content":{"rendered":"<p><!-- show up to 2 reviews by default --> <\/p>\n<p> <span>Der Mimer Kocher von Primus ist der perfekte Begleiter bei deinen Bergsport-Aktivit\u00e4ten.<\/span> <\/p>\n<p>IDEAL F\u00dcR GR\u00d6\u00dfERE T\u00d6PFE &#038; PFANNEN &#8211; Der tragbare Gasbrenner sorgt f\u00fcr eine breite Flamme, die sich perfekt f\u00fcr gr\u00f6\u00dfere T\u00f6pfe und Pfannen eignet. Der Mimer-Campingkocher ist nur mit Schraubkartuschen kompatibel, die dem Gasbeh\u00e4lterstandard EN417 entsprechen.<br \/>\nIN SEKUNDENSCHNELLE BEREIT &#038; EINFACH ZU BEDIENEN &#8211; Robust und langlebig macht diesen tragbaren Herd unglaublich einfach zu bedienen und kann von Generation zu Generation weitergegeben werden. Seien Sie in Sekundenschnelle bereit zum Kochen, indem Sie den Herd einfach auf eine Gaskartusche (Standardgewinde EN417) schrauben.<br \/>\nSTABILEN 4-PUNKT-TOPFUNDERST\u00dcTZUNG &#8211; Die robuste Gaskocher mit einer breiten Flamme von 2800 W erm\u00f6glicht es, einen Liter Wasser in weniger als vier Minuten zum Kochen zu bringen. Zudem bietet die 4-Punkt-Topfunterst\u00fctzung zus\u00e4tzliche Stabilit\u00e4t und Windschutz und ist bequem f\u00fcr verschiedene Topfgr\u00f6\u00dfen geeignet.<br \/>\nHERGESTELLT AUS EDELSTAHL &#8211; Der in den fr\u00fchen 1980er Jahren eingef\u00fchrte Mimer Camping-Gaskocher hat sich zu einem unverzichtbaren Arbeitstier entwickelt, das auf zahllosen Abenteuern rund um die Welt im Einsatz war. Befestigen Sie den kleinen Gaskocher schnell an Ihrer Kartusche und haben Sie Ihren Kocher in weniger als einer Minute betriebsbereit.<br \/>\nIM LIEFERUMFANG ENTHALTEN: 1x Mimer Stove Outdoor Kocher 125x125x104 mm, Gasverbrauch pro Stunde 200g. Lieferung OHNE Gaskartusche.<br \/>\n<div class=\"main-cross-sell\" data-asin=\"B002F1ZP5M\">\n\n\t<div class=\"WooZone-cross-sell-loader\">\n\t\t<div>\n\t\t\t<div id=\"floatingBarsG\">\n\t\t\t\t<div class=\"blockG\" id=\"rotateG_01\"><\/div>\n\t\t\t\t<div class=\"blockG\" id=\"rotateG_02\"><\/div>\n\t\t\t\t<div class=\"blockG\" id=\"rotateG_03\"><\/div>\n\t\t\t\t<div class=\"blockG\" id=\"rotateG_04\"><\/div>\n\t\t\t\t<div class=\"blockG\" id=\"rotateG_05\"><\/div>\n\t\t\t\t<div class=\"blockG\" id=\"rotateG_06\"><\/div>\n\t\t\t\t<div class=\"blockG\" id=\"rotateG_07\"><\/div>\n\t\t\t\t<div class=\"blockG\" id=\"rotateG_08\"><\/div>\n\t\t\t<\/div>\n\t\t\t<div class=\"WooZone-cross-sell-loader-text\"><\/div>\n\t\t<\/div>\n\t<\/div>\n\n\t\t\n<\/div>\n<div style=\"clear:both;\"><\/div>\n","protected":false},"excerpt":{"rendered":"<p>IDEAL F\u00dcR GR\u00d6\u00dfERE T\u00d6PFE &#038; PFANNEN &#8211; Der tragbare Gasbrenner sorgt f\u00fcr eine breite Flamme, die sich perfekt f\u00fcr gr\u00f6\u00dfere T\u00f6pfe und Pfannen eignet. Der Mimer-Campingkocher ist nur mit Schraubkartuschen kompatibel, die dem Gasbeh\u00e4lterstandard EN417 entsprechen.<br \/>\nIN SEKUNDENSCHNELLE BEREIT &#038; EINFACH ZU BEDIENEN &#8211; Robust und langlebig macht diesen tragbaren Herd unglaublich einfach zu bedienen und kann von Generation zu Generation weitergegeben werden. Seien Sie in Sekundenschnelle bereit zum Kochen, indem Sie den Herd einfach auf eine Gaskartusche (Standardgewinde EN417) schrauben.<br \/>\nSTABILEN 4-PUNKT-TOPFUNDERST\u00dcTZUNG &#8211; Die robuste Gaskocher mit einer breiten Flamme von 2800 W erm\u00f6glicht es, einen Liter Wasser in weniger als vier Minuten zum Kochen zu bringen. Zudem bietet die 4-Punkt-Topfunterst\u00fctzung zus\u00e4tzliche Stabilit\u00e4t und Windschutz und ist bequem f\u00fcr verschiedene Topfgr\u00f6\u00dfen geeignet.<\/p>\n","protected":false},"featured_media":9173,"comment_status":"open","ping_status":"closed","template":"","meta":{"_acf_changed":false},"product_brand":[],"product_cat":[238,244],"product_tag":[],"class_list":{"0":"post-9172","1":"product","2":"type-product","3":"status-publish","4":"has-post-thumbnail","6":"product_cat-lebensmittel","7":"product_cat-tragbare-kocher","9":"first","10":"instock","11":"sale","12":"shipping-taxable","13":"product-type-external"},"acf":[],"yoast_head":"<!-- This site is optimized with the Yoast SEO plugin v27.5 - https:\/\/yoast.com\/product\/yoast-seo-wordpress\/ -->\n<title>PRIMUS Campingkocher Mimer Kocher - Notfallvorsorge - Krisenvorsorge<\/title>\n<meta name=\"robots\" content=\"index, follow, max-snippet:-1, max-image-preview:large, max-video-preview:-1\" \/>\n<link rel=\"canonical\" href=\"https:\/\/www.ralti.de\/?product=primus-campingkocher-mimer-kocher\" \/>\n<meta property=\"og:locale\" content=\"de_DE\" \/>\n<meta property=\"og:type\" content=\"article\" \/>\n<meta property=\"og:title\" content=\"PRIMUS Campingkocher Mimer Kocher - Notfallvorsorge - Krisenvorsorge\" \/>\n<meta property=\"og:description\" content=\"IDEAL F\u00dcR GR\u00d6\u00dfERE T\u00d6PFE &amp; PFANNEN - Der tragbare Gasbrenner sorgt f\u00fcr eine breite Flamme, die sich perfekt f\u00fcr gr\u00f6\u00dfere T\u00f6pfe und Pfannen eignet. Der Mimer-Campingkocher ist nur mit Schraubkartuschen kompatibel, die dem Gasbeh\u00e4lterstandard EN417 entsprechen. IN SEKUNDENSCHNELLE BEREIT &amp; EINFACH ZU BEDIENEN - Robust und langlebig macht diesen tragbaren Herd unglaublich einfach zu bedienen und kann von Generation zu Generation weitergegeben werden. Seien Sie in Sekundenschnelle bereit zum Kochen, indem Sie den Herd einfach auf eine Gaskartusche (Standardgewinde EN417) schrauben. STABILEN 4-PUNKT-TOPFUNDERST\u00dcTZUNG - Die robuste Gaskocher mit einer breiten Flamme von 2800 W erm\u00f6glicht es, einen Liter Wasser in weniger als vier Minuten zum Kochen zu bringen. Zudem bietet die 4-Punkt-Topfunterst\u00fctzung zus\u00e4tzliche Stabilit\u00e4t und Windschutz und ist bequem f\u00fcr verschiedene Topfgr\u00f6\u00dfen geeignet.\" \/>\n<meta property=\"og:url\" content=\"https:\/\/www.ralti.de\/?product=primus-campingkocher-mimer-kocher\" \/>\n<meta property=\"og:site_name\" content=\"Notfallvorsorge - Krisenvorsorge\" \/>\n<meta property=\"og:image\" content=\"https:\/\/m.media-amazon.com\/images\/I\/31Sc4OqGqLL.jpg\" \/>\n\t<meta property=\"og:image:width\" content=\"500\" \/>\n\t<meta property=\"og:image:height\" content=\"500\" \/>\n\t<meta property=\"og:image:type\" content=\"image\/jpeg\" \/>\n<meta name=\"twitter:card\" content=\"summary_large_image\" \/>\n<meta name=\"twitter:label1\" content=\"Gesch\u00e4tzte Lesezeit\" \/>\n\t<meta name=\"twitter:data1\" content=\"1\u00a0Minute\" \/>\n<script type=\"application\/ld+json\" class=\"yoast-schema-graph\">{\"@context\":\"https:\\\/\\\/schema.org\",\"@graph\":[{\"@type\":\"WebPage\",\"@id\":\"https:\\\/\\\/www.ralti.de\\\/?product=primus-campingkocher-mimer-kocher\",\"url\":\"https:\\\/\\\/www.ralti.de\\\/?product=primus-campingkocher-mimer-kocher\",\"name\":\"PRIMUS Campingkocher Mimer Kocher - Notfallvorsorge - Krisenvorsorge\",\"isPartOf\":{\"@id\":\"https:\\\/\\\/www.ralti.de\\\/#website\"},\"primaryImageOfPage\":{\"@id\":\"https:\\\/\\\/www.ralti.de\\\/?product=primus-campingkocher-mimer-kocher#primaryimage\"},\"image\":{\"@id\":\"https:\\\/\\\/www.ralti.de\\\/?product=primus-campingkocher-mimer-kocher#primaryimage\"},\"thumbnailUrl\":\"https:\\\/\\\/m.media-amazon.com\\\/images\\\/I\\\/31Sc4OqGqLL.jpg\",\"datePublished\":\"2025-11-25T11:05:23+00:00\",\"breadcrumb\":{\"@id\":\"https:\\\/\\\/www.ralti.de\\\/?product=primus-campingkocher-mimer-kocher#breadcrumb\"},\"inLanguage\":\"de\",\"potentialAction\":[{\"@type\":\"ReadAction\",\"target\":[\"https:\\\/\\\/www.ralti.de\\\/?product=primus-campingkocher-mimer-kocher\"]}]},{\"@type\":\"ImageObject\",\"inLanguage\":\"de\",\"@id\":\"https:\\\/\\\/www.ralti.de\\\/?product=primus-campingkocher-mimer-kocher#primaryimage\",\"url\":\"https:\\\/\\\/m.media-amazon.com\\\/images\\\/I\\\/31Sc4OqGqLL.jpg\",\"contentUrl\":\"https:\\\/\\\/m.media-amazon.com\\\/images\\\/I\\\/31Sc4OqGqLL.jpg\",\"width\":500,\"height\":500},{\"@type\":\"BreadcrumbList\",\"@id\":\"https:\\\/\\\/www.ralti.de\\\/?product=primus-campingkocher-mimer-kocher#breadcrumb\",\"itemListElement\":[{\"@type\":\"ListItem\",\"position\":1,\"name\":\"Start\",\"item\":\"https:\\\/\\\/www.ralti.de\\\/\"},{\"@type\":\"ListItem\",\"position\":2,\"name\":\"Notfallartikel\",\"item\":\"https:\\\/\\\/www.ralti.de\\\/?page_id=14189\"},{\"@type\":\"ListItem\",\"position\":3,\"name\":\"PRIMUS Campingkocher Mimer Kocher\"}]},{\"@type\":\"WebSite\",\"@id\":\"https:\\\/\\\/www.ralti.de\\\/#website\",\"url\":\"https:\\\/\\\/www.ralti.de\\\/\",\"name\":\"Ralti.de\",\"description\":\"Hier viele gute Angebote\",\"publisher\":{\"@id\":\"https:\\\/\\\/www.ralti.de\\\/#organization\"},\"potentialAction\":[{\"@type\":\"SearchAction\",\"target\":{\"@type\":\"EntryPoint\",\"urlTemplate\":\"https:\\\/\\\/www.ralti.de\\\/?s={search_term_string}\"},\"query-input\":{\"@type\":\"PropertyValueSpecification\",\"valueRequired\":true,\"valueName\":\"search_term_string\"}}],\"inLanguage\":\"de\"},{\"@type\":\"Organization\",\"@id\":\"https:\\\/\\\/www.ralti.de\\\/#organization\",\"name\":\"Ralti.de\",\"url\":\"https:\\\/\\\/www.ralti.de\\\/\",\"logo\":{\"@type\":\"ImageObject\",\"inLanguage\":\"de\",\"@id\":\"https:\\\/\\\/www.ralti.de\\\/#\\\/schema\\\/logo\\\/image\\\/\",\"url\":\"https:\\\/\\\/www.ralti.de\\\/wp-content\\\/uploads\\\/2025\\\/11\\\/ralti.png\",\"contentUrl\":\"https:\\\/\\\/www.ralti.de\\\/wp-content\\\/uploads\\\/2025\\\/11\\\/ralti.png\",\"width\":240,\"height\":75,\"caption\":\"Ralti.de\"},\"image\":{\"@id\":\"https:\\\/\\\/www.ralti.de\\\/#\\\/schema\\\/logo\\\/image\\\/\"}}]}<\/script>\n<!-- \/ Yoast SEO plugin. -->","yoast_head_json":{"title":"PRIMUS Campingkocher Mimer Kocher - Notfallvorsorge - Krisenvorsorge","robots":{"index":"index","follow":"follow","max-snippet":"max-snippet:-1","max-image-preview":"max-image-preview:large","max-video-preview":"max-video-preview:-1"},"canonical":"https:\/\/www.ralti.de\/?product=primus-campingkocher-mimer-kocher","og_locale":"de_DE","og_type":"article","og_title":"PRIMUS Campingkocher Mimer Kocher - Notfallvorsorge - Krisenvorsorge","og_description":"IDEAL F\u00dcR GR\u00d6\u00dfERE T\u00d6PFE & PFANNEN - Der tragbare Gasbrenner sorgt f\u00fcr eine breite Flamme, die sich perfekt f\u00fcr gr\u00f6\u00dfere T\u00f6pfe und Pfannen eignet. Der Mimer-Campingkocher ist nur mit Schraubkartuschen kompatibel, die dem Gasbeh\u00e4lterstandard EN417 entsprechen. IN SEKUNDENSCHNELLE BEREIT & EINFACH ZU BEDIENEN - Robust und langlebig macht diesen tragbaren Herd unglaublich einfach zu bedienen und kann von Generation zu Generation weitergegeben werden. Seien Sie in Sekundenschnelle bereit zum Kochen, indem Sie den Herd einfach auf eine Gaskartusche (Standardgewinde EN417) schrauben. STABILEN 4-PUNKT-TOPFUNDERST\u00dcTZUNG - Die robuste Gaskocher mit einer breiten Flamme von 2800 W erm\u00f6glicht es, einen Liter Wasser in weniger als vier Minuten zum Kochen zu bringen. Zudem bietet die 4-Punkt-Topfunterst\u00fctzung zus\u00e4tzliche Stabilit\u00e4t und Windschutz und ist bequem f\u00fcr verschiedene Topfgr\u00f6\u00dfen geeignet.","og_url":"https:\/\/www.ralti.de\/?product=primus-campingkocher-mimer-kocher","og_site_name":"Notfallvorsorge - Krisenvorsorge","og_image":[{"width":500,"height":500,"url":"https:\/\/m.media-amazon.com\/images\/I\/31Sc4OqGqLL.jpg","type":"image\/jpeg"}],"twitter_card":"summary_large_image","twitter_misc":{"Gesch\u00e4tzte Lesezeit":"1\u00a0Minute"},"schema":{"@context":"https:\/\/schema.org","@graph":[{"@type":"WebPage","@id":"https:\/\/www.ralti.de\/?product=primus-campingkocher-mimer-kocher","url":"https:\/\/www.ralti.de\/?product=primus-campingkocher-mimer-kocher","name":"PRIMUS Campingkocher Mimer Kocher - Notfallvorsorge - Krisenvorsorge","isPartOf":{"@id":"https:\/\/www.ralti.de\/#website"},"primaryImageOfPage":{"@id":"https:\/\/www.ralti.de\/?product=primus-campingkocher-mimer-kocher#primaryimage"},"image":{"@id":"https:\/\/www.ralti.de\/?product=primus-campingkocher-mimer-kocher#primaryimage"},"thumbnailUrl":"https:\/\/m.media-amazon.com\/images\/I\/31Sc4OqGqLL.jpg","datePublished":"2025-11-25T11:05:23+00:00","breadcrumb":{"@id":"https:\/\/www.ralti.de\/?product=primus-campingkocher-mimer-kocher#breadcrumb"},"inLanguage":"de","potentialAction":[{"@type":"ReadAction","target":["https:\/\/www.ralti.de\/?product=primus-campingkocher-mimer-kocher"]}]},{"@type":"ImageObject","inLanguage":"de","@id":"https:\/\/www.ralti.de\/?product=primus-campingkocher-mimer-kocher#primaryimage","url":"https:\/\/m.media-amazon.com\/images\/I\/31Sc4OqGqLL.jpg","contentUrl":"https:\/\/m.media-amazon.com\/images\/I\/31Sc4OqGqLL.jpg","width":500,"height":500},{"@type":"BreadcrumbList","@id":"https:\/\/www.ralti.de\/?product=primus-campingkocher-mimer-kocher#breadcrumb","itemListElement":[{"@type":"ListItem","position":1,"name":"Start","item":"https:\/\/www.ralti.de\/"},{"@type":"ListItem","position":2,"name":"Notfallartikel","item":"https:\/\/www.ralti.de\/?page_id=14189"},{"@type":"ListItem","position":3,"name":"PRIMUS Campingkocher Mimer Kocher"}]},{"@type":"WebSite","@id":"https:\/\/www.ralti.de\/#website","url":"https:\/\/www.ralti.de\/","name":"Ralti.de","description":"Hier viele gute Angebote","publisher":{"@id":"https:\/\/www.ralti.de\/#organization"},"potentialAction":[{"@type":"SearchAction","target":{"@type":"EntryPoint","urlTemplate":"https:\/\/www.ralti.de\/?s={search_term_string}"},"query-input":{"@type":"PropertyValueSpecification","valueRequired":true,"valueName":"search_term_string"}}],"inLanguage":"de"},{"@type":"Organization","@id":"https:\/\/www.ralti.de\/#organization","name":"Ralti.de","url":"https:\/\/www.ralti.de\/","logo":{"@type":"ImageObject","inLanguage":"de","@id":"https:\/\/www.ralti.de\/#\/schema\/logo\/image\/","url":"https:\/\/www.ralti.de\/wp-content\/uploads\/2025\/11\/ralti.png","contentUrl":"https:\/\/www.ralti.de\/wp-content\/uploads\/2025\/11\/ralti.png","width":240,"height":75,"caption":"Ralti.de"},"image":{"@id":"https:\/\/www.ralti.de\/#\/schema\/logo\/image\/"}}]}},"_links":{"self":[{"href":"https:\/\/www.ralti.de\/index.php?rest_route=\/wp\/v2\/product\/9172","targetHints":{"allow":["GET"]}}],"collection":[{"href":"https:\/\/www.ralti.de\/index.php?rest_route=\/wp\/v2\/product"}],"about":[{"href":"https:\/\/www.ralti.de\/index.php?rest_route=\/wp\/v2\/types\/product"}],"replies":[{"embeddable":true,"href":"https:\/\/www.ralti.de\/index.php?rest_route=%2Fwp%2Fv2%2Fcomments&post=9172"}],"wp:featuredmedia":[{"embeddable":true,"href":"https:\/\/www.ralti.de\/index.php?rest_route=\/wp\/v2\/media\/9173"}],"wp:attachment":[{"href":"https:\/\/www.ralti.de\/index.php?rest_route=%2Fwp%2Fv2%2Fmedia&parent=9172"}],"wp:term":[{"taxonomy":"product_brand","embeddable":true,"href":"https:\/\/www.ralti.de\/index.php?rest_route=%2Fwp%2Fv2%2Fproduct_brand&post=9172"},{"taxonomy":"product_cat","embeddable":true,"href":"https:\/\/www.ralti.de\/index.php?rest_route=%2Fwp%2Fv2%2Fproduct_cat&post=9172"},{"taxonomy":"product_tag","embeddable":true,"href":"https:\/\/www.ralti.de\/index.php?rest_route=%2Fwp%2Fv2%2Fproduct_tag&post=9172"}],"curies":[{"name":"wp","href":"https:\/\/api.w.org\/{rel}","templated":true}]}}