{"id":9285,"date":"2025-11-25T11:15:56","date_gmt":"2025-11-25T11:15:56","guid":{"rendered":"https:\/\/www.ralti.de\/shop-2\/uncategorized\/lifestraw-personlicher-wasserfilter\/"},"modified":"2025-11-25T11:15:56","modified_gmt":"2025-11-25T11:15:56","slug":"lifestraw-personlicher-wasserfilter","status":"publish","type":"product","link":"https:\/\/www.ralti.de\/?product=lifestraw-personlicher-wasserfilter","title":{"rendered":"LifeStraw\u00ae Pers\u00f6nlicher Wasserfilter"},"content":{"rendered":"<p><!-- show up to 2 reviews by default --><br \/>\nPREISGEKR\u00d6NT: Der LifeStraw Personal Wasserfilter ist ein Muss f\u00fcr Wanderungen, Camping, Reisen, Rucksacktouren und Notf\u00e4lle; Kein \u00dcberlebens- oder Desaster-Kit ist ohne ihn komplett. FOLLOW THE LITERS: F\u00fcr jedes LifeStraw Produkt, das Sie erwerben, wird ein Schulkind in einer Entwicklungsgemeinschaft f\u00fcr ein Schuljahr mit sauberem Trinkwasser versorgt. Im Jahr 2018 hat sich LifeStraw als Ziel gesetzt, mehr als 1 Million Kinder in Afrika unterst\u00fctzt zu haben<br \/>\nH\u00d6CHSTE FILTTRATIONSSTANDARDS: Entfernt mindestens 99,9999% der durch Wasser \u00fcbertragene Bakterien, 99,9% der durch Wasser \u00fcbertragene Protozoen Parasiten und filtriert bis auf 0,2 \u03bcm; der LifeStraw \u00fcbertrifft die EU- und EPA-Filterstandards. Er entfernt E. Coli, Giardia und Cryptosporidium Oozysten und viele andere wasserbasierte Schadstoffe<br \/>\nINNOVATIVER WASSERFILTER: Der LifeStraw filtert bis zu 1.000 Liter kontaminiertes Wasser ohne Verwendung von Jod, Chlor oder anderen Chemikalien; LifeStraw ben\u00f6tigt keine Batterien, keine beweglichen Teile und keine Chemikalien. Der LifeStraw ist eine gro\u00dfartige und innovative Alternative zu Jodtabletten und sperrigen Filtersystemen<br \/>\nULTRA LEICHT: Der LifeStraw wiegt nur 57 Gramm und ist nur 22,5 cm lang und 2,5 cm im Durchmesser. Mit der praktischen Trageschlaufe k\u00f6nnen Sie den LifeStraw einfach um den Hals tragen oder an Ihrem Rucksack befestigen. Durch seine hohe Durchflussrate ist es einfach, sauberes Wasser aus jeder Wasserquelle wie B\u00e4chen, Seen oder verschiedenen Wasserbeh\u00e4ltern zu trinken<br \/>\n<div class=\"main-cross-sell\" data-asin=\"B006QF3TW4\">\n\n\t<div class=\"WooZone-cross-sell-loader\">\n\t\t<div>\n\t\t\t<div id=\"floatingBarsG\">\n\t\t\t\t<div class=\"blockG\" id=\"rotateG_01\"><\/div>\n\t\t\t\t<div class=\"blockG\" id=\"rotateG_02\"><\/div>\n\t\t\t\t<div class=\"blockG\" id=\"rotateG_03\"><\/div>\n\t\t\t\t<div class=\"blockG\" id=\"rotateG_04\"><\/div>\n\t\t\t\t<div class=\"blockG\" id=\"rotateG_05\"><\/div>\n\t\t\t\t<div class=\"blockG\" id=\"rotateG_06\"><\/div>\n\t\t\t\t<div class=\"blockG\" id=\"rotateG_07\"><\/div>\n\t\t\t\t<div class=\"blockG\" id=\"rotateG_08\"><\/div>\n\t\t\t<\/div>\n\t\t\t<div class=\"WooZone-cross-sell-loader-text\"><\/div>\n\t\t<\/div>\n\t<\/div>\n\n\t\t\n<\/div>\n<div style=\"clear:both;\"><\/div>\n","protected":false},"excerpt":{"rendered":"<p>PREISGEKR\u00d6NT: Der LifeStraw Personal Wasserfilter ist ein Muss f\u00fcr Wanderungen, Camping, Reisen, Rucksacktouren und Notf\u00e4lle; Kein \u00dcberlebens- oder Desaster-Kit ist ohne ihn komplett. FOLLOW THE LITERS: F\u00fcr jedes LifeStraw Produkt, das Sie erwerben, wird ein Schulkind in einer Entwicklungsgemeinschaft f\u00fcr ein Schuljahr mit sauberem Trinkwasser versorgt. Im Jahr 2018 hat sich LifeStraw als Ziel gesetzt, mehr als 1 Million Kinder in Afrika unterst\u00fctzt zu haben<br \/>\nH\u00d6CHSTE FILTTRATIONSSTANDARDS: Entfernt mindestens 99,9999% der durch Wasser \u00fcbertragene Bakterien, 99,9% der durch Wasser \u00fcbertragene Protozoen Parasiten und filtriert bis auf 0,2 \u03bcm; der LifeStraw \u00fcbertrifft die EU- und EPA-Filterstandards. Er entfernt E. Coli, Giardia und Cryptosporidium Oozysten und viele andere wasserbasierte Schadstoffe<br \/>\nINNOVATIVER WASSERFILTER: Der LifeStraw filtert bis zu 1.000 Liter kontaminiertes Wasser ohne Verwendung von Jod, Chlor oder anderen Chemikalien; LifeStraw ben\u00f6tigt keine Batterien, keine beweglichen Teile und keine Chemikalien. Der LifeStraw ist eine gro\u00dfartige und innovative Alternative zu Jodtabletten und sperrigen Filtersystemen<\/p>\n","protected":false},"featured_media":9286,"comment_status":"open","ping_status":"closed","template":"","meta":{"_acf_changed":false},"product_brand":[],"product_cat":[238,243],"product_tag":[],"class_list":{"0":"post-9285","1":"product","2":"type-product","3":"status-publish","4":"has-post-thumbnail","6":"product_cat-lebensmittel","7":"product_cat-wasserfilter-und-reiniger","9":"first","10":"instock","11":"sale","12":"shipping-taxable","13":"product-type-external"},"acf":[],"yoast_head":"<!-- This site is optimized with the Yoast SEO plugin v27.5 - https:\/\/yoast.com\/product\/yoast-seo-wordpress\/ -->\n<title>LifeStraw\u00ae Pers\u00f6nlicher Wasserfilter - Notfallvorsorge - Krisenvorsorge<\/title>\n<meta name=\"robots\" content=\"index, follow, max-snippet:-1, max-image-preview:large, max-video-preview:-1\" \/>\n<link rel=\"canonical\" href=\"https:\/\/www.ralti.de\/?product=lifestraw-personlicher-wasserfilter\" \/>\n<meta property=\"og:locale\" content=\"de_DE\" \/>\n<meta property=\"og:type\" content=\"article\" \/>\n<meta property=\"og:title\" content=\"LifeStraw\u00ae Pers\u00f6nlicher Wasserfilter - Notfallvorsorge - Krisenvorsorge\" \/>\n<meta property=\"og:description\" content=\"PREISGEKR\u00d6NT: Der LifeStraw Personal Wasserfilter ist ein Muss f\u00fcr Wanderungen, Camping, Reisen, Rucksacktouren und Notf\u00e4lle; Kein \u00dcberlebens- oder Desaster-Kit ist ohne ihn komplett. FOLLOW THE LITERS: F\u00fcr jedes LifeStraw Produkt, das Sie erwerben, wird ein Schulkind in einer Entwicklungsgemeinschaft f\u00fcr ein Schuljahr mit sauberem Trinkwasser versorgt. Im Jahr 2018 hat sich LifeStraw als Ziel gesetzt, mehr als 1 Million Kinder in Afrika unterst\u00fctzt zu haben H\u00d6CHSTE FILTTRATIONSSTANDARDS: Entfernt mindestens 99,9999% der durch Wasser \u00fcbertragene Bakterien, 99,9% der durch Wasser \u00fcbertragene Protozoen Parasiten und filtriert bis auf 0,2 \u03bcm; der LifeStraw \u00fcbertrifft die EU- und EPA-Filterstandards. Er entfernt E. Coli, Giardia und Cryptosporidium Oozysten und viele andere wasserbasierte Schadstoffe INNOVATIVER WASSERFILTER: Der LifeStraw filtert bis zu 1.000 Liter kontaminiertes Wasser ohne Verwendung von Jod, Chlor oder anderen Chemikalien; LifeStraw ben\u00f6tigt keine Batterien, keine beweglichen Teile und keine Chemikalien. Der LifeStraw ist eine gro\u00dfartige und innovative Alternative zu Jodtabletten und sperrigen Filtersystemen\" \/>\n<meta property=\"og:url\" content=\"https:\/\/www.ralti.de\/?product=lifestraw-personlicher-wasserfilter\" \/>\n<meta property=\"og:site_name\" content=\"Notfallvorsorge - Krisenvorsorge\" \/>\n<meta property=\"og:image\" content=\"https:\/\/m.media-amazon.com\/images\/I\/31p4o4RSGzL.jpg\" \/>\n\t<meta property=\"og:image:width\" content=\"500\" \/>\n\t<meta property=\"og:image:height\" content=\"500\" \/>\n\t<meta property=\"og:image:type\" content=\"image\/jpeg\" \/>\n<meta name=\"twitter:card\" content=\"summary_large_image\" \/>\n<meta name=\"twitter:label1\" content=\"Gesch\u00e4tzte Lesezeit\" \/>\n\t<meta name=\"twitter:data1\" content=\"1\u00a0Minute\" \/>\n<script type=\"application\/ld+json\" class=\"yoast-schema-graph\">{\"@context\":\"https:\\\/\\\/schema.org\",\"@graph\":[{\"@type\":\"WebPage\",\"@id\":\"https:\\\/\\\/www.ralti.de\\\/?product=lifestraw-personlicher-wasserfilter\",\"url\":\"https:\\\/\\\/www.ralti.de\\\/?product=lifestraw-personlicher-wasserfilter\",\"name\":\"LifeStraw\u00ae Pers\u00f6nlicher Wasserfilter - Notfallvorsorge - Krisenvorsorge\",\"isPartOf\":{\"@id\":\"https:\\\/\\\/www.ralti.de\\\/#website\"},\"primaryImageOfPage\":{\"@id\":\"https:\\\/\\\/www.ralti.de\\\/?product=lifestraw-personlicher-wasserfilter#primaryimage\"},\"image\":{\"@id\":\"https:\\\/\\\/www.ralti.de\\\/?product=lifestraw-personlicher-wasserfilter#primaryimage\"},\"thumbnailUrl\":\"https:\\\/\\\/m.media-amazon.com\\\/images\\\/I\\\/31p4o4RSGzL.jpg\",\"datePublished\":\"2025-11-25T11:15:56+00:00\",\"breadcrumb\":{\"@id\":\"https:\\\/\\\/www.ralti.de\\\/?product=lifestraw-personlicher-wasserfilter#breadcrumb\"},\"inLanguage\":\"de\",\"potentialAction\":[{\"@type\":\"ReadAction\",\"target\":[\"https:\\\/\\\/www.ralti.de\\\/?product=lifestraw-personlicher-wasserfilter\"]}]},{\"@type\":\"ImageObject\",\"inLanguage\":\"de\",\"@id\":\"https:\\\/\\\/www.ralti.de\\\/?product=lifestraw-personlicher-wasserfilter#primaryimage\",\"url\":\"https:\\\/\\\/m.media-amazon.com\\\/images\\\/I\\\/31p4o4RSGzL.jpg\",\"contentUrl\":\"https:\\\/\\\/m.media-amazon.com\\\/images\\\/I\\\/31p4o4RSGzL.jpg\",\"width\":500,\"height\":500},{\"@type\":\"BreadcrumbList\",\"@id\":\"https:\\\/\\\/www.ralti.de\\\/?product=lifestraw-personlicher-wasserfilter#breadcrumb\",\"itemListElement\":[{\"@type\":\"ListItem\",\"position\":1,\"name\":\"Start\",\"item\":\"https:\\\/\\\/www.ralti.de\\\/\"},{\"@type\":\"ListItem\",\"position\":2,\"name\":\"Notfallartikel\",\"item\":\"https:\\\/\\\/www.ralti.de\\\/?page_id=14189\"},{\"@type\":\"ListItem\",\"position\":3,\"name\":\"LifeStraw\u00ae Pers\u00f6nlicher Wasserfilter\"}]},{\"@type\":\"WebSite\",\"@id\":\"https:\\\/\\\/www.ralti.de\\\/#website\",\"url\":\"https:\\\/\\\/www.ralti.de\\\/\",\"name\":\"Ralti.de\",\"description\":\"Hier viele gute Angebote\",\"publisher\":{\"@id\":\"https:\\\/\\\/www.ralti.de\\\/#organization\"},\"potentialAction\":[{\"@type\":\"SearchAction\",\"target\":{\"@type\":\"EntryPoint\",\"urlTemplate\":\"https:\\\/\\\/www.ralti.de\\\/?s={search_term_string}\"},\"query-input\":{\"@type\":\"PropertyValueSpecification\",\"valueRequired\":true,\"valueName\":\"search_term_string\"}}],\"inLanguage\":\"de\"},{\"@type\":\"Organization\",\"@id\":\"https:\\\/\\\/www.ralti.de\\\/#organization\",\"name\":\"Ralti.de\",\"url\":\"https:\\\/\\\/www.ralti.de\\\/\",\"logo\":{\"@type\":\"ImageObject\",\"inLanguage\":\"de\",\"@id\":\"https:\\\/\\\/www.ralti.de\\\/#\\\/schema\\\/logo\\\/image\\\/\",\"url\":\"https:\\\/\\\/www.ralti.de\\\/wp-content\\\/uploads\\\/2025\\\/11\\\/ralti.png\",\"contentUrl\":\"https:\\\/\\\/www.ralti.de\\\/wp-content\\\/uploads\\\/2025\\\/11\\\/ralti.png\",\"width\":240,\"height\":75,\"caption\":\"Ralti.de\"},\"image\":{\"@id\":\"https:\\\/\\\/www.ralti.de\\\/#\\\/schema\\\/logo\\\/image\\\/\"}}]}<\/script>\n<!-- \/ Yoast SEO plugin. -->","yoast_head_json":{"title":"LifeStraw\u00ae Pers\u00f6nlicher Wasserfilter - Notfallvorsorge - Krisenvorsorge","robots":{"index":"index","follow":"follow","max-snippet":"max-snippet:-1","max-image-preview":"max-image-preview:large","max-video-preview":"max-video-preview:-1"},"canonical":"https:\/\/www.ralti.de\/?product=lifestraw-personlicher-wasserfilter","og_locale":"de_DE","og_type":"article","og_title":"LifeStraw\u00ae Pers\u00f6nlicher Wasserfilter - Notfallvorsorge - Krisenvorsorge","og_description":"PREISGEKR\u00d6NT: Der LifeStraw Personal Wasserfilter ist ein Muss f\u00fcr Wanderungen, Camping, Reisen, Rucksacktouren und Notf\u00e4lle; Kein \u00dcberlebens- oder Desaster-Kit ist ohne ihn komplett. FOLLOW THE LITERS: F\u00fcr jedes LifeStraw Produkt, das Sie erwerben, wird ein Schulkind in einer Entwicklungsgemeinschaft f\u00fcr ein Schuljahr mit sauberem Trinkwasser versorgt. Im Jahr 2018 hat sich LifeStraw als Ziel gesetzt, mehr als 1 Million Kinder in Afrika unterst\u00fctzt zu haben H\u00d6CHSTE FILTTRATIONSSTANDARDS: Entfernt mindestens 99,9999% der durch Wasser \u00fcbertragene Bakterien, 99,9% der durch Wasser \u00fcbertragene Protozoen Parasiten und filtriert bis auf 0,2 \u03bcm; der LifeStraw \u00fcbertrifft die EU- und EPA-Filterstandards. Er entfernt E. Coli, Giardia und Cryptosporidium Oozysten und viele andere wasserbasierte Schadstoffe INNOVATIVER WASSERFILTER: Der LifeStraw filtert bis zu 1.000 Liter kontaminiertes Wasser ohne Verwendung von Jod, Chlor oder anderen Chemikalien; LifeStraw ben\u00f6tigt keine Batterien, keine beweglichen Teile und keine Chemikalien. Der LifeStraw ist eine gro\u00dfartige und innovative Alternative zu Jodtabletten und sperrigen Filtersystemen","og_url":"https:\/\/www.ralti.de\/?product=lifestraw-personlicher-wasserfilter","og_site_name":"Notfallvorsorge - Krisenvorsorge","og_image":[{"width":500,"height":500,"url":"https:\/\/m.media-amazon.com\/images\/I\/31p4o4RSGzL.jpg","type":"image\/jpeg"}],"twitter_card":"summary_large_image","twitter_misc":{"Gesch\u00e4tzte Lesezeit":"1\u00a0Minute"},"schema":{"@context":"https:\/\/schema.org","@graph":[{"@type":"WebPage","@id":"https:\/\/www.ralti.de\/?product=lifestraw-personlicher-wasserfilter","url":"https:\/\/www.ralti.de\/?product=lifestraw-personlicher-wasserfilter","name":"LifeStraw\u00ae Pers\u00f6nlicher Wasserfilter - Notfallvorsorge - Krisenvorsorge","isPartOf":{"@id":"https:\/\/www.ralti.de\/#website"},"primaryImageOfPage":{"@id":"https:\/\/www.ralti.de\/?product=lifestraw-personlicher-wasserfilter#primaryimage"},"image":{"@id":"https:\/\/www.ralti.de\/?product=lifestraw-personlicher-wasserfilter#primaryimage"},"thumbnailUrl":"https:\/\/m.media-amazon.com\/images\/I\/31p4o4RSGzL.jpg","datePublished":"2025-11-25T11:15:56+00:00","breadcrumb":{"@id":"https:\/\/www.ralti.de\/?product=lifestraw-personlicher-wasserfilter#breadcrumb"},"inLanguage":"de","potentialAction":[{"@type":"ReadAction","target":["https:\/\/www.ralti.de\/?product=lifestraw-personlicher-wasserfilter"]}]},{"@type":"ImageObject","inLanguage":"de","@id":"https:\/\/www.ralti.de\/?product=lifestraw-personlicher-wasserfilter#primaryimage","url":"https:\/\/m.media-amazon.com\/images\/I\/31p4o4RSGzL.jpg","contentUrl":"https:\/\/m.media-amazon.com\/images\/I\/31p4o4RSGzL.jpg","width":500,"height":500},{"@type":"BreadcrumbList","@id":"https:\/\/www.ralti.de\/?product=lifestraw-personlicher-wasserfilter#breadcrumb","itemListElement":[{"@type":"ListItem","position":1,"name":"Start","item":"https:\/\/www.ralti.de\/"},{"@type":"ListItem","position":2,"name":"Notfallartikel","item":"https:\/\/www.ralti.de\/?page_id=14189"},{"@type":"ListItem","position":3,"name":"LifeStraw\u00ae Pers\u00f6nlicher Wasserfilter"}]},{"@type":"WebSite","@id":"https:\/\/www.ralti.de\/#website","url":"https:\/\/www.ralti.de\/","name":"Ralti.de","description":"Hier viele gute Angebote","publisher":{"@id":"https:\/\/www.ralti.de\/#organization"},"potentialAction":[{"@type":"SearchAction","target":{"@type":"EntryPoint","urlTemplate":"https:\/\/www.ralti.de\/?s={search_term_string}"},"query-input":{"@type":"PropertyValueSpecification","valueRequired":true,"valueName":"search_term_string"}}],"inLanguage":"de"},{"@type":"Organization","@id":"https:\/\/www.ralti.de\/#organization","name":"Ralti.de","url":"https:\/\/www.ralti.de\/","logo":{"@type":"ImageObject","inLanguage":"de","@id":"https:\/\/www.ralti.de\/#\/schema\/logo\/image\/","url":"https:\/\/www.ralti.de\/wp-content\/uploads\/2025\/11\/ralti.png","contentUrl":"https:\/\/www.ralti.de\/wp-content\/uploads\/2025\/11\/ralti.png","width":240,"height":75,"caption":"Ralti.de"},"image":{"@id":"https:\/\/www.ralti.de\/#\/schema\/logo\/image\/"}}]}},"_links":{"self":[{"href":"https:\/\/www.ralti.de\/index.php?rest_route=\/wp\/v2\/product\/9285","targetHints":{"allow":["GET"]}}],"collection":[{"href":"https:\/\/www.ralti.de\/index.php?rest_route=\/wp\/v2\/product"}],"about":[{"href":"https:\/\/www.ralti.de\/index.php?rest_route=\/wp\/v2\/types\/product"}],"replies":[{"embeddable":true,"href":"https:\/\/www.ralti.de\/index.php?rest_route=%2Fwp%2Fv2%2Fcomments&post=9285"}],"wp:featuredmedia":[{"embeddable":true,"href":"https:\/\/www.ralti.de\/index.php?rest_route=\/wp\/v2\/media\/9286"}],"wp:attachment":[{"href":"https:\/\/www.ralti.de\/index.php?rest_route=%2Fwp%2Fv2%2Fmedia&parent=9285"}],"wp:term":[{"taxonomy":"product_brand","embeddable":true,"href":"https:\/\/www.ralti.de\/index.php?rest_route=%2Fwp%2Fv2%2Fproduct_brand&post=9285"},{"taxonomy":"product_cat","embeddable":true,"href":"https:\/\/www.ralti.de\/index.php?rest_route=%2Fwp%2Fv2%2Fproduct_cat&post=9285"},{"taxonomy":"product_tag","embeddable":true,"href":"https:\/\/www.ralti.de\/index.php?rest_route=%2Fwp%2Fv2%2Fproduct_tag&post=9285"}],"curies":[{"name":"wp","href":"https:\/\/api.w.org\/{rel}","templated":true}]}}