{"id":9303,"date":"2025-11-25T11:15:59","date_gmt":"2025-11-25T11:15:59","guid":{"rendered":"https:\/\/www.ralti.de\/shop-2\/uncategorized\/golden-icepure-wasserfilter-kuhlschrank-kompatibel-mit-samsung-da29-10105j-da29-10105j-hafex-exp-da99-02131b-wsf-100-ef9603-haier-lg-inline-kuhlschrank2-stuck\/"},"modified":"2025-11-25T11:15:59","modified_gmt":"2025-11-25T11:15:59","slug":"golden-icepure-wasserfilter-kuhlschrank-kompatibel-mit-samsung-da29-10105j-da29-10105j-hafex-exp-da99-02131b-wsf-100-ef9603-haier-lg-inline-kuhlschrank2-stuck","status":"publish","type":"product","link":"https:\/\/www.ralti.de\/?product=golden-icepure-wasserfilter-kuhlschrank-kompatibel-mit-samsung-da29-10105j-da29-10105j-hafex-exp-da99-02131b-wsf-100-ef9603-haier-lg-inline-kuhlschrank2-stuck","title":{"rendered":"GOLDEN ICEPURE Wasserfilter K\u00fchlschrank Kompatibel mit Samsung DA29-10105J, DA29-10105J HAFEX\/EXP, DA99-02131B, WSF-100, EF9603, HAIER LG Inline-K\u00fchlschrank,2 St\u00fcck"},"content":{"rendered":"<p>KOMPATIBEL MIT Samsung DA29-10105J, EF-9603, WSF-100, HAFEX\/EXP, DA29-10105C, DA29-10105E, DA99-02131B, BL-980808 , K320 10CB, LG 5231JA2010B, 5231JA2010A, 5231JA2003B, 3650JD8050A, 3890JC2990A, 5231JA2010C, LG BL-9808 BL-9303, Haier 0060823485A. ACHTUNG: Die Nutzung der Markennamen dient rein zur Verdeutlichung der Kompatibilit\u00e4t.<br \/>\nZERTIFIZIERTE FERTIGUNG UND QUALIT\u00c4T: Wir machen bei Wasserfiltern und Ihrer GESUNDHEIT keine Kompromisse. Die Filter von GOLDEN ICEPURE sind alle nach g\u00e4ngigen Standards von renommierten Instituten gepr\u00fcft und zertifiziert. Der IAPMO und andere haben unser Produkt gepr\u00fcft und seine Funktion sowie seine Vertr\u00e4glichkeit mit allen geltenden Regularien best\u00e4tigt.<br \/>\nINNOVATIVE FILTERRECHNOLOGIE: Unsere innovative Mehrschicht-Filtertechnologie macht unsere Wasserfilter besonders effizient. Die GOLDEN ICEPURE Wasserfilter f\u00fcr Kaffeevollautomaten filtern durch den Einsatz von Aktivkohle und Harzen Bestandteile wie Chlor oder Calcium aus dem Wasser, was die Qualit\u00e4t, die H\u00e4rte und den Geschmack des Wassers massiv verbessert. Zus\u00e4tzlich werden Kleinstteile an Kunststoff und anderen Verunreinigungen heraus gefiltert.<br \/>\nPREMIUN FILTERMATERIAL: Unser Material ist lebensmitteltauglich, harz- und natriumfrei und reduziert die Kalkablagerungen im Wasser. Der Filter f\u00fchrt au\u00dferdem zu weicherem Wasser, was die Maschine schont und langlebiger macht.<br \/>\nHINWEIS: Vor der ersten Benutzung den Filter f\u00fcr 5-10 Minuten in sauberes Leitungswasser legen, um ihn zu sp\u00fclen und Luftblasen zu entfernen. F\u00fcr beste Ergebnisse empfehlen wir, den Filter alle 6 Monate auszutauschen. Die H\u00e4ufigkeit h\u00e4ngt von der Wasserqualit\u00e4t ab.<br \/>\n<div class=\"main-cross-sell\" data-asin=\"B07DCRN38R\">\n\n\t<div class=\"WooZone-cross-sell-loader\">\n\t\t<div>\n\t\t\t<div id=\"floatingBarsG\">\n\t\t\t\t<div class=\"blockG\" id=\"rotateG_01\"><\/div>\n\t\t\t\t<div class=\"blockG\" id=\"rotateG_02\"><\/div>\n\t\t\t\t<div class=\"blockG\" id=\"rotateG_03\"><\/div>\n\t\t\t\t<div class=\"blockG\" id=\"rotateG_04\"><\/div>\n\t\t\t\t<div class=\"blockG\" id=\"rotateG_05\"><\/div>\n\t\t\t\t<div class=\"blockG\" id=\"rotateG_06\"><\/div>\n\t\t\t\t<div class=\"blockG\" id=\"rotateG_07\"><\/div>\n\t\t\t\t<div class=\"blockG\" id=\"rotateG_08\"><\/div>\n\t\t\t<\/div>\n\t\t\t<div class=\"WooZone-cross-sell-loader-text\"><\/div>\n\t\t<\/div>\n\t<\/div>\n\n\t\t\n<\/div>\n<div style=\"clear:both;\"><\/div>\n","protected":false},"excerpt":{"rendered":"<p>KOMPATIBEL MIT Samsung DA29-10105J, EF-9603, WSF-100, HAFEX\/EXP, DA29-10105C, DA29-10105E, DA99-02131B, BL-980808 , K320 10CB, LG 5231JA2010B, 5231JA2010A, 5231JA2003B, 3650JD8050A, 3890JC2990A, 5231JA2010C, LG BL-9808 BL-9303, Haier 0060823485A. ACHTUNG: Die Nutzung der Markennamen dient rein zur Verdeutlichung der Kompatibilit\u00e4t.<br \/>\nZERTIFIZIERTE FERTIGUNG UND QUALIT\u00c4T: Wir machen bei Wasserfiltern und Ihrer GESUNDHEIT keine Kompromisse. Die Filter von GOLDEN ICEPURE sind alle nach g\u00e4ngigen Standards von renommierten Instituten gepr\u00fcft und zertifiziert. Der IAPMO und andere haben unser Produkt gepr\u00fcft und seine Funktion sowie seine Vertr\u00e4glichkeit mit allen geltenden Regularien best\u00e4tigt.<br \/>\nINNOVATIVE FILTERRECHNOLOGIE: Unsere innovative Mehrschicht-Filtertechnologie macht unsere Wasserfilter besonders effizient. Die GOLDEN ICEPURE Wasserfilter f\u00fcr Kaffeevollautomaten filtern durch den Einsatz von Aktivkohle und Harzen Bestandteile wie Chlor oder Calcium aus dem Wasser, was die Qualit\u00e4t, die H\u00e4rte und den Geschmack des Wassers massiv verbessert. Zus\u00e4tzlich werden Kleinstteile an Kunststoff und anderen Verunreinigungen heraus gefiltert.<\/p>\n","protected":false},"featured_media":9304,"comment_status":"open","ping_status":"closed","template":"","meta":{"_acf_changed":false},"product_brand":[],"product_cat":[238,243],"product_tag":[],"class_list":{"0":"post-9303","1":"product","2":"type-product","3":"status-publish","4":"has-post-thumbnail","6":"product_cat-lebensmittel","7":"product_cat-wasserfilter-und-reiniger","9":"first","10":"instock","11":"sale","12":"shipping-taxable","13":"product-type-external"},"acf":[],"yoast_head":"<!-- This site is optimized with the Yoast SEO plugin v27.3 - https:\/\/yoast.com\/product\/yoast-seo-wordpress\/ -->\n<title>GOLDEN ICEPURE Wasserfilter K\u00fchlschrank Kompatibel mit Samsung DA29-10105J, DA29-10105J HAFEX\/EXP, DA99-02131B, WSF-100, EF9603, HAIER LG Inline-K\u00fchlschrank,2 St\u00fcck - Notfallvorsorge - Krisenvorsorge<\/title>\n<meta name=\"robots\" content=\"index, follow, max-snippet:-1, max-image-preview:large, max-video-preview:-1\" \/>\n<link rel=\"canonical\" href=\"https:\/\/www.ralti.de\/?product=golden-icepure-wasserfilter-kuhlschrank-kompatibel-mit-samsung-da29-10105j-da29-10105j-hafex-exp-da99-02131b-wsf-100-ef9603-haier-lg-inline-kuhlschrank2-stuck\" \/>\n<meta property=\"og:locale\" content=\"de_DE\" \/>\n<meta property=\"og:type\" content=\"article\" \/>\n<meta property=\"og:title\" content=\"GOLDEN ICEPURE Wasserfilter K\u00fchlschrank Kompatibel mit Samsung DA29-10105J, DA29-10105J HAFEX\/EXP, DA99-02131B, WSF-100, EF9603, HAIER LG Inline-K\u00fchlschrank,2 St\u00fcck - Notfallvorsorge - Krisenvorsorge\" \/>\n<meta property=\"og:description\" content=\"KOMPATIBEL MIT Samsung DA29-10105J, EF-9603, WSF-100, HAFEX\/EXP, DA29-10105C, DA29-10105E, DA99-02131B, BL-980808 , K320 10CB, LG 5231JA2010B, 5231JA2010A, 5231JA2003B, 3650JD8050A, 3890JC2990A, 5231JA2010C, LG BL-9808 BL-9303, Haier 0060823485A. ACHTUNG: Die Nutzung der Markennamen dient rein zur Verdeutlichung der Kompatibilit\u00e4t. ZERTIFIZIERTE FERTIGUNG UND QUALIT\u00c4T: Wir machen bei Wasserfiltern und Ihrer GESUNDHEIT keine Kompromisse. Die Filter von GOLDEN ICEPURE sind alle nach g\u00e4ngigen Standards von renommierten Instituten gepr\u00fcft und zertifiziert. Der IAPMO und andere haben unser Produkt gepr\u00fcft und seine Funktion sowie seine Vertr\u00e4glichkeit mit allen geltenden Regularien best\u00e4tigt. INNOVATIVE FILTERRECHNOLOGIE: Unsere innovative Mehrschicht-Filtertechnologie macht unsere Wasserfilter besonders effizient. Die GOLDEN ICEPURE Wasserfilter f\u00fcr Kaffeevollautomaten filtern durch den Einsatz von Aktivkohle und Harzen Bestandteile wie Chlor oder Calcium aus dem Wasser, was die Qualit\u00e4t, die H\u00e4rte und den Geschmack des Wassers massiv verbessert. Zus\u00e4tzlich werden Kleinstteile an Kunststoff und anderen Verunreinigungen heraus gefiltert.\" \/>\n<meta property=\"og:url\" content=\"https:\/\/www.ralti.de\/?product=golden-icepure-wasserfilter-kuhlschrank-kompatibel-mit-samsung-da29-10105j-da29-10105j-hafex-exp-da99-02131b-wsf-100-ef9603-haier-lg-inline-kuhlschrank2-stuck\" \/>\n<meta property=\"og:site_name\" content=\"Notfallvorsorge - Krisenvorsorge\" \/>\n<meta property=\"og:image\" content=\"https:\/\/m.media-amazon.com\/images\/I\/41J1qXUDlzL.jpg\" \/>\n\t<meta property=\"og:image:width\" content=\"500\" \/>\n\t<meta property=\"og:image:height\" content=\"500\" \/>\n\t<meta property=\"og:image:type\" content=\"image\/jpeg\" \/>\n<meta name=\"twitter:card\" content=\"summary_large_image\" \/>\n<meta name=\"twitter:label1\" content=\"Gesch\u00e4tzte Lesezeit\" \/>\n\t<meta name=\"twitter:data1\" content=\"1\u00a0Minute\" \/>\n<script type=\"application\/ld+json\" class=\"yoast-schema-graph\">{\"@context\":\"https:\\\/\\\/schema.org\",\"@graph\":[{\"@type\":\"WebPage\",\"@id\":\"https:\\\/\\\/www.ralti.de\\\/?product=golden-icepure-wasserfilter-kuhlschrank-kompatibel-mit-samsung-da29-10105j-da29-10105j-hafex-exp-da99-02131b-wsf-100-ef9603-haier-lg-inline-kuhlschrank2-stuck\",\"url\":\"https:\\\/\\\/www.ralti.de\\\/?product=golden-icepure-wasserfilter-kuhlschrank-kompatibel-mit-samsung-da29-10105j-da29-10105j-hafex-exp-da99-02131b-wsf-100-ef9603-haier-lg-inline-kuhlschrank2-stuck\",\"name\":\"GOLDEN ICEPURE Wasserfilter K\u00fchlschrank Kompatibel mit Samsung DA29-10105J, DA29-10105J HAFEX\\\/EXP, DA99-02131B, WSF-100, EF9603, HAIER LG Inline-K\u00fchlschrank,2 St\u00fcck - Notfallvorsorge - Krisenvorsorge\",\"isPartOf\":{\"@id\":\"https:\\\/\\\/www.ralti.de\\\/#website\"},\"primaryImageOfPage\":{\"@id\":\"https:\\\/\\\/www.ralti.de\\\/?product=golden-icepure-wasserfilter-kuhlschrank-kompatibel-mit-samsung-da29-10105j-da29-10105j-hafex-exp-da99-02131b-wsf-100-ef9603-haier-lg-inline-kuhlschrank2-stuck#primaryimage\"},\"image\":{\"@id\":\"https:\\\/\\\/www.ralti.de\\\/?product=golden-icepure-wasserfilter-kuhlschrank-kompatibel-mit-samsung-da29-10105j-da29-10105j-hafex-exp-da99-02131b-wsf-100-ef9603-haier-lg-inline-kuhlschrank2-stuck#primaryimage\"},\"thumbnailUrl\":\"https:\\\/\\\/m.media-amazon.com\\\/images\\\/I\\\/41J1qXUDlzL.jpg\",\"datePublished\":\"2025-11-25T11:15:59+00:00\",\"breadcrumb\":{\"@id\":\"https:\\\/\\\/www.ralti.de\\\/?product=golden-icepure-wasserfilter-kuhlschrank-kompatibel-mit-samsung-da29-10105j-da29-10105j-hafex-exp-da99-02131b-wsf-100-ef9603-haier-lg-inline-kuhlschrank2-stuck#breadcrumb\"},\"inLanguage\":\"de\",\"potentialAction\":[{\"@type\":\"ReadAction\",\"target\":[\"https:\\\/\\\/www.ralti.de\\\/?product=golden-icepure-wasserfilter-kuhlschrank-kompatibel-mit-samsung-da29-10105j-da29-10105j-hafex-exp-da99-02131b-wsf-100-ef9603-haier-lg-inline-kuhlschrank2-stuck\"]}]},{\"@type\":\"ImageObject\",\"inLanguage\":\"de\",\"@id\":\"https:\\\/\\\/www.ralti.de\\\/?product=golden-icepure-wasserfilter-kuhlschrank-kompatibel-mit-samsung-da29-10105j-da29-10105j-hafex-exp-da99-02131b-wsf-100-ef9603-haier-lg-inline-kuhlschrank2-stuck#primaryimage\",\"url\":\"https:\\\/\\\/m.media-amazon.com\\\/images\\\/I\\\/41J1qXUDlzL.jpg\",\"contentUrl\":\"https:\\\/\\\/m.media-amazon.com\\\/images\\\/I\\\/41J1qXUDlzL.jpg\",\"width\":500,\"height\":500},{\"@type\":\"BreadcrumbList\",\"@id\":\"https:\\\/\\\/www.ralti.de\\\/?product=golden-icepure-wasserfilter-kuhlschrank-kompatibel-mit-samsung-da29-10105j-da29-10105j-hafex-exp-da99-02131b-wsf-100-ef9603-haier-lg-inline-kuhlschrank2-stuck#breadcrumb\",\"itemListElement\":[{\"@type\":\"ListItem\",\"position\":1,\"name\":\"Start\",\"item\":\"https:\\\/\\\/www.ralti.de\\\/\"},{\"@type\":\"ListItem\",\"position\":2,\"name\":\"Notfallartikel\",\"item\":\"https:\\\/\\\/www.ralti.de\\\/?page_id=14189\"},{\"@type\":\"ListItem\",\"position\":3,\"name\":\"GOLDEN ICEPURE Wasserfilter K\u00fchlschrank Kompatibel mit Samsung DA29-10105J, DA29-10105J HAFEX\\\/EXP, DA99-02131B, WSF-100, EF9603, HAIER LG Inline-K\u00fchlschrank,2 St\u00fcck\"}]},{\"@type\":\"WebSite\",\"@id\":\"https:\\\/\\\/www.ralti.de\\\/#website\",\"url\":\"https:\\\/\\\/www.ralti.de\\\/\",\"name\":\"Ralti.de\",\"description\":\"Hier viele gute Angebote\",\"publisher\":{\"@id\":\"https:\\\/\\\/www.ralti.de\\\/#organization\"},\"potentialAction\":[{\"@type\":\"SearchAction\",\"target\":{\"@type\":\"EntryPoint\",\"urlTemplate\":\"https:\\\/\\\/www.ralti.de\\\/?s={search_term_string}\"},\"query-input\":{\"@type\":\"PropertyValueSpecification\",\"valueRequired\":true,\"valueName\":\"search_term_string\"}}],\"inLanguage\":\"de\"},{\"@type\":\"Organization\",\"@id\":\"https:\\\/\\\/www.ralti.de\\\/#organization\",\"name\":\"Ralti.de\",\"url\":\"https:\\\/\\\/www.ralti.de\\\/\",\"logo\":{\"@type\":\"ImageObject\",\"inLanguage\":\"de\",\"@id\":\"https:\\\/\\\/www.ralti.de\\\/#\\\/schema\\\/logo\\\/image\\\/\",\"url\":\"https:\\\/\\\/www.ralti.de\\\/wp-content\\\/uploads\\\/2025\\\/11\\\/ralti.png\",\"contentUrl\":\"https:\\\/\\\/www.ralti.de\\\/wp-content\\\/uploads\\\/2025\\\/11\\\/ralti.png\",\"width\":240,\"height\":75,\"caption\":\"Ralti.de\"},\"image\":{\"@id\":\"https:\\\/\\\/www.ralti.de\\\/#\\\/schema\\\/logo\\\/image\\\/\"}}]}<\/script>\n<!-- \/ Yoast SEO plugin. -->","yoast_head_json":{"title":"GOLDEN ICEPURE Wasserfilter K\u00fchlschrank Kompatibel mit Samsung DA29-10105J, DA29-10105J HAFEX\/EXP, DA99-02131B, WSF-100, EF9603, HAIER LG Inline-K\u00fchlschrank,2 St\u00fcck - Notfallvorsorge - Krisenvorsorge","robots":{"index":"index","follow":"follow","max-snippet":"max-snippet:-1","max-image-preview":"max-image-preview:large","max-video-preview":"max-video-preview:-1"},"canonical":"https:\/\/www.ralti.de\/?product=golden-icepure-wasserfilter-kuhlschrank-kompatibel-mit-samsung-da29-10105j-da29-10105j-hafex-exp-da99-02131b-wsf-100-ef9603-haier-lg-inline-kuhlschrank2-stuck","og_locale":"de_DE","og_type":"article","og_title":"GOLDEN ICEPURE Wasserfilter K\u00fchlschrank Kompatibel mit Samsung DA29-10105J, DA29-10105J HAFEX\/EXP, DA99-02131B, WSF-100, EF9603, HAIER LG Inline-K\u00fchlschrank,2 St\u00fcck - Notfallvorsorge - Krisenvorsorge","og_description":"KOMPATIBEL MIT Samsung DA29-10105J, EF-9603, WSF-100, HAFEX\/EXP, DA29-10105C, DA29-10105E, DA99-02131B, BL-980808 , K320 10CB, LG 5231JA2010B, 5231JA2010A, 5231JA2003B, 3650JD8050A, 3890JC2990A, 5231JA2010C, LG BL-9808 BL-9303, Haier 0060823485A. ACHTUNG: Die Nutzung der Markennamen dient rein zur Verdeutlichung der Kompatibilit\u00e4t. ZERTIFIZIERTE FERTIGUNG UND QUALIT\u00c4T: Wir machen bei Wasserfiltern und Ihrer GESUNDHEIT keine Kompromisse. Die Filter von GOLDEN ICEPURE sind alle nach g\u00e4ngigen Standards von renommierten Instituten gepr\u00fcft und zertifiziert. Der IAPMO und andere haben unser Produkt gepr\u00fcft und seine Funktion sowie seine Vertr\u00e4glichkeit mit allen geltenden Regularien best\u00e4tigt. INNOVATIVE FILTERRECHNOLOGIE: Unsere innovative Mehrschicht-Filtertechnologie macht unsere Wasserfilter besonders effizient. Die GOLDEN ICEPURE Wasserfilter f\u00fcr Kaffeevollautomaten filtern durch den Einsatz von Aktivkohle und Harzen Bestandteile wie Chlor oder Calcium aus dem Wasser, was die Qualit\u00e4t, die H\u00e4rte und den Geschmack des Wassers massiv verbessert. Zus\u00e4tzlich werden Kleinstteile an Kunststoff und anderen Verunreinigungen heraus gefiltert.","og_url":"https:\/\/www.ralti.de\/?product=golden-icepure-wasserfilter-kuhlschrank-kompatibel-mit-samsung-da29-10105j-da29-10105j-hafex-exp-da99-02131b-wsf-100-ef9603-haier-lg-inline-kuhlschrank2-stuck","og_site_name":"Notfallvorsorge - Krisenvorsorge","og_image":[{"width":500,"height":500,"url":"https:\/\/m.media-amazon.com\/images\/I\/41J1qXUDlzL.jpg","type":"image\/jpeg"}],"twitter_card":"summary_large_image","twitter_misc":{"Gesch\u00e4tzte Lesezeit":"1\u00a0Minute"},"schema":{"@context":"https:\/\/schema.org","@graph":[{"@type":"WebPage","@id":"https:\/\/www.ralti.de\/?product=golden-icepure-wasserfilter-kuhlschrank-kompatibel-mit-samsung-da29-10105j-da29-10105j-hafex-exp-da99-02131b-wsf-100-ef9603-haier-lg-inline-kuhlschrank2-stuck","url":"https:\/\/www.ralti.de\/?product=golden-icepure-wasserfilter-kuhlschrank-kompatibel-mit-samsung-da29-10105j-da29-10105j-hafex-exp-da99-02131b-wsf-100-ef9603-haier-lg-inline-kuhlschrank2-stuck","name":"GOLDEN ICEPURE Wasserfilter K\u00fchlschrank Kompatibel mit Samsung DA29-10105J, DA29-10105J HAFEX\/EXP, DA99-02131B, WSF-100, EF9603, HAIER LG Inline-K\u00fchlschrank,2 St\u00fcck - Notfallvorsorge - Krisenvorsorge","isPartOf":{"@id":"https:\/\/www.ralti.de\/#website"},"primaryImageOfPage":{"@id":"https:\/\/www.ralti.de\/?product=golden-icepure-wasserfilter-kuhlschrank-kompatibel-mit-samsung-da29-10105j-da29-10105j-hafex-exp-da99-02131b-wsf-100-ef9603-haier-lg-inline-kuhlschrank2-stuck#primaryimage"},"image":{"@id":"https:\/\/www.ralti.de\/?product=golden-icepure-wasserfilter-kuhlschrank-kompatibel-mit-samsung-da29-10105j-da29-10105j-hafex-exp-da99-02131b-wsf-100-ef9603-haier-lg-inline-kuhlschrank2-stuck#primaryimage"},"thumbnailUrl":"https:\/\/m.media-amazon.com\/images\/I\/41J1qXUDlzL.jpg","datePublished":"2025-11-25T11:15:59+00:00","breadcrumb":{"@id":"https:\/\/www.ralti.de\/?product=golden-icepure-wasserfilter-kuhlschrank-kompatibel-mit-samsung-da29-10105j-da29-10105j-hafex-exp-da99-02131b-wsf-100-ef9603-haier-lg-inline-kuhlschrank2-stuck#breadcrumb"},"inLanguage":"de","potentialAction":[{"@type":"ReadAction","target":["https:\/\/www.ralti.de\/?product=golden-icepure-wasserfilter-kuhlschrank-kompatibel-mit-samsung-da29-10105j-da29-10105j-hafex-exp-da99-02131b-wsf-100-ef9603-haier-lg-inline-kuhlschrank2-stuck"]}]},{"@type":"ImageObject","inLanguage":"de","@id":"https:\/\/www.ralti.de\/?product=golden-icepure-wasserfilter-kuhlschrank-kompatibel-mit-samsung-da29-10105j-da29-10105j-hafex-exp-da99-02131b-wsf-100-ef9603-haier-lg-inline-kuhlschrank2-stuck#primaryimage","url":"https:\/\/m.media-amazon.com\/images\/I\/41J1qXUDlzL.jpg","contentUrl":"https:\/\/m.media-amazon.com\/images\/I\/41J1qXUDlzL.jpg","width":500,"height":500},{"@type":"BreadcrumbList","@id":"https:\/\/www.ralti.de\/?product=golden-icepure-wasserfilter-kuhlschrank-kompatibel-mit-samsung-da29-10105j-da29-10105j-hafex-exp-da99-02131b-wsf-100-ef9603-haier-lg-inline-kuhlschrank2-stuck#breadcrumb","itemListElement":[{"@type":"ListItem","position":1,"name":"Start","item":"https:\/\/www.ralti.de\/"},{"@type":"ListItem","position":2,"name":"Notfallartikel","item":"https:\/\/www.ralti.de\/?page_id=14189"},{"@type":"ListItem","position":3,"name":"GOLDEN ICEPURE Wasserfilter K\u00fchlschrank Kompatibel mit Samsung DA29-10105J, DA29-10105J HAFEX\/EXP, DA99-02131B, WSF-100, EF9603, HAIER LG Inline-K\u00fchlschrank,2 St\u00fcck"}]},{"@type":"WebSite","@id":"https:\/\/www.ralti.de\/#website","url":"https:\/\/www.ralti.de\/","name":"Ralti.de","description":"Hier viele gute Angebote","publisher":{"@id":"https:\/\/www.ralti.de\/#organization"},"potentialAction":[{"@type":"SearchAction","target":{"@type":"EntryPoint","urlTemplate":"https:\/\/www.ralti.de\/?s={search_term_string}"},"query-input":{"@type":"PropertyValueSpecification","valueRequired":true,"valueName":"search_term_string"}}],"inLanguage":"de"},{"@type":"Organization","@id":"https:\/\/www.ralti.de\/#organization","name":"Ralti.de","url":"https:\/\/www.ralti.de\/","logo":{"@type":"ImageObject","inLanguage":"de","@id":"https:\/\/www.ralti.de\/#\/schema\/logo\/image\/","url":"https:\/\/www.ralti.de\/wp-content\/uploads\/2025\/11\/ralti.png","contentUrl":"https:\/\/www.ralti.de\/wp-content\/uploads\/2025\/11\/ralti.png","width":240,"height":75,"caption":"Ralti.de"},"image":{"@id":"https:\/\/www.ralti.de\/#\/schema\/logo\/image\/"}}]}},"_links":{"self":[{"href":"https:\/\/www.ralti.de\/index.php?rest_route=\/wp\/v2\/product\/9303","targetHints":{"allow":["GET"]}}],"collection":[{"href":"https:\/\/www.ralti.de\/index.php?rest_route=\/wp\/v2\/product"}],"about":[{"href":"https:\/\/www.ralti.de\/index.php?rest_route=\/wp\/v2\/types\/product"}],"replies":[{"embeddable":true,"href":"https:\/\/www.ralti.de\/index.php?rest_route=%2Fwp%2Fv2%2Fcomments&post=9303"}],"wp:featuredmedia":[{"embeddable":true,"href":"https:\/\/www.ralti.de\/index.php?rest_route=\/wp\/v2\/media\/9304"}],"wp:attachment":[{"href":"https:\/\/www.ralti.de\/index.php?rest_route=%2Fwp%2Fv2%2Fmedia&parent=9303"}],"wp:term":[{"taxonomy":"product_brand","embeddable":true,"href":"https:\/\/www.ralti.de\/index.php?rest_route=%2Fwp%2Fv2%2Fproduct_brand&post=9303"},{"taxonomy":"product_cat","embeddable":true,"href":"https:\/\/www.ralti.de\/index.php?rest_route=%2Fwp%2Fv2%2Fproduct_cat&post=9303"},{"taxonomy":"product_tag","embeddable":true,"href":"https:\/\/www.ralti.de\/index.php?rest_route=%2Fwp%2Fv2%2Fproduct_tag&post=9303"}],"curies":[{"name":"wp","href":"https:\/\/api.w.org\/{rel}","templated":true}]}}