{"id":9375,"date":"2025-11-25T11:16:16","date_gmt":"2025-11-25T11:16:16","guid":{"rendered":"https:\/\/www.ralti.de\/shop-2\/uncategorized\/wasserfilter-fur-siemens-eq-series-eq3-eq6-eq9-eq500-s700-wasserfilter-kaffeevollautomat-fur-bosch-vero-tz70003-tcz7003-467873-siemens-3200-neff-c77v60-series-4-stuck-1er-pack\/"},"modified":"2025-11-25T11:16:16","modified_gmt":"2025-11-25T11:16:16","slug":"wasserfilter-fur-siemens-eq-series-eq3-eq6-eq9-eq500-s700-wasserfilter-kaffeevollautomat-fur-bosch-vero-tz70003-tcz7003-467873-siemens-3200-neff-c77v60-series-4-stuck-1er-pack","status":"publish","type":"product","link":"https:\/\/www.ralti.de\/?product=wasserfilter-fur-siemens-eq-series-eq3-eq6-eq9-eq500-s700-wasserfilter-kaffeevollautomat-fur-bosch-vero-tz70003-tcz7003-467873-siemens-3200-neff-c77v60-series-4-stuck-1er-pack","title":{"rendered":"Wasserfilter f\u00fcr Siemens EQ Series, EQ3\/EQ6\/EQ9, EQ500, S700, Wasserfilter Kaffeevollautomat f\u00fcr Bosch Vero, TZ70003\/TCZ7003\/467873, Siemens 3200, Neff C77V60 Series (4 St\u00fcck (1er Pack))"},"content":{"rendered":"<p>Anwendbares Modell: Kompatibel mit Siemens EQ Series und plus series, EQ3\/5\/6 Plus\/7\/8\/9, Ersatz f\u00fcr Bosch TCZ-7003, TCZ7033, Siemens TZ70003\/TCZ7003,TES71151, 12008246, 467873, Ersatz f\u00fcr Brita Intenza Temial, Bosch TES71151, UNIWATER 1301, Vero\/TCA7\/TCC7 Series, NEFF C77V60N Serie<br \/>\nHocheffiziente Filtration: Der Wasserfilter ist mit hochwertigen Ionenaustauschern und k\u00f6rniger Aktivkohle ausgestattet, die Restchlor, Geschmack, Sedimente, Schwermetalle und andere potenziell sch\u00e4dliche Schadstoffe im Wasser wirksam reduzieren k\u00f6nnen. Und sauberes Wasser erhalten<br \/>\nEinfache Bedienung: 1. Legen Sie den wasserfilter 5-10 Minuten lang in flie\u00dfendes Leitungswasser, um Luftblasen zu entfernen. 2. Setzen Sie den filter zur Verwendung in den Wassertank ein<br \/>\nHinweis: Die maximale Filterlebensdauer betr\u00e4gt nicht mehr als 2 Monate. Bitte verk\u00fcrzen Sie die Austauschzeit, wenn die Wasserqualit\u00e4t schlecht ist. (Das obere Fenster des Wasserreinigers dient zur Aufzeichnung der Nutzungsdauer)<br \/>\nPremium Qualit\u00e4t: Diese Wasserfilter sind gepr\u00fcft und zertifiziert und die Kunststoffbeschichtung des Filterelements weist eine gute Dichtleistung auf, die verhindert, dass die Aktivkohle im Filterelement in den Wassertank flie\u00dft<br \/>\n<div class=\"main-cross-sell\" data-asin=\"B0CPY5F2MH\">\n\n\t<div class=\"WooZone-cross-sell-loader\">\n\t\t<div>\n\t\t\t<div id=\"floatingBarsG\">\n\t\t\t\t<div class=\"blockG\" id=\"rotateG_01\"><\/div>\n\t\t\t\t<div class=\"blockG\" id=\"rotateG_02\"><\/div>\n\t\t\t\t<div class=\"blockG\" id=\"rotateG_03\"><\/div>\n\t\t\t\t<div class=\"blockG\" id=\"rotateG_04\"><\/div>\n\t\t\t\t<div class=\"blockG\" id=\"rotateG_05\"><\/div>\n\t\t\t\t<div class=\"blockG\" id=\"rotateG_06\"><\/div>\n\t\t\t\t<div class=\"blockG\" id=\"rotateG_07\"><\/div>\n\t\t\t\t<div class=\"blockG\" id=\"rotateG_08\"><\/div>\n\t\t\t<\/div>\n\t\t\t<div class=\"WooZone-cross-sell-loader-text\"><\/div>\n\t\t<\/div>\n\t<\/div>\n\n\t\t\n<\/div>\n<div style=\"clear:both;\"><\/div>\n","protected":false},"excerpt":{"rendered":"<p>Anwendbares Modell: Kompatibel mit Siemens EQ Series und plus series, EQ3\/5\/6 Plus\/7\/8\/9, Ersatz f\u00fcr Bosch TCZ-7003, TCZ7033, Siemens TZ70003\/TCZ7003,TES71151, 12008246, 467873, Ersatz f\u00fcr Brita Intenza Temial, Bosch TES71151, UNIWATER 1301, Vero\/TCA7\/TCC7 Series, NEFF C77V60N Serie<br \/>\nHocheffiziente Filtration: Der Wasserfilter ist mit hochwertigen Ionenaustauschern und k\u00f6rniger Aktivkohle ausgestattet, die Restchlor, Geschmack, Sedimente, Schwermetalle und andere potenziell sch\u00e4dliche Schadstoffe im Wasser wirksam reduzieren k\u00f6nnen. Und sauberes Wasser erhalten<br \/>\nEinfache Bedienung: 1. Legen Sie den wasserfilter 5-10 Minuten lang in flie\u00dfendes Leitungswasser, um Luftblasen zu entfernen. 2. Setzen Sie den filter zur Verwendung in den Wassertank ein<\/p>\n","protected":false},"featured_media":9376,"comment_status":"open","ping_status":"closed","template":"","meta":{"_acf_changed":false},"product_brand":[],"product_cat":[238,243],"product_tag":[],"class_list":{"0":"post-9375","1":"product","2":"type-product","3":"status-publish","4":"has-post-thumbnail","6":"product_cat-lebensmittel","7":"product_cat-wasserfilter-und-reiniger","9":"first","10":"instock","11":"shipping-taxable","12":"product-type-external"},"acf":[],"yoast_head":"<!-- This site is optimized with the Yoast SEO plugin v27.3 - https:\/\/yoast.com\/product\/yoast-seo-wordpress\/ -->\n<title>Wasserfilter f\u00fcr Siemens EQ Series, EQ3\/EQ6\/EQ9, EQ500, S700, Wasserfilter Kaffeevollautomat f\u00fcr Bosch Vero, TZ70003\/TCZ7003\/467873, Siemens 3200, Neff C77V60 Series (4 St\u00fcck (1er Pack)) - Notfallvorsorge - Krisenvorsorge<\/title>\n<meta name=\"robots\" content=\"index, follow, max-snippet:-1, max-image-preview:large, max-video-preview:-1\" \/>\n<link rel=\"canonical\" href=\"https:\/\/www.ralti.de\/?product=wasserfilter-fur-siemens-eq-series-eq3-eq6-eq9-eq500-s700-wasserfilter-kaffeevollautomat-fur-bosch-vero-tz70003-tcz7003-467873-siemens-3200-neff-c77v60-series-4-stuck-1er-pack\" \/>\n<meta property=\"og:locale\" content=\"de_DE\" \/>\n<meta property=\"og:type\" content=\"article\" \/>\n<meta property=\"og:title\" content=\"Wasserfilter f\u00fcr Siemens EQ Series, EQ3\/EQ6\/EQ9, EQ500, S700, Wasserfilter Kaffeevollautomat f\u00fcr Bosch Vero, TZ70003\/TCZ7003\/467873, Siemens 3200, Neff C77V60 Series (4 St\u00fcck (1er Pack)) - Notfallvorsorge - Krisenvorsorge\" \/>\n<meta property=\"og:description\" content=\"Anwendbares Modell: Kompatibel mit Siemens EQ Series und plus series, EQ3\/5\/6 Plus\/7\/8\/9, Ersatz f\u00fcr Bosch TCZ-7003, TCZ7033, Siemens TZ70003\/TCZ7003,TES71151, 12008246, 467873, Ersatz f\u00fcr Brita Intenza Temial, Bosch TES71151, UNIWATER 1301, Vero\/TCA7\/TCC7 Series, NEFF C77V60N Serie Hocheffiziente Filtration: Der Wasserfilter ist mit hochwertigen Ionenaustauschern und k\u00f6rniger Aktivkohle ausgestattet, die Restchlor, Geschmack, Sedimente, Schwermetalle und andere potenziell sch\u00e4dliche Schadstoffe im Wasser wirksam reduzieren k\u00f6nnen. Und sauberes Wasser erhalten Einfache Bedienung: 1. Legen Sie den wasserfilter 5-10 Minuten lang in flie\u00dfendes Leitungswasser, um Luftblasen zu entfernen. 2. Setzen Sie den filter zur Verwendung in den Wassertank ein\" \/>\n<meta property=\"og:url\" content=\"https:\/\/www.ralti.de\/?product=wasserfilter-fur-siemens-eq-series-eq3-eq6-eq9-eq500-s700-wasserfilter-kaffeevollautomat-fur-bosch-vero-tz70003-tcz7003-467873-siemens-3200-neff-c77v60-series-4-stuck-1er-pack\" \/>\n<meta property=\"og:site_name\" content=\"Notfallvorsorge - Krisenvorsorge\" \/>\n<meta property=\"og:image\" content=\"https:\/\/m.media-amazon.com\/images\/I\/41jBxfKojgL.jpg\" \/>\n\t<meta property=\"og:image:width\" content=\"500\" \/>\n\t<meta property=\"og:image:height\" content=\"500\" \/>\n\t<meta property=\"og:image:type\" content=\"image\/jpeg\" \/>\n<meta name=\"twitter:card\" content=\"summary_large_image\" \/>\n<meta name=\"twitter:label1\" content=\"Gesch\u00e4tzte Lesezeit\" \/>\n\t<meta name=\"twitter:data1\" content=\"1\u00a0Minute\" \/>\n<script type=\"application\/ld+json\" class=\"yoast-schema-graph\">{\"@context\":\"https:\\\/\\\/schema.org\",\"@graph\":[{\"@type\":\"WebPage\",\"@id\":\"https:\\\/\\\/www.ralti.de\\\/?product=wasserfilter-fur-siemens-eq-series-eq3-eq6-eq9-eq500-s700-wasserfilter-kaffeevollautomat-fur-bosch-vero-tz70003-tcz7003-467873-siemens-3200-neff-c77v60-series-4-stuck-1er-pack\",\"url\":\"https:\\\/\\\/www.ralti.de\\\/?product=wasserfilter-fur-siemens-eq-series-eq3-eq6-eq9-eq500-s700-wasserfilter-kaffeevollautomat-fur-bosch-vero-tz70003-tcz7003-467873-siemens-3200-neff-c77v60-series-4-stuck-1er-pack\",\"name\":\"Wasserfilter f\u00fcr Siemens EQ Series, EQ3\\\/EQ6\\\/EQ9, EQ500, S700, Wasserfilter Kaffeevollautomat f\u00fcr Bosch Vero, TZ70003\\\/TCZ7003\\\/467873, Siemens 3200, Neff C77V60 Series (4 St\u00fcck (1er Pack)) - Notfallvorsorge - Krisenvorsorge\",\"isPartOf\":{\"@id\":\"https:\\\/\\\/www.ralti.de\\\/#website\"},\"primaryImageOfPage\":{\"@id\":\"https:\\\/\\\/www.ralti.de\\\/?product=wasserfilter-fur-siemens-eq-series-eq3-eq6-eq9-eq500-s700-wasserfilter-kaffeevollautomat-fur-bosch-vero-tz70003-tcz7003-467873-siemens-3200-neff-c77v60-series-4-stuck-1er-pack#primaryimage\"},\"image\":{\"@id\":\"https:\\\/\\\/www.ralti.de\\\/?product=wasserfilter-fur-siemens-eq-series-eq3-eq6-eq9-eq500-s700-wasserfilter-kaffeevollautomat-fur-bosch-vero-tz70003-tcz7003-467873-siemens-3200-neff-c77v60-series-4-stuck-1er-pack#primaryimage\"},\"thumbnailUrl\":\"https:\\\/\\\/m.media-amazon.com\\\/images\\\/I\\\/41jBxfKojgL.jpg\",\"datePublished\":\"2025-11-25T11:16:16+00:00\",\"breadcrumb\":{\"@id\":\"https:\\\/\\\/www.ralti.de\\\/?product=wasserfilter-fur-siemens-eq-series-eq3-eq6-eq9-eq500-s700-wasserfilter-kaffeevollautomat-fur-bosch-vero-tz70003-tcz7003-467873-siemens-3200-neff-c77v60-series-4-stuck-1er-pack#breadcrumb\"},\"inLanguage\":\"de\",\"potentialAction\":[{\"@type\":\"ReadAction\",\"target\":[\"https:\\\/\\\/www.ralti.de\\\/?product=wasserfilter-fur-siemens-eq-series-eq3-eq6-eq9-eq500-s700-wasserfilter-kaffeevollautomat-fur-bosch-vero-tz70003-tcz7003-467873-siemens-3200-neff-c77v60-series-4-stuck-1er-pack\"]}]},{\"@type\":\"ImageObject\",\"inLanguage\":\"de\",\"@id\":\"https:\\\/\\\/www.ralti.de\\\/?product=wasserfilter-fur-siemens-eq-series-eq3-eq6-eq9-eq500-s700-wasserfilter-kaffeevollautomat-fur-bosch-vero-tz70003-tcz7003-467873-siemens-3200-neff-c77v60-series-4-stuck-1er-pack#primaryimage\",\"url\":\"https:\\\/\\\/m.media-amazon.com\\\/images\\\/I\\\/41jBxfKojgL.jpg\",\"contentUrl\":\"https:\\\/\\\/m.media-amazon.com\\\/images\\\/I\\\/41jBxfKojgL.jpg\",\"width\":500,\"height\":500},{\"@type\":\"BreadcrumbList\",\"@id\":\"https:\\\/\\\/www.ralti.de\\\/?product=wasserfilter-fur-siemens-eq-series-eq3-eq6-eq9-eq500-s700-wasserfilter-kaffeevollautomat-fur-bosch-vero-tz70003-tcz7003-467873-siemens-3200-neff-c77v60-series-4-stuck-1er-pack#breadcrumb\",\"itemListElement\":[{\"@type\":\"ListItem\",\"position\":1,\"name\":\"Start\",\"item\":\"https:\\\/\\\/www.ralti.de\\\/\"},{\"@type\":\"ListItem\",\"position\":2,\"name\":\"Notfallartikel\",\"item\":\"https:\\\/\\\/www.ralti.de\\\/?page_id=14189\"},{\"@type\":\"ListItem\",\"position\":3,\"name\":\"Wasserfilter f\u00fcr Siemens EQ Series, EQ3\\\/EQ6\\\/EQ9, EQ500, S700, Wasserfilter Kaffeevollautomat f\u00fcr Bosch Vero, TZ70003\\\/TCZ7003\\\/467873, Siemens 3200, Neff C77V60 Series (4 St\u00fcck (1er Pack))\"}]},{\"@type\":\"WebSite\",\"@id\":\"https:\\\/\\\/www.ralti.de\\\/#website\",\"url\":\"https:\\\/\\\/www.ralti.de\\\/\",\"name\":\"Ralti.de\",\"description\":\"Hier viele gute Angebote\",\"publisher\":{\"@id\":\"https:\\\/\\\/www.ralti.de\\\/#organization\"},\"potentialAction\":[{\"@type\":\"SearchAction\",\"target\":{\"@type\":\"EntryPoint\",\"urlTemplate\":\"https:\\\/\\\/www.ralti.de\\\/?s={search_term_string}\"},\"query-input\":{\"@type\":\"PropertyValueSpecification\",\"valueRequired\":true,\"valueName\":\"search_term_string\"}}],\"inLanguage\":\"de\"},{\"@type\":\"Organization\",\"@id\":\"https:\\\/\\\/www.ralti.de\\\/#organization\",\"name\":\"Ralti.de\",\"url\":\"https:\\\/\\\/www.ralti.de\\\/\",\"logo\":{\"@type\":\"ImageObject\",\"inLanguage\":\"de\",\"@id\":\"https:\\\/\\\/www.ralti.de\\\/#\\\/schema\\\/logo\\\/image\\\/\",\"url\":\"https:\\\/\\\/www.ralti.de\\\/wp-content\\\/uploads\\\/2025\\\/11\\\/ralti.png\",\"contentUrl\":\"https:\\\/\\\/www.ralti.de\\\/wp-content\\\/uploads\\\/2025\\\/11\\\/ralti.png\",\"width\":240,\"height\":75,\"caption\":\"Ralti.de\"},\"image\":{\"@id\":\"https:\\\/\\\/www.ralti.de\\\/#\\\/schema\\\/logo\\\/image\\\/\"}}]}<\/script>\n<!-- \/ Yoast SEO plugin. -->","yoast_head_json":{"title":"Wasserfilter f\u00fcr Siemens EQ Series, EQ3\/EQ6\/EQ9, EQ500, S700, Wasserfilter Kaffeevollautomat f\u00fcr Bosch Vero, TZ70003\/TCZ7003\/467873, Siemens 3200, Neff C77V60 Series (4 St\u00fcck (1er Pack)) - Notfallvorsorge - Krisenvorsorge","robots":{"index":"index","follow":"follow","max-snippet":"max-snippet:-1","max-image-preview":"max-image-preview:large","max-video-preview":"max-video-preview:-1"},"canonical":"https:\/\/www.ralti.de\/?product=wasserfilter-fur-siemens-eq-series-eq3-eq6-eq9-eq500-s700-wasserfilter-kaffeevollautomat-fur-bosch-vero-tz70003-tcz7003-467873-siemens-3200-neff-c77v60-series-4-stuck-1er-pack","og_locale":"de_DE","og_type":"article","og_title":"Wasserfilter f\u00fcr Siemens EQ Series, EQ3\/EQ6\/EQ9, EQ500, S700, Wasserfilter Kaffeevollautomat f\u00fcr Bosch Vero, TZ70003\/TCZ7003\/467873, Siemens 3200, Neff C77V60 Series (4 St\u00fcck (1er Pack)) - Notfallvorsorge - Krisenvorsorge","og_description":"Anwendbares Modell: Kompatibel mit Siemens EQ Series und plus series, EQ3\/5\/6 Plus\/7\/8\/9, Ersatz f\u00fcr Bosch TCZ-7003, TCZ7033, Siemens TZ70003\/TCZ7003,TES71151, 12008246, 467873, Ersatz f\u00fcr Brita Intenza Temial, Bosch TES71151, UNIWATER 1301, Vero\/TCA7\/TCC7 Series, NEFF C77V60N Serie Hocheffiziente Filtration: Der Wasserfilter ist mit hochwertigen Ionenaustauschern und k\u00f6rniger Aktivkohle ausgestattet, die Restchlor, Geschmack, Sedimente, Schwermetalle und andere potenziell sch\u00e4dliche Schadstoffe im Wasser wirksam reduzieren k\u00f6nnen. Und sauberes Wasser erhalten Einfache Bedienung: 1. Legen Sie den wasserfilter 5-10 Minuten lang in flie\u00dfendes Leitungswasser, um Luftblasen zu entfernen. 2. Setzen Sie den filter zur Verwendung in den Wassertank ein","og_url":"https:\/\/www.ralti.de\/?product=wasserfilter-fur-siemens-eq-series-eq3-eq6-eq9-eq500-s700-wasserfilter-kaffeevollautomat-fur-bosch-vero-tz70003-tcz7003-467873-siemens-3200-neff-c77v60-series-4-stuck-1er-pack","og_site_name":"Notfallvorsorge - Krisenvorsorge","og_image":[{"width":500,"height":500,"url":"https:\/\/m.media-amazon.com\/images\/I\/41jBxfKojgL.jpg","type":"image\/jpeg"}],"twitter_card":"summary_large_image","twitter_misc":{"Gesch\u00e4tzte Lesezeit":"1\u00a0Minute"},"schema":{"@context":"https:\/\/schema.org","@graph":[{"@type":"WebPage","@id":"https:\/\/www.ralti.de\/?product=wasserfilter-fur-siemens-eq-series-eq3-eq6-eq9-eq500-s700-wasserfilter-kaffeevollautomat-fur-bosch-vero-tz70003-tcz7003-467873-siemens-3200-neff-c77v60-series-4-stuck-1er-pack","url":"https:\/\/www.ralti.de\/?product=wasserfilter-fur-siemens-eq-series-eq3-eq6-eq9-eq500-s700-wasserfilter-kaffeevollautomat-fur-bosch-vero-tz70003-tcz7003-467873-siemens-3200-neff-c77v60-series-4-stuck-1er-pack","name":"Wasserfilter f\u00fcr Siemens EQ Series, EQ3\/EQ6\/EQ9, EQ500, S700, Wasserfilter Kaffeevollautomat f\u00fcr Bosch Vero, TZ70003\/TCZ7003\/467873, Siemens 3200, Neff C77V60 Series (4 St\u00fcck (1er Pack)) - Notfallvorsorge - Krisenvorsorge","isPartOf":{"@id":"https:\/\/www.ralti.de\/#website"},"primaryImageOfPage":{"@id":"https:\/\/www.ralti.de\/?product=wasserfilter-fur-siemens-eq-series-eq3-eq6-eq9-eq500-s700-wasserfilter-kaffeevollautomat-fur-bosch-vero-tz70003-tcz7003-467873-siemens-3200-neff-c77v60-series-4-stuck-1er-pack#primaryimage"},"image":{"@id":"https:\/\/www.ralti.de\/?product=wasserfilter-fur-siemens-eq-series-eq3-eq6-eq9-eq500-s700-wasserfilter-kaffeevollautomat-fur-bosch-vero-tz70003-tcz7003-467873-siemens-3200-neff-c77v60-series-4-stuck-1er-pack#primaryimage"},"thumbnailUrl":"https:\/\/m.media-amazon.com\/images\/I\/41jBxfKojgL.jpg","datePublished":"2025-11-25T11:16:16+00:00","breadcrumb":{"@id":"https:\/\/www.ralti.de\/?product=wasserfilter-fur-siemens-eq-series-eq3-eq6-eq9-eq500-s700-wasserfilter-kaffeevollautomat-fur-bosch-vero-tz70003-tcz7003-467873-siemens-3200-neff-c77v60-series-4-stuck-1er-pack#breadcrumb"},"inLanguage":"de","potentialAction":[{"@type":"ReadAction","target":["https:\/\/www.ralti.de\/?product=wasserfilter-fur-siemens-eq-series-eq3-eq6-eq9-eq500-s700-wasserfilter-kaffeevollautomat-fur-bosch-vero-tz70003-tcz7003-467873-siemens-3200-neff-c77v60-series-4-stuck-1er-pack"]}]},{"@type":"ImageObject","inLanguage":"de","@id":"https:\/\/www.ralti.de\/?product=wasserfilter-fur-siemens-eq-series-eq3-eq6-eq9-eq500-s700-wasserfilter-kaffeevollautomat-fur-bosch-vero-tz70003-tcz7003-467873-siemens-3200-neff-c77v60-series-4-stuck-1er-pack#primaryimage","url":"https:\/\/m.media-amazon.com\/images\/I\/41jBxfKojgL.jpg","contentUrl":"https:\/\/m.media-amazon.com\/images\/I\/41jBxfKojgL.jpg","width":500,"height":500},{"@type":"BreadcrumbList","@id":"https:\/\/www.ralti.de\/?product=wasserfilter-fur-siemens-eq-series-eq3-eq6-eq9-eq500-s700-wasserfilter-kaffeevollautomat-fur-bosch-vero-tz70003-tcz7003-467873-siemens-3200-neff-c77v60-series-4-stuck-1er-pack#breadcrumb","itemListElement":[{"@type":"ListItem","position":1,"name":"Start","item":"https:\/\/www.ralti.de\/"},{"@type":"ListItem","position":2,"name":"Notfallartikel","item":"https:\/\/www.ralti.de\/?page_id=14189"},{"@type":"ListItem","position":3,"name":"Wasserfilter f\u00fcr Siemens EQ Series, EQ3\/EQ6\/EQ9, EQ500, S700, Wasserfilter Kaffeevollautomat f\u00fcr Bosch Vero, TZ70003\/TCZ7003\/467873, Siemens 3200, Neff C77V60 Series (4 St\u00fcck (1er Pack))"}]},{"@type":"WebSite","@id":"https:\/\/www.ralti.de\/#website","url":"https:\/\/www.ralti.de\/","name":"Ralti.de","description":"Hier viele gute Angebote","publisher":{"@id":"https:\/\/www.ralti.de\/#organization"},"potentialAction":[{"@type":"SearchAction","target":{"@type":"EntryPoint","urlTemplate":"https:\/\/www.ralti.de\/?s={search_term_string}"},"query-input":{"@type":"PropertyValueSpecification","valueRequired":true,"valueName":"search_term_string"}}],"inLanguage":"de"},{"@type":"Organization","@id":"https:\/\/www.ralti.de\/#organization","name":"Ralti.de","url":"https:\/\/www.ralti.de\/","logo":{"@type":"ImageObject","inLanguage":"de","@id":"https:\/\/www.ralti.de\/#\/schema\/logo\/image\/","url":"https:\/\/www.ralti.de\/wp-content\/uploads\/2025\/11\/ralti.png","contentUrl":"https:\/\/www.ralti.de\/wp-content\/uploads\/2025\/11\/ralti.png","width":240,"height":75,"caption":"Ralti.de"},"image":{"@id":"https:\/\/www.ralti.de\/#\/schema\/logo\/image\/"}}]}},"_links":{"self":[{"href":"https:\/\/www.ralti.de\/index.php?rest_route=\/wp\/v2\/product\/9375","targetHints":{"allow":["GET"]}}],"collection":[{"href":"https:\/\/www.ralti.de\/index.php?rest_route=\/wp\/v2\/product"}],"about":[{"href":"https:\/\/www.ralti.de\/index.php?rest_route=\/wp\/v2\/types\/product"}],"replies":[{"embeddable":true,"href":"https:\/\/www.ralti.de\/index.php?rest_route=%2Fwp%2Fv2%2Fcomments&post=9375"}],"wp:featuredmedia":[{"embeddable":true,"href":"https:\/\/www.ralti.de\/index.php?rest_route=\/wp\/v2\/media\/9376"}],"wp:attachment":[{"href":"https:\/\/www.ralti.de\/index.php?rest_route=%2Fwp%2Fv2%2Fmedia&parent=9375"}],"wp:term":[{"taxonomy":"product_brand","embeddable":true,"href":"https:\/\/www.ralti.de\/index.php?rest_route=%2Fwp%2Fv2%2Fproduct_brand&post=9375"},{"taxonomy":"product_cat","embeddable":true,"href":"https:\/\/www.ralti.de\/index.php?rest_route=%2Fwp%2Fv2%2Fproduct_cat&post=9375"},{"taxonomy":"product_tag","embeddable":true,"href":"https:\/\/www.ralti.de\/index.php?rest_route=%2Fwp%2Fv2%2Fproduct_tag&post=9375"}],"curies":[{"name":"wp","href":"https:\/\/api.w.org\/{rel}","templated":true}]}}