{"id":9604,"date":"2025-11-25T11:25:14","date_gmt":"2025-11-25T11:25:14","guid":{"rendered":"https:\/\/www.ralti.de\/shop-2\/uncategorized\/erste-hilfe-set-2024-mehrteilig-mit-wiederverwendbarer-tasche-hansaplast\/"},"modified":"2025-11-25T11:25:14","modified_gmt":"2025-11-25T11:25:14","slug":"erste-hilfe-set-2024-mehrteilig-mit-wiederverwendbarer-tasche-hansaplast","status":"publish","type":"product","link":"https:\/\/www.ralti.de\/?product=erste-hilfe-set-2024-mehrteilig-mit-wiederverwendbarer-tasche-hansaplast","title":{"rendered":"Erste Hilfe Set 2024, mehrteilig, mit wiederverwendbarer Tasche, Hansaplast"},"content":{"rendered":"<p><!-- show up to 2 reviews by default --> <\/p>\n<p> <span>Dieses praktische Erste-Hilfe-Set ist ideal f\u00fcr daheim oder unterwegs und enth\u00e4lt folgende Produkte: \u2022 1x Erste Hilfe Mix, 20 Strips \u2022 1x Sensitive XL, 5 St. \u2022 1x Elastische Fixierbinde, 1 St. \u2022 1x Kompresse steril (ausgeeinzelt 1 Packung mit 2 Kompressen), 2St. \u2022 1x Wundspray, 50 ml<\/span> <\/p>\n<p>Der Erste Hilfe Pflaster Mix enth\u00e4lt: 6x besonders hautfreundliche Hansaplast Sensitive Pflaster (50 x 72 mm),6x wasserabweisende Hansaplast Universal Pflaster (30 x 72 mm), 4x wasserfeste Hansaplast Aqua Protect Pflaster (65 x 25 mm), 4x extralange Hansaplast Fingerstrips (120 x 19 mm).<br \/>\nDer Hansaplast Sensitive Wundverband steril XL enth\u00e4lt: 5x besonders hautfreundliche und atmungsaktive Pflaster (60x 70 mm).<br \/>\nDie elastische Fixierbinde von Hansaplast (wei\u00df, 4 m x 80 mm) ist ideal zur hautfreundlichen Fixierung von Kompressen, Pelotten und Verb\u00e4nden geeignet. Das strapazierf\u00e4hige Spezialgewebe der Haftbandage besteht aus gekr\u00e4uselten, luftdurchl\u00e4ssigen Fasern, wodurch sie Verb\u00e4nde aller Art zuverl\u00e4ssig befestigt.<br \/>\nMit den Hansaplast Sterile Kompressen (2 St., 100 x 100 mm) k\u00f6nnen Wunden sowohl gereinigt als auch vor \u00e4u\u00dferen Einfl\u00fcssen wie Keimen und Bakterien gesch\u00fctzt werden. Das Gewebe besteht aus 100% Baumwolle, welches sich aufgrund seiner Luftdurchl\u00e4ssigkeit positiv auf die Heilung verschiedenster Wunden auswirkt.<br \/>\nDas Hansaplast Wundspray zur Wundreinigung ist zur Reinigung von akuten Wunden, wie z.B. Schnittwunden, Sch\u00fcrfwunden, kleineren Brandwunden 1. und 2. Grades sowie offenen Blasen geeignet. Es kann auch bei chronischen und postoperativen Wunden nach Arztanweisung eingesetzt werden.<br \/>\n<div class=\"main-cross-sell\" data-asin=\"B0DWY7VC2J\">\n\n\t<div class=\"WooZone-cross-sell-loader\">\n\t\t<div>\n\t\t\t<div id=\"floatingBarsG\">\n\t\t\t\t<div class=\"blockG\" id=\"rotateG_01\"><\/div>\n\t\t\t\t<div class=\"blockG\" id=\"rotateG_02\"><\/div>\n\t\t\t\t<div class=\"blockG\" id=\"rotateG_03\"><\/div>\n\t\t\t\t<div class=\"blockG\" id=\"rotateG_04\"><\/div>\n\t\t\t\t<div class=\"blockG\" id=\"rotateG_05\"><\/div>\n\t\t\t\t<div class=\"blockG\" id=\"rotateG_06\"><\/div>\n\t\t\t\t<div class=\"blockG\" id=\"rotateG_07\"><\/div>\n\t\t\t\t<div class=\"blockG\" id=\"rotateG_08\"><\/div>\n\t\t\t<\/div>\n\t\t\t<div class=\"WooZone-cross-sell-loader-text\"><\/div>\n\t\t<\/div>\n\t<\/div>\n\n\t\t\n<\/div>\n<div style=\"clear:both;\"><\/div>\n","protected":false},"excerpt":{"rendered":"<p>Der Erste Hilfe Pflaster Mix enth\u00e4lt: 6x besonders hautfreundliche Hansaplast Sensitive Pflaster (50 x 72 mm),6x wasserabweisende Hansaplast Universal Pflaster (30 x 72 mm), 4x wasserfeste Hansaplast Aqua Protect Pflaster (65 x 25 mm), 4x extralange Hansaplast Fingerstrips (120 x 19 mm).<br \/>\nDer Hansaplast Sensitive Wundverband steril XL enth\u00e4lt: 5x besonders hautfreundliche und atmungsaktive Pflaster (60x 70 mm).<br \/>\nDie elastische Fixierbinde von Hansaplast (wei\u00df, 4 m x 80 mm) ist ideal zur hautfreundlichen Fixierung von Kompressen, Pelotten und Verb\u00e4nden geeignet. Das strapazierf\u00e4hige Spezialgewebe der Haftbandage besteht aus gekr\u00e4uselten, luftdurchl\u00e4ssigen Fasern, wodurch sie Verb\u00e4nde aller Art zuverl\u00e4ssig befestigt.<\/p>\n","protected":false},"featured_media":9605,"comment_status":"open","ping_status":"closed","template":"","meta":{"_acf_changed":false},"product_brand":[],"product_cat":[248,245],"product_tag":[],"class_list":{"0":"post-9604","1":"product","2":"type-product","3":"status-publish","4":"has-post-thumbnail","6":"product_cat-erste-hilfe-sets","7":"product_cat-gesundheit","9":"first","10":"instock","11":"sale","12":"shipping-taxable","13":"product-type-external"},"acf":[],"yoast_head":"<!-- This site is optimized with the Yoast SEO plugin v27.5 - https:\/\/yoast.com\/product\/yoast-seo-wordpress\/ -->\n<title>Erste Hilfe Set 2024, mehrteilig, mit wiederverwendbarer Tasche, Hansaplast - Notfallvorsorge - Krisenvorsorge<\/title>\n<meta name=\"robots\" content=\"index, follow, max-snippet:-1, max-image-preview:large, max-video-preview:-1\" \/>\n<link rel=\"canonical\" href=\"https:\/\/www.ralti.de\/?product=erste-hilfe-set-2024-mehrteilig-mit-wiederverwendbarer-tasche-hansaplast\" \/>\n<meta property=\"og:locale\" content=\"de_DE\" \/>\n<meta property=\"og:type\" content=\"article\" \/>\n<meta property=\"og:title\" content=\"Erste Hilfe Set 2024, mehrteilig, mit wiederverwendbarer Tasche, Hansaplast - Notfallvorsorge - Krisenvorsorge\" \/>\n<meta property=\"og:description\" content=\"Der Erste Hilfe Pflaster Mix enth\u00e4lt: 6x besonders hautfreundliche Hansaplast Sensitive Pflaster (50 x 72 mm),6x wasserabweisende Hansaplast Universal Pflaster (30 x 72 mm), 4x wasserfeste Hansaplast Aqua Protect Pflaster (65 x 25 mm), 4x extralange Hansaplast Fingerstrips (120 x 19 mm). Der Hansaplast Sensitive Wundverband steril XL enth\u00e4lt: 5x besonders hautfreundliche und atmungsaktive Pflaster (60x 70 mm). Die elastische Fixierbinde von Hansaplast (wei\u00df, 4 m x 80 mm) ist ideal zur hautfreundlichen Fixierung von Kompressen, Pelotten und Verb\u00e4nden geeignet. Das strapazierf\u00e4hige Spezialgewebe der Haftbandage besteht aus gekr\u00e4uselten, luftdurchl\u00e4ssigen Fasern, wodurch sie Verb\u00e4nde aller Art zuverl\u00e4ssig befestigt.\" \/>\n<meta property=\"og:url\" content=\"https:\/\/www.ralti.de\/?product=erste-hilfe-set-2024-mehrteilig-mit-wiederverwendbarer-tasche-hansaplast\" \/>\n<meta property=\"og:site_name\" content=\"Notfallvorsorge - Krisenvorsorge\" \/>\n<meta property=\"og:image\" content=\"https:\/\/m.media-amazon.com\/images\/I\/51KAEmndENL.jpg\" \/>\n\t<meta property=\"og:image:width\" content=\"500\" \/>\n\t<meta property=\"og:image:height\" content=\"500\" \/>\n\t<meta property=\"og:image:type\" content=\"image\/jpeg\" \/>\n<meta name=\"twitter:card\" content=\"summary_large_image\" \/>\n<meta name=\"twitter:label1\" content=\"Gesch\u00e4tzte Lesezeit\" \/>\n\t<meta name=\"twitter:data1\" content=\"1\u00a0Minute\" \/>\n<script type=\"application\/ld+json\" class=\"yoast-schema-graph\">{\"@context\":\"https:\\\/\\\/schema.org\",\"@graph\":[{\"@type\":\"WebPage\",\"@id\":\"https:\\\/\\\/www.ralti.de\\\/?product=erste-hilfe-set-2024-mehrteilig-mit-wiederverwendbarer-tasche-hansaplast\",\"url\":\"https:\\\/\\\/www.ralti.de\\\/?product=erste-hilfe-set-2024-mehrteilig-mit-wiederverwendbarer-tasche-hansaplast\",\"name\":\"Erste Hilfe Set 2024, mehrteilig, mit wiederverwendbarer Tasche, Hansaplast - Notfallvorsorge - Krisenvorsorge\",\"isPartOf\":{\"@id\":\"https:\\\/\\\/www.ralti.de\\\/#website\"},\"primaryImageOfPage\":{\"@id\":\"https:\\\/\\\/www.ralti.de\\\/?product=erste-hilfe-set-2024-mehrteilig-mit-wiederverwendbarer-tasche-hansaplast#primaryimage\"},\"image\":{\"@id\":\"https:\\\/\\\/www.ralti.de\\\/?product=erste-hilfe-set-2024-mehrteilig-mit-wiederverwendbarer-tasche-hansaplast#primaryimage\"},\"thumbnailUrl\":\"https:\\\/\\\/m.media-amazon.com\\\/images\\\/I\\\/51KAEmndENL.jpg\",\"datePublished\":\"2025-11-25T11:25:14+00:00\",\"breadcrumb\":{\"@id\":\"https:\\\/\\\/www.ralti.de\\\/?product=erste-hilfe-set-2024-mehrteilig-mit-wiederverwendbarer-tasche-hansaplast#breadcrumb\"},\"inLanguage\":\"de\",\"potentialAction\":[{\"@type\":\"ReadAction\",\"target\":[\"https:\\\/\\\/www.ralti.de\\\/?product=erste-hilfe-set-2024-mehrteilig-mit-wiederverwendbarer-tasche-hansaplast\"]}]},{\"@type\":\"ImageObject\",\"inLanguage\":\"de\",\"@id\":\"https:\\\/\\\/www.ralti.de\\\/?product=erste-hilfe-set-2024-mehrteilig-mit-wiederverwendbarer-tasche-hansaplast#primaryimage\",\"url\":\"https:\\\/\\\/m.media-amazon.com\\\/images\\\/I\\\/51KAEmndENL.jpg\",\"contentUrl\":\"https:\\\/\\\/m.media-amazon.com\\\/images\\\/I\\\/51KAEmndENL.jpg\",\"width\":500,\"height\":500},{\"@type\":\"BreadcrumbList\",\"@id\":\"https:\\\/\\\/www.ralti.de\\\/?product=erste-hilfe-set-2024-mehrteilig-mit-wiederverwendbarer-tasche-hansaplast#breadcrumb\",\"itemListElement\":[{\"@type\":\"ListItem\",\"position\":1,\"name\":\"Start\",\"item\":\"https:\\\/\\\/www.ralti.de\\\/\"},{\"@type\":\"ListItem\",\"position\":2,\"name\":\"Notfallartikel\",\"item\":\"https:\\\/\\\/www.ralti.de\\\/?page_id=14189\"},{\"@type\":\"ListItem\",\"position\":3,\"name\":\"Erste Hilfe Set 2024, mehrteilig, mit wiederverwendbarer Tasche, Hansaplast\"}]},{\"@type\":\"WebSite\",\"@id\":\"https:\\\/\\\/www.ralti.de\\\/#website\",\"url\":\"https:\\\/\\\/www.ralti.de\\\/\",\"name\":\"Ralti.de\",\"description\":\"Hier viele gute Angebote\",\"publisher\":{\"@id\":\"https:\\\/\\\/www.ralti.de\\\/#organization\"},\"potentialAction\":[{\"@type\":\"SearchAction\",\"target\":{\"@type\":\"EntryPoint\",\"urlTemplate\":\"https:\\\/\\\/www.ralti.de\\\/?s={search_term_string}\"},\"query-input\":{\"@type\":\"PropertyValueSpecification\",\"valueRequired\":true,\"valueName\":\"search_term_string\"}}],\"inLanguage\":\"de\"},{\"@type\":\"Organization\",\"@id\":\"https:\\\/\\\/www.ralti.de\\\/#organization\",\"name\":\"Ralti.de\",\"url\":\"https:\\\/\\\/www.ralti.de\\\/\",\"logo\":{\"@type\":\"ImageObject\",\"inLanguage\":\"de\",\"@id\":\"https:\\\/\\\/www.ralti.de\\\/#\\\/schema\\\/logo\\\/image\\\/\",\"url\":\"https:\\\/\\\/www.ralti.de\\\/wp-content\\\/uploads\\\/2025\\\/11\\\/ralti.png\",\"contentUrl\":\"https:\\\/\\\/www.ralti.de\\\/wp-content\\\/uploads\\\/2025\\\/11\\\/ralti.png\",\"width\":240,\"height\":75,\"caption\":\"Ralti.de\"},\"image\":{\"@id\":\"https:\\\/\\\/www.ralti.de\\\/#\\\/schema\\\/logo\\\/image\\\/\"}}]}<\/script>\n<!-- \/ Yoast SEO plugin. -->","yoast_head_json":{"title":"Erste Hilfe Set 2024, mehrteilig, mit wiederverwendbarer Tasche, Hansaplast - Notfallvorsorge - Krisenvorsorge","robots":{"index":"index","follow":"follow","max-snippet":"max-snippet:-1","max-image-preview":"max-image-preview:large","max-video-preview":"max-video-preview:-1"},"canonical":"https:\/\/www.ralti.de\/?product=erste-hilfe-set-2024-mehrteilig-mit-wiederverwendbarer-tasche-hansaplast","og_locale":"de_DE","og_type":"article","og_title":"Erste Hilfe Set 2024, mehrteilig, mit wiederverwendbarer Tasche, Hansaplast - Notfallvorsorge - Krisenvorsorge","og_description":"Der Erste Hilfe Pflaster Mix enth\u00e4lt: 6x besonders hautfreundliche Hansaplast Sensitive Pflaster (50 x 72 mm),6x wasserabweisende Hansaplast Universal Pflaster (30 x 72 mm), 4x wasserfeste Hansaplast Aqua Protect Pflaster (65 x 25 mm), 4x extralange Hansaplast Fingerstrips (120 x 19 mm). Der Hansaplast Sensitive Wundverband steril XL enth\u00e4lt: 5x besonders hautfreundliche und atmungsaktive Pflaster (60x 70 mm). Die elastische Fixierbinde von Hansaplast (wei\u00df, 4 m x 80 mm) ist ideal zur hautfreundlichen Fixierung von Kompressen, Pelotten und Verb\u00e4nden geeignet. Das strapazierf\u00e4hige Spezialgewebe der Haftbandage besteht aus gekr\u00e4uselten, luftdurchl\u00e4ssigen Fasern, wodurch sie Verb\u00e4nde aller Art zuverl\u00e4ssig befestigt.","og_url":"https:\/\/www.ralti.de\/?product=erste-hilfe-set-2024-mehrteilig-mit-wiederverwendbarer-tasche-hansaplast","og_site_name":"Notfallvorsorge - Krisenvorsorge","og_image":[{"width":500,"height":500,"url":"https:\/\/m.media-amazon.com\/images\/I\/51KAEmndENL.jpg","type":"image\/jpeg"}],"twitter_card":"summary_large_image","twitter_misc":{"Gesch\u00e4tzte Lesezeit":"1\u00a0Minute"},"schema":{"@context":"https:\/\/schema.org","@graph":[{"@type":"WebPage","@id":"https:\/\/www.ralti.de\/?product=erste-hilfe-set-2024-mehrteilig-mit-wiederverwendbarer-tasche-hansaplast","url":"https:\/\/www.ralti.de\/?product=erste-hilfe-set-2024-mehrteilig-mit-wiederverwendbarer-tasche-hansaplast","name":"Erste Hilfe Set 2024, mehrteilig, mit wiederverwendbarer Tasche, Hansaplast - Notfallvorsorge - Krisenvorsorge","isPartOf":{"@id":"https:\/\/www.ralti.de\/#website"},"primaryImageOfPage":{"@id":"https:\/\/www.ralti.de\/?product=erste-hilfe-set-2024-mehrteilig-mit-wiederverwendbarer-tasche-hansaplast#primaryimage"},"image":{"@id":"https:\/\/www.ralti.de\/?product=erste-hilfe-set-2024-mehrteilig-mit-wiederverwendbarer-tasche-hansaplast#primaryimage"},"thumbnailUrl":"https:\/\/m.media-amazon.com\/images\/I\/51KAEmndENL.jpg","datePublished":"2025-11-25T11:25:14+00:00","breadcrumb":{"@id":"https:\/\/www.ralti.de\/?product=erste-hilfe-set-2024-mehrteilig-mit-wiederverwendbarer-tasche-hansaplast#breadcrumb"},"inLanguage":"de","potentialAction":[{"@type":"ReadAction","target":["https:\/\/www.ralti.de\/?product=erste-hilfe-set-2024-mehrteilig-mit-wiederverwendbarer-tasche-hansaplast"]}]},{"@type":"ImageObject","inLanguage":"de","@id":"https:\/\/www.ralti.de\/?product=erste-hilfe-set-2024-mehrteilig-mit-wiederverwendbarer-tasche-hansaplast#primaryimage","url":"https:\/\/m.media-amazon.com\/images\/I\/51KAEmndENL.jpg","contentUrl":"https:\/\/m.media-amazon.com\/images\/I\/51KAEmndENL.jpg","width":500,"height":500},{"@type":"BreadcrumbList","@id":"https:\/\/www.ralti.de\/?product=erste-hilfe-set-2024-mehrteilig-mit-wiederverwendbarer-tasche-hansaplast#breadcrumb","itemListElement":[{"@type":"ListItem","position":1,"name":"Start","item":"https:\/\/www.ralti.de\/"},{"@type":"ListItem","position":2,"name":"Notfallartikel","item":"https:\/\/www.ralti.de\/?page_id=14189"},{"@type":"ListItem","position":3,"name":"Erste Hilfe Set 2024, mehrteilig, mit wiederverwendbarer Tasche, Hansaplast"}]},{"@type":"WebSite","@id":"https:\/\/www.ralti.de\/#website","url":"https:\/\/www.ralti.de\/","name":"Ralti.de","description":"Hier viele gute Angebote","publisher":{"@id":"https:\/\/www.ralti.de\/#organization"},"potentialAction":[{"@type":"SearchAction","target":{"@type":"EntryPoint","urlTemplate":"https:\/\/www.ralti.de\/?s={search_term_string}"},"query-input":{"@type":"PropertyValueSpecification","valueRequired":true,"valueName":"search_term_string"}}],"inLanguage":"de"},{"@type":"Organization","@id":"https:\/\/www.ralti.de\/#organization","name":"Ralti.de","url":"https:\/\/www.ralti.de\/","logo":{"@type":"ImageObject","inLanguage":"de","@id":"https:\/\/www.ralti.de\/#\/schema\/logo\/image\/","url":"https:\/\/www.ralti.de\/wp-content\/uploads\/2025\/11\/ralti.png","contentUrl":"https:\/\/www.ralti.de\/wp-content\/uploads\/2025\/11\/ralti.png","width":240,"height":75,"caption":"Ralti.de"},"image":{"@id":"https:\/\/www.ralti.de\/#\/schema\/logo\/image\/"}}]}},"_links":{"self":[{"href":"https:\/\/www.ralti.de\/index.php?rest_route=\/wp\/v2\/product\/9604","targetHints":{"allow":["GET"]}}],"collection":[{"href":"https:\/\/www.ralti.de\/index.php?rest_route=\/wp\/v2\/product"}],"about":[{"href":"https:\/\/www.ralti.de\/index.php?rest_route=\/wp\/v2\/types\/product"}],"replies":[{"embeddable":true,"href":"https:\/\/www.ralti.de\/index.php?rest_route=%2Fwp%2Fv2%2Fcomments&post=9604"}],"wp:featuredmedia":[{"embeddable":true,"href":"https:\/\/www.ralti.de\/index.php?rest_route=\/wp\/v2\/media\/9605"}],"wp:attachment":[{"href":"https:\/\/www.ralti.de\/index.php?rest_route=%2Fwp%2Fv2%2Fmedia&parent=9604"}],"wp:term":[{"taxonomy":"product_brand","embeddable":true,"href":"https:\/\/www.ralti.de\/index.php?rest_route=%2Fwp%2Fv2%2Fproduct_brand&post=9604"},{"taxonomy":"product_cat","embeddable":true,"href":"https:\/\/www.ralti.de\/index.php?rest_route=%2Fwp%2Fv2%2Fproduct_cat&post=9604"},{"taxonomy":"product_tag","embeddable":true,"href":"https:\/\/www.ralti.de\/index.php?rest_route=%2Fwp%2Fv2%2Fproduct_tag&post=9604"}],"curies":[{"name":"wp","href":"https:\/\/api.w.org\/{rel}","templated":true}]}}