{"id":9804,"date":"2025-11-25T11:31:13","date_gmt":"2025-11-25T11:31:13","guid":{"rendered":"https:\/\/www.ralti.de\/shop-2\/uncategorized\/stoffmaske-schwarz-behelfs-mundschutz-waschbar-maske-mit-filter\/"},"modified":"2025-11-25T11:31:13","modified_gmt":"2025-11-25T11:31:13","slug":"stoffmaske-schwarz-behelfs-mundschutz-waschbar-maske-mit-filter","status":"publish","type":"product","link":"https:\/\/www.ralti.de\/?product=stoffmaske-schwarz-behelfs-mundschutz-waschbar-maske-mit-filter","title":{"rendered":"Stoffmaske schwarz | Behelfs Mundschutz waschbar | Maske mit Filter"},"content":{"rendered":"<p><!-- show up to 2 reviews by default --> <\/p>\n<p><span class=\"a-text-bold\">G\u00fcnstiges Maskenset inkl. 4 herausnehmbaren PM2.5 Filter<\/span><\/p>\n<p><span>Wir von Luftty produzieren hochwertige Gesichtsmasken die flexibel einsetzbar sind. Wir achten auf eine hervorragende Passform, angenehmes und widerstandsf\u00e4higes Material und bieten Ihnen damit eine langlebige und wiederverwendbare Stoffmaske in bester Qualit\u00e4t.<\/span><\/p>\n<p><span class=\"a-text-bold\">Dehnbarer Baumwoll-Stoff f\u00fcr eine perfekte Passform<\/span><\/p>\n<p><span>Dank dem elastischen Stoff k\u00f6nnen Sie die Maske perfekt f\u00fcr Ihre Bed\u00fcrfnisse einstellen und k\u00f6nnen sie schmerzfrei und mit perfekter Passform auch \u00fcber mehrere Stunden tragen.<\/span><\/p>\n<p><span class=\"a-text-bold\">Wiederverwendbare Alltagsmaske in praktischem Zipbeutel<\/span><\/p>\n<p><span>Zus\u00e4tzlich zu den zwei Mund-Nasen Masken erhalten Sie vier hochwertige PM2.5 Standard Filter, die unter anderem Dank der Aktivkohlefilter Einlage auch perfekt f\u00fcr Allergiker geeignet sind. Die Filter sollten regelm\u00e4\u00dfig ersetzt werden und k\u00f6nnen problemlos aus der Maske entnommen werden.<\/span><\/p>\n<p><span class=\"a-text-bold\">Ihre Vorteile mit dem Behelfs-Mundnasenschutz von Luftty:<\/span><\/p>\n<ul class=\"a-unordered-list a-vertical\">\n<li><span class=\"a-list-item\"><span>2x Stoffmaske und 4x PM2.5 Standard Filter<\/span><\/span><\/li>\n<li><span class=\"a-list-item\"><span>Inkl. Aufbewahrungsbeutel<\/span><\/span><\/li>\n<li><span class=\"a-list-item\"><span>Herausnehmbarer Filtereinsatz<\/span><\/span><\/li>\n<li><span class=\"a-list-item\"><span>Die Masken sind bei 60\u00b0C waschbar<\/span><\/span><\/li>\n<li><span class=\"a-list-item\"><span>Dehnbarer, elastischer Baumwollstoff<\/span><\/span><\/li>\n<li><span class=\"a-list-item\"><span>Optimale Passform f\u00fcr Frauen und M\u00e4nner<\/span><\/span><\/li>\n<li><span class=\"a-list-item\"><span>Schlichtes und elegantes Design<\/span><\/span><\/li>\n<li><span class=\"a-list-item\"><span>Deutscher Warenbestand<\/span><\/span><\/li>\n<\/ul>\n<p><span class=\"a-text-bold\">\u00dcberzeugen Sie sich jetzt selbst und freuen Sie sich auf eine angenehme Behelf-Mundschutzmaske!<\/span><\/p>\n<p><span><\/p>\n<p>Hinweis: Bei Durchfeuchtung sollten Sie die Maske wechseln oder absetzen. Achten Sie auf die korrekte Platzierung der Maske \u00fcber Mund und Nase.<br \/>Die Masken sind nur f\u00fcr die private Verwendung bestimmt und kein Medizinprodukt oder pers\u00f6nliche Schutzausr\u00fcstung. Sie sind nicht f\u00fcr den Einsatz im Gesundheits- oder Pflegewesen, als Arbeitsschutz oder sonstige Schutzausr\u00fcstung zum Schutz vor Infektionen oder anderen Schadstoffen geeignet. Vor Gebrauch unbedingt die weiteren Produkt- und Gebrauchsinformationen lesen.<\/span> <\/p>\n<div class=\"main-cross-sell\" data-asin=\"B089QVBGB7\">\n\n\t<div class=\"WooZone-cross-sell-loader\">\n\t\t<div>\n\t\t\t<div id=\"floatingBarsG\">\n\t\t\t\t<div class=\"blockG\" id=\"rotateG_01\"><\/div>\n\t\t\t\t<div class=\"blockG\" id=\"rotateG_02\"><\/div>\n\t\t\t\t<div class=\"blockG\" id=\"rotateG_03\"><\/div>\n\t\t\t\t<div class=\"blockG\" id=\"rotateG_04\"><\/div>\n\t\t\t\t<div class=\"blockG\" id=\"rotateG_05\"><\/div>\n\t\t\t\t<div class=\"blockG\" id=\"rotateG_06\"><\/div>\n\t\t\t\t<div class=\"blockG\" id=\"rotateG_07\"><\/div>\n\t\t\t\t<div class=\"blockG\" id=\"rotateG_08\"><\/div>\n\t\t\t<\/div>\n\t\t\t<div class=\"WooZone-cross-sell-loader-text\"><\/div>\n\t\t<\/div>\n\t<\/div>\n\n\t\t\n<\/div>\n<div style=\"clear:both;\"><\/div>\n","protected":false},"excerpt":{"rendered":"<p>G\u00fcnstiges Maskenset inkl. 4 herausnehmbaren PM2.5 Filter Wir von Luftty produzieren hochwertige Gesichtsmasken die flexibel einsetzbar sind. Wir achten auf eine hervorragende Passform, angenehmes und widerstandsf\u00e4higes Material und bieten Ihnen damit eine langlebige und wiederverwendbare Stoffmaske in bester Qualit\u00e4t. Dehnbarer Baumwoll-Stoff f\u00fcr eine perfekte Passform&hellip;<\/p>\n","protected":false},"featured_media":9805,"comment_status":"open","ping_status":"closed","template":"","meta":{"_acf_changed":false},"product_brand":[],"product_cat":[245,247],"product_tag":[],"class_list":{"0":"post-9804","1":"product","2":"type-product","3":"status-publish","4":"has-post-thumbnail","6":"product_cat-gesundheit","7":"product_cat-masken-und-schutzausrustung","9":"first","10":"instock","11":"shipping-taxable","12":"product-type-external"},"acf":[],"yoast_head":"<!-- This site is optimized with the Yoast SEO plugin v27.3 - https:\/\/yoast.com\/product\/yoast-seo-wordpress\/ -->\n<title>Stoffmaske schwarz | Behelfs Mundschutz waschbar | Maske mit Filter - Notfallvorsorge - Krisenvorsorge<\/title>\n<meta name=\"robots\" content=\"index, follow, max-snippet:-1, max-image-preview:large, max-video-preview:-1\" \/>\n<link rel=\"canonical\" href=\"https:\/\/www.ralti.de\/?product=stoffmaske-schwarz-behelfs-mundschutz-waschbar-maske-mit-filter\" \/>\n<meta property=\"og:locale\" content=\"de_DE\" \/>\n<meta property=\"og:type\" content=\"article\" \/>\n<meta property=\"og:title\" content=\"Stoffmaske schwarz | Behelfs Mundschutz waschbar | Maske mit Filter - Notfallvorsorge - Krisenvorsorge\" \/>\n<meta property=\"og:description\" content=\"G\u00fcnstiges Maskenset inkl. 4 herausnehmbaren PM2.5 Filter Wir von Luftty produzieren hochwertige Gesichtsmasken die flexibel einsetzbar sind. Wir achten auf eine hervorragende Passform, angenehmes und widerstandsf\u00e4higes Material und bieten Ihnen damit eine langlebige und wiederverwendbare Stoffmaske in bester Qualit\u00e4t. Dehnbarer Baumwoll-Stoff f\u00fcr eine perfekte Passform&hellip;\" \/>\n<meta property=\"og:url\" content=\"https:\/\/www.ralti.de\/?product=stoffmaske-schwarz-behelfs-mundschutz-waschbar-maske-mit-filter\" \/>\n<meta property=\"og:site_name\" content=\"Notfallvorsorge - Krisenvorsorge\" \/>\n<meta property=\"og:image\" content=\"https:\/\/m.media-amazon.com\/images\/I\/41aaO8MpFNL.jpg\" \/>\n\t<meta property=\"og:image:width\" content=\"500\" \/>\n\t<meta property=\"og:image:height\" content=\"500\" \/>\n\t<meta property=\"og:image:type\" content=\"image\/jpeg\" \/>\n<meta name=\"twitter:card\" content=\"summary_large_image\" \/>\n<meta name=\"twitter:label1\" content=\"Gesch\u00e4tzte Lesezeit\" \/>\n\t<meta name=\"twitter:data1\" content=\"1\u00a0Minute\" \/>\n<script type=\"application\/ld+json\" class=\"yoast-schema-graph\">{\"@context\":\"https:\\\/\\\/schema.org\",\"@graph\":[{\"@type\":\"WebPage\",\"@id\":\"https:\\\/\\\/www.ralti.de\\\/?product=stoffmaske-schwarz-behelfs-mundschutz-waschbar-maske-mit-filter\",\"url\":\"https:\\\/\\\/www.ralti.de\\\/?product=stoffmaske-schwarz-behelfs-mundschutz-waschbar-maske-mit-filter\",\"name\":\"Stoffmaske schwarz | Behelfs Mundschutz waschbar | Maske mit Filter - Notfallvorsorge - Krisenvorsorge\",\"isPartOf\":{\"@id\":\"https:\\\/\\\/www.ralti.de\\\/#website\"},\"primaryImageOfPage\":{\"@id\":\"https:\\\/\\\/www.ralti.de\\\/?product=stoffmaske-schwarz-behelfs-mundschutz-waschbar-maske-mit-filter#primaryimage\"},\"image\":{\"@id\":\"https:\\\/\\\/www.ralti.de\\\/?product=stoffmaske-schwarz-behelfs-mundschutz-waschbar-maske-mit-filter#primaryimage\"},\"thumbnailUrl\":\"https:\\\/\\\/m.media-amazon.com\\\/images\\\/I\\\/41aaO8MpFNL.jpg\",\"datePublished\":\"2025-11-25T11:31:13+00:00\",\"breadcrumb\":{\"@id\":\"https:\\\/\\\/www.ralti.de\\\/?product=stoffmaske-schwarz-behelfs-mundschutz-waschbar-maske-mit-filter#breadcrumb\"},\"inLanguage\":\"de\",\"potentialAction\":[{\"@type\":\"ReadAction\",\"target\":[\"https:\\\/\\\/www.ralti.de\\\/?product=stoffmaske-schwarz-behelfs-mundschutz-waschbar-maske-mit-filter\"]}]},{\"@type\":\"ImageObject\",\"inLanguage\":\"de\",\"@id\":\"https:\\\/\\\/www.ralti.de\\\/?product=stoffmaske-schwarz-behelfs-mundschutz-waschbar-maske-mit-filter#primaryimage\",\"url\":\"https:\\\/\\\/m.media-amazon.com\\\/images\\\/I\\\/41aaO8MpFNL.jpg\",\"contentUrl\":\"https:\\\/\\\/m.media-amazon.com\\\/images\\\/I\\\/41aaO8MpFNL.jpg\",\"width\":500,\"height\":500},{\"@type\":\"BreadcrumbList\",\"@id\":\"https:\\\/\\\/www.ralti.de\\\/?product=stoffmaske-schwarz-behelfs-mundschutz-waschbar-maske-mit-filter#breadcrumb\",\"itemListElement\":[{\"@type\":\"ListItem\",\"position\":1,\"name\":\"Start\",\"item\":\"https:\\\/\\\/www.ralti.de\\\/\"},{\"@type\":\"ListItem\",\"position\":2,\"name\":\"Notfallartikel\",\"item\":\"https:\\\/\\\/www.ralti.de\\\/?page_id=14189\"},{\"@type\":\"ListItem\",\"position\":3,\"name\":\"Stoffmaske schwarz | Behelfs Mundschutz waschbar | Maske mit Filter\"}]},{\"@type\":\"WebSite\",\"@id\":\"https:\\\/\\\/www.ralti.de\\\/#website\",\"url\":\"https:\\\/\\\/www.ralti.de\\\/\",\"name\":\"Ralti.de\",\"description\":\"Hier viele gute Angebote\",\"publisher\":{\"@id\":\"https:\\\/\\\/www.ralti.de\\\/#organization\"},\"potentialAction\":[{\"@type\":\"SearchAction\",\"target\":{\"@type\":\"EntryPoint\",\"urlTemplate\":\"https:\\\/\\\/www.ralti.de\\\/?s={search_term_string}\"},\"query-input\":{\"@type\":\"PropertyValueSpecification\",\"valueRequired\":true,\"valueName\":\"search_term_string\"}}],\"inLanguage\":\"de\"},{\"@type\":\"Organization\",\"@id\":\"https:\\\/\\\/www.ralti.de\\\/#organization\",\"name\":\"Ralti.de\",\"url\":\"https:\\\/\\\/www.ralti.de\\\/\",\"logo\":{\"@type\":\"ImageObject\",\"inLanguage\":\"de\",\"@id\":\"https:\\\/\\\/www.ralti.de\\\/#\\\/schema\\\/logo\\\/image\\\/\",\"url\":\"https:\\\/\\\/www.ralti.de\\\/wp-content\\\/uploads\\\/2025\\\/11\\\/ralti.png\",\"contentUrl\":\"https:\\\/\\\/www.ralti.de\\\/wp-content\\\/uploads\\\/2025\\\/11\\\/ralti.png\",\"width\":240,\"height\":75,\"caption\":\"Ralti.de\"},\"image\":{\"@id\":\"https:\\\/\\\/www.ralti.de\\\/#\\\/schema\\\/logo\\\/image\\\/\"}}]}<\/script>\n<!-- \/ Yoast SEO plugin. -->","yoast_head_json":{"title":"Stoffmaske schwarz | Behelfs Mundschutz waschbar | Maske mit Filter - Notfallvorsorge - Krisenvorsorge","robots":{"index":"index","follow":"follow","max-snippet":"max-snippet:-1","max-image-preview":"max-image-preview:large","max-video-preview":"max-video-preview:-1"},"canonical":"https:\/\/www.ralti.de\/?product=stoffmaske-schwarz-behelfs-mundschutz-waschbar-maske-mit-filter","og_locale":"de_DE","og_type":"article","og_title":"Stoffmaske schwarz | Behelfs Mundschutz waschbar | Maske mit Filter - Notfallvorsorge - Krisenvorsorge","og_description":"G\u00fcnstiges Maskenset inkl. 4 herausnehmbaren PM2.5 Filter Wir von Luftty produzieren hochwertige Gesichtsmasken die flexibel einsetzbar sind. Wir achten auf eine hervorragende Passform, angenehmes und widerstandsf\u00e4higes Material und bieten Ihnen damit eine langlebige und wiederverwendbare Stoffmaske in bester Qualit\u00e4t. Dehnbarer Baumwoll-Stoff f\u00fcr eine perfekte Passform&hellip;","og_url":"https:\/\/www.ralti.de\/?product=stoffmaske-schwarz-behelfs-mundschutz-waschbar-maske-mit-filter","og_site_name":"Notfallvorsorge - Krisenvorsorge","og_image":[{"width":500,"height":500,"url":"https:\/\/m.media-amazon.com\/images\/I\/41aaO8MpFNL.jpg","type":"image\/jpeg"}],"twitter_card":"summary_large_image","twitter_misc":{"Gesch\u00e4tzte Lesezeit":"1\u00a0Minute"},"schema":{"@context":"https:\/\/schema.org","@graph":[{"@type":"WebPage","@id":"https:\/\/www.ralti.de\/?product=stoffmaske-schwarz-behelfs-mundschutz-waschbar-maske-mit-filter","url":"https:\/\/www.ralti.de\/?product=stoffmaske-schwarz-behelfs-mundschutz-waschbar-maske-mit-filter","name":"Stoffmaske schwarz | Behelfs Mundschutz waschbar | Maske mit Filter - Notfallvorsorge - Krisenvorsorge","isPartOf":{"@id":"https:\/\/www.ralti.de\/#website"},"primaryImageOfPage":{"@id":"https:\/\/www.ralti.de\/?product=stoffmaske-schwarz-behelfs-mundschutz-waschbar-maske-mit-filter#primaryimage"},"image":{"@id":"https:\/\/www.ralti.de\/?product=stoffmaske-schwarz-behelfs-mundschutz-waschbar-maske-mit-filter#primaryimage"},"thumbnailUrl":"https:\/\/m.media-amazon.com\/images\/I\/41aaO8MpFNL.jpg","datePublished":"2025-11-25T11:31:13+00:00","breadcrumb":{"@id":"https:\/\/www.ralti.de\/?product=stoffmaske-schwarz-behelfs-mundschutz-waschbar-maske-mit-filter#breadcrumb"},"inLanguage":"de","potentialAction":[{"@type":"ReadAction","target":["https:\/\/www.ralti.de\/?product=stoffmaske-schwarz-behelfs-mundschutz-waschbar-maske-mit-filter"]}]},{"@type":"ImageObject","inLanguage":"de","@id":"https:\/\/www.ralti.de\/?product=stoffmaske-schwarz-behelfs-mundschutz-waschbar-maske-mit-filter#primaryimage","url":"https:\/\/m.media-amazon.com\/images\/I\/41aaO8MpFNL.jpg","contentUrl":"https:\/\/m.media-amazon.com\/images\/I\/41aaO8MpFNL.jpg","width":500,"height":500},{"@type":"BreadcrumbList","@id":"https:\/\/www.ralti.de\/?product=stoffmaske-schwarz-behelfs-mundschutz-waschbar-maske-mit-filter#breadcrumb","itemListElement":[{"@type":"ListItem","position":1,"name":"Start","item":"https:\/\/www.ralti.de\/"},{"@type":"ListItem","position":2,"name":"Notfallartikel","item":"https:\/\/www.ralti.de\/?page_id=14189"},{"@type":"ListItem","position":3,"name":"Stoffmaske schwarz | Behelfs Mundschutz waschbar | Maske mit Filter"}]},{"@type":"WebSite","@id":"https:\/\/www.ralti.de\/#website","url":"https:\/\/www.ralti.de\/","name":"Ralti.de","description":"Hier viele gute Angebote","publisher":{"@id":"https:\/\/www.ralti.de\/#organization"},"potentialAction":[{"@type":"SearchAction","target":{"@type":"EntryPoint","urlTemplate":"https:\/\/www.ralti.de\/?s={search_term_string}"},"query-input":{"@type":"PropertyValueSpecification","valueRequired":true,"valueName":"search_term_string"}}],"inLanguage":"de"},{"@type":"Organization","@id":"https:\/\/www.ralti.de\/#organization","name":"Ralti.de","url":"https:\/\/www.ralti.de\/","logo":{"@type":"ImageObject","inLanguage":"de","@id":"https:\/\/www.ralti.de\/#\/schema\/logo\/image\/","url":"https:\/\/www.ralti.de\/wp-content\/uploads\/2025\/11\/ralti.png","contentUrl":"https:\/\/www.ralti.de\/wp-content\/uploads\/2025\/11\/ralti.png","width":240,"height":75,"caption":"Ralti.de"},"image":{"@id":"https:\/\/www.ralti.de\/#\/schema\/logo\/image\/"}}]}},"_links":{"self":[{"href":"https:\/\/www.ralti.de\/index.php?rest_route=\/wp\/v2\/product\/9804","targetHints":{"allow":["GET"]}}],"collection":[{"href":"https:\/\/www.ralti.de\/index.php?rest_route=\/wp\/v2\/product"}],"about":[{"href":"https:\/\/www.ralti.de\/index.php?rest_route=\/wp\/v2\/types\/product"}],"replies":[{"embeddable":true,"href":"https:\/\/www.ralti.de\/index.php?rest_route=%2Fwp%2Fv2%2Fcomments&post=9804"}],"wp:featuredmedia":[{"embeddable":true,"href":"https:\/\/www.ralti.de\/index.php?rest_route=\/wp\/v2\/media\/9805"}],"wp:attachment":[{"href":"https:\/\/www.ralti.de\/index.php?rest_route=%2Fwp%2Fv2%2Fmedia&parent=9804"}],"wp:term":[{"taxonomy":"product_brand","embeddable":true,"href":"https:\/\/www.ralti.de\/index.php?rest_route=%2Fwp%2Fv2%2Fproduct_brand&post=9804"},{"taxonomy":"product_cat","embeddable":true,"href":"https:\/\/www.ralti.de\/index.php?rest_route=%2Fwp%2Fv2%2Fproduct_cat&post=9804"},{"taxonomy":"product_tag","embeddable":true,"href":"https:\/\/www.ralti.de\/index.php?rest_route=%2Fwp%2Fv2%2Fproduct_tag&post=9804"}],"curies":[{"name":"wp","href":"https:\/\/api.w.org\/{rel}","templated":true}]}}