{"id":9912,"date":"2025-11-25T11:31:35","date_gmt":"2025-11-25T11:31:35","guid":{"rendered":"https:\/\/www.ralti.de\/shop-2\/uncategorized\/3m-xa007702658-6200m-mehrweg-halbmaske-grose-m-grau\/"},"modified":"2025-11-25T11:31:35","modified_gmt":"2025-11-25T11:31:35","slug":"3m-xa007702658-6200m-mehrweg-halbmaske-grose-m-grau","status":"publish","type":"product","link":"https:\/\/www.ralti.de\/?product=3m-xa007702658-6200m-mehrweg-halbmaske-grose-m-grau","title":{"rendered":"3M XA007702658 6200M Mehrweg-Halbmaske, Gr\u00f6\u00dfe M, Grau"},"content":{"rendered":"<p>Dieses Produkt ist f\u00fcr den Verkauf an industrielle und professionelle Kunden f\u00fcr den Einsatz an der Arbeitsst\u00e4tte konzipiert, hergestellt, gekennzeichnet und verpackt. Es ist nicht f\u00fcr den Verkauf an oder den Gebrauch durch Verbraucher bestimmt.<br \/>\nExtrem leichter Maskenk\u00f6rper;Uneingeschr\u00e4nkte Sicht;Kompakte Bauform;Doppelfilter;Systembreites Filtersortiment;In 3 Gr\u00f6\u00dfen erh\u00e4ltlich;Sehr gutes Preis-Leistungs-Verh\u00e4ltnis;Kompatibel mit 3M Schutzbrillen<br \/>\nExtrem leichter Maskenk\u00f6rper;Uneingeschr\u00e4nkte Sicht;Wartungsarm;Reduzierte Atemwiderst\u00e4nde und gute Gewichtsverteilung;Vielf\u00e4ltige Einsatzbereiche;F\u00fcr jede Gesichtsform passend;Wirtschaftlich<br \/>\nExtrem leichter Maskenk\u00f6rper;Uneingeschr\u00e4nkte Sicht;Wartungsarm;Reduzierte Atemwiderst\u00e4nde und gute Gewichtsverteilung;Vielf\u00e4ltige Einsatzbereiche;F\u00fcr jede Gesichtsform passend;Wirtschaftlich<br \/>\nVielf\u00e4ltige Einsatzbereiche<br \/>\nFarbe: Grau<br \/>\n<div class=\"main-cross-sell\" data-asin=\"B005HK05L2\">\n\n\t<div class=\"WooZone-cross-sell-loader\">\n\t\t<div>\n\t\t\t<div id=\"floatingBarsG\">\n\t\t\t\t<div class=\"blockG\" id=\"rotateG_01\"><\/div>\n\t\t\t\t<div class=\"blockG\" id=\"rotateG_02\"><\/div>\n\t\t\t\t<div class=\"blockG\" id=\"rotateG_03\"><\/div>\n\t\t\t\t<div class=\"blockG\" id=\"rotateG_04\"><\/div>\n\t\t\t\t<div class=\"blockG\" id=\"rotateG_05\"><\/div>\n\t\t\t\t<div class=\"blockG\" id=\"rotateG_06\"><\/div>\n\t\t\t\t<div class=\"blockG\" id=\"rotateG_07\"><\/div>\n\t\t\t\t<div class=\"blockG\" id=\"rotateG_08\"><\/div>\n\t\t\t<\/div>\n\t\t\t<div class=\"WooZone-cross-sell-loader-text\"><\/div>\n\t\t<\/div>\n\t<\/div>\n\n\t\t\n<\/div>\n<div style=\"clear:both;\"><\/div>\n","protected":false},"excerpt":{"rendered":"<p>Dieses Produkt ist f\u00fcr den Verkauf an industrielle und professionelle Kunden f\u00fcr den Einsatz an der Arbeitsst\u00e4tte konzipiert, hergestellt, gekennzeichnet und verpackt. Es ist nicht f\u00fcr den Verkauf an oder den Gebrauch durch Verbraucher bestimmt.<br \/>\nExtrem leichter Maskenk\u00f6rper;Uneingeschr\u00e4nkte Sicht;Kompakte Bauform;Doppelfilter;Systembreites Filtersortiment;In 3 Gr\u00f6\u00dfen erh\u00e4ltlich;Sehr gutes Preis-Leistungs-Verh\u00e4ltnis;Kompatibel mit 3M Schutzbrillen<br \/>\nExtrem leichter Maskenk\u00f6rper;Uneingeschr\u00e4nkte Sicht;Wartungsarm;Reduzierte Atemwiderst\u00e4nde und gute Gewichtsverteilung;Vielf\u00e4ltige Einsatzbereiche;F\u00fcr jede Gesichtsform passend;Wirtschaftlich<\/p>\n","protected":false},"featured_media":9913,"comment_status":"open","ping_status":"closed","template":"","meta":{"_acf_changed":false},"product_brand":[],"product_cat":[245,247],"product_tag":[],"class_list":{"0":"post-9912","1":"product","2":"type-product","3":"status-publish","4":"has-post-thumbnail","6":"product_cat-gesundheit","7":"product_cat-masken-und-schutzausrustung","9":"first","10":"instock","11":"sale","12":"shipping-taxable","13":"product-type-external"},"acf":[],"yoast_head":"<!-- This site is optimized with the Yoast SEO plugin v27.5 - https:\/\/yoast.com\/product\/yoast-seo-wordpress\/ -->\n<title>3M XA007702658 6200M Mehrweg-Halbmaske, Gr\u00f6\u00dfe M, Grau - Notfallvorsorge - Krisenvorsorge<\/title>\n<meta name=\"robots\" content=\"index, follow, max-snippet:-1, max-image-preview:large, max-video-preview:-1\" \/>\n<link rel=\"canonical\" href=\"https:\/\/www.ralti.de\/?product=3m-xa007702658-6200m-mehrweg-halbmaske-grose-m-grau\" \/>\n<meta property=\"og:locale\" content=\"de_DE\" \/>\n<meta property=\"og:type\" content=\"article\" \/>\n<meta property=\"og:title\" content=\"3M XA007702658 6200M Mehrweg-Halbmaske, Gr\u00f6\u00dfe M, Grau - Notfallvorsorge - Krisenvorsorge\" \/>\n<meta property=\"og:description\" content=\"Dieses Produkt ist f\u00fcr den Verkauf an industrielle und professionelle Kunden f\u00fcr den Einsatz an der Arbeitsst\u00e4tte konzipiert, hergestellt, gekennzeichnet und verpackt. Es ist nicht f\u00fcr den Verkauf an oder den Gebrauch durch Verbraucher bestimmt. Extrem leichter Maskenk\u00f6rper;Uneingeschr\u00e4nkte Sicht;Kompakte Bauform;Doppelfilter;Systembreites Filtersortiment;In 3 Gr\u00f6\u00dfen erh\u00e4ltlich;Sehr gutes Preis-Leistungs-Verh\u00e4ltnis;Kompatibel mit 3M Schutzbrillen Extrem leichter Maskenk\u00f6rper;Uneingeschr\u00e4nkte Sicht;Wartungsarm;Reduzierte Atemwiderst\u00e4nde und gute Gewichtsverteilung;Vielf\u00e4ltige Einsatzbereiche;F\u00fcr jede Gesichtsform passend;Wirtschaftlich\" \/>\n<meta property=\"og:url\" content=\"https:\/\/www.ralti.de\/?product=3m-xa007702658-6200m-mehrweg-halbmaske-grose-m-grau\" \/>\n<meta property=\"og:site_name\" content=\"Notfallvorsorge - Krisenvorsorge\" \/>\n<meta property=\"og:image\" content=\"https:\/\/m.media-amazon.com\/images\/I\/314050fufwL.jpg\" \/>\n\t<meta property=\"og:image:width\" content=\"500\" \/>\n\t<meta property=\"og:image:height\" content=\"500\" \/>\n\t<meta property=\"og:image:type\" content=\"image\/jpeg\" \/>\n<meta name=\"twitter:card\" content=\"summary_large_image\" \/>\n<meta name=\"twitter:label1\" content=\"Gesch\u00e4tzte Lesezeit\" \/>\n\t<meta name=\"twitter:data1\" content=\"1\u00a0Minute\" \/>\n<script type=\"application\/ld+json\" class=\"yoast-schema-graph\">{\"@context\":\"https:\\\/\\\/schema.org\",\"@graph\":[{\"@type\":\"WebPage\",\"@id\":\"https:\\\/\\\/www.ralti.de\\\/?product=3m-xa007702658-6200m-mehrweg-halbmaske-grose-m-grau\",\"url\":\"https:\\\/\\\/www.ralti.de\\\/?product=3m-xa007702658-6200m-mehrweg-halbmaske-grose-m-grau\",\"name\":\"3M XA007702658 6200M Mehrweg-Halbmaske, Gr\u00f6\u00dfe M, Grau - Notfallvorsorge - Krisenvorsorge\",\"isPartOf\":{\"@id\":\"https:\\\/\\\/www.ralti.de\\\/#website\"},\"primaryImageOfPage\":{\"@id\":\"https:\\\/\\\/www.ralti.de\\\/?product=3m-xa007702658-6200m-mehrweg-halbmaske-grose-m-grau#primaryimage\"},\"image\":{\"@id\":\"https:\\\/\\\/www.ralti.de\\\/?product=3m-xa007702658-6200m-mehrweg-halbmaske-grose-m-grau#primaryimage\"},\"thumbnailUrl\":\"https:\\\/\\\/m.media-amazon.com\\\/images\\\/I\\\/314050fufwL.jpg\",\"datePublished\":\"2025-11-25T11:31:35+00:00\",\"breadcrumb\":{\"@id\":\"https:\\\/\\\/www.ralti.de\\\/?product=3m-xa007702658-6200m-mehrweg-halbmaske-grose-m-grau#breadcrumb\"},\"inLanguage\":\"de\",\"potentialAction\":[{\"@type\":\"ReadAction\",\"target\":[\"https:\\\/\\\/www.ralti.de\\\/?product=3m-xa007702658-6200m-mehrweg-halbmaske-grose-m-grau\"]}]},{\"@type\":\"ImageObject\",\"inLanguage\":\"de\",\"@id\":\"https:\\\/\\\/www.ralti.de\\\/?product=3m-xa007702658-6200m-mehrweg-halbmaske-grose-m-grau#primaryimage\",\"url\":\"https:\\\/\\\/m.media-amazon.com\\\/images\\\/I\\\/314050fufwL.jpg\",\"contentUrl\":\"https:\\\/\\\/m.media-amazon.com\\\/images\\\/I\\\/314050fufwL.jpg\",\"width\":500,\"height\":500},{\"@type\":\"BreadcrumbList\",\"@id\":\"https:\\\/\\\/www.ralti.de\\\/?product=3m-xa007702658-6200m-mehrweg-halbmaske-grose-m-grau#breadcrumb\",\"itemListElement\":[{\"@type\":\"ListItem\",\"position\":1,\"name\":\"Start\",\"item\":\"https:\\\/\\\/www.ralti.de\\\/\"},{\"@type\":\"ListItem\",\"position\":2,\"name\":\"Notfallartikel\",\"item\":\"https:\\\/\\\/www.ralti.de\\\/?page_id=14189\"},{\"@type\":\"ListItem\",\"position\":3,\"name\":\"3M XA007702658 6200M Mehrweg-Halbmaske, Gr\u00f6\u00dfe M, Grau\"}]},{\"@type\":\"WebSite\",\"@id\":\"https:\\\/\\\/www.ralti.de\\\/#website\",\"url\":\"https:\\\/\\\/www.ralti.de\\\/\",\"name\":\"Ralti.de\",\"description\":\"Hier viele gute Angebote\",\"publisher\":{\"@id\":\"https:\\\/\\\/www.ralti.de\\\/#organization\"},\"potentialAction\":[{\"@type\":\"SearchAction\",\"target\":{\"@type\":\"EntryPoint\",\"urlTemplate\":\"https:\\\/\\\/www.ralti.de\\\/?s={search_term_string}\"},\"query-input\":{\"@type\":\"PropertyValueSpecification\",\"valueRequired\":true,\"valueName\":\"search_term_string\"}}],\"inLanguage\":\"de\"},{\"@type\":\"Organization\",\"@id\":\"https:\\\/\\\/www.ralti.de\\\/#organization\",\"name\":\"Ralti.de\",\"url\":\"https:\\\/\\\/www.ralti.de\\\/\",\"logo\":{\"@type\":\"ImageObject\",\"inLanguage\":\"de\",\"@id\":\"https:\\\/\\\/www.ralti.de\\\/#\\\/schema\\\/logo\\\/image\\\/\",\"url\":\"https:\\\/\\\/www.ralti.de\\\/wp-content\\\/uploads\\\/2025\\\/11\\\/ralti.png\",\"contentUrl\":\"https:\\\/\\\/www.ralti.de\\\/wp-content\\\/uploads\\\/2025\\\/11\\\/ralti.png\",\"width\":240,\"height\":75,\"caption\":\"Ralti.de\"},\"image\":{\"@id\":\"https:\\\/\\\/www.ralti.de\\\/#\\\/schema\\\/logo\\\/image\\\/\"}}]}<\/script>\n<!-- \/ Yoast SEO plugin. -->","yoast_head_json":{"title":"3M XA007702658 6200M Mehrweg-Halbmaske, Gr\u00f6\u00dfe M, Grau - Notfallvorsorge - Krisenvorsorge","robots":{"index":"index","follow":"follow","max-snippet":"max-snippet:-1","max-image-preview":"max-image-preview:large","max-video-preview":"max-video-preview:-1"},"canonical":"https:\/\/www.ralti.de\/?product=3m-xa007702658-6200m-mehrweg-halbmaske-grose-m-grau","og_locale":"de_DE","og_type":"article","og_title":"3M XA007702658 6200M Mehrweg-Halbmaske, Gr\u00f6\u00dfe M, Grau - Notfallvorsorge - Krisenvorsorge","og_description":"Dieses Produkt ist f\u00fcr den Verkauf an industrielle und professionelle Kunden f\u00fcr den Einsatz an der Arbeitsst\u00e4tte konzipiert, hergestellt, gekennzeichnet und verpackt. Es ist nicht f\u00fcr den Verkauf an oder den Gebrauch durch Verbraucher bestimmt. Extrem leichter Maskenk\u00f6rper;Uneingeschr\u00e4nkte Sicht;Kompakte Bauform;Doppelfilter;Systembreites Filtersortiment;In 3 Gr\u00f6\u00dfen erh\u00e4ltlich;Sehr gutes Preis-Leistungs-Verh\u00e4ltnis;Kompatibel mit 3M Schutzbrillen Extrem leichter Maskenk\u00f6rper;Uneingeschr\u00e4nkte Sicht;Wartungsarm;Reduzierte Atemwiderst\u00e4nde und gute Gewichtsverteilung;Vielf\u00e4ltige Einsatzbereiche;F\u00fcr jede Gesichtsform passend;Wirtschaftlich","og_url":"https:\/\/www.ralti.de\/?product=3m-xa007702658-6200m-mehrweg-halbmaske-grose-m-grau","og_site_name":"Notfallvorsorge - Krisenvorsorge","og_image":[{"width":500,"height":500,"url":"https:\/\/m.media-amazon.com\/images\/I\/314050fufwL.jpg","type":"image\/jpeg"}],"twitter_card":"summary_large_image","twitter_misc":{"Gesch\u00e4tzte Lesezeit":"1\u00a0Minute"},"schema":{"@context":"https:\/\/schema.org","@graph":[{"@type":"WebPage","@id":"https:\/\/www.ralti.de\/?product=3m-xa007702658-6200m-mehrweg-halbmaske-grose-m-grau","url":"https:\/\/www.ralti.de\/?product=3m-xa007702658-6200m-mehrweg-halbmaske-grose-m-grau","name":"3M XA007702658 6200M Mehrweg-Halbmaske, Gr\u00f6\u00dfe M, Grau - Notfallvorsorge - Krisenvorsorge","isPartOf":{"@id":"https:\/\/www.ralti.de\/#website"},"primaryImageOfPage":{"@id":"https:\/\/www.ralti.de\/?product=3m-xa007702658-6200m-mehrweg-halbmaske-grose-m-grau#primaryimage"},"image":{"@id":"https:\/\/www.ralti.de\/?product=3m-xa007702658-6200m-mehrweg-halbmaske-grose-m-grau#primaryimage"},"thumbnailUrl":"https:\/\/m.media-amazon.com\/images\/I\/314050fufwL.jpg","datePublished":"2025-11-25T11:31:35+00:00","breadcrumb":{"@id":"https:\/\/www.ralti.de\/?product=3m-xa007702658-6200m-mehrweg-halbmaske-grose-m-grau#breadcrumb"},"inLanguage":"de","potentialAction":[{"@type":"ReadAction","target":["https:\/\/www.ralti.de\/?product=3m-xa007702658-6200m-mehrweg-halbmaske-grose-m-grau"]}]},{"@type":"ImageObject","inLanguage":"de","@id":"https:\/\/www.ralti.de\/?product=3m-xa007702658-6200m-mehrweg-halbmaske-grose-m-grau#primaryimage","url":"https:\/\/m.media-amazon.com\/images\/I\/314050fufwL.jpg","contentUrl":"https:\/\/m.media-amazon.com\/images\/I\/314050fufwL.jpg","width":500,"height":500},{"@type":"BreadcrumbList","@id":"https:\/\/www.ralti.de\/?product=3m-xa007702658-6200m-mehrweg-halbmaske-grose-m-grau#breadcrumb","itemListElement":[{"@type":"ListItem","position":1,"name":"Start","item":"https:\/\/www.ralti.de\/"},{"@type":"ListItem","position":2,"name":"Notfallartikel","item":"https:\/\/www.ralti.de\/?page_id=14189"},{"@type":"ListItem","position":3,"name":"3M XA007702658 6200M Mehrweg-Halbmaske, Gr\u00f6\u00dfe M, Grau"}]},{"@type":"WebSite","@id":"https:\/\/www.ralti.de\/#website","url":"https:\/\/www.ralti.de\/","name":"Ralti.de","description":"Hier viele gute Angebote","publisher":{"@id":"https:\/\/www.ralti.de\/#organization"},"potentialAction":[{"@type":"SearchAction","target":{"@type":"EntryPoint","urlTemplate":"https:\/\/www.ralti.de\/?s={search_term_string}"},"query-input":{"@type":"PropertyValueSpecification","valueRequired":true,"valueName":"search_term_string"}}],"inLanguage":"de"},{"@type":"Organization","@id":"https:\/\/www.ralti.de\/#organization","name":"Ralti.de","url":"https:\/\/www.ralti.de\/","logo":{"@type":"ImageObject","inLanguage":"de","@id":"https:\/\/www.ralti.de\/#\/schema\/logo\/image\/","url":"https:\/\/www.ralti.de\/wp-content\/uploads\/2025\/11\/ralti.png","contentUrl":"https:\/\/www.ralti.de\/wp-content\/uploads\/2025\/11\/ralti.png","width":240,"height":75,"caption":"Ralti.de"},"image":{"@id":"https:\/\/www.ralti.de\/#\/schema\/logo\/image\/"}}]}},"_links":{"self":[{"href":"https:\/\/www.ralti.de\/index.php?rest_route=\/wp\/v2\/product\/9912","targetHints":{"allow":["GET"]}}],"collection":[{"href":"https:\/\/www.ralti.de\/index.php?rest_route=\/wp\/v2\/product"}],"about":[{"href":"https:\/\/www.ralti.de\/index.php?rest_route=\/wp\/v2\/types\/product"}],"replies":[{"embeddable":true,"href":"https:\/\/www.ralti.de\/index.php?rest_route=%2Fwp%2Fv2%2Fcomments&post=9912"}],"wp:featuredmedia":[{"embeddable":true,"href":"https:\/\/www.ralti.de\/index.php?rest_route=\/wp\/v2\/media\/9913"}],"wp:attachment":[{"href":"https:\/\/www.ralti.de\/index.php?rest_route=%2Fwp%2Fv2%2Fmedia&parent=9912"}],"wp:term":[{"taxonomy":"product_brand","embeddable":true,"href":"https:\/\/www.ralti.de\/index.php?rest_route=%2Fwp%2Fv2%2Fproduct_brand&post=9912"},{"taxonomy":"product_cat","embeddable":true,"href":"https:\/\/www.ralti.de\/index.php?rest_route=%2Fwp%2Fv2%2Fproduct_cat&post=9912"},{"taxonomy":"product_tag","embeddable":true,"href":"https:\/\/www.ralti.de\/index.php?rest_route=%2Fwp%2Fv2%2Fproduct_tag&post=9912"}],"curies":[{"name":"wp","href":"https:\/\/api.w.org\/{rel}","templated":true}]}}